{"id":2650,"date":"2024-11-11T09:47:41","date_gmt":"2024-11-11T09:47:41","guid":{"rendered":"https:\/\/sinkwithfaucet.com\/?post_type=product&#038;p=2650"},"modified":"2024-11-11T09:50:38","modified_gmt":"2024-11-11T09:50:38","slug":"commercial-sink-faucet-1101","status":"publish","type":"product","link":"https:\/\/sinkwithfaucet.com\/fi\/commercial-sink-faucet-1101\/","title":{"rendered":"Kaupallinen pesuallashana 1101"},"content":{"rendered":"<h2 data-sourcepos=\"1:1-1:61\">Kaupalliset pesuallashanat: Opas oikean valitsemiseen<\/h2>\n<p data-sourcepos=\"3:1-3:194\">Kaupalliset lavuaarihanat on suunniteltu kest\u00e4m\u00e4\u00e4n kovaa k\u00e4ytt\u00f6\u00e4, korkeapaineista vett\u00e4 ja voimakkaita puhdistuskemikaaleja. Ne on rakennettu kest\u00e4m\u00e4\u00e4n ja toimimaan luotettavasti vaativissa ymp\u00e4rist\u00f6iss\u00e4.<\/p>\n<h3 data-sourcepos=\"5:1-5:43\">Kaupallisten pesuallashanojen t\u00e4rkeimm\u00e4t ominaisuudet<\/h3>\n<ul data-sourcepos=\"7:1-12:0\">\n<li data-sourcepos=\"7:1-7:88\"><strong>Kest\u00e4vyys:<\/strong> Valmistettu korkealaatuisista materiaaleista, kuten messingist\u00e4 tai ruostumattomasta ter\u00e4ksest\u00e4.<\/li>\n<li data-sourcepos=\"8:1-8:78\"><strong>Korkea virtausnopeus:<\/strong> Tuottaa tehokkaan vesivirran tehokasta puhdistusta varten.<\/li>\n<li data-sourcepos=\"9:1-9:51\"><strong>Helppo huolto:<\/strong> Helppo puhdistaa ja korjata.<\/li>\n<li data-sourcepos=\"10:1-10:89\"><strong>Erilaisia tyylej\u00e4:<\/strong> Saatavana eri tyylej\u00e4, jotka sopivat keitti\u00f6si estetiikkaan.<\/li>\n<li data-sourcepos=\"11:1-12:0\"><strong>Erityisominaisuudet:<\/strong> Joissakin hanoissa on lis\u00e4ominaisuuksia, kuten suihkup\u00e4\u00e4t, l\u00e4mp\u00f6tilan s\u00e4\u00e4t\u00f6 ja kosketukseton k\u00e4ytt\u00f6.<\/li>\n<\/ul>\n<h3 data-sourcepos=\"13:1-13:36\">Tyypit kaupallisten pesuallashanojen tyypit<\/h3>\n<ol data-sourcepos=\"15:1-34:0\">\n<li data-sourcepos=\"15:1-18:3\">\n<p data-sourcepos=\"15:4-15:28\"><strong>Sein\u00e4\u00e4n asennettavat hanat:<\/strong><\/p>\n<ul data-sourcepos=\"16:4-18:3\">\n<li data-sourcepos=\"16:4-16:45\">Ihanteellinen helppoon puhdistukseen ja huoltoon.<\/li>\n<li data-sourcepos=\"17:4-18:3\">Tarjoaa joustavuutta sijoittelussa ja suunnittelussa.<\/li>\n<\/ul>\n<\/li>\n<li data-sourcepos=\"19:1-22:3\">\n<p data-sourcepos=\"19:4-19:28\"><strong>Kannelle asennettavat hanat:<\/strong><\/p>\n<ul data-sourcepos=\"20:4-22:3\">\n<li data-sourcepos=\"20:4-20:42\">Asennetaan suoraan ty\u00f6tasolle.<\/li>\n<li data-sourcepos=\"21:4-22:3\">Saatavana useita eri kokoonpanoja, mukaan lukien yksi- ja kaksikahvaiset mallit.<\/li>\n<\/ul>\n<\/li>\n<li data-sourcepos=\"23:1-26:3\">\n<p data-sourcepos=\"23:4-23:25\"><strong>Hanat:<\/strong><\/p>\n<ul data-sourcepos=\"24:4-26:3\">\n<li data-sourcepos=\"24:4-24:70\">Siin\u00e4 on korkeakaarinen nokka, joka helpottaa suurten kattiloiden ja pannujen k\u00e4sittely\u00e4.<\/li>\n<li data-sourcepos=\"25:4-26:3\">K\u00e4ytet\u00e4\u00e4n usein kaupallisissa keitti\u00f6iss\u00e4 niiden monipuolisuuden vuoksi.<\/li>\n<\/ul>\n<\/li>\n<li data-sourcepos=\"27:1-30:3\">\n<p data-sourcepos=\"27:4-27:25\"><strong>Esihuuhteluhanat:<\/strong><\/p>\n<ul data-sourcepos=\"28:4-30:3\">\n<li data-sourcepos=\"28:4-28:85\">Suunniteltu raskaisiin puhdistusteht\u00e4viin, kuten ruokaj\u00e4\u00e4mien huuhteluun astioista.<\/li>\n<li data-sourcepos=\"29:4-30:3\">Tyypillisesti siin\u00e4 on korkeapainesuihkup\u00e4\u00e4.<\/li>\n<\/ul>\n<\/li>\n<li data-sourcepos=\"31:1-34:0\">\n<p data-sourcepos=\"31:4-31:25\"><strong>Kosketusvapaat hanat:<\/strong><\/p>\n<ul data-sourcepos=\"32:4-34:0\">\n<li data-sourcepos=\"32:4-32:81\">Edist\u00e4\u00e4 hygieniaa poistamalla tarpeen koskettaa hanaa k\u00e4sin.<\/li>\n<li data-sourcepos=\"33:4-34:0\">Ihanteellinen korkean liikennem\u00e4\u00e4r\u00e4n tiloihin, kuten suurkeitti\u00f6ihin ja WC-tiloihin.<\/li>\n<\/ul>\n<\/li>\n<\/ol>\n<p data-sourcepos=\"44:1-44:135\">Harkitsemalla n\u00e4it\u00e4 tekij\u00f6it\u00e4 huolellisesti voit valita t\u00e4ydellisen kaupallisen pesuallashanan, joka vastaa yrityksesi erityistarpeita.<\/p>","protected":false},"excerpt":{"rendered":"<h3 data-sourcepos=\"35:1-35:62\">Tekij\u00e4t, jotka on otettava huomioon valittaessa kaupallista pesuallashanaa<\/h3>\n<ul data-sourcepos=\"37:1-43:0\">\n<li data-sourcepos=\"37:1-37:94\"><strong>Virtausnopeus:<\/strong> Varmista, ett\u00e4 hana pystyy k\u00e4sittelem\u00e4\u00e4n tarpeidesi edellytt\u00e4m\u00e4\u00e4 veden virtausta.<\/li>\n<li data-sourcepos=\"38:1-38:96\"><strong>Kest\u00e4vyys:<\/strong> Valitse hana, joka on valmistettu laadukkaista materiaaleista, jotka kest\u00e4v\u00e4t kovaa k\u00e4ytt\u00f6\u00e4.<\/li>\n<li data-sourcepos=\"39:1-39:79\"><strong>Viimeistely:<\/strong> Valitse korroosionkest\u00e4v\u00e4 ja helposti puhdistettava pintak\u00e4sittely.<\/li>\n<li data-sourcepos=\"40:1-40:91\"><strong>Asennus:<\/strong> Harkitse asennustapaa ja tarvittavia LVI-liit\u00e4nt\u00f6j\u00e4.<\/li>\n<li data-sourcepos=\"41:1-41:97\"><strong>Huolto:<\/strong> Etsi hanoja, joissa on helposti vaihdettavat osat ja yksinkertaiset huoltotoimenpiteet.<\/li>\n<li data-sourcepos=\"42:1-43:0\"><strong>S\u00e4\u00e4nt\u00f6jen noudattaminen:<\/strong> Varmista, ett\u00e4 hana on paikallisten LVI-s\u00e4\u00e4nn\u00f6sten ja -m\u00e4\u00e4r\u00e4ysten mukainen.<\/li>\n<\/ul>","protected":false},"featured_media":2651,"template":"","meta":[],"product_brand":[],"product_cat":[57],"product_tag":[],"class_list":{"0":"post-2650","1":"product","2":"type-product","3":"status-publish","4":"has-post-thumbnail","6":"product_cat-stainless-steel-faucet","8":"first","9":"instock","10":"shipping-taxable","11":"product-type-simple"},"_links":{"self":[{"href":"https:\/\/sinkwithfaucet.com\/fi\/wp-json\/wp\/v2\/product\/2650","targetHints":{"allow":["GET"]}}],"collection":[{"href":"https:\/\/sinkwithfaucet.com\/fi\/wp-json\/wp\/v2\/product"}],"about":[{"href":"https:\/\/sinkwithfaucet.com\/fi\/wp-json\/wp\/v2\/types\/product"}],"wp:featuredmedia":[{"embeddable":true,"href":"https:\/\/sinkwithfaucet.com\/fi\/wp-json\/wp\/v2\/media\/2651"}],"wp:attachment":[{"href":"https:\/\/sinkwithfaucet.com\/fi\/wp-json\/wp\/v2\/media?parent=2650"}],"wp:term":[{"taxonomy":"product_brand","embeddable":true,"href":"https:\/\/sinkwithfaucet.com\/fi\/wp-json\/wp\/v2\/product_brand?post=2650"},{"taxonomy":"product_cat","embeddable":true,"href":"https:\/\/sinkwithfaucet.com\/fi\/wp-json\/wp\/v2\/product_cat?post=2650"},{"taxonomy":"product_tag","embeddable":true,"href":"https:\/\/sinkwithfaucet.com\/fi\/wp-json\/wp\/v2\/product_tag?post=2650"}],"curies":[{"name":"wp","href":"https:\/\/api.w.org\/{rel}","templated":true}]}}