{"id":2591,"date":"2024-11-09T06:48:13","date_gmt":"2024-11-09T06:48:13","guid":{"rendered":"https:\/\/sinkwithfaucet.com\/?post_type=product&#038;p=2591"},"modified":"2024-11-09T06:48:13","modified_gmt":"2024-11-09T06:48:13","slug":"single-kitchen-sink-8048l","status":"publish","type":"product","link":"https:\/\/sinkwithfaucet.com\/fi\/single-kitchen-sink-8048l\/","title":{"rendered":"Yhden hengen keitti\u00f6allas 8048L"},"content":{"rendered":"<h2 data-sourcepos=\"1:1-1:46\">Yksitt\u00e4iset keitti\u00f6altaat: Klassinen valinta<\/h2>\n<p data-sourcepos=\"3:1-3:228\"><strong>Yhden hengen keitti\u00f6n altaat<\/strong> ovat monien asunnonomistajien suosiossa yksinkertaisuutensa ja tehokkuutensa vuoksi. Ne tarjoavat siistin, selke\u00e4n ilmeen ja sopivat erinomaisesti pienempiin keitti\u00f6ihin tai niille, jotka pit\u00e4v\u00e4t minimalistisesta estetiikasta.<\/p>\n<p data-sourcepos=\"5:1-5:46\"><strong>Single-keitti\u00f6n lavuaarien t\u00e4rkeimm\u00e4t ominaisuudet:<\/strong><\/p>\n<ul data-sourcepos=\"7:1-11:0\">\n<li data-sourcepos=\"7:1-7:83\"><strong>Yksinkertainen ja tyylik\u00e4s:<\/strong> Klassinen muotoilu, joka sopii erilaisiin keitti\u00f6tyyleihin.<\/li>\n<li data-sourcepos=\"8:1-8:70\"><strong>Tilaa s\u00e4\u00e4st\u00e4v\u00e4:<\/strong> Ihanteellinen pieniin keitti\u00f6ihin, joissa tilaa on rajoitetusti.<\/li>\n<li data-sourcepos=\"9:1-9:91\"><strong>Monipuolinen:<\/strong> Voidaan k\u00e4ytt\u00e4\u00e4 monenlaisiin teht\u00e4viin astioiden pesusta ruoanvalmistukseen.<\/li>\n<li data-sourcepos=\"10:1-11:0\"><strong>Helppo puhdistaa:<\/strong> Yksi suuri allas on helppo huoltaa.<\/li>\n<\/ul>\n<p data-sourcepos=\"12:1-12:39\"><strong>Tyypit yhden kulhon keitti\u00f6n altaat:<\/strong><\/p>\n<ul data-sourcepos=\"14:1-17:0\">\n<li data-sourcepos=\"14:1-14:85\"><strong>Upotettavat altaat:<\/strong> Asennetaan ty\u00f6tason alle tyylikk\u00e4\u00e4n ja modernin ilmeen luomiseksi.<\/li>\n<li data-sourcepos=\"15:1-15:93\"><strong>Top-Mount-altaat:<\/strong> Asennetaan ty\u00f6tason p\u00e4\u00e4lle, mik\u00e4 antaa perinteisen ulkon\u00e4\u00f6n.<\/li>\n<li data-sourcepos=\"16:1-17:0\"><strong>Maalaistalon pesualtaat:<\/strong> Suuret, syv\u00e4t lavuaarit, joissa on esiliina, tarjoavat maalaismaisen ja k\u00e4yt\u00e4nn\u00f6llisen muotoilun.<\/li>\n<\/ul>\n<p data-sourcepos=\"18:1-18:60\"><strong>Huomioita valittaessa yhden kulhon keitti\u00f6allas:<\/strong><\/p>\n<ul data-sourcepos=\"20:1-24:0\">\n<li data-sourcepos=\"20:1-20:71\"><strong>Koko:<\/strong> Valitse koko, joka sopii keitti\u00f6n pohjaratkaisuun ja tarpeisiisi.<\/li>\n<li data-sourcepos=\"21:1-21:109\"><strong>Materiaali:<\/strong> Valitse kest\u00e4v\u00e4 ja helposti puhdistettava materiaali, kuten ruostumaton ter\u00e4s, komposiittimateriaali tai tulenkest\u00e4v\u00e4 savi.<\/li>\n<li data-sourcepos=\"22:1-22:83\"><strong>Syvyys:<\/strong> Ota huomioon kulhon syvyys, jotta siihen mahtuu isompia kattiloita ja pannuja.<\/li>\n<li data-sourcepos=\"23:1-24:0\"><strong>Asennus:<\/strong> Varmista asianmukainen asennus, olipa kyseess\u00e4 sitten alhaalta tai ylh\u00e4\u00e4lt\u00e4 asennettava asennus.<\/li>\n<\/ul>\n<p data-sourcepos=\"25:1-25:143\">Harkitsemalla n\u00e4it\u00e4 tekij\u00f6it\u00e4 huolellisesti voit valita t\u00e4ydellisen yhden kulhon keitti\u00f6n altaan, joka parantaa keitti\u00f6nne toimivuutta ja tyyli\u00e4.<\/p>","protected":false},"excerpt":{"rendered":"<p>Kokonaiskoko: 720*470*210 mm<\/p>\n<p>Leikkauskoko : 700*450 mm<\/p>\n<p>Materiaali : Ruostumaton ter\u00e4s<\/p>","protected":false},"featured_media":2592,"template":"","meta":[],"product_brand":[],"product_cat":[56],"product_tag":[],"class_list":{"0":"post-2591","1":"product","2":"type-product","3":"status-publish","4":"has-post-thumbnail","6":"product_cat-pressing-kitchen-sink","8":"first","9":"instock","10":"shipping-taxable","11":"product-type-simple"},"_links":{"self":[{"href":"https:\/\/sinkwithfaucet.com\/fi\/wp-json\/wp\/v2\/product\/2591","targetHints":{"allow":["GET"]}}],"collection":[{"href":"https:\/\/sinkwithfaucet.com\/fi\/wp-json\/wp\/v2\/product"}],"about":[{"href":"https:\/\/sinkwithfaucet.com\/fi\/wp-json\/wp\/v2\/types\/product"}],"wp:featuredmedia":[{"embeddable":true,"href":"https:\/\/sinkwithfaucet.com\/fi\/wp-json\/wp\/v2\/media\/2592"}],"wp:attachment":[{"href":"https:\/\/sinkwithfaucet.com\/fi\/wp-json\/wp\/v2\/media?parent=2591"}],"wp:term":[{"taxonomy":"product_brand","embeddable":true,"href":"https:\/\/sinkwithfaucet.com\/fi\/wp-json\/wp\/v2\/product_brand?post=2591"},{"taxonomy":"product_cat","embeddable":true,"href":"https:\/\/sinkwithfaucet.com\/fi\/wp-json\/wp\/v2\/product_cat?post=2591"},{"taxonomy":"product_tag","embeddable":true,"href":"https:\/\/sinkwithfaucet.com\/fi\/wp-json\/wp\/v2\/product_tag?post=2591"}],"curies":[{"name":"wp","href":"https:\/\/api.w.org\/{rel}","templated":true}]}}