{"id":2580,"date":"2024-11-09T06:33:57","date_gmt":"2024-11-09T06:33:57","guid":{"rendered":"https:\/\/sinkwithfaucet.com\/?post_type=product&#038;p=2580"},"modified":"2024-11-09T06:33:57","modified_gmt":"2024-11-09T06:33:57","slug":"drainboard-kitchen-sink-6844","status":"publish","type":"product","link":"https:\/\/sinkwithfaucet.com\/fi\/drainboard-kitchen-sink-6844\/","title":{"rendered":"Tyhjennyslevy keitti\u00f6n pesuallas 6844"},"content":{"rendered":"<h2 data-sourcepos=\"1:1-1:56\">Kahden puolen tyhjennysp\u00f6yd\u00e4n keitti\u00f6n altaat: K\u00e4yt\u00e4nn\u00f6llinen valinta<\/h2>\n<p data-sourcepos=\"3:1-3:212\">Kahden puolen valuma-altaallinen keitti\u00f6allas on toimiva ja tyylik\u00e4s lis\u00e4 mihin tahansa keitti\u00f6\u00f6n. Siin\u00e4 on tyhjennyslaudat tiskialtaan molemmilla puolilla, mik\u00e4 tarjoaa runsaasti tilaa astioiden, v\u00e4lineiden ja muiden keitti\u00f6tarvikkeiden kuivaamiseen.<\/p>\n<p data-sourcepos=\"5:1-5:54\"><strong>T\u00e4rkeimm\u00e4t ominaisuudet:<\/strong><\/p>\n<ul data-sourcepos=\"7:1-11:0\">\n<li data-sourcepos=\"7:1-7:102\"><strong>Lis\u00e4\u00e4ntynyt toiminnallisuus:<\/strong> Kahden tyhjennyslaudan ansiosta astioiden kuivaamiseen ja j\u00e4rjest\u00e4miseen on enemm\u00e4n tilaa.<\/li>\n<li data-sourcepos=\"8:1-8:109\"><strong>Parempi tehokkuus:<\/strong> Puhtaille ja likaisille astioille tarkoitetut erilliset viem\u00e4rit auttavat virtaviivaistamaan keitti\u00f6t\u00f6it\u00e4.<\/li>\n<li data-sourcepos=\"9:1-9:105\"><strong>Moderni muotoilu:<\/strong> Saatavana eri tyylej\u00e4 ja pintak\u00e4sittelyj\u00e4, jotka t\u00e4ydent\u00e4v\u00e4t keitti\u00f6n eri estetiikkaa.<\/li>\n<li data-sourcepos=\"10:1-11:0\"><strong>Kest\u00e4v\u00e4t materiaalit:<\/strong> Valmistetaan yleens\u00e4 ruostumattomasta ter\u00e4ksest\u00e4, mik\u00e4 takaa pitk\u00e4aikaisen suorituskyvyn.<\/li>\n<\/ul>\n<p data-sourcepos=\"12:1-12:68\"><strong>Harkintoja valittaessa kaksipuolinen Drainboard-keitti\u00f6allas:<\/strong><\/p>\n<ul data-sourcepos=\"14:1-18:0\">\n<li data-sourcepos=\"14:1-14:73\"><strong>Koko:<\/strong> Valitse koko, joka sopii keitti\u00f6n pohjaratkaisuun ja tarpeisiisi.<\/li>\n<li data-sourcepos=\"15:1-15:85\"><strong>Materiaali:<\/strong> Valitse kest\u00e4v\u00e4 ja helposti puhdistettava materiaali, kuten ruostumaton ter\u00e4s.<\/li>\n<li data-sourcepos=\"16:1-16:105\"><strong>Viem\u00e4rilaudan koko:<\/strong> Harkitse tyhjennysp\u00f6ytien kokoa varmistaaksesi, ett\u00e4 niihin mahtuu astiastosi.<\/li>\n<li data-sourcepos=\"17:1-18:0\"><strong>Asennus:<\/strong> Varmista asianmukainen asennus vuotojen ja vaurioiden v\u00e4ltt\u00e4miseksi.<\/li>\n<\/ul>\n<p data-sourcepos=\"19:1-19:150\">Harkitsemalla n\u00e4it\u00e4 tekij\u00f6it\u00e4 huolellisesti voit valita t\u00e4ydellisen kaksipuolisen valuma-altaallisen tiskialtaan, joka parantaa keitti\u00f6nne toiminnallisuutta ja tyyli\u00e4.<\/p>","protected":false},"excerpt":{"rendered":"<p>Kokonaiskoko: 1000*500*150 mm<\/p>\n<p>Leikkauskoko : 980*480 mm<\/p>\n<p>Materiaali : Ruostumaton ter\u00e4s<\/p>","protected":false},"featured_media":2581,"template":"","meta":[],"product_brand":[],"product_cat":[56],"product_tag":[],"class_list":{"0":"post-2580","1":"product","2":"type-product","3":"status-publish","4":"has-post-thumbnail","6":"product_cat-pressing-kitchen-sink","8":"first","9":"instock","10":"shipping-taxable","11":"product-type-simple"},"_links":{"self":[{"href":"https:\/\/sinkwithfaucet.com\/fi\/wp-json\/wp\/v2\/product\/2580","targetHints":{"allow":["GET"]}}],"collection":[{"href":"https:\/\/sinkwithfaucet.com\/fi\/wp-json\/wp\/v2\/product"}],"about":[{"href":"https:\/\/sinkwithfaucet.com\/fi\/wp-json\/wp\/v2\/types\/product"}],"wp:featuredmedia":[{"embeddable":true,"href":"https:\/\/sinkwithfaucet.com\/fi\/wp-json\/wp\/v2\/media\/2581"}],"wp:attachment":[{"href":"https:\/\/sinkwithfaucet.com\/fi\/wp-json\/wp\/v2\/media?parent=2580"}],"wp:term":[{"taxonomy":"product_brand","embeddable":true,"href":"https:\/\/sinkwithfaucet.com\/fi\/wp-json\/wp\/v2\/product_brand?post=2580"},{"taxonomy":"product_cat","embeddable":true,"href":"https:\/\/sinkwithfaucet.com\/fi\/wp-json\/wp\/v2\/product_cat?post=2580"},{"taxonomy":"product_tag","embeddable":true,"href":"https:\/\/sinkwithfaucet.com\/fi\/wp-json\/wp\/v2\/product_tag?post=2580"}],"curies":[{"name":"wp","href":"https:\/\/api.w.org\/{rel}","templated":true}]}}