{"id":2577,"date":"2024-11-09T06:30:16","date_gmt":"2024-11-09T06:30:16","guid":{"rendered":"https:\/\/sinkwithfaucet.com\/?post_type=product&#038;p=2577"},"modified":"2024-11-09T06:30:16","modified_gmt":"2024-11-09T06:30:16","slug":"kitchen-sink-with-drainboard-7848b","status":"publish","type":"product","link":"https:\/\/sinkwithfaucet.com\/fi\/kitchen-sink-with-drainboard-7848b\/","title":{"rendered":"Keitti\u00f6allas, jossa on valuma-allas 7848B"},"content":{"rendered":"<h2 data-sourcepos=\"1:1-1:53\">Keitti\u00f6n pesuallas ja valuma-altaat: K\u00e4yt\u00e4nn\u00f6llinen valinta<\/h2>\n<p data-sourcepos=\"3:1-3:212\"><strong>Keitti\u00f6n altaat, joissa on valuma-altaat<\/strong> tarjoavat k\u00e4yt\u00e4nn\u00f6llisen ja tehokkaan ratkaisun astioiden pesuun ja kuivaukseen. Integroitu valuma-alusta tarjoaa k\u00e4tev\u00e4n tilan astioiden, astioiden ja muiden keitti\u00f6tarvikkeiden ilmakuivaukseen.<\/p>\n<p data-sourcepos=\"5:1-5:51\"><strong>T\u00e4rkeimm\u00e4t ominaisuudet keitti\u00f6n altaat, joissa on valuma-altaat:<\/strong><\/p>\n<ul data-sourcepos=\"7:1-10:0\">\n<li data-sourcepos=\"7:1-7:113\"><strong>Lis\u00e4\u00e4ntynyt toiminnallisuus:<\/strong> Tyhjennyslevy lis\u00e4\u00e4 k\u00e4tev\u00e4n kuivausalueen, mik\u00e4 v\u00e4hent\u00e4\u00e4 ty\u00f6tason sotkua.<\/li>\n<li data-sourcepos=\"8:1-8:103\"><strong>Parempi hygienia:<\/strong> Kun pid\u00e4t astiat pois tiskip\u00f6yd\u00e4lt\u00e4, voit est\u00e4\u00e4 bakteerien levi\u00e4misen.<\/li>\n<li data-sourcepos=\"9:1-10:0\"><strong>Tilaa s\u00e4\u00e4st\u00e4v\u00e4 muotoilu:<\/strong> Yhdist\u00e4\u00e4 tiskialtaan ja kuivaustelineen yhteen yksikk\u00f6\u00f6n, mik\u00e4 maksimoi keitti\u00f6n tehokkuuden.<\/li>\n<\/ul>\n<p data-sourcepos=\"11:1-11:44\"><strong>Tyypit keitti\u00f6n pesualtaat, joissa on valuma-altaat:<\/strong><\/p>\n<ul data-sourcepos=\"13:1-16:0\">\n<li data-sourcepos=\"13:1-13:90\"><strong>Ruostumaton ter\u00e4s:<\/strong> Suosittu valinta sen kest\u00e4vyyden, hygienian ja modernin estetiikan vuoksi.<\/li>\n<li data-sourcepos=\"14:1-14:81\"><strong>Tulikivi:<\/strong> Kest\u00e4v\u00e4 ja kuumuutta kest\u00e4v\u00e4 materiaali, joka tarjoaa klassisen ulkon\u00e4\u00f6n.<\/li>\n<li data-sourcepos=\"15:1-16:0\"><strong>Komposiitti:<\/strong> Kvartsin tai graniitin kaltaisten materiaalien sekoitus, joka tarjoaa tyylikk\u00e4\u00e4n ja kest\u00e4v\u00e4n vaihtoehdon.<\/li>\n<\/ul>\n<p data-sourcepos=\"17:1-17:64\"><strong>Huomioita valittaessa keitti\u00f6allas, jossa on tyhjennyslevy:<\/strong><\/p>\n<ul data-sourcepos=\"19:1-24:0\">\n<li data-sourcepos=\"19:1-19:71\"><strong>Koko:<\/strong> Valitse koko, joka sopii keitti\u00f6n pohjaratkaisuun ja tarpeisiisi.<\/li>\n<li data-sourcepos=\"20:1-20:93\"><strong>Valumalevyn sijoittaminen:<\/strong> Harkitse, haluatko vasemman- vai oikeanpuoleisen viem\u00e4rilaudan.<\/li>\n<li data-sourcepos=\"21:1-21:60\"><strong>Materiaali:<\/strong> Valitse kest\u00e4v\u00e4 ja helposti puhdistettava materiaali.<\/li>\n<li data-sourcepos=\"22:1-22:72\"><strong>Asennus:<\/strong> Voit valita, asennetaanko kaapin alle vai p\u00e4\u00e4lle.<\/li>\n<li data-sourcepos=\"23:1-24:0\"><strong>Tyyli:<\/strong> Valitse tyyli, joka t\u00e4ydent\u00e4\u00e4 keitti\u00f6n yleist\u00e4 muotoilua.<\/li>\n<\/ul>\n<p data-sourcepos=\"25:1-25:146\">Harkitsemalla n\u00e4it\u00e4 tekij\u00f6it\u00e4 huolellisesti voit valita t\u00e4ydellisen tiskialtaan, jossa on tyhjennyslevy ja joka parantaa keitti\u00f6n toimivuutta ja tyyli\u00e4.<\/p>","protected":false},"excerpt":{"rendered":"<p>Kokonaiskoko: 900*550*210 mm<\/p>\n<p>Leikkauskoko : 880*480 mm<\/p>\n<p>Materiaali : Ruostumaton ter\u00e4s<\/p>","protected":false},"featured_media":2579,"template":"","meta":[],"product_brand":[],"product_cat":[56],"product_tag":[],"class_list":{"0":"post-2577","1":"product","2":"type-product","3":"status-publish","4":"has-post-thumbnail","6":"product_cat-pressing-kitchen-sink","8":"first","9":"instock","10":"shipping-taxable","11":"product-type-simple"},"_links":{"self":[{"href":"https:\/\/sinkwithfaucet.com\/fi\/wp-json\/wp\/v2\/product\/2577","targetHints":{"allow":["GET"]}}],"collection":[{"href":"https:\/\/sinkwithfaucet.com\/fi\/wp-json\/wp\/v2\/product"}],"about":[{"href":"https:\/\/sinkwithfaucet.com\/fi\/wp-json\/wp\/v2\/types\/product"}],"wp:featuredmedia":[{"embeddable":true,"href":"https:\/\/sinkwithfaucet.com\/fi\/wp-json\/wp\/v2\/media\/2579"}],"wp:attachment":[{"href":"https:\/\/sinkwithfaucet.com\/fi\/wp-json\/wp\/v2\/media?parent=2577"}],"wp:term":[{"taxonomy":"product_brand","embeddable":true,"href":"https:\/\/sinkwithfaucet.com\/fi\/wp-json\/wp\/v2\/product_brand?post=2577"},{"taxonomy":"product_cat","embeddable":true,"href":"https:\/\/sinkwithfaucet.com\/fi\/wp-json\/wp\/v2\/product_cat?post=2577"},{"taxonomy":"product_tag","embeddable":true,"href":"https:\/\/sinkwithfaucet.com\/fi\/wp-json\/wp\/v2\/product_tag?post=2577"}],"curies":[{"name":"wp","href":"https:\/\/api.w.org\/{rel}","templated":true}]}}