{"id":2574,"date":"2024-11-09T06:26:09","date_gmt":"2024-11-09T06:26:09","guid":{"rendered":"https:\/\/sinkwithfaucet.com\/?post_type=product&#038;p=2574"},"modified":"2024-11-09T06:26:09","modified_gmt":"2024-11-09T06:26:09","slug":"overmount-sink-7646d","status":"publish","type":"product","link":"https:\/\/sinkwithfaucet.com\/fi\/overmount-sink-7646d\/","title":{"rendered":"Upotettava pesuallas 7646D"},"content":{"rendered":"<h2 data-sourcepos=\"1:1-1:50\">Overmount-altaat: Klassinen ja k\u00e4yt\u00e4nn\u00f6llinen valinta<\/h2>\n<p data-sourcepos=\"3:1-3:203\"><strong>Overmount-altaat<\/strong>, jotka tunnetaan my\u00f6s nimell\u00e4 top-mount- tai drop-in-altaat, ovat suosittu ja perinteinen valinta keitti\u00f6\u00f6n. Ne asennetaan ty\u00f6tason p\u00e4\u00e4lle, mik\u00e4 luo yksinkertaisen ja helposti asennettavan ulkoasun.<\/p>\n<p data-sourcepos=\"5:1-5:36\"><strong>T\u00e4rkeimm\u00e4t ominaisuudet:<\/strong><\/p>\n<ul data-sourcepos=\"7:1-11:0\">\n<li data-sourcepos=\"7:1-7:70\"><strong>Helppo asennus:<\/strong> Helppo asentaa mihin tahansa ty\u00f6tasomateriaaliin.<\/li>\n<li data-sourcepos=\"8:1-8:112\"><strong>Laaja valikoima tyylej\u00e4:<\/strong> Saatavana eri muotoisina, kokoisina ja eri materiaaleista, jotka sopivat erilaisiin keitti\u00f6malleihin.<\/li>\n<li data-sourcepos=\"9:1-9:100\"><strong>Kest\u00e4v\u00e4 ja hygieeninen:<\/strong> Valmistettu kest\u00e4vist\u00e4 materiaaleista, kuten ruostumattomasta ter\u00e4ksest\u00e4, keramiikasta tai komposiitista.<\/li>\n<li data-sourcepos=\"10:1-11:0\"><strong>Kustannustehokas:<\/strong> Usein edullisempia kuin uppoasennettavat altaat.<\/li>\n<\/ul>\n<p data-sourcepos=\"12:1-12:29\"><strong>Tyypit:<\/strong><\/p>\n<ul data-sourcepos=\"14:1-18:0\">\n<li data-sourcepos=\"14:1-14:57\"><strong>Yksitt\u00e4inen kulho:<\/strong> Yksi suuri allas yleisk\u00e4ytt\u00f6\u00f6n.<\/li>\n<li data-sourcepos=\"15:1-15:56\"><strong>Tuplakulho:<\/strong> Kaksi erillist\u00e4 allasta moniteht\u00e4v\u00e4iseen ty\u00f6skentelyyn.<\/li>\n<li data-sourcepos=\"16:1-16:92\"><strong>Triple Bowl:<\/strong> Kolme allasta lis\u00e4\u00e4 toiminnallisuutta, joita on usein kaupallisissa keitti\u00f6iss\u00e4.<\/li>\n<li data-sourcepos=\"17:1-18:0\"><strong>Maalaistalon pesuallas:<\/strong> Suuret, syv\u00e4t lavuaarit, joissa on esiliina, tarjoavat maalaismaisen ja k\u00e4yt\u00e4nn\u00f6llisen muotoilun.<\/li>\n<\/ul>\n<p data-sourcepos=\"19:1-19:51\"><strong>Huomioita valittaessa p\u00e4\u00e4llekk\u00e4in asennettavaa pesuallasta:<\/strong><\/p>\n<ul data-sourcepos=\"21:1-25:0\">\n<li data-sourcepos=\"21:1-21:64\"><strong>Koko:<\/strong> Varmista, ett\u00e4 pesuallas sopii ty\u00f6tasoosi ja tarpeisiisi.<\/li>\n<li data-sourcepos=\"22:1-22:60\"><strong>Materiaali:<\/strong> Valitse kest\u00e4v\u00e4 ja helposti puhdistettava materiaali.<\/li>\n<li data-sourcepos=\"23:1-23:75\"><strong>Tyyli:<\/strong> Valitse tyyli, joka t\u00e4ydent\u00e4\u00e4 keitti\u00f6n yleist\u00e4 muotoilua.<\/li>\n<li data-sourcepos=\"24:1-25:0\"><strong>Asennus:<\/strong> Varmista asianmukainen asennus vuotojen ja vaurioiden v\u00e4ltt\u00e4miseksi.<\/li>\n<\/ul>\n<p data-sourcepos=\"26:1-26:133\">Harkitsemalla n\u00e4it\u00e4 tekij\u00f6it\u00e4 huolellisesti voit valita t\u00e4ydellisen p\u00e4\u00e4llekk\u00e4isen tiskialtaan, joka parantaa keitti\u00f6si toimivuutta ja tyyli\u00e4.<\/p>","protected":false},"excerpt":{"rendered":"<p>Kokonaiskoko: 750*450*150 mm<\/p>\n<p>Leikkauskoko: 730*430 mm<\/p>\n<p>Materiaali : Ruostumaton ter\u00e4s<\/p>","protected":false},"featured_media":2576,"template":"","meta":[],"product_brand":[],"product_cat":[56],"product_tag":[],"class_list":{"0":"post-2574","1":"product","2":"type-product","3":"status-publish","4":"has-post-thumbnail","6":"product_cat-pressing-kitchen-sink","8":"first","9":"instock","10":"shipping-taxable","11":"product-type-simple"},"_links":{"self":[{"href":"https:\/\/sinkwithfaucet.com\/fi\/wp-json\/wp\/v2\/product\/2574","targetHints":{"allow":["GET"]}}],"collection":[{"href":"https:\/\/sinkwithfaucet.com\/fi\/wp-json\/wp\/v2\/product"}],"about":[{"href":"https:\/\/sinkwithfaucet.com\/fi\/wp-json\/wp\/v2\/types\/product"}],"wp:featuredmedia":[{"embeddable":true,"href":"https:\/\/sinkwithfaucet.com\/fi\/wp-json\/wp\/v2\/media\/2576"}],"wp:attachment":[{"href":"https:\/\/sinkwithfaucet.com\/fi\/wp-json\/wp\/v2\/media?parent=2574"}],"wp:term":[{"taxonomy":"product_brand","embeddable":true,"href":"https:\/\/sinkwithfaucet.com\/fi\/wp-json\/wp\/v2\/product_brand?post=2574"},{"taxonomy":"product_cat","embeddable":true,"href":"https:\/\/sinkwithfaucet.com\/fi\/wp-json\/wp\/v2\/product_cat?post=2574"},{"taxonomy":"product_tag","embeddable":true,"href":"https:\/\/sinkwithfaucet.com\/fi\/wp-json\/wp\/v2\/product_tag?post=2574"}],"curies":[{"name":"wp","href":"https:\/\/api.w.org\/{rel}","templated":true}]}}