{"id":2432,"date":"2024-11-04T06:50:40","date_gmt":"2024-11-04T06:50:40","guid":{"rendered":"https:\/\/sinkwithfaucet.com\/?post_type=product&#038;p=2432"},"modified":"2024-11-11T02:44:49","modified_gmt":"2024-11-11T02:44:49","slug":"30-inch-kitchen-sink-3022ssa","status":"publish","type":"product","link":"https:\/\/sinkwithfaucet.com\/fi\/30-inch-kitchen-sink-3022ssa\/","title":{"rendered":"30 tuuman tiskiallas 3022SSA"},"content":{"rendered":"<p data-sourcepos=\"1:1-1:227\">30 tuuman keitti\u00f6n altaat ovat suosittu valinta monien asunnon omistajien keskuudessa, sill\u00e4 niiden koko ja toiminnallisuus ovat tasapainossa. Niit\u00e4 on saatavana eri tyylej\u00e4, materiaaleja ja kokoonpanoja, jotka sopivat erilaisiin keitti\u00f6malleihin ja -tarpeisiin.<\/p>\n<h3 data-sourcepos=\"3:1-3:42\">T\u00e4rkeimm\u00e4t ominaisuudet 30 tuuman keitti\u00f6n pesualtaat:<\/h3>\n<ul data-sourcepos=\"5:1-9:0\">\n<li data-sourcepos=\"5:1-5:107\"><strong>Runsaasti tilaa:<\/strong> Tarjoaa riitt\u00e4v\u00e4sti tilaa astioiden pesuun, ruoanvalmistukseen ja suurten keittoastioiden liottamiseen.<\/li>\n<li data-sourcepos=\"6:1-6:94\"><strong>Monipuolinen muotoilu:<\/strong> Saatavana yksi- ja kaksoiskulhoisina sek\u00e4 ty\u00f6pistekokoonpanoina.<\/li>\n<li data-sourcepos=\"7:1-7:80\"><strong>Kest\u00e4v\u00e4t materiaalit:<\/strong> Valmistetaan usein ruostumattomasta ter\u00e4ksest\u00e4, komposiitista tai keramiikasta.<\/li>\n<li data-sourcepos=\"8:1-9:0\"><strong>Tyylikk\u00e4\u00e4t vaihtoehdot:<\/strong> Saatavana eri pintak\u00e4sittelyj\u00e4 ja tyylej\u00e4, jotka t\u00e4ydent\u00e4v\u00e4t keitti\u00f6n eri estetiikkaa.<\/li>\n<\/ul>\n<h3 data-sourcepos=\"10:1-10:35\">Tyypit 30 tuuman keitti\u00f6altaat:<\/h3>\n<ul data-sourcepos=\"12:1-15:0\">\n<li data-sourcepos=\"12:1-12:85\"><strong><a href=\"https:\/\/sinkwithfaucet.com\/fi\/undermount-sink-1\/\">Upotettavat altaat<\/a>:<\/strong> Asennetaan ty\u00f6tason alle tyylikk\u00e4\u00e4n ja modernin ilmeen luomiseksi.<\/li>\n<li data-sourcepos=\"13:1-13:93\"><strong><a href=\"https:\/\/sinkwithfaucet.com\/fi\/topmount-sink-1\/\">Top-Mount-altaat<\/a>:<\/strong> Asennetaan ty\u00f6tason p\u00e4\u00e4lle, mik\u00e4 antaa perinteisen ulkon\u00e4\u00f6n.<\/li>\n<li data-sourcepos=\"14:1-15:0\"><strong><a href=\"https:\/\/sinkwithfaucet.com\/fi\/apron-sink-1\/\">Maalaistalon pesualtaat<\/a>:<\/strong> Suuret, syv\u00e4t lavuaarit, joissa on esiliina, tarjoavat maalaismaisen ja k\u00e4yt\u00e4nn\u00f6llisen muotoilun.<\/li>\n<\/ul>\n<h3 data-sourcepos=\"16:1-16:56\">Huomioita valittaessa 30-tuumainen keitti\u00f6allas:<\/h3>\n<ul data-sourcepos=\"18:1-23:0\">\n<li data-sourcepos=\"18:1-18:94\"><strong>Materiaali:<\/strong> Valitse kest\u00e4v\u00e4 ja helposti puhdistettava materiaali, kuten ruostumaton ter\u00e4s tai komposiitti.<\/li>\n<li data-sourcepos=\"19:1-19:91\"><strong>Kulhon kokoonpano:<\/strong> Valitse yksi- tai kaksoiskulhokokoonpano tarpeidesi mukaan.<\/li>\n<li data-sourcepos=\"20:1-20:78\"><strong>Syvyys:<\/strong> Ota huomioon kulhon syvyys, jotta siihen mahtuu suurempia keittoastioita.<\/li>\n<li data-sourcepos=\"21:1-21:105\"><strong>Viimeistely:<\/strong> Valitse keitti\u00f6si tyyliin sopiva viimeistely, kuten harjattu, kiillotettu tai matta.<\/li>\n<li data-sourcepos=\"22:1-23:0\"><strong>Asennus:<\/strong> Varmista asianmukainen asennus, olipa kyseess\u00e4 alta tai p\u00e4\u00e4lt\u00e4 asennettava.<\/li>\n<\/ul>\n<p data-sourcepos=\"24:1-24:139\">Harkitsemalla n\u00e4it\u00e4 tekij\u00f6it\u00e4 huolellisesti voit valita t\u00e4ydellisen 30-tuumaisen keitti\u00f6n tiskialtaan, joka parantaa keitti\u00f6n toimivuutta ja tyyli\u00e4.<\/p>","protected":false},"excerpt":{"rendered":"<p>Kokonaiskoko: 30*22*10 tuumaa \/ 762*559*254 mm<\/p>\n<p>Kulhon koko : 712*451 mm<\/p>\n<p>Leikkauskoko : 763*503 mm<\/p>\n<p>Radian Corner : R10<\/p>","protected":false},"featured_media":2433,"template":"","meta":[],"product_brand":[],"product_cat":[54],"product_tag":[],"class_list":{"0":"post-2432","1":"product","2":"type-product","3":"status-publish","4":"has-post-thumbnail","6":"product_cat-apron-sink-1","8":"first","9":"instock","10":"shipping-taxable","11":"product-type-simple"},"_links":{"self":[{"href":"https:\/\/sinkwithfaucet.com\/fi\/wp-json\/wp\/v2\/product\/2432","targetHints":{"allow":["GET"]}}],"collection":[{"href":"https:\/\/sinkwithfaucet.com\/fi\/wp-json\/wp\/v2\/product"}],"about":[{"href":"https:\/\/sinkwithfaucet.com\/fi\/wp-json\/wp\/v2\/types\/product"}],"wp:featuredmedia":[{"embeddable":true,"href":"https:\/\/sinkwithfaucet.com\/fi\/wp-json\/wp\/v2\/media\/2433"}],"wp:attachment":[{"href":"https:\/\/sinkwithfaucet.com\/fi\/wp-json\/wp\/v2\/media?parent=2432"}],"wp:term":[{"taxonomy":"product_brand","embeddable":true,"href":"https:\/\/sinkwithfaucet.com\/fi\/wp-json\/wp\/v2\/product_brand?post=2432"},{"taxonomy":"product_cat","embeddable":true,"href":"https:\/\/sinkwithfaucet.com\/fi\/wp-json\/wp\/v2\/product_cat?post=2432"},{"taxonomy":"product_tag","embeddable":true,"href":"https:\/\/sinkwithfaucet.com\/fi\/wp-json\/wp\/v2\/product_tag?post=2432"}],"curies":[{"name":"wp","href":"https:\/\/api.w.org\/{rel}","templated":true}]}}