{"id":2427,"date":"2024-11-04T06:16:23","date_gmt":"2024-11-04T06:16:23","guid":{"rendered":"https:\/\/sinkwithfaucet.com\/?post_type=product&#038;p=2427"},"modified":"2024-11-04T06:16:23","modified_gmt":"2024-11-04T06:16:23","slug":"stainless-steel-apron-sink-3022sa","status":"publish","type":"product","link":"https:\/\/sinkwithfaucet.com\/fi\/stainless-steel-apron-sink-3022sa\/","title":{"rendered":"Ruostumattomasta ter\u00e4ksest\u00e4 valmistettu esiliina-allas 3022SA"},"content":{"rendered":"<h2 data-sourcepos=\"1:1-1:56\">Ruostumattomasta ter\u00e4ksest\u00e4 valmistetut esiliina-altaat: Ajaton klassikko<\/h2>\n<p data-sourcepos=\"3:1-3:252\">Ruostumattomasta ter\u00e4ksest\u00e4 valmistetut esiliina-altaat ovat suosittu valinta kodinomistajille, jotka haluavat tyylikk\u00e4\u00e4n ja toimivan keitti\u00f6n. N\u00e4iss\u00e4 suurissa, syviss\u00e4 lavuaareissa, joihin usein viitataan \"maalaistalon lavuaareina\", on erottuva esiliina, joka ulottuu ty\u00f6tason ulkopuolelle.<\/p>\n<p data-sourcepos=\"5:1-5:54\"><strong>Ruostumattomasta ter\u00e4ksest\u00e4 valmistettujen esiliina-altaiden t\u00e4rkeimm\u00e4t ominaisuudet:<\/strong><\/p>\n<ul data-sourcepos=\"7:1-11:0\">\n<li data-sourcepos=\"7:1-7:64\"><strong>Tilava kulho:<\/strong> Runsaasti tilaa suurten kattiloiden ja pannujen pesemiseen.<\/li>\n<li data-sourcepos=\"8:1-8:86\"><strong>Tyylik\u00e4s muotoilu:<\/strong> Esiliina lis\u00e4\u00e4 klassisen ja tyylikk\u00e4\u00e4n ilmeen keitti\u00f6\u00f6n.<\/li>\n<li data-sourcepos=\"9:1-9:92\"><strong>Kest\u00e4vyys:<\/strong> Valmistettu korkealaatuisesta ruostumattomasta ter\u00e4ksest\u00e4, joka takaa pitk\u00e4aikaisen suorituskyvyn.<\/li>\n<li data-sourcepos=\"10:1-11:0\"><strong>Helppo puhdistaa:<\/strong> Sile\u00e4 pinta on helppo huoltaa ja puhdistaa.<\/li>\n<\/ul>\n<p data-sourcepos=\"12:1-12:68\"><strong>Huomioita valittaessa ruostumattomasta ter\u00e4ksest\u00e4 valmistettua lavuaaria:<\/strong><\/p>\n<ul data-sourcepos=\"14:1-19:0\">\n<li data-sourcepos=\"14:1-14:73\"><strong>Koko:<\/strong> Valitse koko, joka sopii keitti\u00f6n pohjaratkaisuun ja tarpeisiisi.<\/li>\n<li data-sourcepos=\"15:1-15:97\"><strong>Kulhon kokoonpano:<\/strong> Valitse yksi- tai kaksoiskulhokokoonpano mieltymystesi mukaan.<\/li>\n<li data-sourcepos=\"16:1-16:59\"><strong>Mittari:<\/strong> Paksumpi mittakaava merkitsee kest\u00e4v\u00e4mp\u00e4\u00e4 pesuallasta.<\/li>\n<li data-sourcepos=\"17:1-17:113\"><strong>Viimeistely:<\/strong> Valitse keitti\u00f6si tyyliin sopiva viimeistely, kuten harjattu tai kiillotettu ruostumaton ter\u00e4s.<\/li>\n<li data-sourcepos=\"18:1-19:0\"><strong>Asennus:<\/strong> Harkitse alhaalta tai ylh\u00e4\u00e4lt\u00e4 asennusta.<\/li>\n<\/ul>\n<p data-sourcepos=\"20:1-20:150\">Kun otat n\u00e4m\u00e4 tekij\u00e4t huolellisesti huomioon, voit valita t\u00e4ydellisen ruostumattomasta ter\u00e4ksest\u00e4 valmistetun esiliina-altaiden pesualtaan, joka parantaa keitti\u00f6n tyyli\u00e4 ja toimivuutta.<\/p>","protected":false},"excerpt":{"rendered":"<p>Kokonaiskoko: 30*22*10 tuumaa \/ 762*559*254 mm<\/p>\n<p>Kulhon koko : 712*451 mm<\/p>\n<p>Leikkauskoko : 763*503 mm<\/p>\n<p>Radian Corner : R10<\/p>","protected":false},"featured_media":2428,"template":"","meta":[],"product_brand":[],"product_cat":[54],"product_tag":[],"class_list":{"0":"post-2427","1":"product","2":"type-product","3":"status-publish","4":"has-post-thumbnail","6":"product_cat-apron-sink-1","8":"first","9":"instock","10":"shipping-taxable","11":"product-type-simple"},"_links":{"self":[{"href":"https:\/\/sinkwithfaucet.com\/fi\/wp-json\/wp\/v2\/product\/2427","targetHints":{"allow":["GET"]}}],"collection":[{"href":"https:\/\/sinkwithfaucet.com\/fi\/wp-json\/wp\/v2\/product"}],"about":[{"href":"https:\/\/sinkwithfaucet.com\/fi\/wp-json\/wp\/v2\/types\/product"}],"wp:featuredmedia":[{"embeddable":true,"href":"https:\/\/sinkwithfaucet.com\/fi\/wp-json\/wp\/v2\/media\/2428"}],"wp:attachment":[{"href":"https:\/\/sinkwithfaucet.com\/fi\/wp-json\/wp\/v2\/media?parent=2427"}],"wp:term":[{"taxonomy":"product_brand","embeddable":true,"href":"https:\/\/sinkwithfaucet.com\/fi\/wp-json\/wp\/v2\/product_brand?post=2427"},{"taxonomy":"product_cat","embeddable":true,"href":"https:\/\/sinkwithfaucet.com\/fi\/wp-json\/wp\/v2\/product_cat?post=2427"},{"taxonomy":"product_tag","embeddable":true,"href":"https:\/\/sinkwithfaucet.com\/fi\/wp-json\/wp\/v2\/product_tag?post=2427"}],"curies":[{"name":"wp","href":"https:\/\/api.w.org\/{rel}","templated":true}]}}