{"id":2425,"date":"2024-11-04T06:09:13","date_gmt":"2024-11-04T06:09:13","guid":{"rendered":"https:\/\/sinkwithfaucet.com\/?post_type=product&#038;p=2425"},"modified":"2024-11-04T06:09:28","modified_gmt":"2024-11-04T06:09:28","slug":"matte-black-kitchen-sink-9246","status":"publish","type":"product","link":"https:\/\/sinkwithfaucet.com\/fi\/matte-black-kitchen-sink-9246\/","title":{"rendered":"Matta musta keitti\u00f6allas 9246"},"content":{"rendered":"<h2 data-sourcepos=\"1:1-1:55\">Matta mustat keitti\u00f6altaat: Moderni ja tyylik\u00e4s valinta<\/h2>\n<p data-sourcepos=\"3:1-3:165\">Mattapintaiset mustat keitti\u00f6altaat ovat tulleet yh\u00e4 suositummiksi niiden tyylikk\u00e4\u00e4n ja modernin ulkon\u00e4\u00f6n vuoksi. Ne voivat lis\u00e4t\u00e4 hienostuneisuutta mihin tahansa keitti\u00f6suunnitteluun.<\/p>\n<p data-sourcepos=\"5:1-5:46\"><strong>T\u00e4rkeimm\u00e4t ominaisuudet:<\/strong><\/p>\n<ul data-sourcepos=\"7:1-11:0\">\n<li data-sourcepos=\"7:1-7:100\"><strong>Tyylik\u00e4s ja moderni estetiikka:<\/strong> Matta musta viimeistely luo nykyaikaisen ja minimalistisen ilmeen.<\/li>\n<li data-sourcepos=\"8:1-8:107\"><strong>Sormenj\u00e4lkien kest\u00e4v\u00e4:<\/strong> Mattapinta auttaa minimoimaan sormenj\u00e4lkien ja tahrojen n\u00e4kyvyyden.<\/li>\n<li data-sourcepos=\"9:1-9:99\"><strong>Kest\u00e4v\u00e4 ja pitk\u00e4ik\u00e4inen:<\/strong> Valmistettu korkealaatuisista materiaaleista, kuten ruostumattomasta ter\u00e4ksest\u00e4 tai komposiitista.<\/li>\n<li data-sourcepos=\"10:1-11:0\"><strong>Monipuolinen:<\/strong> Saatavana eri tyylej\u00e4, mukaan lukien altap\u00e4in asennettavat, ylh\u00e4\u00e4lt\u00e4p\u00e4in asennettavat ja maalaistalotyyliset.<\/li>\n<\/ul>\n<p data-sourcepos=\"12:1-12:60\"><strong>Huomioita valittaessa mattamusta keitti\u00f6allas:<\/strong><\/p>\n<ul data-sourcepos=\"14:1-19:0\">\n<li data-sourcepos=\"14:1-14:76\"><strong>Materiaali:<\/strong> Valitse kest\u00e4v\u00e4 materiaali, kuten ruostumaton ter\u00e4s tai komposiitti.<\/li>\n<li data-sourcepos=\"15:1-15:78\"><strong>Viimeistely:<\/strong> Varmista, ett\u00e4 mattamusta pinta on tasainen ja laadukas.<\/li>\n<li data-sourcepos=\"16:1-16:86\"><strong>Koko ja muoto:<\/strong> Valitse koko ja muoto, joka sopii keitti\u00f6n pohjaratkaisuun ja tarpeisiin.<\/li>\n<li data-sourcepos=\"17:1-17:91\"><strong>Asennus:<\/strong> Harkitse asennusmenetelm\u00e4\u00e4, onko kyseess\u00e4 uppoasennus vai yl\u00e4asennus.<\/li>\n<li data-sourcepos=\"18:1-19:0\"><strong>Huolto:<\/strong> Vaikka mattamustat pesualtaat ovat kest\u00e4vi\u00e4, niiden ulkon\u00e4\u00f6n s\u00e4ilytt\u00e4minen edellytt\u00e4\u00e4 s\u00e4\u00e4nn\u00f6llist\u00e4 puhdistusta.<\/li>\n<\/ul>\n<p data-sourcepos=\"20:1-20:143\">Harkitsemalla n\u00e4it\u00e4 tekij\u00f6it\u00e4 huolellisesti voit valita t\u00e4ydellisen mattamustan tiskialtaan, joka nostaa keitti\u00f6n tyyli\u00e4 ja toiminnallisuutta.<\/p>","protected":false},"excerpt":{"rendered":"<p>Kokonaiskoko : 9200*460*230 mm<\/p>\n<p>Kulhon koko : 700*363 mm<\/p>\n<p>Leikkauskoko : 896*436 mm<\/p>\n<p>Radian Corner : R10<\/p>","protected":false},"featured_media":2426,"template":"","meta":[],"product_brand":[],"product_cat":[53],"product_tag":[],"class_list":{"0":"post-2425","1":"product","2":"type-product","3":"status-publish","4":"has-post-thumbnail","6":"product_cat-topmount-sink-1","8":"first","9":"instock","10":"shipping-taxable","11":"product-type-simple"},"_links":{"self":[{"href":"https:\/\/sinkwithfaucet.com\/fi\/wp-json\/wp\/v2\/product\/2425","targetHints":{"allow":["GET"]}}],"collection":[{"href":"https:\/\/sinkwithfaucet.com\/fi\/wp-json\/wp\/v2\/product"}],"about":[{"href":"https:\/\/sinkwithfaucet.com\/fi\/wp-json\/wp\/v2\/types\/product"}],"wp:featuredmedia":[{"embeddable":true,"href":"https:\/\/sinkwithfaucet.com\/fi\/wp-json\/wp\/v2\/media\/2426"}],"wp:attachment":[{"href":"https:\/\/sinkwithfaucet.com\/fi\/wp-json\/wp\/v2\/media?parent=2425"}],"wp:term":[{"taxonomy":"product_brand","embeddable":true,"href":"https:\/\/sinkwithfaucet.com\/fi\/wp-json\/wp\/v2\/product_brand?post=2425"},{"taxonomy":"product_cat","embeddable":true,"href":"https:\/\/sinkwithfaucet.com\/fi\/wp-json\/wp\/v2\/product_cat?post=2425"},{"taxonomy":"product_tag","embeddable":true,"href":"https:\/\/sinkwithfaucet.com\/fi\/wp-json\/wp\/v2\/product_tag?post=2425"}],"curies":[{"name":"wp","href":"https:\/\/api.w.org\/{rel}","templated":true}]}}