{"id":2421,"date":"2024-11-04T03:43:55","date_gmt":"2024-11-04T03:43:55","guid":{"rendered":"https:\/\/sinkwithfaucet.com\/?post_type=product&#038;p=2421"},"modified":"2024-11-04T03:43:55","modified_gmt":"2024-11-04T03:43:55","slug":"30-inch-sink-7046-a","status":"publish","type":"product","link":"https:\/\/sinkwithfaucet.com\/fi\/30-inch-sink-7046-a\/","title":{"rendered":"30 tuuman pesuallas 7046-A"},"content":{"rendered":"<h2 data-sourcepos=\"1:1-1:45\">30 tuuman altaat: Monipuolinen valinta<\/h2>\n<p data-sourcepos=\"3:1-3:203\">30-tuumainen pesuallas on suosittu koko, joka tarjoaa tasapainoisesti tilaa ja toiminnallisuutta. Niit\u00e4 on saatavana eri tyylej\u00e4, materiaaleja ja kokoonpanoja, jotka sopivat erilaisiin keitti\u00f6malleihin ja tarpeisiin.<\/p>\n<p data-sourcepos=\"5:1-5:42\"><strong>30 tuuman lavuaarien t\u00e4rkeimm\u00e4t ominaisuudet:<\/strong><\/p>\n<ul data-sourcepos=\"7:1-11:0\">\n<li data-sourcepos=\"7:1-7:107\"><strong>Runsaasti tilaa:<\/strong> Tarjoaa riitt\u00e4v\u00e4sti tilaa astioiden pesuun, ruoanvalmistukseen ja suurten keittoastioiden liottamiseen.<\/li>\n<li data-sourcepos=\"8:1-8:94\"><strong>Monipuolinen muotoilu:<\/strong> Saatavana yksi- ja kaksoiskulhoisina sek\u00e4 ty\u00f6pistekokoonpanoina.<\/li>\n<li data-sourcepos=\"9:1-9:92\"><strong>Kest\u00e4v\u00e4t materiaalit:<\/strong> Valmistetaan usein ruostumattomasta ter\u00e4ksest\u00e4, valuraudasta tai komposiittimateriaaleista.<\/li>\n<li data-sourcepos=\"10:1-11:0\"><strong>Moderni estetiikka:<\/strong> Tyylik\u00e4s ja nykyaikainen muotoilu t\u00e4ydent\u00e4\u00e4 erilaisia keitti\u00f6tyylej\u00e4.<\/li>\n<\/ul>\n<p data-sourcepos=\"12:1-12:35\"><strong>Tyypit 30-tuumainen keitti\u00f6 pesualtaat:<\/strong><\/p>\n<ul data-sourcepos=\"14:1-17:0\">\n<li data-sourcepos=\"14:1-14:77\"><strong>Upotettavat altaat:<\/strong> Asennetaan ty\u00f6tason alle saumattoman ulkon\u00e4\u00f6n aikaansaamiseksi.<\/li>\n<li data-sourcepos=\"15:1-15:93\"><strong>Top-Mount-altaat:<\/strong> Asennetaan ty\u00f6tason p\u00e4\u00e4lle, mik\u00e4 antaa perinteisen ulkon\u00e4\u00f6n.<\/li>\n<li data-sourcepos=\"16:1-17:0\"><strong>Maalaistalon pesualtaat:<\/strong> Suuret, syv\u00e4t lavuaarit, joissa on esiliina, tarjoavat maalaismaisen ja k\u00e4yt\u00e4nn\u00f6llisen muotoilun.<\/li>\n<\/ul>\n<p data-sourcepos=\"18:1-18:73\"><strong>Kun valitset 30-tuumaista keitti\u00f6n pesuallasta, ota huomioon seuraavat tekij\u00e4t:<\/strong><\/p>\n<ul data-sourcepos=\"20:1-25:0\">\n<li data-sourcepos=\"20:1-20:94\"><strong>Materiaali:<\/strong> Valitse kest\u00e4v\u00e4 ja helposti puhdistettava materiaali, kuten ruostumaton ter\u00e4s tai komposiitti.<\/li>\n<li data-sourcepos=\"21:1-21:100\"><strong>Kulhon kokoonpano:<\/strong> Valitse yksi-, kaksi- tai kolminkertainen kulhokokoonpano tarpeidesi mukaan.<\/li>\n<li data-sourcepos=\"22:1-22:64\"><strong>Syvyys:<\/strong> Syvemp\u00e4\u00e4n kulhoon mahtuu suurempia kattiloita ja pannuja.<\/li>\n<li data-sourcepos=\"23:1-23:105\"><strong>Viimeistely:<\/strong> Valitse keitti\u00f6si tyyliin sopiva viimeistely, kuten harjattu, kiillotettu tai satiinipintainen.<\/li>\n<li data-sourcepos=\"24:1-25:0\"><strong>Asennus:<\/strong> Harkitse asennusmenetelm\u00e4\u00e4, onko kyseess\u00e4 uppoasennus vai yl\u00e4asennus.<\/li>\n<\/ul>\n<p data-sourcepos=\"26:1-26:138\">Harkitsemalla huolellisesti n\u00e4it\u00e4 tekij\u00f6it\u00e4 voit valita t\u00e4ydellisen 30-tuumaisen keitti\u00f6n tiskialtaan.<\/p>","protected":false},"excerpt":{"rendered":"<p>Kokonaiskoko: 700*460*230 mm<\/p>\n<p>Kulhon koko : 660*363 mm<\/p>\n<p>Leikkauskoko : 676*436 mm<\/p>\n<p>Radian Corner : R10<\/p>","protected":false},"featured_media":2422,"template":"","meta":[],"product_brand":[],"product_cat":[53],"product_tag":[],"class_list":{"0":"post-2421","1":"product","2":"type-product","3":"status-publish","4":"has-post-thumbnail","6":"product_cat-topmount-sink-1","8":"first","9":"instock","10":"shipping-taxable","11":"product-type-simple"},"_links":{"self":[{"href":"https:\/\/sinkwithfaucet.com\/fi\/wp-json\/wp\/v2\/product\/2421","targetHints":{"allow":["GET"]}}],"collection":[{"href":"https:\/\/sinkwithfaucet.com\/fi\/wp-json\/wp\/v2\/product"}],"about":[{"href":"https:\/\/sinkwithfaucet.com\/fi\/wp-json\/wp\/v2\/types\/product"}],"wp:featuredmedia":[{"embeddable":true,"href":"https:\/\/sinkwithfaucet.com\/fi\/wp-json\/wp\/v2\/media\/2422"}],"wp:attachment":[{"href":"https:\/\/sinkwithfaucet.com\/fi\/wp-json\/wp\/v2\/media?parent=2421"}],"wp:term":[{"taxonomy":"product_brand","embeddable":true,"href":"https:\/\/sinkwithfaucet.com\/fi\/wp-json\/wp\/v2\/product_brand?post=2421"},{"taxonomy":"product_cat","embeddable":true,"href":"https:\/\/sinkwithfaucet.com\/fi\/wp-json\/wp\/v2\/product_cat?post=2421"},{"taxonomy":"product_tag","embeddable":true,"href":"https:\/\/sinkwithfaucet.com\/fi\/wp-json\/wp\/v2\/product_tag?post=2421"}],"curies":[{"name":"wp","href":"https:\/\/api.w.org\/{rel}","templated":true}]}}