{"id":2418,"date":"2024-11-04T03:36:44","date_gmt":"2024-11-04T03:36:44","guid":{"rendered":"https:\/\/sinkwithfaucet.com\/?post_type=product&#038;p=2418"},"modified":"2024-11-04T03:36:44","modified_gmt":"2024-11-04T03:36:44","slug":"black-kitchen-sink-7647b","status":"publish","type":"product","link":"https:\/\/sinkwithfaucet.com\/fi\/black-kitchen-sink-7647b\/","title":{"rendered":"Musta keitti\u00f6allas 7647B"},"content":{"rendered":"<h2 data-sourcepos=\"1:1-1:215\">Mustat keitti\u00f6altaat:<\/h2>\n<p data-sourcepos=\"1:1-1:215\">Mustat keitti\u00f6altaat ovat viime vuosina kasvattaneet suosiotaan, sill\u00e4 ne tarjoavat modernin ja hienostuneen ilmeen, joka voi nostaa mink\u00e4 tahansa keitti\u00f6n suunnittelua. Niit\u00e4 on saatavana useina eri materiaaleina ja tyylein\u00e4.<\/p>\n<ul data-sourcepos=\"5:1-8:0\">\n<li data-sourcepos=\"5:1-5:89\"><strong>Tyylik\u00e4s ja moderni:<\/strong> Tumma, mattapintainen viimeistely tuo keitti\u00f6\u00f6n nykyaikaisen ilmeen.<\/li>\n<li data-sourcepos=\"6:1-6:84\"><strong>Kest\u00e4v\u00e4 ja hygieeninen:<\/strong> Ruostumaton ter\u00e4s on kest\u00e4v\u00e4 ja helposti puhdistettava materiaali.<\/li>\n<li data-sourcepos=\"7:1-8:0\"><strong>Sormenj\u00e4lkien kest\u00e4v\u00e4:<\/strong> Erityispinnoitteet auttavat minimoimaan sormenj\u00e4ljet ja tahrat.<\/li>\n<\/ul>\n<p data-sourcepos=\"21:1-21:71\"><strong>Kun valitset mustaa tiskialtaita, ota huomioon seuraavat tekij\u00e4t:<\/strong><\/p>\n<ul data-sourcepos=\"23:1-28:0\">\n<li data-sourcepos=\"23:1-23:67\"><strong>Materiaali:<\/strong> Valitse tyyliisi ja budjettiisi sopiva materiaali.<\/li>\n<li data-sourcepos=\"24:1-24:76\"><strong>Koko ja muoto:<\/strong> Valitse koko ja muoto, joka sopii keitti\u00f6n pohjaratkaisuun.<\/li>\n<li data-sourcepos=\"25:1-25:72\"><strong>Asennus:<\/strong> P\u00e4\u00e4t\u00e4, asennetaanko kaapin alle vai p\u00e4\u00e4lle.<\/li>\n<li data-sourcepos=\"26:1-26:74\"><strong>Viimeistely:<\/strong> Huomioi mustan s\u00e4vy ja kiiltoaste.<\/li>\n<li data-sourcepos=\"27:1-28:0\"><strong>Huolto:<\/strong> Noudata valmistajan hoito-ohjeita, jotta pesuallas pysyy parhaimmillaan.<\/li>\n<\/ul>\n<p data-sourcepos=\"29:1-29:142\">Harkitsemalla n\u00e4it\u00e4 tekij\u00f6it\u00e4 huolellisesti voit valita t\u00e4ydellisen mustan tiskialtaan, joka parantaa keitti\u00f6si tyyli\u00e4 ja toimivuutta.<\/p>","protected":false},"excerpt":{"rendered":"<p>Kokonaiskoko: 760*470*230 mm<\/p>\n<p>Kulhon koko : 720*363 mm<\/p>\n<p>Leikkauskoko : 736*446 mm<\/p>\n<p>Radian Corner : R10<\/p>","protected":false},"featured_media":2419,"template":"","meta":[],"product_brand":[],"product_cat":[53],"product_tag":[],"class_list":{"0":"post-2418","1":"product","2":"type-product","3":"status-publish","4":"has-post-thumbnail","6":"product_cat-topmount-sink-1","8":"first","9":"instock","10":"shipping-taxable","11":"product-type-simple"},"_links":{"self":[{"href":"https:\/\/sinkwithfaucet.com\/fi\/wp-json\/wp\/v2\/product\/2418","targetHints":{"allow":["GET"]}}],"collection":[{"href":"https:\/\/sinkwithfaucet.com\/fi\/wp-json\/wp\/v2\/product"}],"about":[{"href":"https:\/\/sinkwithfaucet.com\/fi\/wp-json\/wp\/v2\/types\/product"}],"wp:featuredmedia":[{"embeddable":true,"href":"https:\/\/sinkwithfaucet.com\/fi\/wp-json\/wp\/v2\/media\/2419"}],"wp:attachment":[{"href":"https:\/\/sinkwithfaucet.com\/fi\/wp-json\/wp\/v2\/media?parent=2418"}],"wp:term":[{"taxonomy":"product_brand","embeddable":true,"href":"https:\/\/sinkwithfaucet.com\/fi\/wp-json\/wp\/v2\/product_brand?post=2418"},{"taxonomy":"product_cat","embeddable":true,"href":"https:\/\/sinkwithfaucet.com\/fi\/wp-json\/wp\/v2\/product_cat?post=2418"},{"taxonomy":"product_tag","embeddable":true,"href":"https:\/\/sinkwithfaucet.com\/fi\/wp-json\/wp\/v2\/product_tag?post=2418"}],"curies":[{"name":"wp","href":"https:\/\/api.w.org\/{rel}","templated":true}]}}