{"id":2411,"date":"2024-11-04T03:09:36","date_gmt":"2024-11-04T03:09:36","guid":{"rendered":"https:\/\/sinkwithfaucet.com\/?post_type=product&#038;p=2411"},"modified":"2024-11-04T03:09:36","modified_gmt":"2024-11-04T03:09:36","slug":"deep-sink-3120do","status":"publish","type":"product","link":"https:\/\/sinkwithfaucet.com\/fi\/deep-sink-3120do\/","title":{"rendered":"Syv\u00e4 pesuallas 3120DO"},"content":{"rendered":"<h2 data-sourcepos=\"1:1-1:53\">Syv\u00e4t pesualtaat: K\u00e4yt\u00e4nn\u00f6llinen ja tyylik\u00e4s valinta<\/h2>\n<p data-sourcepos=\"3:1-3:266\">Syv\u00e4t altaat tarjoavat monia etuja, kuten paremman toiminnallisuuden, paremman estetiikan ja paremmat puhdistusominaisuudet. Ne ovat erityisen hy\u00f6dyllisi\u00e4 suurten kattiloiden ja pannujen sijoittamisessa, suurikokoisten esineiden liottamisessa ja muiden keitti\u00f6t\u00f6iden suorittamisessa.<\/p>\n<p data-sourcepos=\"5:1-5:39\"><strong>Syvien keitti\u00f6altaiden t\u00e4rkeimm\u00e4t ominaisuudet:<\/strong><\/p>\n<ul data-sourcepos=\"7:1-11:0\">\n<li data-sourcepos=\"7:1-7:87\"><strong>Riitt\u00e4v\u00e4 syvyys:<\/strong> Tarjoaa runsaasti tilaa suurten keittoastioiden ja tilaa vievien tavaroiden pesuun.<\/li>\n<li data-sourcepos=\"8:1-8:97\"><strong>V\u00e4hentynyt roiskuminen:<\/strong> Syvempi muotoilu auttaa minimoimaan veden roiskumisen ty\u00f6tasolle.<\/li>\n<li data-sourcepos=\"9:1-9:112\"><strong>Parannettu toiminnallisuus:<\/strong> Soveltuu monenlaisiin keitti\u00f6t\u00f6ihin astioiden pesusta ruoan valmistukseen.<\/li>\n<li data-sourcepos=\"10:1-11:0\"><strong>Tyylik\u00e4s muotoilu:<\/strong> Saatavana eri tyylej\u00e4 ja viimeistelyj\u00e4, jotka t\u00e4ydent\u00e4v\u00e4t mit\u00e4 tahansa keitti\u00f6n sisustusta.<\/li>\n<\/ul>\n<p data-sourcepos=\"12:1-12:32\"><strong>Tyypit Deep Kitchen Sinks:<\/strong><\/p>\n<ul data-sourcepos=\"14:1-17:0\">\n<li data-sourcepos=\"14:1-14:85\"><strong>Upotettavat altaat:<\/strong> Asennetaan ty\u00f6tason alle tyylikk\u00e4\u00e4n ja modernin ilmeen luomiseksi.<\/li>\n<li data-sourcepos=\"15:1-15:105\"><strong>Top-Mount-altaat:<\/strong> Asennetaan ty\u00f6tason p\u00e4\u00e4lle, mik\u00e4 antaa klassisen ja perinteisen ulkon\u00e4\u00f6n.<\/li>\n<li data-sourcepos=\"16:1-17:0\"><strong>Maalaistalon pesualtaat:<\/strong> Suuret, syv\u00e4t lavuaarit, joissa on esiliina, tarjoavat maalaismaisen ja k\u00e4yt\u00e4nn\u00f6llisen muotoilun.<\/li>\n<\/ul>\n<p data-sourcepos=\"18:1-18:53\"><strong>Huomioita valittaessa syv\u00e4 keitti\u00f6allas:<\/strong><\/p>\n<ul data-sourcepos=\"20:1-24:0\">\n<li data-sourcepos=\"20:1-20:94\"><strong>Syvyys:<\/strong> Valitse tarpeisiisi sopiva syvyys ottaen huomioon kattiloiden ja pannujen koko.<\/li>\n<li data-sourcepos=\"21:1-21:89\"><strong>Materiaali:<\/strong> Ruostumaton ter\u00e4s on suosittu valinta sen kest\u00e4vyyden ja helpon puhdistettavuuden vuoksi.<\/li>\n<li data-sourcepos=\"22:1-22:78\"><strong>Koko:<\/strong> Valitse koko, joka sopii keitti\u00f6n pohjaratkaisuun ja k\u00e4ytett\u00e4viss\u00e4 olevaan tilaan.<\/li>\n<li data-sourcepos=\"23:1-24:0\"><strong>Tyyli:<\/strong> Valitse tyyli, joka t\u00e4ydent\u00e4\u00e4 keitti\u00f6n yleist\u00e4 muotoilua.<\/li>\n<\/ul>\n<p data-sourcepos=\"25:1-25:136\">Harkitsemalla n\u00e4it\u00e4 tekij\u00f6it\u00e4 huolellisesti voit valita t\u00e4ydellisen syv\u00e4n tiskialtaan, joka parantaa keitti\u00f6n toimivuutta ja tyyli\u00e4.<\/p>","protected":false},"excerpt":{"rendered":"<p>Kokonaiskoko: 31*20*9 tuumaa\/810*510*220 mm<\/p>\n<p>Kulhon koko : 350*398\/350*398 mm.<\/p>\n<p>Leikkauskoko : 767*488 mm<\/p>\n<p>Radian Corner : R10<\/p>","protected":false},"featured_media":2412,"template":"","meta":[],"product_brand":[],"product_cat":[53],"product_tag":[],"class_list":{"0":"post-2411","1":"product","2":"type-product","3":"status-publish","4":"has-post-thumbnail","6":"product_cat-topmount-sink-1","8":"first","9":"instock","10":"shipping-taxable","11":"product-type-simple"},"_links":{"self":[{"href":"https:\/\/sinkwithfaucet.com\/fi\/wp-json\/wp\/v2\/product\/2411","targetHints":{"allow":["GET"]}}],"collection":[{"href":"https:\/\/sinkwithfaucet.com\/fi\/wp-json\/wp\/v2\/product"}],"about":[{"href":"https:\/\/sinkwithfaucet.com\/fi\/wp-json\/wp\/v2\/types\/product"}],"wp:featuredmedia":[{"embeddable":true,"href":"https:\/\/sinkwithfaucet.com\/fi\/wp-json\/wp\/v2\/media\/2412"}],"wp:attachment":[{"href":"https:\/\/sinkwithfaucet.com\/fi\/wp-json\/wp\/v2\/media?parent=2411"}],"wp:term":[{"taxonomy":"product_brand","embeddable":true,"href":"https:\/\/sinkwithfaucet.com\/fi\/wp-json\/wp\/v2\/product_brand?post=2411"},{"taxonomy":"product_cat","embeddable":true,"href":"https:\/\/sinkwithfaucet.com\/fi\/wp-json\/wp\/v2\/product_cat?post=2411"},{"taxonomy":"product_tag","embeddable":true,"href":"https:\/\/sinkwithfaucet.com\/fi\/wp-json\/wp\/v2\/product_tag?post=2411"}],"curies":[{"name":"wp","href":"https:\/\/api.w.org\/{rel}","templated":true}]}}