{"id":2409,"date":"2024-11-04T03:03:16","date_gmt":"2024-11-04T03:03:16","guid":{"rendered":"https:\/\/sinkwithfaucet.com\/?post_type=product&#038;p=2409"},"modified":"2024-11-04T03:03:16","modified_gmt":"2024-11-04T03:03:16","slug":"double-kitchen-sink-1160ddo","status":"publish","type":"product","link":"https:\/\/sinkwithfaucet.com\/fi\/double-kitchen-sink-1160ddo\/","title":{"rendered":"Kaksinkertainen keitti\u00f6allas 1160DDO"},"content":{"rendered":"<h2 data-sourcepos=\"1:1-1:48\">Kaksinkertaiset keitti\u00f6altaat: Monipuolinen valinta<\/h2>\n<p data-sourcepos=\"3:1-3:237\">Kaksoiskeitti\u00f6altaat ovat k\u00e4yt\u00e4nn\u00f6llinen ja tehokas ratkaisu kiireisille kotitalouksille. Kahden erillisen altaan ansiosta niiss\u00e4 on runsaasti tilaa erilaisille teht\u00e4ville, kuten astioiden pesulle, ruoanvalmistukselle sek\u00e4 hedelmien ja vihannesten puhdistukselle.<\/p>\n<p data-sourcepos=\"5:1-5:46\"><strong>T\u00e4rkeimm\u00e4t edut:<\/strong><\/p>\n<ul data-sourcepos=\"7:1-11:0\">\n<li data-sourcepos=\"7:1-7:97\"><strong>Lis\u00e4\u00e4ntynyt toiminnallisuus:<\/strong> Kahden altaan ansiosta voit tehd\u00e4 monia teht\u00e4vi\u00e4 ja pit\u00e4\u00e4 keitti\u00f6si j\u00e4rjestyksess\u00e4.<\/li>\n<li data-sourcepos=\"8:1-8:135\"><strong>Tehokkuus:<\/strong> Erillisi\u00e4 altaita voidaan k\u00e4ytt\u00e4\u00e4 eri teht\u00e4viin, kuten astioiden pesuun yhdess\u00e4 altaassa ja ruoan valmistukseen toisessa.<\/li>\n<li data-sourcepos=\"9:1-9:126\"><strong>Joustavuus:<\/strong> Kaksoispesualtaat tarjoavat joustavuutta asettelun ja suunnittelun suhteen, ja ne sopivat erilaisiin keitti\u00f6kokoonpanoihin.<\/li>\n<li data-sourcepos=\"10:1-11:0\"><strong>Tyyli:<\/strong> Kaksoispesualtaat voivat lis\u00e4t\u00e4 keitti\u00f6\u00f6n hienostuneisuutta ja toiminnallisuutta.<\/li>\n<\/ul>\n<p data-sourcepos=\"12:1-12:39\"><strong>Tyypit Double Bowl Keitti\u00f6n pesualtaat:<\/strong><\/p>\n<ul data-sourcepos=\"14:1-18:0\">\n<li data-sourcepos=\"14:1-14:100\"><strong>Side-by-Side:<\/strong> Kaksi allasta on sijoitettu vierekk\u00e4in, mik\u00e4 antaa klassisen ja perinteisen ilmeen.<\/li>\n<li data-sourcepos=\"15:1-15:105\"><strong>Ep\u00e4tasa-arvoiset kulhot:<\/strong> Toinen allas on toista suurempi, mik\u00e4 tarjoaa joustavuutta eri teht\u00e4viin.<\/li>\n<li data-sourcepos=\"16:1-16:95\"><strong>Jaa ja hallitse:<\/strong> Yksitt\u00e4inen allas, jossa on kaksi erillist\u00e4 lokeroa muodostava jakaja.<\/li>\n<li data-sourcepos=\"17:1-18:0\"><strong>Alaslaskettu:<\/strong> Kaksinkertaiset altaat tarjoavat saumattoman ja modernin ilmeen, kun ne asennetaan ty\u00f6tason alle.<\/li>\n<\/ul>\n<p data-sourcepos=\"19:1-19:60\"><strong>Huomioita valittaessa kaksoiskulhoinen keitti\u00f6allas:<\/strong><\/p>\n<ul data-sourcepos=\"21:1-25:0\">\n<li data-sourcepos=\"21:1-21:69\"><strong>Koko:<\/strong> Varmista, ett\u00e4 tiskiallas on oikean kokoinen keitti\u00f6tilaasi n\u00e4hden.<\/li>\n<li data-sourcepos=\"22:1-22:74\"><strong>Tyyli:<\/strong> Valitse pesuallas, joka t\u00e4ydent\u00e4\u00e4 keitti\u00f6n yleist\u00e4 muotoilua.<\/li>\n<li data-sourcepos=\"23:1-23:76\"><strong>Materiaali:<\/strong> Valitse kest\u00e4v\u00e4 materiaali, kuten ruostumaton ter\u00e4s tai komposiitti.<\/li>\n<li data-sourcepos=\"24:1-25:0\"><strong>Hanan rei\u00e4t:<\/strong> Harkitse hananreikien m\u00e4\u00e4r\u00e4\u00e4 ja sijoittelua, jotta ne sopivat haluamaasi kokoonpanoon.<\/li>\n<\/ul>\n<p data-sourcepos=\"26:1-26:185\"><strong>Kaksoiskeitti\u00f6altaat ovat k\u00e4yt\u00e4nn\u00f6llinen ja monipuolinen valinta kiireisille kotitalouksille.<\/strong> Kest\u00e4vyys, hygienia ja moderni estetiikka tekev\u00e4t niist\u00e4 suositun vaihtoehdon kaikenkokoisiin keitti\u00f6ihin.<\/p>","protected":false},"excerpt":{"rendered":"<p>Kokonaiskoko: 1160*510*220 mm<\/p>\n<p>Kulhon koko : 400*400\/335*400 mm<\/p>\n<p>Leikkauskoko : 1135*485 mm<\/p>\n<p>Radian Corner : R10<\/p>","protected":false},"featured_media":2410,"template":"","meta":[],"product_brand":[],"product_cat":[53],"product_tag":[],"class_list":{"0":"post-2409","1":"product","2":"type-product","3":"status-publish","4":"has-post-thumbnail","6":"product_cat-topmount-sink-1","8":"first","9":"instock","10":"shipping-taxable","11":"product-type-simple"},"_links":{"self":[{"href":"https:\/\/sinkwithfaucet.com\/fi\/wp-json\/wp\/v2\/product\/2409","targetHints":{"allow":["GET"]}}],"collection":[{"href":"https:\/\/sinkwithfaucet.com\/fi\/wp-json\/wp\/v2\/product"}],"about":[{"href":"https:\/\/sinkwithfaucet.com\/fi\/wp-json\/wp\/v2\/types\/product"}],"wp:featuredmedia":[{"embeddable":true,"href":"https:\/\/sinkwithfaucet.com\/fi\/wp-json\/wp\/v2\/media\/2410"}],"wp:attachment":[{"href":"https:\/\/sinkwithfaucet.com\/fi\/wp-json\/wp\/v2\/media?parent=2409"}],"wp:term":[{"taxonomy":"product_brand","embeddable":true,"href":"https:\/\/sinkwithfaucet.com\/fi\/wp-json\/wp\/v2\/product_brand?post=2409"},{"taxonomy":"product_cat","embeddable":true,"href":"https:\/\/sinkwithfaucet.com\/fi\/wp-json\/wp\/v2\/product_cat?post=2409"},{"taxonomy":"product_tag","embeddable":true,"href":"https:\/\/sinkwithfaucet.com\/fi\/wp-json\/wp\/v2\/product_tag?post=2409"}],"curies":[{"name":"wp","href":"https:\/\/api.w.org\/{rel}","templated":true}]}}