{"id":2407,"date":"2024-11-04T02:52:17","date_gmt":"2024-11-04T02:52:17","guid":{"rendered":"https:\/\/sinkwithfaucet.com\/?post_type=product&#038;p=2407"},"modified":"2024-11-04T02:52:17","modified_gmt":"2024-11-04T02:52:17","slug":"top-mount-kitchen-sink-1200sdo","status":"publish","type":"product","link":"https:\/\/sinkwithfaucet.com\/fi\/top-mount-kitchen-sink-1200sdo\/","title":{"rendered":"Top-Mount-keitti\u00f6allas 1200SDO"},"content":{"rendered":"<h2 data-sourcepos=\"1:1-1:44\">Top-Mount-keitti\u00f6n altaat: Klassinen valinta<\/h2>\n<p data-sourcepos=\"3:1-3:206\">Yl\u00e4asennettavat keitti\u00f6n altaat, jotka tunnetaan my\u00f6s nimell\u00e4 upotettavat altaat, ovat klassinen ja monipuolinen vaihtoehto moniin keitti\u00f6ihin. Ne asennetaan ty\u00f6tason p\u00e4\u00e4lle, mik\u00e4 luo perinteisen ja helposti asennettavan ulkoasun.<\/p>\n<p data-sourcepos=\"5:1-5:44\"><strong>T\u00e4rkeimm\u00e4t ominaisuudet:<\/strong><\/p>\n<ul data-sourcepos=\"7:1-11:0\">\n<li data-sourcepos=\"7:1-7:70\"><strong>Helppo asennus:<\/strong> Helppo asentaa mihin tahansa ty\u00f6tasomateriaaliin.<\/li>\n<li data-sourcepos=\"8:1-8:112\"><strong>Laaja valikoima tyylej\u00e4:<\/strong> Saatavana eri muotoisina, kokoisina ja eri materiaaleista, jotka sopivat erilaisiin keitti\u00f6malleihin.<\/li>\n<li data-sourcepos=\"9:1-9:127\"><strong>Kest\u00e4v\u00e4 ja hygieeninen:<\/strong> Valmistettu materiaaleista, kuten ruostumattomasta ter\u00e4ksest\u00e4, keramiikasta tai komposiitista, mik\u00e4 takaa pitk\u00e4aikaisen suorituskyvyn.<\/li>\n<li data-sourcepos=\"10:1-11:0\"><strong>Kustannustehokas:<\/strong> Usein edullisempia kuin uppoasennettavat altaat.<\/li>\n<\/ul>\n<p data-sourcepos=\"12:1-12:37\"><strong>Top-Mount-keitti\u00f6n pesualtaiden tyypit:<\/strong><\/p>\n<ul data-sourcepos=\"14:1-18:0\">\n<li data-sourcepos=\"14:1-14:57\"><strong>Yksitt\u00e4inen kulho:<\/strong> Yksi suuri allas yleisk\u00e4ytt\u00f6\u00f6n.<\/li>\n<li data-sourcepos=\"15:1-15:56\"><strong>Tuplakulho:<\/strong> Kaksi erillist\u00e4 allasta moniteht\u00e4v\u00e4iseen ty\u00f6skentelyyn.<\/li>\n<li data-sourcepos=\"16:1-16:92\"><strong>Triple Bowl:<\/strong> Kolme allasta lis\u00e4\u00e4 toiminnallisuutta, joita on usein kaupallisissa keitti\u00f6iss\u00e4.<\/li>\n<li data-sourcepos=\"17:1-18:0\"><strong>Maalaistalon pesuallas:<\/strong> Suuri, syv\u00e4 pesuallas, jossa on esiliina, ja joka tarjoaa maalaismaisen ja perinteisen ilmeen.<\/li>\n<\/ul>\n<p data-sourcepos=\"19:1-19:75\"><strong>Kun valitset ylh\u00e4\u00e4lt\u00e4 asennettavaa tiskialtaita, ota huomioon seuraavat tekij\u00e4t:<\/strong><\/p>\n<ul data-sourcepos=\"21:1-25:0\">\n<li data-sourcepos=\"21:1-21:70\"><strong>Koko:<\/strong> Varmista, ett\u00e4 pesuallas sopii ty\u00f6tasoosi ja vastaa tarpeitasi.<\/li>\n<li data-sourcepos=\"22:1-22:98\"><strong>Materiaali:<\/strong> Valitse kest\u00e4v\u00e4 ja helposti puhdistettava materiaali, kuten ruostumaton ter\u00e4s tai komposiitti.<\/li>\n<li data-sourcepos=\"23:1-23:75\"><strong>Tyyli:<\/strong> Valitse tyyli, joka t\u00e4ydent\u00e4\u00e4 keitti\u00f6n yleist\u00e4 muotoilua.<\/li>\n<li data-sourcepos=\"24:1-25:0\"><strong>Asennus:<\/strong> Varmista asianmukainen asennus vuotojen ja vaurioiden v\u00e4ltt\u00e4miseksi.<\/li>\n<\/ul>\n<p data-sourcepos=\"26:1-26:141\">Harkitsemalla n\u00e4it\u00e4 tekij\u00f6it\u00e4 huolellisesti voit valita t\u00e4ydellisen yl\u00e4kiinnitteisen tiskialtaan, joka parantaa keitti\u00f6si toimivuutta ja tyyli\u00e4.<\/p>","protected":false},"excerpt":{"rendered":"<p>Kokonaiskoko: 1200*510*220 mm<\/p>\n<p>Kulhon koko : 440*400 mm<\/p>\n<p>Leikkauskoko : 1175*485 mm<\/p>\n<p>Radian Corner : R10<\/p>","protected":false},"featured_media":2408,"template":"","meta":[],"product_brand":[],"product_cat":[53],"product_tag":[],"class_list":{"0":"post-2407","1":"product","2":"type-product","3":"status-publish","4":"has-post-thumbnail","6":"product_cat-topmount-sink-1","8":"first","9":"instock","10":"shipping-taxable","11":"product-type-simple"},"_links":{"self":[{"href":"https:\/\/sinkwithfaucet.com\/fi\/wp-json\/wp\/v2\/product\/2407","targetHints":{"allow":["GET"]}}],"collection":[{"href":"https:\/\/sinkwithfaucet.com\/fi\/wp-json\/wp\/v2\/product"}],"about":[{"href":"https:\/\/sinkwithfaucet.com\/fi\/wp-json\/wp\/v2\/types\/product"}],"wp:featuredmedia":[{"embeddable":true,"href":"https:\/\/sinkwithfaucet.com\/fi\/wp-json\/wp\/v2\/media\/2408"}],"wp:attachment":[{"href":"https:\/\/sinkwithfaucet.com\/fi\/wp-json\/wp\/v2\/media?parent=2407"}],"wp:term":[{"taxonomy":"product_brand","embeddable":true,"href":"https:\/\/sinkwithfaucet.com\/fi\/wp-json\/wp\/v2\/product_brand?post=2407"},{"taxonomy":"product_cat","embeddable":true,"href":"https:\/\/sinkwithfaucet.com\/fi\/wp-json\/wp\/v2\/product_cat?post=2407"},{"taxonomy":"product_tag","embeddable":true,"href":"https:\/\/sinkwithfaucet.com\/fi\/wp-json\/wp\/v2\/product_tag?post=2407"}],"curies":[{"name":"wp","href":"https:\/\/api.w.org\/{rel}","templated":true}]}}