{"id":2405,"date":"2024-11-04T02:44:36","date_gmt":"2024-11-04T02:44:36","guid":{"rendered":"https:\/\/sinkwithfaucet.com\/?post_type=product&#038;p=2405"},"modified":"2024-11-04T02:45:56","modified_gmt":"2024-11-04T02:45:56","slug":"above-counter-sink-8151sdo","status":"publish","type":"product","link":"https:\/\/sinkwithfaucet.com\/fi\/above-counter-sink-8151sdo\/","title":{"rendered":"Tiskialtaan yl\u00e4puolella 8151SDO"},"content":{"rendered":"<h2 data-sourcepos=\"1:1-1:51\">Tiskip\u00f6yd\u00e4n yl\u00e4puolella olevat pesualtaat: Tyylik\u00e4s ja moderni valinta<\/h2>\n<p data-sourcepos=\"3:1-3:194\"><strong>Tiskialtaat tiskin yl\u00e4puolella<\/strong>, jotka tunnetaan my\u00f6s astianpesualtaina, ovat suosittu valinta sek\u00e4 kylpyhuoneen ett\u00e4 keitti\u00f6n suunnittelussa. Ne istuvat ty\u00f6tason p\u00e4\u00e4ll\u00e4 ja luovat ainutlaatuisen ja huomiota her\u00e4tt\u00e4v\u00e4n keskipisteen.<\/p>\n<p data-sourcepos=\"5:1-5:40\"><strong>Tiskin yl\u00e4puolella olevien lavuaarien t\u00e4rkeimm\u00e4t ominaisuudet:<\/strong><\/p>\n<ul data-sourcepos=\"7:1-11:0\">\n<li data-sourcepos=\"7:1-7:88\"><strong>Tyylik\u00e4s muotoilu:<\/strong> Saatavana monenlaisia tyylej\u00e4 klassisesta nykyaikaisiin.<\/li>\n<li data-sourcepos=\"8:1-8:78\"><strong>Helppo asennus:<\/strong> Helppo asentaa nykyisen ty\u00f6tason p\u00e4\u00e4lle.<\/li>\n<li data-sourcepos=\"9:1-9:72\"><strong>Erilaisia materiaaleja:<\/strong> Valitse keramiikka, lasi, kivi tai metalli.<\/li>\n<li data-sourcepos=\"10:1-11:0\"><strong>Mukauttaminen:<\/strong> Voidaan r\u00e4\u00e4t\u00e4l\u00f6id\u00e4 vastaamaan tarpeitasi ja mieltymyksi\u00e4si.<\/li>\n<\/ul>\n<p data-sourcepos=\"12:1-12:55\"><strong>Huomioita valittaessa tiskin yl\u00e4puolella olevaa pesuallasta:<\/strong><\/p>\n<ul data-sourcepos=\"14:1-18:0\">\n<li data-sourcepos=\"14:1-14:144\"><strong>Koko ja muoto:<\/strong> Harkitse pesualtaan kokoa ja muotoa, jotta se sopii ty\u00f6tasolle ja t\u00e4ydent\u00e4\u00e4 kylpyhuoneen tai keitti\u00f6n muotoilua.<\/li>\n<li data-sourcepos=\"15:1-15:82\"><strong>Materiaali:<\/strong> Valitse kest\u00e4v\u00e4 ja helposti puhdistettava materiaali, joka sopii tyyliisi.<\/li>\n<li data-sourcepos=\"16:1-16:87\"><strong>Hana:<\/strong> Valitse hana, joka sopii pesualtaan korkeuteen ja tyyliin.<\/li>\n<li data-sourcepos=\"17:1-18:0\"><strong>Asennus:<\/strong> Varmista asianmukainen asennus vesivahinkojen est\u00e4miseksi ja optimaalisen toiminnan varmistamiseksi.<\/li>\n<\/ul>\n<p data-sourcepos=\"19:1-19:143\"><strong>Harkitsemalla n\u00e4it\u00e4 tekij\u00f6it\u00e4 huolellisesti voit valita t\u00e4ydellisen tiskialtaan, joka parantaa tilasi tyyli\u00e4 ja toiminnallisuutta.<\/strong><\/p>","protected":false},"excerpt":{"rendered":"<p>Kokonaiskoko: 810*510*220 mm<\/p>\n<p>Kulhon koko : 400*400 mm<\/p>\n<p>Leikkauskoko : 785*485 mm<\/p>\n<p>Radian Corner : R10<\/p>","protected":false},"featured_media":2406,"template":"","meta":[],"product_brand":[],"product_cat":[53],"product_tag":[],"class_list":{"0":"post-2405","1":"product","2":"type-product","3":"status-publish","4":"has-post-thumbnail","6":"product_cat-topmount-sink-1","8":"first","9":"instock","10":"shipping-taxable","11":"product-type-simple"},"_links":{"self":[{"href":"https:\/\/sinkwithfaucet.com\/fi\/wp-json\/wp\/v2\/product\/2405","targetHints":{"allow":["GET"]}}],"collection":[{"href":"https:\/\/sinkwithfaucet.com\/fi\/wp-json\/wp\/v2\/product"}],"about":[{"href":"https:\/\/sinkwithfaucet.com\/fi\/wp-json\/wp\/v2\/types\/product"}],"wp:featuredmedia":[{"embeddable":true,"href":"https:\/\/sinkwithfaucet.com\/fi\/wp-json\/wp\/v2\/media\/2406"}],"wp:attachment":[{"href":"https:\/\/sinkwithfaucet.com\/fi\/wp-json\/wp\/v2\/media?parent=2405"}],"wp:term":[{"taxonomy":"product_brand","embeddable":true,"href":"https:\/\/sinkwithfaucet.com\/fi\/wp-json\/wp\/v2\/product_brand?post=2405"},{"taxonomy":"product_cat","embeddable":true,"href":"https:\/\/sinkwithfaucet.com\/fi\/wp-json\/wp\/v2\/product_cat?post=2405"},{"taxonomy":"product_tag","embeddable":true,"href":"https:\/\/sinkwithfaucet.com\/fi\/wp-json\/wp\/v2\/product_tag?post=2405"}],"curies":[{"name":"wp","href":"https:\/\/api.w.org\/{rel}","templated":true}]}}