{"id":2403,"date":"2024-11-04T02:39:18","date_gmt":"2024-11-04T02:39:18","guid":{"rendered":"https:\/\/sinkwithfaucet.com\/?post_type=product&#038;p=2403"},"modified":"2024-11-04T02:39:18","modified_gmt":"2024-11-04T02:39:18","slug":"black-stainless-steel-kitchen-sink-7843","status":"publish","type":"product","link":"https:\/\/sinkwithfaucet.com\/fi\/black-stainless-steel-kitchen-sink-7843\/","title":{"rendered":"Musta ruostumattomasta ter\u00e4ksest\u00e4 valmistettu keitti\u00f6allas 7843"},"content":{"rendered":"<h2 data-sourcepos=\"1:1-1:57\">Mustat ruostumattomasta ter\u00e4ksest\u00e4 valmistetut keitti\u00f6altaat: Moderni ja tyylik\u00e4s valinta<\/h2>\n<p data-sourcepos=\"3:1-3:231\">Mustat ruostumattomasta ter\u00e4ksest\u00e4 valmistetut keitti\u00f6altaat ovat viime vuosina kasvattaneet suosiotaan, sill\u00e4 ne tarjoavat tyylikk\u00e4\u00e4n ja modernin vaihtoehdon perinteiselle ruostumattomalle ter\u00e4kselle. T\u00e4m\u00e4 ainutlaatuinen viimeistely lis\u00e4\u00e4 hienostuneisuutta ja eleganssia mihin tahansa keitti\u00f6\u00f6n.<\/p>\n<p data-sourcepos=\"5:1-5:48\"><strong>Mustien ruostumattomasta ter\u00e4ksest\u00e4 valmistettujen pesualtaiden t\u00e4rkeimm\u00e4t ominaisuudet:<\/strong><\/p>\n<ul data-sourcepos=\"7:1-11:0\">\n<li data-sourcepos=\"7:1-7:93\"><strong>Moderni estetiikka:<\/strong> Tumma, tyylik\u00e4s viimeistely luo nykyaikaisen ja hienostuneen ilmeen.<\/li>\n<li data-sourcepos=\"8:1-8:92\"><strong>Kest\u00e4vyys:<\/strong> Valmistettu korkealaatuisesta ruostumattomasta ter\u00e4ksest\u00e4, joka takaa pitk\u00e4aikaisen suorituskyvyn.<\/li>\n<li data-sourcepos=\"9:1-9:113\"><strong>Sormenj\u00e4lkien kest\u00e4vyys:<\/strong> Erityispinnoitteet auttavat minimoimaan sormenj\u00e4ljet ja tahrat, mik\u00e4 helpottaa puhdistamista.<\/li>\n<li data-sourcepos=\"10:1-11:0\"><strong>Erilaisia tyylej\u00e4:<\/strong> Saatavana eri tyylej\u00e4, mukaan lukien altaaseen asennettavat, p\u00e4\u00e4lle asennettavat ja maalaistalon lavuaarit.<\/li>\n<\/ul>\n<p data-sourcepos=\"12:1-12:62\"><strong>Huomioita valittaessa mustaa ruostumattomasta ter\u00e4ksest\u00e4 valmistettua pesuallasta:<\/strong><\/p>\n<ul data-sourcepos=\"14:1-18:0\">\n<li data-sourcepos=\"14:1-14:120\"><strong>Viimeistely:<\/strong> Valitse keitti\u00f6n kokonaistyyliin sopiva viimeistely, kuten mattamusta tai harjattu musta ter\u00e4s.<\/li>\n<li data-sourcepos=\"15:1-15:75\"><strong>Koko:<\/strong> Valitse koko, joka sopii tarpeisiisi ja keitti\u00f6n pohjaratkaisuun.<\/li>\n<li data-sourcepos=\"16:1-16:91\"><strong>Asennus:<\/strong> Harkitse asennusmenetelm\u00e4\u00e4, onko kyseess\u00e4 uppoasennus vai yl\u00e4asennus.<\/li>\n<li data-sourcepos=\"17:1-18:0\"><strong>Huolto:<\/strong> Vaikka musta ruostumaton ter\u00e4s on kest\u00e4v\u00e4\u00e4, s\u00e4\u00e4nn\u00f6llinen puhdistus on v\u00e4ltt\u00e4m\u00e4t\u00f6nt\u00e4 sen ulkon\u00e4\u00f6n s\u00e4ilytt\u00e4miseksi.<\/li>\n<\/ul>\n<p data-sourcepos=\"19:1-19:149\">Harkitsemalla n\u00e4it\u00e4 tekij\u00f6it\u00e4 huolellisesti voit valita t\u00e4ydellisen mustan ruostumattomasta ter\u00e4ksest\u00e4 valmistetun tiskialtaan, joka parantaa keitti\u00f6n tyyli\u00e4 ja toiminnallisuutta.<\/p>","protected":false},"excerpt":{"rendered":"<p>Kokonaiskoko: 780*430*220 mm<\/p>\n<p>Kulhon koko : 740*381 mm<\/p>\n<p>Leikkauskoko : 740*381 mm<\/p>\n<p>Radian Corner : R10<\/p>","protected":false},"featured_media":2404,"template":"","meta":[],"product_brand":[],"product_cat":[52],"product_tag":[],"class_list":{"0":"post-2403","1":"product","2":"type-product","3":"status-publish","4":"has-post-thumbnail","6":"product_cat-undermount-sink-1","8":"first","9":"instock","10":"shipping-taxable","11":"product-type-simple"},"_links":{"self":[{"href":"https:\/\/sinkwithfaucet.com\/fi\/wp-json\/wp\/v2\/product\/2403","targetHints":{"allow":["GET"]}}],"collection":[{"href":"https:\/\/sinkwithfaucet.com\/fi\/wp-json\/wp\/v2\/product"}],"about":[{"href":"https:\/\/sinkwithfaucet.com\/fi\/wp-json\/wp\/v2\/types\/product"}],"wp:featuredmedia":[{"embeddable":true,"href":"https:\/\/sinkwithfaucet.com\/fi\/wp-json\/wp\/v2\/media\/2404"}],"wp:attachment":[{"href":"https:\/\/sinkwithfaucet.com\/fi\/wp-json\/wp\/v2\/media?parent=2403"}],"wp:term":[{"taxonomy":"product_brand","embeddable":true,"href":"https:\/\/sinkwithfaucet.com\/fi\/wp-json\/wp\/v2\/product_brand?post=2403"},{"taxonomy":"product_cat","embeddable":true,"href":"https:\/\/sinkwithfaucet.com\/fi\/wp-json\/wp\/v2\/product_cat?post=2403"},{"taxonomy":"product_tag","embeddable":true,"href":"https:\/\/sinkwithfaucet.com\/fi\/wp-json\/wp\/v2\/product_tag?post=2403"}],"curies":[{"name":"wp","href":"https:\/\/api.w.org\/{rel}","templated":true}]}}