{"id":2401,"date":"2024-11-04T02:18:10","date_gmt":"2024-11-04T02:18:10","guid":{"rendered":"https:\/\/sinkwithfaucet.com\/?post_type=product&#038;p=2401"},"modified":"2024-11-04T02:18:10","modified_gmt":"2024-11-04T02:18:10","slug":"flat-sink-8348dr","status":"publish","type":"product","link":"https:\/\/sinkwithfaucet.com\/fi\/flat-sink-8348dr\/","title":{"rendered":"Litte\u00e4 pesuallas 8348DR"},"content":{"rendered":"<h2 data-sourcepos=\"1:1-1:45\">Litte\u00e4t pesualtaat: Minimalistinen ja moderni valinta<\/h2>\n<p data-sourcepos=\"3:1-3:191\">Litte\u00e4t lavuaarit ovat minimalistinen ja nykyaikainen valinta keitti\u00f6\u00f6n ja kylpyhuoneeseen. Niiss\u00e4 on litte\u00e4, esteet\u00f6n allas, joka on usein valmistettu esimerkiksi ruostumattomasta ter\u00e4ksest\u00e4 tai keramiikasta.<\/p>\n<p data-sourcepos=\"5:1-5:31\"><strong>T\u00e4rkeimm\u00e4t ominaisuudet:<\/strong><\/p>\n<ul data-sourcepos=\"7:1-11:0\">\n<li data-sourcepos=\"7:1-7:83\"><strong>Minimalistinen estetiikka:<\/strong> Puhdas, litte\u00e4 muotoilu luo tyylikk\u00e4\u00e4n ja modernin ilmeen.<\/li>\n<li data-sourcepos=\"8:1-8:96\"><strong>Helppo puhdistaa:<\/strong> Sile\u00e4 pinta on helppo pyyhki\u00e4 puhtaaksi, mik\u00e4 v\u00e4hent\u00e4\u00e4 bakteerien kertymist\u00e4.<\/li>\n<li data-sourcepos=\"9:1-9:61\"><strong>Tilaa s\u00e4\u00e4st\u00e4v\u00e4:<\/strong> Kompakti muotoilu voi optimoida pienet tilat.<\/li>\n<li data-sourcepos=\"10:1-11:0\"><strong>Ainutlaatuinen tyyli:<\/strong> Tuo kylpyhuoneeseen tai keitti\u00f6\u00f6n omaleimaisen s\u00e4v\u00e4yksen.<\/li>\n<\/ul>\n<p data-sourcepos=\"12:1-12:45\"><strong>Pohdintoja litte\u00e4n pesualtaan valinnassa:<\/strong><\/p>\n<ul data-sourcepos=\"14:1-18:0\">\n<li data-sourcepos=\"14:1-14:79\"><strong>Viem\u00e4r\u00f6inti:<\/strong> Varmista, ett\u00e4 lavuaarissa on riitt\u00e4v\u00e4 viem\u00e4r\u00f6inti veden kertymisen est\u00e4miseksi.<\/li>\n<li data-sourcepos=\"15:1-15:92\"><strong>Materiaali:<\/strong> Valitse kest\u00e4v\u00e4 ja helposti puhdistettava materiaali, kuten ruostumaton ter\u00e4s tai keramiikka.<\/li>\n<li data-sourcepos=\"16:1-16:89\"><strong>Asennus:<\/strong> Harkitse asennusmenetelm\u00e4\u00e4, onko se upotettava vai upotettava.<\/li>\n<li data-sourcepos=\"17:1-18:0\"><strong>Hana:<\/strong> Valitse hana, joka t\u00e4ydent\u00e4\u00e4 pesualtaan minimalistista muotoilua.<\/li>\n<\/ul>","protected":false},"excerpt":{"rendered":"<p>Kokonaiskoko: 33*19*10\/838*483*254 mm.<\/p>\n<p>Kulhon koko : 381*397\/381*397 mm.<\/p>\n<p>Leikkauskoko : 788*433 mm<\/p>\n<p>Radian Corner : R10<\/p>","protected":false},"featured_media":2402,"template":"","meta":[],"product_brand":[],"product_cat":[52],"product_tag":[],"class_list":{"0":"post-2401","1":"product","2":"type-product","3":"status-publish","4":"has-post-thumbnail","6":"product_cat-undermount-sink-1","8":"first","9":"instock","10":"shipping-taxable","11":"product-type-simple"},"_links":{"self":[{"href":"https:\/\/sinkwithfaucet.com\/fi\/wp-json\/wp\/v2\/product\/2401","targetHints":{"allow":["GET"]}}],"collection":[{"href":"https:\/\/sinkwithfaucet.com\/fi\/wp-json\/wp\/v2\/product"}],"about":[{"href":"https:\/\/sinkwithfaucet.com\/fi\/wp-json\/wp\/v2\/types\/product"}],"wp:featuredmedia":[{"embeddable":true,"href":"https:\/\/sinkwithfaucet.com\/fi\/wp-json\/wp\/v2\/media\/2402"}],"wp:attachment":[{"href":"https:\/\/sinkwithfaucet.com\/fi\/wp-json\/wp\/v2\/media?parent=2401"}],"wp:term":[{"taxonomy":"product_brand","embeddable":true,"href":"https:\/\/sinkwithfaucet.com\/fi\/wp-json\/wp\/v2\/product_brand?post=2401"},{"taxonomy":"product_cat","embeddable":true,"href":"https:\/\/sinkwithfaucet.com\/fi\/wp-json\/wp\/v2\/product_cat?post=2401"},{"taxonomy":"product_tag","embeddable":true,"href":"https:\/\/sinkwithfaucet.com\/fi\/wp-json\/wp\/v2\/product_tag?post=2401"}],"curies":[{"name":"wp","href":"https:\/\/api.w.org\/{rel}","templated":true}]}}