{"id":2394,"date":"2024-11-04T01:54:04","date_gmt":"2024-11-04T01:54:04","guid":{"rendered":"https:\/\/sinkwithfaucet.com\/?post_type=product&#038;p=2394"},"modified":"2024-11-04T01:55:37","modified_gmt":"2024-11-04T01:55:37","slug":"undermount-bar-sink-1144ddu","status":"publish","type":"product","link":"https:\/\/sinkwithfaucet.com\/fi\/undermount-bar-sink-1144ddu\/","title":{"rendered":"Alaslaskettava baarialtaan pesuallas 1144DDU"},"content":{"rendered":"<h2 data-sourcepos=\"1:1-1:50\">Alaslaskettavat baarialtaat: Moderni ja tyylik\u00e4s valinta<\/h2>\n<p data-sourcepos=\"3:1-3:193\"><strong>Alaslaskettavat baarialtaat<\/strong> ovat suosittu valinta kotibaareihin, m\u00e4rk\u00e4baareihin ja pienempiin keitti\u00f6tiloihin. Ne on suunniteltu asennettavaksi ty\u00f6tason alle, mik\u00e4 luo saumattoman ja modernin ilmeen.<\/p>\n<p data-sourcepos=\"5:1-5:41\"><strong>T\u00e4rkeimm\u00e4t ominaisuudet:<\/strong><\/p>\n<ul data-sourcepos=\"7:1-11:0\">\n<li data-sourcepos=\"7:1-7:92\"><strong>Tyylik\u00e4s muotoilu:<\/strong> Asennus alhaalla tarjoaa siistin ja nykyaikaisen estetiikan.<\/li>\n<li data-sourcepos=\"8:1-8:119\"><strong>Helppo puhdistaa:<\/strong> Saumaton integroituminen ty\u00f6tasoon eliminoi aukot, joihin lika ja roskat voivat ker\u00e4\u00e4nty\u00e4.<\/li>\n<li data-sourcepos=\"9:1-9:58\"><strong>Tilaa s\u00e4\u00e4st\u00e4v\u00e4:<\/strong> Kompakti koko ihanteellinen pieniin tiloihin.<\/li>\n<li data-sourcepos=\"10:1-11:0\"><strong>Kest\u00e4vyys:<\/strong> Tyypillisesti valmistettu korkealaatuisesta ruostumattomasta ter\u00e4ksest\u00e4, mik\u00e4 takaa pitk\u00e4aikaisen suorituskyvyn.<\/li>\n<\/ul>\n<p data-sourcepos=\"12:1-12:56\"><strong>Huomioita valittaessa altaaseen asennettavaa baarialtaita:<\/strong><\/p>\n<ul data-sourcepos=\"14:1-18:0\">\n<li data-sourcepos=\"14:1-14:66\"><strong>Koko:<\/strong> Valitse tilaan ja tarpeisiisi sopiva koko.<\/li>\n<li data-sourcepos=\"15:1-15:109\"><strong>Syvyys:<\/strong> Harkitse pesualtaan syvyytt\u00e4 eri teht\u00e4vien, kuten lasiesineiden pesun tai juomien valmistuksen, kannalta.<\/li>\n<li data-sourcepos=\"16:1-16:92\"><strong>Materiaali:<\/strong> Ruostumaton ter\u00e4s on suosittu valinta kest\u00e4vyytens\u00e4 ja helppohoitoisuutensa vuoksi.<\/li>\n<li data-sourcepos=\"17:1-18:0\"><strong>Hanan rei\u00e4t:<\/strong> Varmista, ett\u00e4 pesualtaassa on haluttuun kokoonpanoon sopiva m\u00e4\u00e4r\u00e4 hanareiki\u00e4.<\/li>\n<\/ul>\n<p data-sourcepos=\"19:1-20:30\">Harkitsemalla n\u00e4it\u00e4 tekij\u00f6it\u00e4 huolellisesti voit valita t\u00e4ydellisen altaaseen upotettavan tiskialtaan, joka t\u00e4ydent\u00e4\u00e4 keitti\u00f6n tai baarin aluetta.<\/p>","protected":false},"excerpt":{"rendered":"<p>Kokonaiskoko \uff1a 1150*440*220 mm<\/p>\n<p>Kulhon koko \uff1a400*400\/300*400 mm<\/p>\n<p>Leikkauskoko \uff1a1110*400 mm<\/p>\n<p>Radiaaninen kulma \uff1aR10<\/p>","protected":false},"featured_media":2397,"template":"","meta":[],"product_brand":[],"product_cat":[52],"product_tag":[],"class_list":{"0":"post-2394","1":"product","2":"type-product","3":"status-publish","4":"has-post-thumbnail","6":"product_cat-undermount-sink-1","8":"first","9":"instock","10":"shipping-taxable","11":"product-type-simple"},"_links":{"self":[{"href":"https:\/\/sinkwithfaucet.com\/fi\/wp-json\/wp\/v2\/product\/2394","targetHints":{"allow":["GET"]}}],"collection":[{"href":"https:\/\/sinkwithfaucet.com\/fi\/wp-json\/wp\/v2\/product"}],"about":[{"href":"https:\/\/sinkwithfaucet.com\/fi\/wp-json\/wp\/v2\/types\/product"}],"wp:featuredmedia":[{"embeddable":true,"href":"https:\/\/sinkwithfaucet.com\/fi\/wp-json\/wp\/v2\/media\/2397"}],"wp:attachment":[{"href":"https:\/\/sinkwithfaucet.com\/fi\/wp-json\/wp\/v2\/media?parent=2394"}],"wp:term":[{"taxonomy":"product_brand","embeddable":true,"href":"https:\/\/sinkwithfaucet.com\/fi\/wp-json\/wp\/v2\/product_brand?post=2394"},{"taxonomy":"product_cat","embeddable":true,"href":"https:\/\/sinkwithfaucet.com\/fi\/wp-json\/wp\/v2\/product_cat?post=2394"},{"taxonomy":"product_tag","embeddable":true,"href":"https:\/\/sinkwithfaucet.com\/fi\/wp-json\/wp\/v2\/product_tag?post=2394"}],"curies":[{"name":"wp","href":"https:\/\/api.w.org\/{rel}","templated":true}]}}