{"id":2389,"date":"2024-11-04T01:38:16","date_gmt":"2024-11-04T01:38:16","guid":{"rendered":"https:\/\/sinkwithfaucet.com\/?post_type=product&#038;p=2389"},"modified":"2024-11-04T01:38:17","modified_gmt":"2024-11-04T01:38:17","slug":"free-standing-sink-7544du","status":"publish","type":"product","link":"https:\/\/sinkwithfaucet.com\/fi\/free-standing-sink-7544du\/","title":{"rendered":"Vapaasti seisova pesuallas 7544DU"},"content":{"rendered":"<h2 data-sourcepos=\"1:1-1:54\">Vapaasti seisovat altaat: Tyylik\u00e4s ja toimiva valinta<\/h2>\n<p data-sourcepos=\"3:1-3:226\">Vapaasti seisovat lavuaarit ovat monipuolinen ja huomiota her\u00e4tt\u00e4v\u00e4 lis\u00e4 sek\u00e4 kylpyhuoneisiin ett\u00e4 keitti\u00f6ihin. Toisin kuin perinteiset tiskialtaat, vapaasti seisovat altaat asennetaan lattialle, mik\u00e4 tuo tilaan ainutlaatuisen ja tyylikk\u00e4\u00e4n lis\u00e4n.<\/p>\n<p data-sourcepos=\"5:1-5:39\"><strong>Vapaasti seisovien lavuaarien t\u00e4rkeimm\u00e4t ominaisuudet:<\/strong><\/p>\n<ul data-sourcepos=\"7:1-11:0\">\n<li data-sourcepos=\"7:1-7:90\"><strong>Monipuolinen muotoilu:<\/strong> Saatavana monenlaisia tyylej\u00e4 klassisesta nykyaikaisiin.<\/li>\n<li data-sourcepos=\"8:1-8:90\"><strong>Helppo asennus:<\/strong> Helppo asentaa ilman laajoja ty\u00f6tasot\u00f6it\u00e4.<\/li>\n<li data-sourcepos=\"9:1-9:74\"><strong>Ainutlaatuinen estetiikka:<\/strong> Luo keskipisteen kylpyhuoneeseen tai keitti\u00f6\u00f6n.<\/li>\n<li data-sourcepos=\"10:1-11:0\"><strong>Helppo puhdistaa:<\/strong> Sile\u00e4t pinnat ja avoin muotoilu tekev\u00e4t puhdistamisesta helppoa.<\/li>\n<li data-sourcepos=\"10:1-11:0\"><strong>Keitti\u00f6n pesualtaat:<\/strong>\n<ul data-sourcepos=\"19:5-21:0\">\n<li data-sourcepos=\"19:5-19:126\"><strong>Maalaistalon pesualtaat:<\/strong> Suuret, syv\u00e4t lavuaarit, joissa on esiliina, tarjoavat runsaasti tilaa astioiden pesuun ja ruoanvalmistukseen.<\/li>\n<li data-sourcepos=\"20:5-21:0\"><strong>Pesualtaat:<\/strong> T\u00e4ydellinen pesutiloihin, autotalleihin tai ulkokeitti\u00f6ihin.<\/li>\n<\/ul>\n<\/li>\n<\/ul>\n<ul data-sourcepos=\"14:1-21:0\">\n<li style=\"list-style-type: none;\" data-sourcepos=\"14:1-17:100\"><\/li>\n<\/ul>\n<p data-sourcepos=\"22:1-22:53\"><strong>Pohdintoja vapaasti seisovan pesualtaan valinnassa:<\/strong><\/p>\n<ul data-sourcepos=\"24:1-28:0\">\n<li data-sourcepos=\"24:1-24:74\"><strong>Tyyli:<\/strong> Valitse pesuallas, joka t\u00e4ydent\u00e4\u00e4 yleist\u00e4 muotoilua.<\/li>\n<li data-sourcepos=\"25:1-25:78\"><strong>Koko:<\/strong> Valitse koko, joka sopii k\u00e4ytett\u00e4viss\u00e4 olevaan tilaan ja vastaa tarpeitasi.<\/li>\n<li data-sourcepos=\"26:1-26:129\"><strong>Materiaali:<\/strong> Harkitse materiaalia, kuten keramiikkaa, posliinia tai ruostumatonta ter\u00e4st\u00e4, kest\u00e4vyyden ja tyylisuositusten perusteella.<\/li>\n<li data-sourcepos=\"27:1-28:0\"><strong>LVI:<\/strong> Varmista asianmukaiset putkiliit\u00e4nn\u00e4t ja ota huomioon mahdolliset haasteet, erityisesti vapaasti seisovien keitti\u00f6n lavuaarien osalta.<\/li>\n<\/ul>","protected":false},"excerpt":{"rendered":"<p>Kokonaiskoko: 750*440*220 mm<\/p>\n<p>Kulhon koko : 340*400\/340*400 mm<\/p>\n<p>Leikkauskoko : 710*400 mm<\/p>\n<p>Radian Corner : R10<\/p>","protected":false},"featured_media":2390,"template":"","meta":[],"product_brand":[],"product_cat":[52],"product_tag":[],"class_list":{"0":"post-2389","1":"product","2":"type-product","3":"status-publish","4":"has-post-thumbnail","6":"product_cat-undermount-sink-1","8":"first","9":"instock","10":"shipping-taxable","11":"product-type-simple"},"_links":{"self":[{"href":"https:\/\/sinkwithfaucet.com\/fi\/wp-json\/wp\/v2\/product\/2389","targetHints":{"allow":["GET"]}}],"collection":[{"href":"https:\/\/sinkwithfaucet.com\/fi\/wp-json\/wp\/v2\/product"}],"about":[{"href":"https:\/\/sinkwithfaucet.com\/fi\/wp-json\/wp\/v2\/types\/product"}],"wp:featuredmedia":[{"embeddable":true,"href":"https:\/\/sinkwithfaucet.com\/fi\/wp-json\/wp\/v2\/media\/2390"}],"wp:attachment":[{"href":"https:\/\/sinkwithfaucet.com\/fi\/wp-json\/wp\/v2\/media?parent=2389"}],"wp:term":[{"taxonomy":"product_brand","embeddable":true,"href":"https:\/\/sinkwithfaucet.com\/fi\/wp-json\/wp\/v2\/product_brand?post=2389"},{"taxonomy":"product_cat","embeddable":true,"href":"https:\/\/sinkwithfaucet.com\/fi\/wp-json\/wp\/v2\/product_cat?post=2389"},{"taxonomy":"product_tag","embeddable":true,"href":"https:\/\/sinkwithfaucet.com\/fi\/wp-json\/wp\/v2\/product_tag?post=2389"}],"curies":[{"name":"wp","href":"https:\/\/api.w.org\/{rel}","templated":true}]}}