{"id":2342,"date":"2024-11-01T07:21:34","date_gmt":"2024-11-01T07:21:34","guid":{"rendered":"https:\/\/sinkwithfaucet.com\/?post_type=product&#038;p=2342"},"modified":"2024-11-01T07:23:29","modified_gmt":"2024-11-01T07:23:29","slug":"small-stainless-steel-sink-2344su","status":"publish","type":"product","link":"https:\/\/sinkwithfaucet.com\/fi\/small-stainless-steel-sink-2344su\/","title":{"rendered":"Pieni ruostumattomasta ter\u00e4ksest\u00e4 valmistettu pesuallas 2344SU"},"content":{"rendered":"<h2 data-sourcepos=\"1:1-1:50\">Pienet ruostumattomasta ter\u00e4ksest\u00e4 valmistetut altaat: Kompakti ratkaisu<\/h2>\n<p data-sourcepos=\"3:1-3:87\">Pienet ruostumattomasta ter\u00e4ksest\u00e4 valmistetut altaat ovat k\u00e4yt\u00e4nn\u00f6llinen valinta erilaisiin k\u00e4ytt\u00f6tarkoituksiin.<\/p>\n<p data-sourcepos=\"10:1-10:44\"><strong>Edut:<\/strong><\/p>\n<ul data-sourcepos=\"12:1-16:0\">\n<li data-sourcepos=\"12:1-12:58\"><strong>Tilaa s\u00e4\u00e4st\u00e4v\u00e4:<\/strong> Kompakti muotoilu sopii pieniin tiloihin.<\/li>\n<li data-sourcepos=\"13:1-13:88\"><strong>Kest\u00e4vyys:<\/strong> Ruostumaton ter\u00e4s on kest\u00e4v\u00e4 materiaali, joka kest\u00e4\u00e4 ruostumista ja korroosiota.<\/li>\n<li data-sourcepos=\"14:1-14:66\"><strong>Helppo puhdistaa:<\/strong> Sile\u00e4 pinta on helppo huoltaa ja puhdistaa.<\/li>\n<li data-sourcepos=\"15:1-16:0\"><strong>Moderni estetiikka:<\/strong> Tyylik\u00e4s ja tyylik\u00e4s muotoilu t\u00e4ydent\u00e4\u00e4 erilaisia keitti\u00f6tyylej\u00e4.<\/li>\n<\/ul>\n<p data-sourcepos=\"17:1-17:41\"><strong>Tyypit:<\/strong><\/p>\n<ul data-sourcepos=\"19:1-23:0\">\n<li data-sourcepos=\"19:1-19:77\"><strong>Upotettavat altaat:<\/strong> Asennetaan ty\u00f6tason alle saumattoman ulkon\u00e4\u00f6n aikaansaamiseksi.<\/li>\n<li data-sourcepos=\"20:1-20:93\"><strong>Top-Mount-altaat:<\/strong> Asennetaan ty\u00f6tason p\u00e4\u00e4lle, mik\u00e4 antaa perinteisen ulkon\u00e4\u00f6n.<\/li>\n<li data-sourcepos=\"21:1-21:65\"><strong>Yhden kulhon altaat:<\/strong> Yksi allas perussiivoukseen.<\/li>\n<li data-sourcepos=\"22:1-23:0\"><strong>Kaksoispesualtaat:<\/strong> Kaksi erillist\u00e4 allasta moniteht\u00e4v\u00e4iseen ty\u00f6skentelyyn.<\/li>\n<\/ul>\n<p data-sourcepos=\"24:1-24:78\"><strong>Ota huomioon seuraavat tekij\u00e4t, kun valitset pient\u00e4 ruostumattomasta ter\u00e4ksest\u00e4 valmistettua pesuallasta:<\/strong><\/p>\n<ul data-sourcepos=\"26:1-30:0\">\n<li data-sourcepos=\"26:1-26:76\"><strong>Koko:<\/strong> Valitse tarpeisiisi ja k\u00e4ytett\u00e4viss\u00e4 olevaan tilaan sopiva koko.<\/li>\n<li data-sourcepos=\"27:1-27:64\"><strong>Syvyys:<\/strong> Syvemp\u00e4\u00e4n lavuaariin mahtuu isompia kattiloita ja pannuja.<\/li>\n<li data-sourcepos=\"28:1-28:93\"><strong>Mittari:<\/strong> Ruostumattoman ter\u00e4ksen paksuus voi vaikuttaa pesualtaan kest\u00e4vyyteen ja \u00e4\u00e4nenlaatuun.<\/li>\n<li data-sourcepos=\"29:1-30:0\"><strong>Viimeistely:<\/strong> Valitse keitti\u00f6si tyyliin sopiva viimeistely, kuten harjattu tai kiillotettu ruostumaton ter\u00e4s.<\/li>\n<\/ul>\n<p data-sourcepos=\"31:1-31:109\">Harkitsemalla n\u00e4it\u00e4 tekij\u00f6it\u00e4 huolellisesti voit valita tarpeisiisi sopivan pienen ruostumattomasta ter\u00e4ksest\u00e4 valmistetun pesualtaan.<\/p>","protected":false},"excerpt":{"rendered":"<p>Kokonaiskoko \uff1a 230*440*200 mm<\/p>\n<p>Kulhon koko \uff1a190*400 mm<\/p>\n<p>Leikkauskoko \uff1a190*400 mm<\/p>\n<p>Radiaaninen kulma \uff1aR10<\/p>","protected":false},"featured_media":2343,"template":"","meta":[],"product_brand":[],"product_cat":[52],"product_tag":[],"class_list":{"0":"post-2342","1":"product","2":"type-product","3":"status-publish","4":"has-post-thumbnail","6":"product_cat-undermount-sink-1","8":"first","9":"instock","10":"shipping-taxable","11":"product-type-simple"},"_links":{"self":[{"href":"https:\/\/sinkwithfaucet.com\/fi\/wp-json\/wp\/v2\/product\/2342","targetHints":{"allow":["GET"]}}],"collection":[{"href":"https:\/\/sinkwithfaucet.com\/fi\/wp-json\/wp\/v2\/product"}],"about":[{"href":"https:\/\/sinkwithfaucet.com\/fi\/wp-json\/wp\/v2\/types\/product"}],"wp:featuredmedia":[{"embeddable":true,"href":"https:\/\/sinkwithfaucet.com\/fi\/wp-json\/wp\/v2\/media\/2343"}],"wp:attachment":[{"href":"https:\/\/sinkwithfaucet.com\/fi\/wp-json\/wp\/v2\/media?parent=2342"}],"wp:term":[{"taxonomy":"product_brand","embeddable":true,"href":"https:\/\/sinkwithfaucet.com\/fi\/wp-json\/wp\/v2\/product_brand?post=2342"},{"taxonomy":"product_cat","embeddable":true,"href":"https:\/\/sinkwithfaucet.com\/fi\/wp-json\/wp\/v2\/product_cat?post=2342"},{"taxonomy":"product_tag","embeddable":true,"href":"https:\/\/sinkwithfaucet.com\/fi\/wp-json\/wp\/v2\/product_tag?post=2342"}],"curies":[{"name":"wp","href":"https:\/\/api.w.org\/{rel}","templated":true}]}}