{"id":2050,"date":"2024-10-19T09:28:07","date_gmt":"2024-10-19T09:28:07","guid":{"rendered":"https:\/\/sinkwithfaucet.com\/?page_id=2050"},"modified":"2024-11-11T08:47:26","modified_gmt":"2024-11-11T08:47:26","slug":"faqs-about-kitchen-sink","status":"publish","type":"page","link":"https:\/\/sinkwithfaucet.com\/fi\/faqs-about-kitchen-sink\/","title":{"rendered":"UKK"},"content":{"rendered":"<div class=\"banner has-hover has-parallax\" id=\"banner-247994487\">\n          <div class=\"banner-inner fill\">\n        <div class=\"banner-bg fill\" data-parallax=\"-3\" data-parallax-container=\".banner\" data-parallax-background>\n            <div class=\"bg fill bg-fill\"><\/div>\n                                    \n                    <\/div>\n\t\t\n        <div class=\"banner-layers container\">\n            <div class=\"fill banner-link\"><\/div>            \n   <div id=\"text-box-89023535\" class=\"text-box banner-layer x50 md-x50 lg-x50 y50 md-y50 lg-y50 res-text\">\n                     <div data-animate=\"fadeInLeft\">           <div class=\"text-box-content text dark\">\n              \n              <div class=\"text-inner text-center\">\n                  \n<h1 style=\"text-align: center;\">UKK<\/h1>\n              <\/div>\n           <\/div>\n       <\/div>                     \n<style>\n#text-box-89023535 {\n  width: 80%;\n}\n#text-box-89023535 .text-box-content {\n  font-size: 100%;\n}\n@media (min-width:550px) {\n  #text-box-89023535 {\n    width: 41%;\n  }\n}\n<\/style>\n    <\/div>\n \n        <\/div>\n      <\/div>\n\n            \n<style>\n#banner-247994487 {\n  padding-top: 145px;\n}\n#banner-247994487 .bg.bg-loaded {\n  background-image: 8950;\n}\n#banner-247994487 .overlay {\n  background-color: rgba(0, 0, 0, 0.3);\n}\n#banner-247994487 .bg {\n  background-position: 35% 23%;\n}\n<\/style>\n  <\/div>\n\n\n\t<section class=\"section\" id=\"section_1167795903\">\n\t\t<div class=\"bg section-bg fill bg-fill  bg-loaded\" >\n\n\t\t\t\n\t\t\t\n\t\t\t\n\n\t\t<\/div>\n\n\t\t\n\n\t\t<div class=\"section-content relative\">\n\t\t\t\n<div class=\"row\"  id=\"row-1411623588\">\n\n\t<div id=\"col-860668820\" class=\"col small-12 large-12\"  >\n\t\t\t\t<div class=\"col-inner\"  >\n\t\t\t\n\t\t\t\n<h3 data-sourcepos=\"3:1-3:58\"><strong>1. Henkil\u00f6kohtainen keitti\u00f6si mukautetun logon tulostuksella<\/strong><\/h3>\n<p data-sourcepos=\"5:1-5:170\">Nosta br\u00e4ndi\u00e4si yksil\u00f6llisen logopainatuspalvelumme avulla. Voimme lasertulostaa tai hopeamustapainattaa logosi suoraan ruostumattomasta ter\u00e4ksest\u00e4 valmistettuihin keitti\u00f6n lavuaareihimme ja hanoihimme.<\/p>\n<p data-sourcepos=\"7:1-7:150\">Aloita yksinkertaisesti toimittamalla meille logon k\u00e4ytt\u00f6lupakirje. Teemme kanssasi yhteisty\u00f6t\u00e4 luodaksemme ainutlaatuisen br\u00e4ndituotteen, joka erottaa sinut muista.<\/p>\n<h3 data-sourcepos=\"9:1-9:50\"><strong>2. R\u00e4\u00e4t\u00e4l\u00f6idyt keitti\u00f6ratkaisut, juuri sinulle sopivia ratkaisuja<\/strong><\/h3>\n<p data-sourcepos=\"11:1-11:134\">Tarvitsetko tiskialtaan, joka on yht\u00e4 ainutlaatuinen kuin tilasi? Kokenut suunnittelutiimimme voi valmistaa pesualtaita juuri sinun tarpeidesi mukaan.<\/p>\n<p data-sourcepos=\"13:1-13:176\">Meill\u00e4 on yli 5-10 vuoden kokemus alalta, ja me innovoimme ja tuomme jatkuvasti markkinoille uusia tuotelinjoja. Ota meihin yhteytt\u00e4 jo t\u00e4n\u00e4\u00e4n, niin keskustellaan r\u00e4\u00e4t\u00e4l\u00f6ityjen keitti\u00f6altaiden tai hanojen tarpeista.<\/p>\n<h3 data-sourcepos=\"15:1-15:41\"><strong>3. Laatu ja tehokkuus, taattu<\/strong><\/h3>\n<p data-sourcepos=\"17:1-17:173\">Me Dexingill\u00e4 olemme sitoutuneet tarjoamaan poikkeuksellista laatua ja tehokkuutta. ISO9001-sertifioitu tuotantoprosessimme takaa, ett\u00e4 jokainen tuote t\u00e4ytt\u00e4\u00e4 korkeimmat vaatimukset.<\/p>\n<p data-sourcepos=\"19:1-19:112\">Valvomme huolellisesti jokaista vaihetta saapuvista materiaaleista lopputarkastukseen asti, jotta voimme taata virheett\u00f6m\u00e4n tuotteen.<\/p>\n<h3 data-sourcepos=\"21:1-21:45\"><strong>4. T\u00e4ydelliset keitti\u00f6ratkaisut, yksinkertaistettuna<\/strong><\/h3>\n<p data-sourcepos=\"23:1-23:190\">Korkealuokkaisten keitti\u00f6altaiden lis\u00e4ksi tarjoamme laajan valikoiman lis\u00e4varusteita keitti\u00f6si t\u00e4ydent\u00e4miseksi. Meill\u00e4 on kaikki tarvitsemasi hanoista ja viem\u00e4rist\u00e4 saippua-annostelijoihin ja leikkuulautoihin.<\/p>\n<p data-sourcepos=\"25:1-25:97\">Valitse Dexing, jos haluat kattavan keitti\u00f6ratkaisun, jossa yhdistyv\u00e4t tyyli, toimivuus ja kest\u00e4vyys.<\/p>\n<h3 data-sourcepos=\"27:1-27:40\"><strong>5. K\u00e4sintehtyjen keitti\u00f6altaiden taito<\/strong><\/h3>\n<p data-sourcepos=\"29:1-29:150\">Koe k\u00e4sintehdyn tiskialtaan kauneus ja k\u00e4sity\u00f6taito. Jokainen tiskiallas on ainutlaatuinen taideteos, joka on valmistettu huolellisesti ja yksityiskohtaisesti.<\/p>\n<p data-sourcepos=\"31:1-31:31\"><strong>Miksi valita k\u00e4sintehty pesuallas?<\/strong><\/p>\n<ul data-sourcepos=\"33:1-36:0\">\n<li data-sourcepos=\"33:1-33:65\"><strong>Erottuva tyyli:<\/strong> Lis\u00e4\u00e4 keitti\u00f6\u00f6si ripaus eleganssia.<\/li>\n<li data-sourcepos=\"34:1-34:67\"><strong>Ylivoimainen ammattitaito:<\/strong> Rakennettu kest\u00e4m\u00e4\u00e4n ensiluokkaisilla materiaaleilla.<\/li>\n<li data-sourcepos=\"35:1-36:0\"><strong>Henkil\u00f6kohtainen muotoilu:<\/strong> Luo pesuallas, joka on ainutlaatuinen.<\/li>\n<\/ul>\n<p data-sourcepos=\"37:1-37:66\">Investoi k\u00e4sintehtyyn tiskialtaaseen ja korosta kulinaarista tilaasi.<\/p>\n\t\t<\/div>\n\t\t\t\t\t<\/div>\n\n\t\n<\/div>\n\t\t<\/div>\n\n\t\t\n<style>\n#section_1167795903 {\n  padding-top: 30px;\n  padding-bottom: 30px;\n}\n<\/style>\n\t<\/section>\n\t\n\t<section class=\"section\" id=\"section_975469718\">\n\t\t<div class=\"bg section-bg fill bg-fill  bg-loaded\" >\n\n\t\t\t\n\t\t\t\n\t\t\t\n\n\t\t<\/div>\n\n\t\t\n\n\t\t<div class=\"section-content relative\">\n\t\t\t\n<div class=\"row\"  id=\"row-463431852\">\n\n\t<div id=\"col-17728369\" class=\"col small-12 large-12\"  >\n\t\t\t\t<div class=\"col-inner\"  >\n\t\t\t\n\t\t\t\n<h2 style=\"text-align: center;\">Ota yhteytt\u00e4<\/h2>\n<p style=\"text-align: center;\">Saatko viimeisimm\u00e4n hinnan? Vastaamme mahdollisimman pian (12 tunnin kuluessa).<\/p>\n\t\t<\/div>\n\t\t\t\t\t<\/div>\n\n\t\n<\/div>\n<div class=\"row\"  id=\"row-1848121654\">\n\n\t<div id=\"col-867366554\" class=\"col small-12 large-12\"  >\n\t\t\t\t<div class=\"col-inner\"  >\n\t\t\t\n\t\t\t\n\n<div class=\"wpcf7 no-js\" id=\"wpcf7-f280-o1\" lang=\"en-US\" dir=\"ltr\" data-wpcf7-id=\"280\">\n<div class=\"screen-reader-response\"><p role=\"status\" aria-live=\"polite\" aria-atomic=\"true\"><\/p> <ul><\/ul><\/div>\n<form action=\"\/fi\/wp-json\/wp\/v2\/pages\/2050#wpcf7-f280-o1\" method=\"post\" class=\"wpcf7-form init\" aria-label=\"Yhteydenottolomake\" novalidate=\"novalidate\" data-status=\"init\" data-trp-original-action=\"\/fi\/wp-json\/wp\/v2\/pages\/2050#wpcf7-f280-o1\">\n<fieldset class=\"hidden-fields-container\"><input type=\"hidden\" name=\"_wpcf7\" value=\"280\" \/><input type=\"hidden\" name=\"_wpcf7_version\" value=\"6.1\" \/><input type=\"hidden\" name=\"_wpcf7_locale\" value=\"en_US\" \/><input type=\"hidden\" name=\"_wpcf7_unit_tag\" value=\"wpcf7-f280-o1\" \/><input type=\"hidden\" name=\"_wpcf7_container_post\" value=\"0\" \/><input type=\"hidden\" name=\"_wpcf7_posted_data_hash\" value=\"\" \/>\n<\/fieldset>\n<div class='custom_contact_style'>\n\t<div class=\"row row-small\">\n\t\t<div class=\"col medium-6 small-12 large-6\">\n\t\t\t<div class=\"col-inner\">\n\t\t\t\t<p><span class=\"wpcf7-form-control-wrap\" data-name=\"your-name\"><input size=\"40\" maxlength=\"400\" class=\"wpcf7-form-control wpcf7-text wpcf7-validates-as-required\" aria-required=\"true\" aria-invalid=\"false\" placeholder=\"Nimi*\" value=\"\" type=\"text\" name=\"your-name\" \/><\/span>\n\t\t\t\t<\/p>\n\t\t\t<\/div>\n\t\t<\/div>\n\t\t<div class=\"col medium-6 small-12 large-6\">\n\t\t\t<div class=\"col-inner\">\n\t\t\t\t<p><span class=\"wpcf7-form-control-wrap\" data-name=\"your-email\"><input size=\"40\" maxlength=\"400\" class=\"wpcf7-form-control wpcf7-email wpcf7-validates-as-required wpcf7-text wpcf7-validates-as-email\" aria-required=\"true\" aria-invalid=\"false\" placeholder=\"S\u00e4hk\u00f6posti*\" value=\"\" type=\"email\" name=\"your-email\" \/><\/span>\n\t\t\t\t<\/p>\n\t\t\t<\/div>\n\t\t<\/div>\n\t<\/div>\n\t<div class='cus_contact_form_bottom'>\n\t\t<p><span class=\"wpcf7-form-control-wrap\" data-name=\"your-phone\"><input size=\"40\" maxlength=\"400\" class=\"wpcf7-form-control wpcf7-text\" aria-invalid=\"false\" placeholder=\"Puhelin\" value=\"\" type=\"text\" name=\"your-phone\" \/><\/span>\n\t\t<\/p>\n\t<\/div>\n\t<div class='cus_contact_form_bottom'>\n\t\t<p><span class=\"wpcf7-form-control-wrap\" data-name=\"your-country\"><input size=\"40\" maxlength=\"400\" class=\"wpcf7-form-control wpcf7-text\" aria-invalid=\"false\" placeholder=\"Maa\" value=\"\" type=\"text\" name=\"your-country\" \/><\/span>\n\t\t<\/p>\n\t<\/div>\n\t<p><span class=\"wpcf7-form-control-wrap\" data-name=\"your-message\"><textarea cols=\"40\" rows=\"10\" maxlength=\"2000\" class=\"wpcf7-form-control wpcf7-textarea wpcf7-validates-as-required\" aria-required=\"true\" aria-invalid=\"false\" placeholder=\"Viestisi *\" name=\"your-message\"><\/textarea><\/span>\n\t<\/p>\n\t<div style=\"margin-bottom:10px;\">\n\t\t<p><span class=\"wpcf7-form-control-wrap kc_captcha cf7ic-toggle\" data-name=\"kc_captcha\"><span class=\"wpcf7-form-control wpcf7-radio\"><span class=\"captcha-image\" style=\"display: none;\"><span class=\"cf7ic_instructions\">Todista, ett\u00e4 olet ihminen valitsemalla<span> puu<\/span>.<\/span><label><input aria-label=\"1\" type=\"radio\" name=\"kc_captcha\" value=\"bot\" \/><svg aria-hidden=\"true\" role=\"img\" xmlns=\"http:\/\/www.w3.org\/2000\/svg\" viewbox=\"0 0 576 512\"><path fill=\"currentColor\" d=\"M415 24c-53 0-103 42-127 65-24-23-74-65-127-65C70 24 16 77 16 166c0 72 67 133 69 135l187 181c9 8 23 8 32 0l187-180c2-3 69-64 69-136 0-89-54-142-145-142z\"\/><\/svg><\/label><label><input aria-label=\"2\" type=\"radio\" name=\"kc_captcha\" value=\"bot\" \/><svg aria-hidden=\"true\" role=\"img\" xmlns=\"http:\/\/www.w3.org\/2000\/svg\" viewbox=\"0 0 640 512\"><path fill=\"currentColor\" d=\"M624 352h-16V244c0-13-5-25-14-34L494 110c-9-9-21-14-34-14h-44V48c0-26-21-48-48-48H48C22 0 0 22 0 48v320c0 27 22 48 48 48h16a96 96 0 00192 0h128a96 96 0 00192 0h48c9 0 16-7 16-16v-32c0-9-7-16-16-16zM160 464a48 48 0 110-96 48 48 0 010 96zm320 0a48 48 0 110-96 48 48 0 010 96zm80-208H416V144h44l100 100v12z\"\/><\/svg><\/label><label><input aria-label=\"3\" type=\"radio\" name=\"kc_captcha\" value=\"kc_human\" \/><svg aria-hidden=\"true\" role=\"img\" xmlns=\"http:\/\/www.w3.org\/2000\/svg\" viewbox=\"0 0 384 512\"><path fill=\"currentColor\" d=\"M377 375l-83-87h34c21 0 32-25 17-40l-82-88h33c21 0 32-25 18-40L210 8c-10-11-26-11-36 0L70 120c-14 15-3 40 18 40h33l-82 88c-15 15-4 40 17 40h34L7 375c-15 16-4 41 17 41h120c0 33-11 49-34 68-12 9-5 28 10 28h144c15 0 22-19 10-28-20-16-34-32-34-68h120c21 0 32-25 17-41z\"\/><\/svg><\/label>\r\n    <\/span>\r\n    <span style=\"display:none\">\r\n        <input type=\"text\" name=\"kc_honeypot\">\r\n    <\/span><\/span><\/span>\n\t\t<\/p>\n\t<\/div>\n\t<p><input class=\"wpcf7-form-control wpcf7-submit has-spinner\" type=\"submit\" value=\"L\u00e4het\u00e4 viesti\" \/>\n\t<\/p>\n<\/div><div class=\"wpcf7-response-output\" aria-hidden=\"true\"><\/div>\n<input type=\"hidden\" name=\"trp-form-language\" value=\"fi\"\/><\/form>\n<\/div>\n\n\t\t<\/div>\n\t\t\t\t\t<\/div>\n\n\t\n<\/div>\n\t\t<\/div>\n\n\t\t\n<style>\n#section_975469718 {\n  padding-top: 30px;\n  padding-bottom: 30px;\n  background-color: rgba(216, 247, 240, 0.39);\n}\n<\/style>\n\t<\/section>","protected":false},"excerpt":{"rendered":"","protected":false},"author":4,"featured_media":2076,"parent":0,"menu_order":0,"comment_status":"closed","ping_status":"closed","template":"page-blank.php","meta":{"footnotes":""},"class_list":["post-2050","page","type-page","status-publish","has-post-thumbnail","hentry"],"_links":{"self":[{"href":"https:\/\/sinkwithfaucet.com\/fi\/wp-json\/wp\/v2\/pages\/2050","targetHints":{"allow":["GET"]}}],"collection":[{"href":"https:\/\/sinkwithfaucet.com\/fi\/wp-json\/wp\/v2\/pages"}],"about":[{"href":"https:\/\/sinkwithfaucet.com\/fi\/wp-json\/wp\/v2\/types\/page"}],"author":[{"embeddable":true,"href":"https:\/\/sinkwithfaucet.com\/fi\/wp-json\/wp\/v2\/users\/4"}],"replies":[{"embeddable":true,"href":"https:\/\/sinkwithfaucet.com\/fi\/wp-json\/wp\/v2\/comments?post=2050"}],"version-history":[{"count":11,"href":"https:\/\/sinkwithfaucet.com\/fi\/wp-json\/wp\/v2\/pages\/2050\/revisions"}],"predecessor-version":[{"id":2632,"href":"https:\/\/sinkwithfaucet.com\/fi\/wp-json\/wp\/v2\/pages\/2050\/revisions\/2632"}],"wp:featuredmedia":[{"embeddable":true,"href":"https:\/\/sinkwithfaucet.com\/fi\/wp-json\/wp\/v2\/media\/2076"}],"wp:attachment":[{"href":"https:\/\/sinkwithfaucet.com\/fi\/wp-json\/wp\/v2\/media?parent=2050"}],"curies":[{"name":"wp","href":"https:\/\/api.w.org\/{rel}","templated":true}]}}