{"id":2011,"date":"2024-10-19T08:46:47","date_gmt":"2024-10-19T08:46:47","guid":{"rendered":"https:\/\/sinkwithfaucet.com\/?page_id=2011"},"modified":"2024-11-08T02:04:17","modified_gmt":"2024-11-08T02:04:17","slug":"stainless-kitchen-sink-oem-service","status":"publish","type":"page","link":"https:\/\/sinkwithfaucet.com\/fi\/stainless-kitchen-sink-oem-service\/","title":{"rendered":"OEM-palvelu"},"content":{"rendered":"<div class=\"banner has-hover has-parallax\" id=\"banner-955336938\">\n          <div class=\"banner-inner fill\">\n        <div class=\"banner-bg fill\" data-parallax=\"-3\" data-parallax-container=\".banner\" data-parallax-background>\n            <div class=\"bg fill bg-fill\"><\/div>\n                                    \n                    <\/div>\n\t\t\n        <div class=\"banner-layers container\">\n            <div class=\"fill banner-link\"><\/div>            \n   <div id=\"text-box-1515661708\" class=\"text-box banner-layer x50 md-x50 lg-x50 y50 md-y50 lg-y50 res-text\">\n                     <div data-animate=\"fadeInLeft\">           <div class=\"text-box-content text dark\">\n              \n              <div class=\"text-inner text-center\">\n                  \n<h1>Ruostumaton keitti\u00f6allas OEM-palvelu<\/h1>\n              <\/div>\n           <\/div>\n       <\/div>                     \n<style>\n#text-box-1515661708 {\n  width: 80%;\n}\n#text-box-1515661708 .text-box-content {\n  font-size: 100%;\n}\n@media (min-width:550px) {\n  #text-box-1515661708 {\n    width: 81%;\n  }\n}\n<\/style>\n    <\/div>\n \n        <\/div>\n      <\/div>\n\n            \n<style>\n#banner-955336938 {\n  padding-top: 169px;\n}\n#banner-955336938 .bg.bg-loaded {\n  background-image: 8950;\n}\n#banner-955336938 .overlay {\n  background-color: rgba(0, 0, 0, 0.3);\n}\n#banner-955336938 .bg {\n  background-position: 35% 23%;\n}\n<\/style>\n  <\/div>\n\n\n\t<section class=\"section\" id=\"section_707264279\">\n\t\t<div class=\"bg section-bg fill bg-fill  bg-loaded\" >\n\n\t\t\t\n\t\t\t\n\t\t\t\n\n\t\t<\/div>\n\n\t\t\n\n\t\t<div class=\"section-content relative\">\n\t\t\t\n<div class=\"row\"  id=\"row-1589082952\">\n\n\t<div id=\"col-1445442413\" class=\"col small-12 large-12\"  >\n\t\t\t\t<div class=\"col-inner\"  >\n\t\t\t\n\t\t\t\n<h2 style=\"text-align: center;\">Ruostumaton keitti\u00f6allas r\u00e4\u00e4t\u00e4l\u00f6inti suunnitelma<\/h2>\n\t<div id=\"gap-1024066723\" class=\"gap-element clearfix\" style=\"display:block; height:auto;\">\n\t\t\n<style>\n#gap-1024066723 {\n  padding-top: 30px;\n}\n<\/style>\n\t<\/div>\n\t\n<div class=\"row\"  id=\"row-5266951\">\n\n\t<div id=\"col-65117460\" class=\"col medium-2 small-12 large-2\"  >\n\t\t\t\t<div class=\"col-inner\"  >\n\t\t\t\n\t\t\t\n\t<div id=\"gap-200966494\" class=\"gap-element clearfix\" style=\"display:block; height:auto;\">\n\t\t\n<style>\n#gap-200966494 {\n  padding-top: 45px;\n}\n<\/style>\n\t<\/div>\n\t\n\t<div class=\"img has-hover x md-x lg-x y md-y lg-y\" id=\"image_2062179845\">\n\t\t\t\t\t\t\t\t<div class=\"img-inner dark\" >\n\t\t\t<img loading=\"lazy\" decoding=\"async\" width=\"200\" height=\"200\" src=\"https:\/\/sinkwithfaucet.com\/wp-content\/uploads\/2024\/10\/\u9700\u6c42\u5206\u6790-1.png\" class=\"attachment-original size-original\" alt=\"Kysynt\u00e4analyysi\" srcset=\"https:\/\/sinkwithfaucet.com\/wp-content\/uploads\/2024\/10\/\u9700\u6c42\u5206\u6790-1.png 200w, https:\/\/sinkwithfaucet.com\/wp-content\/uploads\/2024\/10\/\u9700\u6c42\u5206\u6790-1-150x150.png 150w, https:\/\/sinkwithfaucet.com\/wp-content\/uploads\/2024\/10\/\u9700\u6c42\u5206\u6790-1-12x12.png 12w, https:\/\/sinkwithfaucet.com\/wp-content\/uploads\/2024\/10\/\u9700\u6c42\u5206\u6790-1-100x100.png 100w\" sizes=\"auto, (max-width: 200px) 100vw, 200px\" title=\"\">\t\t\t\t\t\t\n\t\t\t\t\t<\/div>\n\t\t\t\t\t\t\t\t\n<style>\n#image_2062179845 {\n  width: 100%;\n}\n<\/style>\n\t<\/div>\n\t\n\t\t<\/div>\n\t\t\t\t\t<\/div>\n\n\t\n\n\t<div id=\"col-1715033612\" class=\"col medium-10 small-12 large-10\"  >\n\t\t\t\t<div class=\"col-inner\"  >\n\t\t\t\n\t\t\t\n<h3>1.Demand analyysi<\/h3>\n<div class=\"auto-hide-last-sibling-br paragraph-u1TS5p paragraph-element br-paragraph-space\">Tilan koko: Mittaa keitti\u00f6n ty\u00f6tason pituus, leveys ja syvyys tai varattu pesualtaan paikka. N\u00e4in varmistat, ett\u00e4 r\u00e4\u00e4t\u00e4l\u00f6ity ruostumaton keitti\u00f6allas sopii t\u00e4ydellisesti tilaan.<\/div>\n<div><\/div>\n<div class=\"auto-hide-last-sibling-br paragraph-u1TS5p paragraph-element br-paragraph-space\">K\u00e4ytt\u00f6vaatimukset: Pohdi perheesi henkil\u00f6m\u00e4\u00e4r\u00e4\u00e4, p\u00e4ivitt\u00e4isi\u00e4 ruoanlaittotottumuksiasi ja pesutarpeitasi. M\u00e4\u00e4rit\u00e4 pesualtaan koko, haluatko yhden vai kahden s\u00e4ili\u00f6n mallin ja tarvitsetko lis\u00e4toimintoja, kuten tyhjennyskorin tai leikkuulaudan.<\/div>\n<div><\/div>\n<div class=\"auto-hide-last-sibling-br paragraph-u1TS5p paragraph-element br-paragraph-space\">Tyylin mieltymys: Ruostumattoman keitti\u00f6n pesualtaan ulkoasun valinnassa sovita keitti\u00f6n yleinen sisustustyyli. Ota huomioon muoto (neli\u00f6, py\u00f6re\u00e4, soikea jne.), pintak\u00e4sittely (harjattu, kiillotettu, himme\u00e4 jne.) ja v\u00e4ri.<\/div>\n\t\t<\/div>\n\t\t\t\t\t<\/div>\n\n\t\n<\/div>\n\t\t<\/div>\n\t\t\t\t\t<\/div>\n\n\t\n<\/div>\n\t\t<\/div>\n\n\t\t\n<style>\n#section_707264279 {\n  padding-top: 30px;\n  padding-bottom: 30px;\n}\n<\/style>\n\t<\/section>\n\t\n\t<section class=\"section\" id=\"section_77695502\">\n\t\t<div class=\"bg section-bg fill bg-fill  bg-loaded\" >\n\n\t\t\t\n\t\t\t\n\t\t\t\n\n\t\t<\/div>\n\n\t\t\n\n\t\t<div class=\"section-content relative\">\n\t\t\t\n<div class=\"row\"  id=\"row-1109474037\">\n\n\t<div id=\"col-106504964\" class=\"col medium-2 small-12 large-2\"  >\n\t\t\t\t<div class=\"col-inner\"  >\n\t\t\t\n\t\t\t\n\t<div id=\"gap-2092309628\" class=\"gap-element clearfix\" style=\"display:block; height:auto;\">\n\t\t\n<style>\n#gap-2092309628 {\n  padding-top: 40px;\n}\n<\/style>\n\t<\/div>\n\t\n\t<div class=\"img has-hover x md-x lg-x y md-y lg-y\" id=\"image_1592070145\">\n\t\t\t\t\t\t\t\t<div class=\"img-inner dark\" >\n\t\t\t<img loading=\"lazy\" decoding=\"async\" width=\"200\" height=\"200\" src=\"https:\/\/sinkwithfaucet.com\/wp-content\/uploads\/2024\/10\/\u6750\u6599\u9009\u62e9.png\" class=\"attachment-large size-large\" alt=\"Materiaalin valinta\" srcset=\"https:\/\/sinkwithfaucet.com\/wp-content\/uploads\/2024\/10\/\u6750\u6599\u9009\u62e9.png 200w, https:\/\/sinkwithfaucet.com\/wp-content\/uploads\/2024\/10\/\u6750\u6599\u9009\u62e9-150x150.png 150w, https:\/\/sinkwithfaucet.com\/wp-content\/uploads\/2024\/10\/\u6750\u6599\u9009\u62e9-12x12.png 12w, https:\/\/sinkwithfaucet.com\/wp-content\/uploads\/2024\/10\/\u6750\u6599\u9009\u62e9-100x100.png 100w\" sizes=\"auto, (max-width: 200px) 100vw, 200px\" title=\"\">\t\t\t\t\t\t\n\t\t\t\t\t<\/div>\n\t\t\t\t\t\t\t\t\n<style>\n#image_1592070145 {\n  width: 100%;\n}\n<\/style>\n\t<\/div>\n\t\n\t\t<\/div>\n\t\t\t\t\t<\/div>\n\n\t\n\n\t<div id=\"col-659736736\" class=\"col medium-10 small-12 large-10\"  >\n\t\t\t\t<div class=\"col-inner\"  >\n\t\t\t\n\t\t\t\n<h3>2.Materiaalin valinta<\/h3>\n<div class=\"auto-hide-last-sibling-br paragraph-u1TS5p paragraph-element br-paragraph-space\">Materiaali ruostumatonta ter\u00e4st\u00e4: ruostumaton ter\u00e4s: Valitse ruostumaton ter\u00e4s 304, koska se on erinomaista korroosionkest\u00e4vyydelt\u00e4\u00e4n, l\u00e4mm\u00f6nkest\u00e4vyydelt\u00e4\u00e4n ja lujuudeltaan, mik\u00e4 takaa pesualtaan pitk\u00e4n k\u00e4ytt\u00f6i\u00e4n.<\/div>\n<div><\/div>\n<div class=\"auto-hide-last-sibling-br paragraph-u1TS5p paragraph-element br-paragraph-space\">Paksuus: Ruostumattomasta ter\u00e4ksest\u00e4 valmistetun levyn paksuus: Valitse sopiva paksuus sen mukaan, kuinka usein pesuallasta k\u00e4ytet\u00e4\u00e4n ja mitk\u00e4 ovat sen kantavuusvaatimukset. Yleens\u00e4 se vaihtelee 0,8 mm:st\u00e4 4 mm:iin.<\/div>\n<div><\/div>\n<div class=\"auto-hide-last-sibling-br paragraph-u1TS5p paragraph-element br-paragraph-space\">Lis\u00e4varusteet: Valitse laadukkaat hanat, tyhjennykset, letkut ja muut tarvikkeet, jotta varmistetaan yhteensopivuus ja laatu pesualtaan kanssa.<\/div>\n\t\t<\/div>\n\t\t\t\t\t<\/div>\n\n\t\n<\/div>\n\t\t<\/div>\n\n\t\t\n<style>\n#section_77695502 {\n  padding-top: 30px;\n  padding-bottom: 30px;\n  background-color: rgb(240, 252, 249);\n}\n<\/style>\n\t<\/section>\n\t\n\t<section class=\"section\" id=\"section_1789364539\">\n\t\t<div class=\"bg section-bg fill bg-fill  bg-loaded\" >\n\n\t\t\t\n\t\t\t\n\t\t\t\n\n\t\t<\/div>\n\n\t\t\n\n\t\t<div class=\"section-content relative\">\n\t\t\t\n<div class=\"row\"  id=\"row-1596652847\">\n\n\t<div id=\"col-1285578307\" class=\"col medium-2 small-12 large-2\"  >\n\t\t\t\t<div class=\"col-inner\"  >\n\t\t\t\n\t\t\t\n\t<div id=\"gap-631160850\" class=\"gap-element clearfix\" style=\"display:block; height:auto;\">\n\t\t\n<style>\n#gap-631160850 {\n  padding-top: 60px;\n}\n<\/style>\n\t<\/div>\n\t\n\t<div class=\"img has-hover x md-x lg-x y md-y lg-y\" id=\"image_1798368717\">\n\t\t\t\t\t\t\t\t<div class=\"img-inner dark\" >\n\t\t\t<img loading=\"lazy\" decoding=\"async\" width=\"201\" height=\"200\" src=\"https:\/\/sinkwithfaucet.com\/wp-content\/uploads\/2024\/10\/\u65b9\u6848\u8bbe\u8ba1.png\" class=\"attachment-original size-original\" alt=\"Suunnitteluj\u00e4rjestelm\u00e4\" srcset=\"https:\/\/sinkwithfaucet.com\/wp-content\/uploads\/2024\/10\/\u65b9\u6848\u8bbe\u8ba1.png 201w, https:\/\/sinkwithfaucet.com\/wp-content\/uploads\/2024\/10\/\u65b9\u6848\u8bbe\u8ba1-150x150.png 150w, https:\/\/sinkwithfaucet.com\/wp-content\/uploads\/2024\/10\/\u65b9\u6848\u8bbe\u8ba1-12x12.png 12w, https:\/\/sinkwithfaucet.com\/wp-content\/uploads\/2024\/10\/\u65b9\u6848\u8bbe\u8ba1-100x100.png 100w\" sizes=\"auto, (max-width: 201px) 100vw, 201px\" title=\"\">\t\t\t\t\t\t\n\t\t\t\t\t<\/div>\n\t\t\t\t\t\t\t\t\n<style>\n#image_1798368717 {\n  width: 100%;\n}\n<\/style>\n\t<\/div>\n\t\n\t\t<\/div>\n\t\t\t\t\t<\/div>\n\n\t\n\n\t<div id=\"col-1503936559\" class=\"col medium-10 small-12 large-10\"  >\n\t\t\t\t<div class=\"col-inner\"  >\n\t\t\t\n\t\t\t\n<h3>3.Suunnitteluj\u00e4rjestelm\u00e4<\/h3>\n<div class=\"auto-hide-last-sibling-br paragraph-u1TS5p paragraph-element br-paragraph-space\">Pesualtaan muoto: Suunnittele pesualtaan muoto, joka sopii tilaan ja k\u00e4ytt\u00f6vaatimuksiin. Yleisi\u00e4 ovat neli\u00f6n, suorakulmion ja py\u00f6re\u00e4n muotoiset pesualtaat. Se voidaan my\u00f6s r\u00e4\u00e4t\u00e4l\u00f6id\u00e4 erityistarpeiden mukaan.<\/div>\n<div><\/div>\n<div class=\"auto-hide-last-sibling-br paragraph-u1TS5p paragraph-element br-paragraph-space\">Paikkojen m\u00e4\u00e4r\u00e4: Yksi paikka sopii keitti\u00f6ihin, joissa on v\u00e4h\u00e4n tilaa tai joissa on yksinkertaisia pesutarpeita. Kaksoisaukkojen ansiosta pesu- ja tyhjennystoiminnot voidaan suorittaa samanaikaisesti, mik\u00e4 lis\u00e4\u00e4 tehokkuutta.<\/div>\n<div><\/div>\n<div class=\"auto-hide-last-sibling-br paragraph-u1TS5p paragraph-element br-paragraph-space\">Lis\u00e4toiminnot: Lis\u00e4\u00e4 lis\u00e4toimintoja, kuten tyhjennyskori, leikkuulauta, saippua-annostelija ja niin edelleen, tarpeidesi mukaan ja lis\u00e4\u00e4 pesualtaan k\u00e4yt\u00e4nn\u00f6llisyytt\u00e4.<\/div>\n<div><\/div>\n<div class=\"auto-hide-last-sibling-br paragraph-u1TS5p paragraph-element br-paragraph-space\">Asennusmenetelm\u00e4: Asennusmenetelm\u00e4: P\u00e4\u00e4t\u00e4 pesualtaan asennusmenetelm\u00e4, joka voi olla p\u00f6yd\u00e4n yl\u00e4puolinen asennus, p\u00f6yd\u00e4n alapuolinen asennus tai upotettu asennus. Eri asennusmenetelmill\u00e4 on erilaiset vaatimukset ja esteettiset vaikutukset keitti\u00f6n ty\u00f6tasoon.<\/div>\n\t\t<\/div>\n\t\t\t\t\t<\/div>\n\n\t\n<\/div>\n\t\t<\/div>\n\n\t\t\n<style>\n#section_1789364539 {\n  padding-top: 30px;\n  padding-bottom: 30px;\n}\n<\/style>\n\t<\/section>\n\t\n\t<section class=\"section\" id=\"section_86858765\">\n\t\t<div class=\"bg section-bg fill bg-fill  bg-loaded\" >\n\n\t\t\t\n\t\t\t\n\t\t\t\n\n\t\t<\/div>\n\n\t\t\n\n\t\t<div class=\"section-content relative\">\n\t\t\t\n<div class=\"row\"  id=\"row-1138936075\">\n\n\t<div id=\"col-1991943852\" class=\"col medium-2 small-12 large-2\"  >\n\t\t\t\t<div class=\"col-inner\"  >\n\t\t\t\n\t\t\t\n\t<div id=\"gap-789655614\" class=\"gap-element clearfix\" style=\"display:block; height:auto;\">\n\t\t\n<style>\n#gap-789655614 {\n  padding-top: 45px;\n}\n<\/style>\n\t<\/div>\n\t\n\t<div class=\"img has-hover x md-x lg-x y md-y lg-y\" id=\"image_361930361\">\n\t\t\t\t\t\t\t\t<div class=\"img-inner dark\" >\n\t\t\t<img loading=\"lazy\" decoding=\"async\" width=\"200\" height=\"200\" src=\"https:\/\/sinkwithfaucet.com\/wp-content\/uploads\/2024\/10\/\u5236\u4f5c\u5de5\u827a\u5355.png\" class=\"attachment-original size-original\" alt=\"Valmistusprosessi\" srcset=\"https:\/\/sinkwithfaucet.com\/wp-content\/uploads\/2024\/10\/\u5236\u4f5c\u5de5\u827a\u5355.png 200w, https:\/\/sinkwithfaucet.com\/wp-content\/uploads\/2024\/10\/\u5236\u4f5c\u5de5\u827a\u5355-150x150.png 150w, https:\/\/sinkwithfaucet.com\/wp-content\/uploads\/2024\/10\/\u5236\u4f5c\u5de5\u827a\u5355-12x12.png 12w, https:\/\/sinkwithfaucet.com\/wp-content\/uploads\/2024\/10\/\u5236\u4f5c\u5de5\u827a\u5355-100x100.png 100w\" sizes=\"auto, (max-width: 200px) 100vw, 200px\" title=\"\">\t\t\t\t\t\t\n\t\t\t\t\t<\/div>\n\t\t\t\t\t\t\t\t\n<style>\n#image_361930361 {\n  width: 100%;\n}\n<\/style>\n\t<\/div>\n\t\n\t\t<\/div>\n\t\t\t\t\t<\/div>\n\n\t\n\n\t<div id=\"col-1758726183\" class=\"col medium-10 small-12 large-10\"  >\n\t\t\t\t<div class=\"col-inner\"  >\n\t\t\t\n\t\t\t\n<h3>4.Valmistusprosessi<\/h3>\n<div class=\"auto-hide-last-sibling-br paragraph-u1TS5p paragraph-element br-paragraph-space\">Venytysprosessi: Hy\u00f6dynnet\u00e4\u00e4n kehittyneit\u00e4 venytyslaitteita ja -menetelmi\u00e4, joilla taataan pesualtaan mittatarkkuus ja pinnanlaatu. Kiinnit\u00e4 huomiota voiman ja kulman hallintaan venytysprosessin aikana muodonmuutosten tai halkeamien v\u00e4ltt\u00e4miseksi.<\/div>\n<div><\/div>\n<div class=\"auto-hide-last-sibling-br paragraph-u1TS5p paragraph-element br-paragraph-space\">Hitsausprosessi: Jos kyseess\u00e4 on kaksoispesualtaat tai pesualtaat, joilla on erityisi\u00e4 muotovaatimuksia, hitsausk\u00e4sittely on tarpeen. Valitse korkealaatuiset hitsausmateriaalit ja -prosessit, jotta varmistetaan, ett\u00e4 hitsaus on luja, sile\u00e4 ja tiivis.<\/div>\n<div><\/div>\n<div class=\"auto-hide-last-sibling-br paragraph-u1TS5p paragraph-element br-paragraph-space\">Pintak\u00e4sittely: Suorita pintak\u00e4sittelyt, kuten harjaus, kiillotus, kuorrutus ja niin edelleen, suunnitteluvaatimusten mukaisesti pesualtaan esteettisyyden ja korroosionkest\u00e4vyyden parantamiseksi.<\/div>\n\t\t<\/div>\n\t\t\t\t\t<\/div>\n\n\t\n<\/div>\n\t\t<\/div>\n\n\t\t\n<style>\n#section_86858765 {\n  padding-top: 30px;\n  padding-bottom: 30px;\n  background-color: #f0fcf9;\n}\n<\/style>\n\t<\/section>\n\t\n\t<section class=\"section\" id=\"section_668628928\">\n\t\t<div class=\"bg section-bg fill bg-fill  bg-loaded\" >\n\n\t\t\t\n\t\t\t\n\t\t\t\n\n\t\t<\/div>\n\n\t\t\n\n\t\t<div class=\"section-content relative\">\n\t\t\t\n<div class=\"row\"  id=\"row-172516001\">\n\n\t<div id=\"col-1203981156\" class=\"col medium-2 small-12 large-2\"  >\n\t\t\t\t<div class=\"col-inner\"  >\n\t\t\t\n\t\t\t\n\t<div id=\"gap-867716206\" class=\"gap-element clearfix\" style=\"display:block; height:auto;\">\n\t\t\n<style>\n#gap-867716206 {\n  padding-top: 60px;\n}\n<\/style>\n\t<\/div>\n\t\n\t<div class=\"img has-hover x md-x lg-x y md-y lg-y\" id=\"image_1302788134\">\n\t\t\t\t\t\t\t\t<div class=\"img-inner dark\" >\n\t\t\t<img loading=\"lazy\" decoding=\"async\" width=\"200\" height=\"200\" src=\"https:\/\/sinkwithfaucet.com\/wp-content\/uploads\/2024\/10\/\u8d28\u91cf\u68c0\u9a8c.png\" class=\"attachment-original size-original\" alt=\"Laadun tarkastus\" srcset=\"https:\/\/sinkwithfaucet.com\/wp-content\/uploads\/2024\/10\/\u8d28\u91cf\u68c0\u9a8c.png 200w, https:\/\/sinkwithfaucet.com\/wp-content\/uploads\/2024\/10\/\u8d28\u91cf\u68c0\u9a8c-150x150.png 150w, https:\/\/sinkwithfaucet.com\/wp-content\/uploads\/2024\/10\/\u8d28\u91cf\u68c0\u9a8c-12x12.png 12w, https:\/\/sinkwithfaucet.com\/wp-content\/uploads\/2024\/10\/\u8d28\u91cf\u68c0\u9a8c-100x100.png 100w\" sizes=\"auto, (max-width: 200px) 100vw, 200px\" title=\"\">\t\t\t\t\t\t\n\t\t\t\t\t<\/div>\n\t\t\t\t\t\t\t\t\n<style>\n#image_1302788134 {\n  width: 100%;\n}\n<\/style>\n\t<\/div>\n\t\n\t\t<\/div>\n\t\t\t\t\t<\/div>\n\n\t\n\n\t<div id=\"col-871112075\" class=\"col medium-10 small-12 large-10\"  >\n\t\t\t\t<div class=\"col-inner\"  >\n\t\t\t\n\t\t\t\n<h3>5.Quality tarkastus<\/h3>\n<p>Ulkon\u00e4\u00f6n tarkastus: Tarkista, onko pesualtaan pinta sile\u00e4, naarmuton ja ep\u00e4muodostunut ja onko hitsaus tasainen ja luja.<\/p>\n<p>Mittatarkkuus: Varmista, ett\u00e4 pesualtaan koko vastaa suunnitteluvaatimuksia mittausty\u00f6kalun avulla.<\/p>\n<p>Vuototesti: Kaada pesualtaaseen sopiva m\u00e4\u00e4r\u00e4 vett\u00e4 vuotojen tarkistamiseksi. Voit tarkkailla, vaihteleeko veden pinta tai k\u00e4ytt\u00e4\u00e4 ammattimaista vuodonilmaisulaitteistoa vuotojen havaitsemiseen.<\/p>\n<p>Toiminnallinen testi: Testaa pesualtaan lis\u00e4toiminnot, kuten onko valutuskori sile\u00e4 ja onko leikkuulauta tukeva.<\/p>\n\t\t<\/div>\n\t\t\t\t\t<\/div>\n\n\t\n<\/div>\n\t\t<\/div>\n\n\t\t\n<style>\n#section_668628928 {\n  padding-top: 30px;\n  padding-bottom: 30px;\n}\n<\/style>\n\t<\/section>\n\t\n\t<section class=\"section\" id=\"section_556203530\">\n\t\t<div class=\"bg section-bg fill bg-fill  bg-loaded\" >\n\n\t\t\t\n\t\t\t\n\t\t\t\n\n\t\t<\/div>\n\n\t\t\n\n\t\t<div class=\"section-content relative\">\n\t\t\t\n<div class=\"row\"  id=\"row-1359654677\">\n\n\t<div id=\"col-1410996083\" class=\"col medium-2 small-12 large-2\"  >\n\t\t\t\t<div class=\"col-inner\"  >\n\t\t\t\n\t\t\t\n\t<div class=\"img has-hover x md-x lg-x y md-y lg-y\" id=\"image_844294115\">\n\t\t\t\t\t\t\t\t<div class=\"img-inner dark\" >\n\t\t\t<img loading=\"lazy\" decoding=\"async\" width=\"246\" height=\"200\" src=\"https:\/\/sinkwithfaucet.com\/wp-content\/uploads\/2024\/10\/180\u5929\u4fdd\u4fee.png\" class=\"attachment-original size-original\" alt=\"Asennus ja myynnin j\u00e4lkeinen palvelu\" srcset=\"https:\/\/sinkwithfaucet.com\/wp-content\/uploads\/2024\/10\/180\u5929\u4fdd\u4fee.png 246w, https:\/\/sinkwithfaucet.com\/wp-content\/uploads\/2024\/10\/180\u5929\u4fdd\u4fee-15x12.png 15w\" sizes=\"auto, (max-width: 246px) 100vw, 246px\" title=\"\">\t\t\t\t\t\t\n\t\t\t\t\t<\/div>\n\t\t\t\t\t\t\t\t\n<style>\n#image_844294115 {\n  width: 100%;\n}\n<\/style>\n\t<\/div>\n\t\n\t\t<\/div>\n\t\t\t\t\t<\/div>\n\n\t\n\n\t<div id=\"col-1746215448\" class=\"col medium-10 small-12 large-10\"  >\n\t\t\t\t<div class=\"col-inner\"  >\n\t\t\t\n\t\t\t\n<h3>6.Asennus ja myynnin j\u00e4lkeinen palvelu<\/h3>\n<div class=\"auto-hide-last-sibling-br paragraph-u1TS5p paragraph-element br-paragraph-space\">Asennusohjeet: Tarjoamme kattavat asennusohjeet ja -opastukset, jotta k\u00e4ytt\u00e4j\u00e4t voivat asentaa pesualtaan tarkasti. Tarvittaessa voidaan tarjota ammattimaisia asennuspalveluja.<\/div>\n<div><\/div>\n<div class=\"auto-hide-last-sibling-br paragraph-u1TS5p paragraph-element br-paragraph-space\">Myynnin j\u00e4lkeinen palvelu: Laadunvarmistus ja huoltopalvelu tietyn ajanjakson ajan. Ratkaise laatukysymykset nopeasti. Tarjoa samanaikaisesti k\u00e4ytt\u00e4jille k\u00e4ytt\u00f6- ja huoltovinkkej\u00e4 pesualtaan k\u00e4ytt\u00f6i\u00e4n pident\u00e4miseksi.<\/div>\n\t\t<\/div>\n\t\t\t\t\t<\/div>\n\n\t\n<\/div>\n<div class=\"row\"  id=\"row-963207642\">\n\n\t<div id=\"col-2010077141\" class=\"col small-12 large-12\"  >\n\t\t\t\t<div class=\"col-inner\"  >\n\t\t\t\n\t\t\t\n<p><strong>Edell\u00e4 esitetyn r\u00e4\u00e4t\u00e4l\u00f6intisuunnitelman avulla voit luoda ruostumattoman tiskialtaan, joka vastaa yksil\u00f6llisi\u00e4 tarpeitasi ja parantaa sek\u00e4 keitti\u00f6n k\u00e4yt\u00e4nn\u00f6llisyytt\u00e4 ett\u00e4 kauneutta.<\/strong><\/p>\n\t\t<\/div>\n\t\t\t\t\t<\/div>\n\n\t\n<\/div>\n\t\t<\/div>\n\n\t\t\n<style>\n#section_556203530 {\n  padding-top: 30px;\n  padding-bottom: 30px;\n  background-color: #f0fcf9;\n}\n<\/style>\n\t<\/section>\n\t\n\t<section class=\"section\" id=\"section_207416553\">\n\t\t<div class=\"bg section-bg fill bg-fill  bg-loaded\" >\n\n\t\t\t\n\t\t\t\n\t\t\t\n\n\t\t<\/div>\n\n\t\t\n\n\t\t<div class=\"section-content relative\">\n\t\t\t\n<div class=\"row\"  id=\"row-1739477651\">\n\n\t<div id=\"col-1391412600\" class=\"col small-12 large-12\"  >\n\t\t\t\t<div class=\"col-inner\"  >\n\t\t\t\n\t\t\t\n<h2 style=\"text-align: center;\">Ota yhteytt\u00e4<\/h2>\n\t\t<\/div>\n\t\t\t\t\t<\/div>\n\n\t\n<\/div>\n<div class=\"row\"  id=\"row-1088318738\">\n\n\t<div id=\"col-1797486728\" class=\"col small-12 large-12\"  >\n\t\t\t\t<div class=\"col-inner\"  >\n\t\t\t\n\t\t\t\n\n<div class=\"wpcf7 no-js\" id=\"wpcf7-f280-o1\" lang=\"en-US\" dir=\"ltr\" data-wpcf7-id=\"280\">\n<div class=\"screen-reader-response\"><p role=\"status\" aria-live=\"polite\" aria-atomic=\"true\"><\/p> <ul><\/ul><\/div>\n<form action=\"\/fi\/wp-json\/wp\/v2\/pages\/2011#wpcf7-f280-o1\" method=\"post\" class=\"wpcf7-form init\" aria-label=\"Yhteydenottolomake\" novalidate=\"novalidate\" data-status=\"init\" data-trp-original-action=\"\/fi\/wp-json\/wp\/v2\/pages\/2011#wpcf7-f280-o1\">\n<fieldset class=\"hidden-fields-container\"><input type=\"hidden\" name=\"_wpcf7\" value=\"280\" \/><input type=\"hidden\" name=\"_wpcf7_version\" value=\"6.1\" \/><input type=\"hidden\" name=\"_wpcf7_locale\" value=\"en_US\" \/><input type=\"hidden\" name=\"_wpcf7_unit_tag\" value=\"wpcf7-f280-o1\" \/><input type=\"hidden\" name=\"_wpcf7_container_post\" value=\"0\" \/><input type=\"hidden\" name=\"_wpcf7_posted_data_hash\" value=\"\" \/>\n<\/fieldset>\n<div class='custom_contact_style'>\n\t<div class=\"row row-small\">\n\t\t<div class=\"col medium-6 small-12 large-6\">\n\t\t\t<div class=\"col-inner\">\n\t\t\t\t<p><span class=\"wpcf7-form-control-wrap\" data-name=\"your-name\"><input size=\"40\" maxlength=\"400\" class=\"wpcf7-form-control wpcf7-text wpcf7-validates-as-required\" aria-required=\"true\" aria-invalid=\"false\" placeholder=\"Nimi*\" value=\"\" type=\"text\" name=\"your-name\" \/><\/span>\n\t\t\t\t<\/p>\n\t\t\t<\/div>\n\t\t<\/div>\n\t\t<div class=\"col medium-6 small-12 large-6\">\n\t\t\t<div class=\"col-inner\">\n\t\t\t\t<p><span class=\"wpcf7-form-control-wrap\" data-name=\"your-email\"><input size=\"40\" maxlength=\"400\" class=\"wpcf7-form-control wpcf7-email wpcf7-validates-as-required wpcf7-text wpcf7-validates-as-email\" aria-required=\"true\" aria-invalid=\"false\" placeholder=\"S\u00e4hk\u00f6posti*\" value=\"\" type=\"email\" name=\"your-email\" \/><\/span>\n\t\t\t\t<\/p>\n\t\t\t<\/div>\n\t\t<\/div>\n\t<\/div>\n\t<div class='cus_contact_form_bottom'>\n\t\t<p><span class=\"wpcf7-form-control-wrap\" data-name=\"your-phone\"><input size=\"40\" maxlength=\"400\" class=\"wpcf7-form-control wpcf7-text\" aria-invalid=\"false\" placeholder=\"Puhelin\" value=\"\" type=\"text\" name=\"your-phone\" \/><\/span>\n\t\t<\/p>\n\t<\/div>\n\t<div class='cus_contact_form_bottom'>\n\t\t<p><span class=\"wpcf7-form-control-wrap\" data-name=\"your-country\"><input size=\"40\" maxlength=\"400\" class=\"wpcf7-form-control wpcf7-text\" aria-invalid=\"false\" placeholder=\"Maa\" value=\"\" type=\"text\" name=\"your-country\" \/><\/span>\n\t\t<\/p>\n\t<\/div>\n\t<p><span class=\"wpcf7-form-control-wrap\" data-name=\"your-message\"><textarea cols=\"40\" rows=\"10\" maxlength=\"2000\" class=\"wpcf7-form-control wpcf7-textarea wpcf7-validates-as-required\" aria-required=\"true\" aria-invalid=\"false\" placeholder=\"Viestisi *\" name=\"your-message\"><\/textarea><\/span>\n\t<\/p>\n\t<div style=\"margin-bottom:10px;\">\n\t\t<p><span class=\"wpcf7-form-control-wrap kc_captcha cf7ic-toggle\" data-name=\"kc_captcha\"><span class=\"wpcf7-form-control wpcf7-radio\"><span class=\"captcha-image\" style=\"display: none;\"><span class=\"cf7ic_instructions\">Todista, ett\u00e4 olet ihminen valitsemalla<span> puu<\/span>.<\/span><label><input aria-label=\"1\" type=\"radio\" name=\"kc_captcha\" value=\"bot\" \/><svg aria-hidden=\"true\" role=\"img\" xmlns=\"http:\/\/www.w3.org\/2000\/svg\" viewbox=\"0 0 512 512\"><path fill=\"currentColor\" d=\"M500 168h-55l-8-21a127 127 0 00-120-83H195a127 127 0 00-120 83l-8 21H12c-8 0-14 8-11 16l8 24a12 12 0 0011 8h29a64 64 0 00-33 56v48c0 16 6 31 16 42v62c0 13 11 24 24 24h48c13 0 24-11 24-24v-40h256v40c0 13 11 24 24 24h48c13 0 24-11 24-24v-62c10-11 16-26 16-42v-48c0-24-13-45-33-56h29a12 12 0 0011-8l8-24c3-8-3-16-11-16zm-365 2c9-25 33-42 60-42h122c27 0 51 17 60 42l15 38H120l15-38zM88 328a32 32 0 010-64c18 0 48 30 48 48s-30 16-48 16zm336 0c-18 0-48 2-48-16s30-48 48-48 32 14 32 32-14 32-32 32z\"\/><\/svg><\/label><label><input aria-label=\"2\" type=\"radio\" name=\"kc_captcha\" value=\"bot\" \/><svg aria-hidden=\"true\" role=\"img\" xmlns=\"http:\/\/www.w3.org\/2000\/svg\" viewbox=\"0 0 640 512\"><path fill=\"currentColor\" d=\"M192 384h192c53 0 96-43 96-96h32a128 128 0 000-256H120c-13 0-24 11-24 24v232c0 53 43 96 96 96zM512 96a64 64 0 010 128h-32V96h32zm48 384H48c-47 0-61-64-36-64h584c25 0 11 64-36 64z\"\/><\/svg><\/label><label><input aria-label=\"3\" type=\"radio\" name=\"kc_captcha\" value=\"kc_human\" \/><svg aria-hidden=\"true\" role=\"img\" xmlns=\"http:\/\/www.w3.org\/2000\/svg\" viewbox=\"0 0 384 512\"><path fill=\"currentColor\" d=\"M377 375l-83-87h34c21 0 32-25 17-40l-82-88h33c21 0 32-25 18-40L210 8c-10-11-26-11-36 0L70 120c-14 15-3 40 18 40h33l-82 88c-15 15-4 40 17 40h34L7 375c-15 16-4 41 17 41h120c0 33-11 49-34 68-12 9-5 28 10 28h144c15 0 22-19 10-28-20-16-34-32-34-68h120c21 0 32-25 17-41z\"\/><\/svg><\/label>\r\n    <\/span>\r\n    <span style=\"display:none\">\r\n        <input type=\"text\" name=\"kc_honeypot\">\r\n    <\/span><\/span><\/span>\n\t\t<\/p>\n\t<\/div>\n\t<p><input class=\"wpcf7-form-control wpcf7-submit has-spinner\" type=\"submit\" value=\"L\u00e4het\u00e4 viesti\" \/>\n\t<\/p>\n<\/div><div class=\"wpcf7-response-output\" aria-hidden=\"true\"><\/div>\n<input type=\"hidden\" name=\"trp-form-language\" value=\"fi\"\/><\/form>\n<\/div>\n\n\t\t<\/div>\n\t\t\t\t\t<\/div>\n\n\t\n<\/div>\n\t\t<\/div>\n\n\t\t\n<style>\n#section_207416553 {\n  padding-top: 30px;\n  padding-bottom: 30px;\n}\n<\/style>\n\t<\/section>","protected":false},"excerpt":{"rendered":"","protected":false},"author":4,"featured_media":2042,"parent":0,"menu_order":0,"comment_status":"closed","ping_status":"closed","template":"page-blank.php","meta":{"footnotes":""},"class_list":["post-2011","page","type-page","status-publish","has-post-thumbnail","hentry"],"_links":{"self":[{"href":"https:\/\/sinkwithfaucet.com\/fi\/wp-json\/wp\/v2\/pages\/2011","targetHints":{"allow":["GET"]}}],"collection":[{"href":"https:\/\/sinkwithfaucet.com\/fi\/wp-json\/wp\/v2\/pages"}],"about":[{"href":"https:\/\/sinkwithfaucet.com\/fi\/wp-json\/wp\/v2\/types\/page"}],"author":[{"embeddable":true,"href":"https:\/\/sinkwithfaucet.com\/fi\/wp-json\/wp\/v2\/users\/4"}],"replies":[{"embeddable":true,"href":"https:\/\/sinkwithfaucet.com\/fi\/wp-json\/wp\/v2\/comments?post=2011"}],"version-history":[{"count":28,"href":"https:\/\/sinkwithfaucet.com\/fi\/wp-json\/wp\/v2\/pages\/2011\/revisions"}],"predecessor-version":[{"id":2537,"href":"https:\/\/sinkwithfaucet.com\/fi\/wp-json\/wp\/v2\/pages\/2011\/revisions\/2537"}],"wp:featuredmedia":[{"embeddable":true,"href":"https:\/\/sinkwithfaucet.com\/fi\/wp-json\/wp\/v2\/media\/2042"}],"wp:attachment":[{"href":"https:\/\/sinkwithfaucet.com\/fi\/wp-json\/wp\/v2\/media?parent=2011"}],"curies":[{"name":"wp","href":"https:\/\/api.w.org\/{rel}","templated":true}]}}