{"id":1608,"date":"2024-10-14T01:54:52","date_gmt":"2024-10-14T01:54:52","guid":{"rendered":"https:\/\/sinkwithfaucet.com\/?page_id=1608"},"modified":"2025-05-12T07:17:31","modified_gmt":"2025-05-12T07:17:31","slug":"stainless-steel-kitchen-faucet","status":"publish","type":"page","link":"https:\/\/sinkwithfaucet.com\/fi\/stainless-steel-kitchen-faucet\/","title":{"rendered":"Keitti\u00f6n hana"},"content":{"rendered":"<div class=\"banner has-hover has-parallax\" id=\"banner-947677443\">\n          <div class=\"banner-inner fill\">\n        <div class=\"banner-bg fill\" data-parallax=\"-3\" data-parallax-container=\".banner\" data-parallax-background>\n            <div class=\"bg fill bg-fill\"><\/div>\n                                    \n                    <\/div>\n\t\t\n        <div class=\"banner-layers container\">\n            <div class=\"fill banner-link\"><\/div>            \n   <div id=\"text-box-544199573\" class=\"text-box banner-layer x50 md-x5 lg-x5 y50 md-y40 lg-y40 res-text\">\n                     <div data-animate=\"fadeInLeft\">           <div class=\"text-box-content text dark\">\n              \n              <div class=\"text-inner text-center\">\n                  \n\t<div id=\"text-4054728290\" class=\"text\">\n\t\t\n<h1>Keitti\u00f6n hanat<\/h1>\n\t\t\n<style>\n#text-4054728290 {\n  color: #1e73be;\n}\n#text-4054728290 > * {\n  color: #1e73be;\n}\n<\/style>\n\t<\/div>\n\t\n              <\/div>\n           <\/div>\n       <\/div>                     \n<style>\n#text-box-544199573 {\n  width: 80%;\n}\n#text-box-544199573 .text-box-content {\n  font-size: 100%;\n}\n@media (min-width:550px) {\n  #text-box-544199573 {\n    width: 39%;\n  }\n}\n<\/style>\n    <\/div>\n \n        <\/div>\n      <\/div>\n\n            \n<style>\n#banner-947677443 {\n  padding-top: 700px;\n}\n#banner-947677443 .bg.bg-loaded {\n  background-image: url(https:\/\/sinkwithfaucet.com\/wp-content\/uploads\/2024\/11\/3-1.jpg);\n}\n#banner-947677443 .overlay {\n  background-color: rgba(0, 0, 0, 0.3);\n}\n#banner-947677443 .bg {\n  background-position: 61% 54%;\n}\n<\/style>\n  <\/div>\n\n\n\t<section class=\"section\" id=\"section_776801608\">\n\t\t<div class=\"bg section-bg fill bg-fill  bg-loaded\" >\n\n\t\t\t\n\t\t\t\n\t\t\t\n\n\t\t<\/div>\n\n\t\t\n\n\t\t<div class=\"section-content relative\">\n\t\t\t\n<div class=\"row\"  id=\"row-996092872\">\n\n\t<div id=\"col-64570505\" class=\"col small-12 large-12\"  >\n\t\t\t\t<div class=\"col-inner\"  >\n\t\t\t\n\t\t\t\n<h2 style=\"text-align: center;\" data-sourcepos=\"1:1-1:64\">Ruostumattomasta ter\u00e4ksest\u00e4 valmistetut keitti\u00f6hanat: Ajaton tyyli, kest\u00e4v\u00e4 suorituskyky<\/h2>\n<p style=\"text-align: center;\" data-sourcepos=\"1:1-1:64\">Ruostumattomasta ter\u00e4ksest\u00e4 valmistetut keitti\u00f6hanat ovat suosittu valinta kodinomistajien keskuudessa niiden kest\u00e4vyyden, hygienian ja modernin estetiikan vuoksi. Ne on valmistettu metalliseoksesta, joka kest\u00e4\u00e4 ruostetta, korroosiota ja tahroja, mik\u00e4 tekee niist\u00e4 pitk\u00e4ik\u00e4isen ja helposti puhdistettavan vaihtoehdon.<\/p>\n\t\t<\/div>\n\t\t\t\t\t<\/div>\n\n\t\n<\/div>\n\t\t<\/div>\n\n\t\t\n<style>\n#section_776801608 {\n  padding-top: 30px;\n  padding-bottom: 30px;\n}\n<\/style>\n\t<\/section>\n\t\n\t<section class=\"section\" id=\"section_775575722\">\n\t\t<div class=\"bg section-bg fill bg-fill  bg-loaded\" >\n\n\t\t\t\n\t\t\t\n\t\t\t\n\n\t\t<\/div>\n\n\t\t\n\n\t\t<div class=\"section-content relative\">\n\t\t\t\n<div class=\"row\"  id=\"row-1244933396\">\n\n\t<div id=\"col-1134087862\" class=\"col small-12 large-12\"  >\n\t\t\t\t<div class=\"col-inner\"  >\n\t\t\t\n\t\t\t\n<h2 style=\"text-align: center;\">Tyypit Keitti\u00f6n hanat<\/h2>\n\t\t<\/div>\n\t\t\t\t\t<\/div>\n\n\t\n<\/div>\n<div class=\"row\" style=\"max-width:1500px\" id=\"row-1979071115\">\n\n\t<div id=\"col-2013329786\" class=\"col medium-4 small-6 large-4\"  >\n\t\t\t\t<div class=\"col-inner\"  >\n\t\t\t\n\t\t\t\n\t<div class=\"box has-hover   has-hover box-text-bottom\" >\n\n\t\t<div class=\"box-image\" >\n\t\t\t\t\t\t<div class=\"\" >\n\t\t\t\t<img loading=\"lazy\" decoding=\"async\" width=\"470\" height=\"563\" src=\"https:\/\/sinkwithfaucet.com\/wp-content\/uploads\/2024\/10\/F104.jpg\" class=\"attachment-original size-original\" alt=\"Yksikahvaiset hanat\" srcset=\"https:\/\/sinkwithfaucet.com\/wp-content\/uploads\/2024\/10\/F104.jpg 470w, https:\/\/sinkwithfaucet.com\/wp-content\/uploads\/2024\/10\/F104-250x300.jpg 250w, https:\/\/sinkwithfaucet.com\/wp-content\/uploads\/2024\/10\/F104-10x12.jpg 10w\" sizes=\"auto, (max-width: 470px) 100vw, 470px\" title=\"\">\t\t\t\t\t\t\t\t\t\t\t<\/div>\n\t\t\t\t\t<\/div>\n\n\t\t<div class=\"box-text text-center\" >\n\t\t\t<div class=\"box-text-inner\">\n\t\t\t\t\n<h3><strong>Yksikahvaiset hanat<\/strong><\/h3>\n<p>N\u00e4iss\u00e4 hanoissa on yksi vipu, jolla voidaan s\u00e4\u00e4t\u00e4\u00e4 sek\u00e4 veden l\u00e4mp\u00f6tilaa ett\u00e4 virtausta.<\/p>\n\t\t\t<\/div>\n\t\t<\/div>\n\t<\/div>\n\t\n\t\t<\/div>\n\t\t\t\t\t<\/div>\n\n\t\n\n\t<div id=\"col-585788087\" class=\"col medium-4 small-6 large-4\"  >\n\t\t\t\t<div class=\"col-inner\"  >\n\t\t\t\n\t\t\t\n\t<div class=\"box has-hover   has-hover box-text-bottom\" >\n\n\t\t<div class=\"box-image\" >\n\t\t\t\t\t\t<div class=\"\" >\n\t\t\t\t<img loading=\"lazy\" decoding=\"async\" width=\"470\" height=\"563\" src=\"https:\/\/sinkwithfaucet.com\/wp-content\/uploads\/2024\/10\/F6011.jpg\" class=\"attachment-original size-original\" alt=\"Kaksivartiset hanat\" srcset=\"https:\/\/sinkwithfaucet.com\/wp-content\/uploads\/2024\/10\/F6011.jpg 470w, https:\/\/sinkwithfaucet.com\/wp-content\/uploads\/2024\/10\/F6011-250x300.jpg 250w, https:\/\/sinkwithfaucet.com\/wp-content\/uploads\/2024\/10\/F6011-10x12.jpg 10w\" sizes=\"auto, (max-width: 470px) 100vw, 470px\" title=\"\">\t\t\t\t\t\t\t\t\t\t\t<\/div>\n\t\t\t\t\t<\/div>\n\n\t\t<div class=\"box-text text-center\" >\n\t\t\t<div class=\"box-text-inner\">\n\t\t\t\t\n<h3><strong>Kahden kahvan hanat<\/strong><\/h3>\n<p>N\u00e4iss\u00e4 hanoissa on erilliset kahvat kuuman ja kylm\u00e4n veden virtauksen s\u00e4\u00e4t\u00f6\u00e4 varten.<\/p>\n\t\t\t<\/div>\n\t\t<\/div>\n\t<\/div>\n\t\n\t\t<\/div>\n\t\t\t\t\t<\/div>\n\n\t\n\n\t<div id=\"col-1789222057\" class=\"col medium-4 small-6 large-4\"  >\n\t\t\t\t<div class=\"col-inner\"  >\n\t\t\t\n\t\t\t\n\t<div class=\"box has-hover   has-hover box-text-bottom\" >\n\n\t\t<div class=\"box-image\" >\n\t\t\t<a href=\"https:\/\/sinkwithfaucet.com\/fi\/kitchen-one-handle-faucet-1001\/\" >\t\t\t<div class=\"\" >\n\t\t\t\t<img loading=\"lazy\" decoding=\"async\" width=\"600\" height=\"713\" src=\"https:\/\/sinkwithfaucet.com\/wp-content\/uploads\/2024\/11\/F6221A11.jpg\" class=\"attachment-original size-original\" alt=\"Ved\u00e4 alas hanat:\" srcset=\"https:\/\/sinkwithfaucet.com\/wp-content\/uploads\/2024\/11\/F6221A11.jpg 600w, https:\/\/sinkwithfaucet.com\/wp-content\/uploads\/2024\/11\/F6221A11-252x300.jpg 252w, https:\/\/sinkwithfaucet.com\/wp-content\/uploads\/2024\/11\/F6221A11-10x12.jpg 10w\" sizes=\"auto, (max-width: 600px) 100vw, 600px\" title=\"\">\t\t\t\t\t\t\t\t\t\t\t<\/div>\n\t\t\t<\/a>\t\t<\/div>\n\n\t\t<div class=\"box-text text-center\" >\n\t\t\t<div class=\"box-text-inner\">\n\t\t\t\t\n<h3><strong>Ved\u00e4 alas hanat<\/strong><\/h3>\n<p>N\u00e4iss\u00e4 hanoissa on sis\u00e4\u00e4nvedett\u00e4v\u00e4 suihkup\u00e4\u00e4, joka voidaan vet\u00e4\u00e4 alas ja ulos, jolloin kattiloiden ja pannujen t\u00e4ytt\u00e4minen on helppoa.<\/p>\n\t\t\t<\/div>\n\t\t<\/div>\n\t<\/div>\n\t\n\t\t<\/div>\n\t\t\t\t\t<\/div>\n\n\t\n<\/div>\n<div class=\"row\"  id=\"row-2018819500\">\n\n\t<div id=\"col-1813490473\" class=\"col small-12 large-12\"  >\n\t\t\t\t<div class=\"col-inner text-center\"  >\n\t\t\t\n\t\t\t\n<a href=\"\/fi\/contact\/\" class=\"button primary\"  style=\"border-radius:99px;\">\n    <span>R\u00e4\u00e4t\u00e4l\u00f6ity hana<\/span>\n  <\/a>\n\n\t\t<\/div>\n\t\t\t\t\t<\/div>\n\n\t\n<\/div>\n\t\t<\/div>\n\n\t\t\n<style>\n#section_775575722 {\n  padding-top: 30px;\n  padding-bottom: 30px;\n  background-color: rgb(240, 252, 249);\n}\n<\/style>\n\t<\/section>\n\t\n\t<section class=\"section\" id=\"section_1070044819\">\n\t\t<div class=\"bg section-bg fill bg-fill  bg-loaded\" >\n\n\t\t\t\n\t\t\t\n\t\t\t\n\n\t\t<\/div>\n\n\t\t\n\n\t\t<div class=\"section-content relative\">\n\t\t\t\n<div class=\"row\"  id=\"row-605228697\">\n\n\t<div id=\"col-310678453\" class=\"col medium-6 small-12 large-6\"  >\n\t\t\t\t<div class=\"col-inner\"  >\n\t\t\t\n\t\t\t\n\t<div class=\"img has-hover x md-x lg-x y md-y lg-y\" id=\"image_227209373\">\n\t\t\t\t\t\t\t\t<div class=\"img-inner image-cover dark\" style=\"padding-top:75%;\">\n\t\t\t<img loading=\"lazy\" decoding=\"async\" width=\"500\" height=\"500\" src=\"https:\/\/sinkwithfaucet.com\/wp-content\/uploads\/2024\/11\/f0c3afea-4044-4213-b4d4-9f9f1d0d84e4.jpg\" class=\"attachment-original size-original\" alt=\"Ruostumattomasta ter\u00e4ksest\u00e4 valmistetut keitti\u00f6hanat\" srcset=\"https:\/\/sinkwithfaucet.com\/wp-content\/uploads\/2024\/11\/f0c3afea-4044-4213-b4d4-9f9f1d0d84e4.jpg 500w, https:\/\/sinkwithfaucet.com\/wp-content\/uploads\/2024\/11\/f0c3afea-4044-4213-b4d4-9f9f1d0d84e4-300x300.jpg 300w, https:\/\/sinkwithfaucet.com\/wp-content\/uploads\/2024\/11\/f0c3afea-4044-4213-b4d4-9f9f1d0d84e4-150x150.jpg 150w, https:\/\/sinkwithfaucet.com\/wp-content\/uploads\/2024\/11\/f0c3afea-4044-4213-b4d4-9f9f1d0d84e4-12x12.jpg 12w, https:\/\/sinkwithfaucet.com\/wp-content\/uploads\/2024\/11\/f0c3afea-4044-4213-b4d4-9f9f1d0d84e4-100x100.jpg 100w\" sizes=\"auto, (max-width: 500px) 100vw, 500px\" title=\"\">\t\t\t\t\t\t\n\t\t\t\t\t<\/div>\n\t\t\t\t\t\t\t\t\n<style>\n#image_227209373 {\n  width: 100%;\n}\n<\/style>\n\t<\/div>\n\t\n\t\t<\/div>\n\t\t\t\t\t<\/div>\n\n\t\n\n\t<div id=\"col-1169301503\" class=\"col medium-6 small-12 large-6\"  >\n\t\t\t\t<div class=\"col-inner\"  >\n\t\t\t\n\t\t\t\n<h2 class=\"auto-hide-last-sibling-br paragraph-u1TS5p paragraph-element br-paragraph-space\">Edut <a href=\"https:\/\/sinkwithfaucet.com\/fi\/stainless-steel-faucet\/\">Ruostumattomasta ter\u00e4ksest\u00e4 valmistetut keitti\u00f6hanat<\/a>:<\/h2>\n<div class=\"auto-hide-last-sibling-br paragraph-u1TS5p paragraph-element br-paragraph-space\">Ensinn\u00e4kin kest\u00e4vyys on suuri etu. Ruostumattomasta ter\u00e4ksest\u00e4 valmistetut hanat kest\u00e4v\u00e4t ruostetta, korroosiota ja kuumuutta. Ne kest\u00e4v\u00e4t p\u00e4ivitt\u00e4isen k\u00e4yt\u00f6n aiheuttamaa kulutusta ja kest\u00e4v\u00e4t pitk\u00e4\u00e4n.<\/div>\n<div>\u00a0<\/div>\n<div class=\"auto-hide-last-sibling-br paragraph-u1TS5p paragraph-element br-paragraph-space\">Hygienia on toinen suuri n\u00e4k\u00f6kohta. Ne on eritt\u00e4in helppo puhdistaa ja huoltaa. Sinun ei tarvitse k\u00e4ytt\u00e4\u00e4 paljon aikaa ja vaivaa niiden pit\u00e4miseen hyv\u00e4nn\u00e4k\u00f6isin\u00e4.<\/div>\n<div>\u00a0<\/div>\n<div class=\"auto-hide-last-sibling-br paragraph-u1TS5p paragraph-element br-paragraph-space\">Ruostumattomasta ter\u00e4ksest\u00e4 valmistettujen keitti\u00f6hanojen modernia estetiikkaa on my\u00f6s vaikea voittaa. Tyylikk\u00e4\u00e4n ja tyylikk\u00e4\u00e4n muotoilunsa ansiosta ne t\u00e4ydent\u00e4v\u00e4t erilaisia keitti\u00f6tyylej\u00e4. Olipa keitti\u00f6si sitten perinteinen, moderni tai jossain silt\u00e4 v\u00e4lilt\u00e4, l\u00f6ytyy ruostumattomasta ter\u00e4ksest\u00e4 valmistettu hana, joka sopii juuri sinne.<\/div>\n<div>\u00a0<\/div>\n<div class=\"auto-hide-last-sibling-br paragraph-u1TS5p paragraph-element br-paragraph-space\">Monipuolisuus on viel\u00e4 yksi etu. Saatavilla on laaja valikoima erilaisia tyylej\u00e4 ja pintak\u00e4sittelyj\u00e4, joten voit valita mieleisesi.<\/div>\n<div class=\"auto-hide-last-sibling-br paragraph-u1TS5p paragraph-element br-paragraph-space\">\u00a0<\/div>\n\t\t<\/div>\n\t\t\t\t\t<\/div>\n\n\t\n<\/div>\n\t\t<\/div>\n\n\t\t\n<style>\n#section_1070044819 {\n  padding-top: 30px;\n  padding-bottom: 30px;\n}\n<\/style>\n\t<\/section>\n\t\n\t<section class=\"section\" id=\"section_1844234963\">\n\t\t<div class=\"bg section-bg fill bg-fill  bg-loaded\" >\n\n\t\t\t\n\t\t\t<div class=\"section-bg-overlay absolute fill\"><\/div>\n\t\t\t\n\n\t\t<\/div>\n\n\t\t\n\n\t\t<div class=\"section-content relative\">\n\t\t\t\n<div class=\"row\"  id=\"row-4537343\">\n\n\t<div id=\"col-1589549406\" class=\"col medium-6 small-12 large-6\"  >\n\t\t\t\t<div class=\"col-inner\"  >\n\t\t\t\n\t\t\t\n<h2 class=\"auto-hide-last-sibling-br paragraph-u1TS5p paragraph-element br-paragraph-space\">Huomioita valittaessa ruostumattomasta ter\u00e4ksest\u00e4 valmistettua keitti\u00f6hanaa:<\/h2>\n<div class=\"auto-hide-last-sibling-br paragraph-u1TS5p paragraph-element br-paragraph-space\">Tyyli on todella t\u00e4rke\u00e4\u00e4. Haluat valita hanan, joka sopii hyvin keitti\u00f6n yleiseen muotoiluun. Sen pit\u00e4isi pikemminkin korostaa keitti\u00f6n ulkon\u00e4k\u00f6\u00e4 kuin olla ristiriidassa sen kanssa.<\/div>\n<div><\/div>\n<div class=\"auto-hide-last-sibling-br paragraph-u1TS5p paragraph-element br-paragraph-space\">My\u00f6s toiminnallisuutta on syyt\u00e4 mietti\u00e4. Harkitse tarvitsemiasi erityisominaisuuksia. Esimerkiksi alasvedett\u00e4v\u00e4 suihkutuslaite tai kosketukseton anturi voivat olla todella k\u00e4tevi\u00e4.<\/div>\n<div><\/div>\n<div class=\"auto-hide-last-sibling-br paragraph-u1TS5p paragraph-element br-paragraph-space\">My\u00f6s viimeistelyll\u00e4 on merkityst\u00e4. Valitse sellainen, joka on sek\u00e4 tyylik\u00e4s ett\u00e4 k\u00e4yt\u00e4nn\u00f6llinen. Harjattu nikkeli, kromi tai mattamusta ovat kaikki hyvi\u00e4 vaihtoehtoja.<\/div>\n<div><\/div>\n<div class=\"auto-hide-last-sibling-br paragraph-u1TS5p paragraph-element br-paragraph-space\">Vedenpaine on toinen tekij\u00e4. Varmista, ett\u00e4 hana kest\u00e4\u00e4 vedenpaineen ja antaa riitt\u00e4v\u00e4n veden virtauksen. Et halua heikkoa vesivirtaa, kun yrit\u00e4t pest\u00e4 astioita tai t\u00e4ytt\u00e4\u00e4 kattilaa.<\/div>\n<div class=\"auto-hide-last-sibling-br paragraph-u1TS5p paragraph-element br-paragraph-space\"><\/div>\n\t<div id=\"gap-881662686\" class=\"gap-element clearfix\" style=\"display:block; height:auto;\">\n\t\t\n<style>\n#gap-881662686 {\n  padding-top: 40px;\n}\n<\/style>\n\t<\/div>\n\t\n<a href=\"https:\/\/sinkwithfaucet.com\/wp-content\/uploads\/2025\/05\/1.pdf\" target=\"_blank\" class=\"button primary\" rel=\"noopener\"  style=\"border-radius:99px;\">\n    <span>lis\u00e4\u00e4 hanatyyli\u00e4<\/span>\n  <\/a>\n\n\t\t<\/div>\n\t\t\t\t\t<\/div>\n\n\t\n\n\t<div id=\"col-735965268\" class=\"col medium-6 small-12 large-6\"  >\n\t\t\t\t<div class=\"col-inner\"  >\n\t\t\t\n\t\t\t\n\t<div class=\"img has-hover x md-x lg-x y md-y lg-y\" id=\"image_541231678\">\n\t\t\t\t\t\t\t\t<div class=\"img-inner image-cover dark\" style=\"padding-top:85%;\">\n\t\t\t<img loading=\"lazy\" decoding=\"async\" width=\"500\" height=\"500\" src=\"https:\/\/sinkwithfaucet.com\/wp-content\/uploads\/2024\/11\/c22ea714-3146-428c-8096-0e1fd31b7b6a.jpg\" class=\"attachment-original size-original\" alt=\"Ruostumaton keitti\u00f6 hanat\" srcset=\"https:\/\/sinkwithfaucet.com\/wp-content\/uploads\/2024\/11\/c22ea714-3146-428c-8096-0e1fd31b7b6a.jpg 500w, https:\/\/sinkwithfaucet.com\/wp-content\/uploads\/2024\/11\/c22ea714-3146-428c-8096-0e1fd31b7b6a-300x300.jpg 300w, https:\/\/sinkwithfaucet.com\/wp-content\/uploads\/2024\/11\/c22ea714-3146-428c-8096-0e1fd31b7b6a-150x150.jpg 150w, https:\/\/sinkwithfaucet.com\/wp-content\/uploads\/2024\/11\/c22ea714-3146-428c-8096-0e1fd31b7b6a-12x12.jpg 12w, https:\/\/sinkwithfaucet.com\/wp-content\/uploads\/2024\/11\/c22ea714-3146-428c-8096-0e1fd31b7b6a-100x100.jpg 100w\" sizes=\"auto, (max-width: 500px) 100vw, 500px\" title=\"\">\t\t\t\t\t\t\n\t\t\t\t\t<\/div>\n\t\t\t\t\t\t\t\t\n<style>\n#image_541231678 {\n  width: 100%;\n}\n<\/style>\n\t<\/div>\n\t\n\t\t<\/div>\n\t\t\t\t\t<\/div>\n\n\t\n<\/div>\n\t\t<\/div>\n\n\t\t\n<style>\n#section_1844234963 {\n  padding-top: 30px;\n  padding-bottom: 30px;\n  background-color: rgba(208, 208, 208, 0.424);\n}\n#section_1844234963 .section-bg-overlay {\n  background-color: #f0fcf9;\n}\n<\/style>\n\t<\/section>\n\t\n\t<section class=\"section\" id=\"section_1592729785\">\n\t\t<div class=\"bg section-bg fill bg-fill  bg-loaded\" >\n\n\t\t\t\n\t\t\t\n\t\t\t\n\n\t\t<\/div>\n\n\t\t\n\n\t\t<div class=\"section-content relative\">\n\t\t\t\n<div class=\"row\"  id=\"row-1034829633\">\n\n\t<div id=\"col-1076190455\" class=\"col small-12 large-12\"  >\n\t\t\t\t<div class=\"col-inner\"  >\n\t\t\t\n\t\t\t\n<h2 style=\"text-align: center;\">Ota yhteytt\u00e4<\/h2>\n\t\t<\/div>\n\t\t\t\t\t<\/div>\n\n\t\n<\/div>\n<div class=\"row\"  id=\"row-1395097439\">\n\n\t<div id=\"col-401501645\" class=\"col small-12 large-12\"  >\n\t\t\t\t<div class=\"col-inner\"  >\n\t\t\t\n\t\t\t\n\n<div class=\"wpcf7 no-js\" id=\"wpcf7-f280-o1\" lang=\"en-US\" dir=\"ltr\" data-wpcf7-id=\"280\">\n<div class=\"screen-reader-response\"><p role=\"status\" aria-live=\"polite\" aria-atomic=\"true\"><\/p> <ul><\/ul><\/div>\n<form action=\"\/fi\/wp-json\/wp\/v2\/pages\/1608#wpcf7-f280-o1\" method=\"post\" class=\"wpcf7-form init\" aria-label=\"Yhteydenottolomake\" novalidate=\"novalidate\" data-status=\"init\" data-trp-original-action=\"\/fi\/wp-json\/wp\/v2\/pages\/1608#wpcf7-f280-o1\">\n<fieldset class=\"hidden-fields-container\"><input type=\"hidden\" name=\"_wpcf7\" value=\"280\" \/><input type=\"hidden\" name=\"_wpcf7_version\" value=\"6.1\" \/><input type=\"hidden\" name=\"_wpcf7_locale\" value=\"en_US\" \/><input type=\"hidden\" name=\"_wpcf7_unit_tag\" value=\"wpcf7-f280-o1\" \/><input type=\"hidden\" name=\"_wpcf7_container_post\" value=\"0\" \/><input type=\"hidden\" name=\"_wpcf7_posted_data_hash\" value=\"\" \/>\n<\/fieldset>\n<div class='custom_contact_style'>\n\t<div class=\"row row-small\">\n\t\t<div class=\"col medium-6 small-12 large-6\">\n\t\t\t<div class=\"col-inner\">\n\t\t\t\t<p><span class=\"wpcf7-form-control-wrap\" data-name=\"your-name\"><input size=\"40\" maxlength=\"400\" class=\"wpcf7-form-control wpcf7-text wpcf7-validates-as-required\" aria-required=\"true\" aria-invalid=\"false\" placeholder=\"Nimi*\" value=\"\" type=\"text\" name=\"your-name\" \/><\/span>\n\t\t\t\t<\/p>\n\t\t\t<\/div>\n\t\t<\/div>\n\t\t<div class=\"col medium-6 small-12 large-6\">\n\t\t\t<div class=\"col-inner\">\n\t\t\t\t<p><span class=\"wpcf7-form-control-wrap\" data-name=\"your-email\"><input size=\"40\" maxlength=\"400\" class=\"wpcf7-form-control wpcf7-email wpcf7-validates-as-required wpcf7-text wpcf7-validates-as-email\" aria-required=\"true\" aria-invalid=\"false\" placeholder=\"S\u00e4hk\u00f6posti*\" value=\"\" type=\"email\" name=\"your-email\" \/><\/span>\n\t\t\t\t<\/p>\n\t\t\t<\/div>\n\t\t<\/div>\n\t<\/div>\n\t<div class='cus_contact_form_bottom'>\n\t\t<p><span class=\"wpcf7-form-control-wrap\" data-name=\"your-phone\"><input size=\"40\" maxlength=\"400\" class=\"wpcf7-form-control wpcf7-text\" aria-invalid=\"false\" placeholder=\"Puhelin\" value=\"\" type=\"text\" name=\"your-phone\" \/><\/span>\n\t\t<\/p>\n\t<\/div>\n\t<div class='cus_contact_form_bottom'>\n\t\t<p><span class=\"wpcf7-form-control-wrap\" data-name=\"your-country\"><input size=\"40\" maxlength=\"400\" class=\"wpcf7-form-control wpcf7-text\" aria-invalid=\"false\" placeholder=\"Maa\" value=\"\" type=\"text\" name=\"your-country\" \/><\/span>\n\t\t<\/p>\n\t<\/div>\n\t<p><span class=\"wpcf7-form-control-wrap\" data-name=\"your-message\"><textarea cols=\"40\" rows=\"10\" maxlength=\"2000\" class=\"wpcf7-form-control wpcf7-textarea wpcf7-validates-as-required\" aria-required=\"true\" aria-invalid=\"false\" placeholder=\"Viestisi *\" name=\"your-message\"><\/textarea><\/span>\n\t<\/p>\n\t<div style=\"margin-bottom:10px;\">\n\t\t<p><span class=\"wpcf7-form-control-wrap kc_captcha cf7ic-toggle\" data-name=\"kc_captcha\"><span class=\"wpcf7-form-control wpcf7-radio\"><span class=\"captcha-image\" style=\"display: none;\"><span class=\"cf7ic_instructions\">Todista, ett\u00e4 olet ihminen valitsemalla<span> kuppi<\/span>.<\/span><label><input aria-label=\"1\" type=\"radio\" name=\"kc_captcha\" value=\"bot\" \/><svg aria-hidden=\"true\" role=\"img\" xmlns=\"http:\/\/www.w3.org\/2000\/svg\" viewbox=\"0 0 576 512\"><path fill=\"currentColor\" d=\"M488 313v143c0 13-11 24-24 24H348c-7 0-12-5-12-12V356c0-7-5-12-12-12h-72c-7 0-12 5-12 12v112c0 7-5 12-12 12H112c-13 0-24-11-24-24V313c0-4 2-7 4-10l188-154c5-4 11-4 16 0l188 154c2 3 4 6 4 10zm84-61l-84-69V44c0-6-5-12-12-12h-56c-7 0-12 6-12 12v73l-89-74a48 48 0 00-61 0L4 252c-5 4-5 12-1 17l25 31c5 5 12 5 17 1l235-193c5-4 11-4 16 0l235 193c5 5 13 4 17-1l25-31c4-6 4-13-1-17z\"\/><\/svg><\/label><label><input aria-label=\"2\" type=\"radio\" name=\"kc_captcha\" value=\"kc_human\" \/><svg aria-hidden=\"true\" role=\"img\" xmlns=\"http:\/\/www.w3.org\/2000\/svg\" viewbox=\"0 0 640 512\"><path fill=\"currentColor\" d=\"M192 384h192c53 0 96-43 96-96h32a128 128 0 000-256H120c-13 0-24 11-24 24v232c0 53 43 96 96 96zM512 96a64 64 0 010 128h-32V96h32zm48 384H48c-47 0-61-64-36-64h584c25 0 11 64-36 64z\"\/><\/svg><\/label><label><input aria-label=\"3\" type=\"radio\" name=\"kc_captcha\" value=\"bot\" \/><svg aria-hidden=\"true\" role=\"img\" xmlns=\"http:\/\/www.w3.org\/2000\/svg\" viewbox=\"0 0 640 512\"><path fill=\"currentColor\" d=\"M624 352h-16V244c0-13-5-25-14-34L494 110c-9-9-21-14-34-14h-44V48c0-26-21-48-48-48H48C22 0 0 22 0 48v320c0 27 22 48 48 48h16a96 96 0 00192 0h128a96 96 0 00192 0h48c9 0 16-7 16-16v-32c0-9-7-16-16-16zM160 464a48 48 0 110-96 48 48 0 010 96zm320 0a48 48 0 110-96 48 48 0 010 96zm80-208H416V144h44l100 100v12z\"\/><\/svg><\/label>\r\n    <\/span>\r\n    <span style=\"display:none\">\r\n        <input type=\"text\" name=\"kc_honeypot\">\r\n    <\/span><\/span><\/span>\n\t\t<\/p>\n\t<\/div>\n\t<p><input class=\"wpcf7-form-control wpcf7-submit has-spinner\" type=\"submit\" value=\"L\u00e4het\u00e4 viesti\" \/>\n\t<\/p>\n<\/div><div class=\"wpcf7-response-output\" aria-hidden=\"true\"><\/div>\n<input type=\"hidden\" name=\"trp-form-language\" value=\"fi\"\/><\/form>\n<\/div>\n\n\t\t<\/div>\n\t\t\t\t\t<\/div>\n\n\t\n<\/div>\n\t\t<\/div>\n\n\t\t\n<style>\n#section_1592729785 {\n  padding-top: 30px;\n  padding-bottom: 30px;\n}\n<\/style>\n\t<\/section>","protected":false},"excerpt":{"rendered":"","protected":false},"author":4,"featured_media":2495,"parent":0,"menu_order":0,"comment_status":"closed","ping_status":"closed","template":"page-blank.php","meta":{"footnotes":""},"class_list":["post-1608","page","type-page","status-publish","has-post-thumbnail","hentry"],"_links":{"self":[{"href":"https:\/\/sinkwithfaucet.com\/fi\/wp-json\/wp\/v2\/pages\/1608","targetHints":{"allow":["GET"]}}],"collection":[{"href":"https:\/\/sinkwithfaucet.com\/fi\/wp-json\/wp\/v2\/pages"}],"about":[{"href":"https:\/\/sinkwithfaucet.com\/fi\/wp-json\/wp\/v2\/types\/page"}],"author":[{"embeddable":true,"href":"https:\/\/sinkwithfaucet.com\/fi\/wp-json\/wp\/v2\/users\/4"}],"replies":[{"embeddable":true,"href":"https:\/\/sinkwithfaucet.com\/fi\/wp-json\/wp\/v2\/comments?post=1608"}],"version-history":[{"count":50,"href":"https:\/\/sinkwithfaucet.com\/fi\/wp-json\/wp\/v2\/pages\/1608\/revisions"}],"predecessor-version":[{"id":3485,"href":"https:\/\/sinkwithfaucet.com\/fi\/wp-json\/wp\/v2\/pages\/1608\/revisions\/3485"}],"wp:featuredmedia":[{"embeddable":true,"href":"https:\/\/sinkwithfaucet.com\/fi\/wp-json\/wp\/v2\/media\/2495"}],"wp:attachment":[{"href":"https:\/\/sinkwithfaucet.com\/fi\/wp-json\/wp\/v2\/media?parent=1608"}],"curies":[{"name":"wp","href":"https:\/\/api.w.org\/{rel}","templated":true}]}}