{"id":2665,"date":"2024-11-11T10:29:22","date_gmt":"2024-11-11T10:29:22","guid":{"rendered":"https:\/\/sinkwithfaucet.com\/?post_type=product&#038;p=2665"},"modified":"2024-11-11T10:29:22","modified_gmt":"2024-11-11T10:29:22","slug":"modern-sink-faucet-1008","status":"publish","type":"product","link":"https:\/\/sinkwithfaucet.com\/et\/modern-sink-faucet-1008\/","title":{"rendered":"Kaasaegne kraanikauss 1008"},"content":{"rendered":"<h2 data-sourcepos=\"1:1-1:52\">Kaasaegsed kraanikausid: Vormi ja funktsiooni segu<\/h2>\n<p data-sourcepos=\"3:1-3:211\">Kaasaegne kraanikauss on midagi enamat kui lihtsalt funktsionaalne torustik. See on disainilahendus, mis v\u00f5ib teie k\u00f6\u00f6gi v\u00f5i vannitoa esteetikat t\u00f5sta. Siin on m\u00f5ned moodsate kraanikausside p\u00f5hiomadused:<\/p>\n<h3 data-sourcepos=\"5:1-5:40\">Kaasaegsete kraanikausside p\u00f5hiomadused:<\/h3>\n<ul data-sourcepos=\"7:1-13:0\">\n<li data-sourcepos=\"7:1-7:87\"><strong>Minimalistlik disain:<\/strong> Puhtad jooned, lihtsad vormid ja keskendumine olulistele elementidele.<\/li>\n<li data-sourcepos=\"8:1-8:87\"><strong>Stiilne viimistlus:<\/strong> Populaarsed viimistlused on matt must, harjatud nikkel ja kroom.<\/li>\n<li data-sourcepos=\"9:1-9:65\"><strong>K\u00f5rge kaarega v\u00e4ljalaskeavad:<\/strong> V\u00f5imaldab h\u00f5lpsasti t\u00e4ita k\u00f5rgeid mahuteid.<\/li>\n<li data-sourcepos=\"10:1-10:72\"><strong>T\u00f5mmatavad v\u00f5i v\u00e4ljat\u00f5mmatavad pihustid:<\/strong> Pakkuda paindlikkust ja mugavust.<\/li>\n<li data-sourcepos=\"11:1-11:70\"><strong>Puudutuseta tehnoloogia:<\/strong> K\u00e4edeta t\u00f6\u00f6 paremaks h\u00fcgieeniks.<\/li>\n<li data-sourcepos=\"12:1-13:0\"><strong>Veet\u00f5hus projekteerimine:<\/strong> V\u00e4hendage veetarbimist, ilma et teeksite j\u00e4releandmisi j\u00f5udluse osas.<\/li>\n<\/ul>\n<h3 data-sourcepos=\"14:1-14:33\">Kaasaegsete kraanikausside t\u00fc\u00fcbid:<\/h3>\n<ul data-sourcepos=\"16:1-20:0\">\n<li data-sourcepos=\"16:1-16:104\"><strong>\u00dche k\u00e4epidemega kraanid:<\/strong> Lihtne kasutada \u00fche hoobiga, millega saab reguleerida nii veetemperatuuri kui ka -voolu.<\/li>\n<li data-sourcepos=\"17:1-17:70\"><strong>Kahe k\u00e4epidemega kraanid:<\/strong> Pakub kuuma ja k\u00fclma vee t\u00e4pset reguleerimist.<\/li>\n<li data-sourcepos=\"18:1-18:86\"><strong>Silla kraanid:<\/strong> Klassikaline stiil kahe eraldi k\u00e4epidemega, mis on \u00fchendatud sillaga.<\/li>\n<li data-sourcepos=\"19:1-20:0\"><strong>Seinale paigaldatavad kraanid:<\/strong> Loo minimalistlik ja kaasaegne v\u00e4limus.<\/li>\n<\/ul>\n<h3 data-sourcepos=\"21:1-21:59\">Tegurid, mida kaaluda kaasaegse kraanikausi valimisel:<\/h3>\n<ul data-sourcepos=\"23:1-29:0\">\n<li data-sourcepos=\"23:1-23:85\"><strong>Stiil:<\/strong> Valige stiil, mis sobib teie k\u00f6\u00f6gi v\u00f5i vannitoa \u00fcldise kujundusega.<\/li>\n<li data-sourcepos=\"24:1-24:72\"><strong>L\u00f5peta:<\/strong> Valige viimistlus, mis on vastupidav ja sobib teie riistvaraga.<\/li>\n<li data-sourcepos=\"25:1-25:88\"><strong>Funktsionaalsus:<\/strong> Kaaluge selliseid funktsioone nagu t\u00f5mmatav pihusti v\u00f5i puutevaba tehnoloogia.<\/li>\n<li data-sourcepos=\"26:1-26:78\"><strong>Vee r\u00f5hk:<\/strong> Veenduge, et kraan saab hakkama teie kodu veesurvega.<\/li>\n<li data-sourcepos=\"27:1-27:99\"><strong>Paigaldamine:<\/strong> Valige kraan, mida on lihtne paigaldada, v\u00f5i konsulteerige professionaalse torumehega.<\/li>\n<li data-sourcepos=\"28:1-29:0\"><strong>Eelarve:<\/strong> Seadke eelarve ja uurige oma hinnaklassi kuuluvaid v\u00f5imalusi.<\/li>\n<\/ul>\n<p data-sourcepos=\"30:1-30:137\">Neid tegureid hoolikalt kaaludes saate valida moodsa valamu kraani, mis t\u00e4iendab teie ruumi stiili ja funktsionaalsust.<\/p>","protected":false},"excerpt":{"rendered":"<table style=\"height: 407px;\" width=\"704\">\n<tbody>\n<tr>\n<td width=\"808\">1 Kraani \u00fcldm\u00f5\u00f5tmed<\/td>\n<td width=\"1177\">300*225mm<\/td>\n<\/tr>\n<tr>\n<td width=\"808\">2 Kraan netokaal<\/td>\n<td width=\"1177\">2kg<\/td>\n<\/tr>\n<tr>\n<td width=\"808\">3 Kraan koos karbiga Brutokaal<\/td>\n<td width=\"1177\">2.5kgs<\/td>\n<\/tr>\n<tr>\n<td width=\"808\">4 kasti m\u00f5\u00f5tmed<\/td>\n<td width=\"1177\">54*32*26mm<\/td>\n<\/tr>\n<tr>\n<td width=\"808\">5 Pakkimine<\/td>\n<td width=\"1177\">4TK\/CTN;10TK\/CTN;12TK\/CTN<\/td>\n<\/tr>\n<tr>\n<td width=\"808\">6 Sisendvooliku pikkus<\/td>\n<td width=\"1177\">60mm<\/td>\n<\/tr>\n<tr>\n<td width=\"808\">7 Vesijuhi mutri suurus<\/td>\n<td width=\"1177\">3\/8\" v\u00f5i 1\/2\" v\u00f5i 9\/16<\/td>\n<\/tr>\n<tr>\n<td width=\"808\">8 Paigaldusava l\u00f5ikekoha suurus<\/td>\n<td width=\"1177\">35mm<\/td>\n<\/tr>\n<tr>\n<td width=\"808\">9 Kraanide materjalid<\/td>\n<td width=\"1177\">Pliivaba Premium 304 Ameerika standardne roostevaba<br \/>\nteras<\/td>\n<\/tr>\n<\/tbody>\n<\/table>","protected":false},"featured_media":2666,"template":"","meta":[],"product_brand":[],"product_cat":[57],"product_tag":[],"class_list":{"0":"post-2665","1":"product","2":"type-product","3":"status-publish","4":"has-post-thumbnail","6":"product_cat-stainless-steel-faucet","8":"first","9":"instock","10":"shipping-taxable","11":"product-type-simple"},"_links":{"self":[{"href":"https:\/\/sinkwithfaucet.com\/et\/wp-json\/wp\/v2\/product\/2665","targetHints":{"allow":["GET"]}}],"collection":[{"href":"https:\/\/sinkwithfaucet.com\/et\/wp-json\/wp\/v2\/product"}],"about":[{"href":"https:\/\/sinkwithfaucet.com\/et\/wp-json\/wp\/v2\/types\/product"}],"wp:featuredmedia":[{"embeddable":true,"href":"https:\/\/sinkwithfaucet.com\/et\/wp-json\/wp\/v2\/media\/2666"}],"wp:attachment":[{"href":"https:\/\/sinkwithfaucet.com\/et\/wp-json\/wp\/v2\/media?parent=2665"}],"wp:term":[{"taxonomy":"product_brand","embeddable":true,"href":"https:\/\/sinkwithfaucet.com\/et\/wp-json\/wp\/v2\/product_brand?post=2665"},{"taxonomy":"product_cat","embeddable":true,"href":"https:\/\/sinkwithfaucet.com\/et\/wp-json\/wp\/v2\/product_cat?post=2665"},{"taxonomy":"product_tag","embeddable":true,"href":"https:\/\/sinkwithfaucet.com\/et\/wp-json\/wp\/v2\/product_tag?post=2665"}],"curies":[{"name":"wp","href":"https:\/\/api.w.org\/{rel}","templated":true}]}}