{"id":2662,"date":"2024-11-11T10:24:59","date_gmt":"2024-11-11T10:24:59","guid":{"rendered":"https:\/\/sinkwithfaucet.com\/?post_type=product&#038;p=2662"},"modified":"2024-11-11T10:24:59","modified_gmt":"2024-11-11T10:24:59","slug":"single-hole-kitchen-sink-faucet-1203","status":"publish","type":"product","link":"https:\/\/sinkwithfaucet.com\/et\/single-hole-kitchen-sink-faucet-1203\/","title":{"rendered":"\u00dche auguga k\u00f6\u00f6givalamu kraan 1203"},"content":{"rendered":"<p data-sourcepos=\"1:1-1:198\">\u00dche auguga k\u00f6\u00f6givalamu kraan on populaarne valik kaasaegsetesse k\u00f6\u00f6kidesse t\u00e4nu oma elegantsele ja minimalistlikule disainile. See on disainitud nii, et see mahub teie t\u00f6\u00f6laual asuvasse \u00fchte auku, mis teeb paigaldamise lihtsaks.<\/p>\n<h2 data-sourcepos=\"3:1-3:48\">\u00dche auguga k\u00f6\u00f6givalamu kraanide p\u00f5hiomadused:<\/h2>\n<ul data-sourcepos=\"5:1-10:0\">\n<li data-sourcepos=\"5:1-5:81\"><strong>Stiilne disain:<\/strong> \u00dche auguga disain loob puhta ja kaasaegse v\u00e4limuse.<\/li>\n<li data-sourcepos=\"6:1-6:66\"><strong>Lihtne paigaldamine:<\/strong> Lihtne paigaldada, eriti DIY-t\u00f6\u00f6tajatele.<\/li>\n<li data-sourcepos=\"7:1-7:119\"><strong>Erinevad stiilid:<\/strong> Saadaval erinevates stiilides, alates modernsest kuni traditsiooniliseni, et sobida erinevatele k\u00f6\u00f6gi esteetikatele.<\/li>\n<li data-sourcepos=\"8:1-8:111\"><strong>Vastupidavus:<\/strong> Valmistatud kvaliteetsetest materjalidest, nagu messing ja roostevaba teras, mis tagavad kauakestva toimivuse.<\/li>\n<li data-sourcepos=\"9:1-10:0\"><strong>Lihtne hooldus:<\/strong> Lihtne puhastada ja hooldada.<\/li>\n<\/ul>\n<h2 data-sourcepos=\"11:1-11:41\">\u00dche auguga k\u00f6\u00f6givalamu kraanide t\u00fc\u00fcbid:<\/h2>\n<ul data-sourcepos=\"13:1-16:0\">\n<li data-sourcepos=\"13:1-13:108\"><strong>\u00dche k\u00e4epidemega kraanid:<\/strong> Pakkuda lihtsat reguleerimist nii veetemperatuuri kui ka vooluhulga reguleerimist \u00fche hoobiga.<\/li>\n<li data-sourcepos=\"14:1-14:106\"><strong>T\u00f5mmatavad kraanid:<\/strong> Paindlik otsik, mida saab alla t\u00f5mmata, et suurendada k\u00e4eulatust ja mitmek\u00fclgsust.<\/li>\n<li data-sourcepos=\"15:1-16:0\"><strong>Puudutuseta kraanid:<\/strong> Paremate h\u00fcgieenitingimuste tagamiseks k\u00e4ed-vabaduse tagamine.<\/li>\n<\/ul>\n<h2 data-sourcepos=\"17:1-17:59\">Tegurid, mida \u00fche auguga kraani valimisel arvesse v\u00f5tta:<\/h2>\n<ul data-sourcepos=\"19:1-23:0\">\n<li data-sourcepos=\"19:1-19:114\"><strong>V\u00e4ljalaske k\u00f5rgus:<\/strong> Veenduge, et kraanikaevu k\u00f5rgus vastab teie valamu s\u00fcgavusele ja kasutatavate pottide ja pannide suurusele.<\/li>\n<li data-sourcepos=\"20:1-20:116\"><strong>L\u00f5peta:<\/strong> Valige oma k\u00f6\u00f6gi stiiliga sobiv viimistlus, n\u00e4iteks kroom, harjatud nikkel v\u00f5i mattmust.<\/li>\n<li data-sourcepos=\"21:1-21:78\"><strong>Vee r\u00f5hk:<\/strong> Veenduge, et kraan saab hakkama teie kodu veesurvega.<\/li>\n<li data-sourcepos=\"22:1-23:0\"><strong>Paigaldamine:<\/strong> M\u00f5elge paigaldusmeetodile ja vajalikele toruliitmikele.<\/li>\n<\/ul>\n<p data-sourcepos=\"24:1-24:147\">Neid tegureid hoolikalt kaaludes saate valida \u00fche auguga k\u00f6\u00f6gikraani, mis parandab nii teie k\u00f6\u00f6gi funktsionaalsust kui ka stiili.<\/p>","protected":false},"excerpt":{"rendered":"<table style=\"height: 407px;\" width=\"704\">\n<tbody>\n<tr>\n<td width=\"808\">1 Kraani \u00fcldm\u00f5\u00f5tmed<\/td>\n<td width=\"1177\">380*225mm<\/td>\n<\/tr>\n<tr>\n<td width=\"808\">2 Kraan netokaal<\/td>\n<td width=\"1177\">2kg<\/td>\n<\/tr>\n<tr>\n<td width=\"808\">3 Kraan koos karbiga Brutokaal<\/td>\n<td width=\"1177\">2.5kgs<\/td>\n<\/tr>\n<tr>\n<td width=\"808\">4 kasti m\u00f5\u00f5tmed<\/td>\n<td width=\"1177\">54*32*26mm<\/td>\n<\/tr>\n<tr>\n<td width=\"808\">5 Pakkimine<\/td>\n<td width=\"1177\">4TK\/CTN;10TK\/CTN;12TK\/CTN<\/td>\n<\/tr>\n<tr>\n<td width=\"808\">6 Sisendvooliku pikkus<\/td>\n<td width=\"1177\">60mm<\/td>\n<\/tr>\n<tr>\n<td width=\"808\">7 Vesijuhi mutri suurus<\/td>\n<td width=\"1177\">3\/8\" v\u00f5i 1\/2\" v\u00f5i 9\/16<\/td>\n<\/tr>\n<tr>\n<td width=\"808\">8 Paigaldusava l\u00f5ikekoha suurus<\/td>\n<td width=\"1177\">35mm<\/td>\n<\/tr>\n<tr>\n<td width=\"808\">9 Kraanide materjalid<\/td>\n<td width=\"1177\">Pliivaba Premium 304 Ameerika standardne roostevaba<br \/>\nteras<\/td>\n<\/tr>\n<\/tbody>\n<\/table>","protected":false},"featured_media":2663,"template":"","meta":[],"product_brand":[],"product_cat":[57],"product_tag":[],"class_list":{"0":"post-2662","1":"product","2":"type-product","3":"status-publish","4":"has-post-thumbnail","6":"product_cat-stainless-steel-faucet","8":"first","9":"instock","10":"shipping-taxable","11":"product-type-simple"},"_links":{"self":[{"href":"https:\/\/sinkwithfaucet.com\/et\/wp-json\/wp\/v2\/product\/2662","targetHints":{"allow":["GET"]}}],"collection":[{"href":"https:\/\/sinkwithfaucet.com\/et\/wp-json\/wp\/v2\/product"}],"about":[{"href":"https:\/\/sinkwithfaucet.com\/et\/wp-json\/wp\/v2\/types\/product"}],"wp:featuredmedia":[{"embeddable":true,"href":"https:\/\/sinkwithfaucet.com\/et\/wp-json\/wp\/v2\/media\/2663"}],"wp:attachment":[{"href":"https:\/\/sinkwithfaucet.com\/et\/wp-json\/wp\/v2\/media?parent=2662"}],"wp:term":[{"taxonomy":"product_brand","embeddable":true,"href":"https:\/\/sinkwithfaucet.com\/et\/wp-json\/wp\/v2\/product_brand?post=2662"},{"taxonomy":"product_cat","embeddable":true,"href":"https:\/\/sinkwithfaucet.com\/et\/wp-json\/wp\/v2\/product_cat?post=2662"},{"taxonomy":"product_tag","embeddable":true,"href":"https:\/\/sinkwithfaucet.com\/et\/wp-json\/wp\/v2\/product_tag?post=2662"}],"curies":[{"name":"wp","href":"https:\/\/api.w.org\/{rel}","templated":true}]}}