{"id":2660,"date":"2024-11-11T10:19:02","date_gmt":"2024-11-11T10:19:02","guid":{"rendered":"https:\/\/sinkwithfaucet.com\/?post_type=product&#038;p=2660"},"modified":"2024-12-27T03:10:06","modified_gmt":"2024-12-27T03:10:06","slug":"single-handle-pull-out-sprayer-kitchen-faucet","status":"publish","type":"product","link":"https:\/\/sinkwithfaucet.com\/et\/single-handle-pull-out-sprayer-kitchen-faucet\/","title":{"rendered":"\u00dche k\u00e4epidemega v\u00e4ljat\u00f5mmatav k\u00f6\u00f6gikraan 1107"},"content":{"rendered":"<h2 class=\"a-size-base-plus a-text-bold\"><strong>\u00dche k\u00e4epidemega v\u00e4ljat\u00f5mmatava pihusti k\u00f6\u00f6gikraani kohta<\/strong><\/h2>\n<ul class=\"a-unordered-list a-vertical a-spacing-mini\">\n<li class=\"a-spacing-mini\"><span class=\"a-list-item\"><strong>KAUAKESTEV JA VASTUPIDAV: <\/strong>See v\u00e4ljat\u00f5mmatav k\u00f6\u00f6gikraan on valmistatud kvaliteetsest roostevabast terasest, millel on kindel struktuur ja mille pinnal on kasutatud k\u00f5rge temperatuuriga k\u00fcpsetusv\u00e4rvi tehnoloogiat, mis on kulumiskindel ja vastupidav, ei roosteta ega tuhmunud ning mida saab kasutada pikka aega.<\/span><\/li>\n<li class=\"a-spacing-mini\"><span class=\"a-list-item\"><strong>TOPELTVOOLURE\u017dIIM: <\/strong>K\u00f6\u00f6givalamu kraan on varustatud ka topeltvoolufunktsiooniga, mida saab h\u00f5lpsasti vahetada tavalise veesamba ja v\u00f5imsa du\u0161i vahel, et rahuldada erinevaid vajadusi.<\/span><\/li>\n<li class=\"a-spacing-mini\"><span class=\"a-list-item\"><strong>TEMPERATUURI REGULEERIMINE: <\/strong>The <a href=\"https:\/\/kitchensink.us\/stainless-steel-kitchen-faucet\/\" target=\"_blank\" rel=\"noopener\">kraanikauss<\/a> on varustatud ka temperatuuri reguleerimise funktsiooniga, saate soovitud temperatuuri reguleerida soovi korral, s\u00e4\u00e4stes teid kuuma ja k\u00fclma vee k\u00e4sitsi segamise vaevast.<\/span><\/li>\n<li class=\"a-spacing-mini\"><span class=\"a-list-item\"><strong>360-KRAADINE P\u00d6\u00d6RLEMINE: <\/strong>360-kraadine p\u00f6\u00f6rlemisfunktsioon v\u00f5imaldab t\u00e4ielikku liikumisulatust ja paindlikkust, mis v\u00f5imaldab veevoolul paindlikult j\u00f5uda k\u00f5ikidesse valamu nurkadesse, pakkudes piisavalt ruumi potikaussi ja kausside puhastamiseks.<\/span><\/li>\n<li class=\"a-spacing-mini\"><span class=\"a-list-item\"><strong>KVALITEETNE PIHUSTI: <\/strong>Pehme nahavahusti ei saa mitte ainult muuta veevoolu rikkalikult vahuks, pehmeks ja mitte pritsivaks, mugavaks puudutuseks, vaid ka filtreerida lisandeid ja aidata teil s\u00e4\u00e4sta vett igap\u00e4evaelus.<\/span><\/li>\n<\/ul>\n<p>&nbsp;<\/p>\n<h2><strong>Pull Out k\u00f6\u00f6gikraanide t\u00fc\u00fcbid<\/strong><\/h2>\n<ul>\n<li><strong>\u00dche k\u00e4epidemega:<\/strong><\/li>\n<\/ul>\n<p>K\u00f5ige tavalisem t\u00fc\u00fcp.Omab \u00fchte hooba, mis reguleerib nii vee temperatuuri kui ka vooluhulka.  Pakub lihtsat ja intuitiivset kasutamist.<\/p>\n<ul>\n<li><strong>Professionaalne stiil:<\/strong><\/li>\n<\/ul>\n<p>Sageli on neil k\u00f5rge kaarega kraanikaussi, et kraanikaussi all oleks rohkem ruumi.  Tavaliselt on neil v\u00f5imas pihustus ja vastupidav konstruktsioon, mist\u00f5ttu on need populaarsed kokkade ja t\u00f5siste kodukokkade seas.<\/p>\n<ul>\n<li><strong>Kaalutud:<\/strong><\/li>\n<\/ul>\n<p>Lisage pihustuspea alusele raskus, mis aitab tal sujuvalt sisse t\u00f5mmata ja takistab selle rippumist.See tagab elegantsema ja kasutajas\u00f5bralikuma kasutuskogemuse.<\/p>\n<ul>\n<li><strong>Kevadiselt laetud:<\/strong><\/li>\n<\/ul>\n<p>Kasutage vedrumehhanismi, et t\u00f5mmata pihustuspea kiiresti ja vaevata tagasi.  See v\u00f5ib kasutamise ajal aega ja vaeva s\u00e4\u00e4sta.<\/p>\n<p>&nbsp;<\/p>\n<h2 data-sourcepos=\"16:1-16:57\"><strong>Tegurid, mida kaaluda, kui valite \u00fche k\u00e4epideme v\u00e4ljat\u00f5mmatava pihusti k\u00f6\u00f6gikraani<\/strong><\/h2>\n<ul data-sourcepos=\"18:1-22:0\">\n<li data-sourcepos=\"18:1-18:114\"><strong>V\u00e4ljalaske k\u00f5rgus:<\/strong>\u00a0Veenduge, et kraanikaevu k\u00f5rgus vastab teie valamu s\u00fcgavusele ja kasutatavate pottide ja pannide suurusele.<\/li>\n<li data-sourcepos=\"19:1-19:116\"><strong>L\u00f5peta:<\/strong>\u00a0Valige oma k\u00f6\u00f6gi stiiliga sobiv viimistlus, n\u00e4iteks kroom, harjatud nikkel v\u00f5i mattmust.<\/li>\n<li data-sourcepos=\"20:1-20:91\"><strong>Paigaldamine:<\/strong>\u00a0M\u00f5elge paigaldusmeetodile ja vajalikele toruliitmikele.<\/li>\n<li data-sourcepos=\"21:1-22:0\"><strong>Vee r\u00f5hk:<\/strong>\u00a0Veenduge, et kraan saab hakkama teie kodu veesurvega.<\/li>\n<\/ul>\n<p>&nbsp;<\/p>\n<h2><strong>Pull Out k\u00f6\u00f6gikraani omadused ja eelised<\/strong><\/h2>\n<ul>\n<li>\u00dche auguga paigaldus - maksimaalne teki paksus 1,75\"<\/li>\n<li>ADA n\u00f5uetele vastav - \u00fche hoova k\u00e4epide muudab juhtimise lihtsaks<\/li>\n<li>Vertikaalne k\u00e4epide p\u00f5hikorpusele, p\u00f6\u00f6rleb 90\u00b0 ettepoole, v\u00f5imaldades t\u00f6\u00f6tamist kitsastes ruumides koos tagaplaatidega<\/li>\n<li>Kahefunktsiooniline pihustuspea - 1,8 GPM veevool vaheldumisi v\u00f5imsa pihustuse ja \u00f5hutatud voolu vahel: Ideaalne v\u00f5imsaks pesemiseks, \u00f5rnaks loputamiseks ja poti t\u00e4itmiseks.<\/li>\n<li>Pliivaba CALGreen California n\u00f5uetele vastav vastupidav messingist konstruktsioon<\/li>\n<li>360\u00b0swivelling nina hoiab pull-down tegevus sujuvalt toimides<\/li>\n<li>K\u00f5rge kaarev v\u00e4ljajooksu disain annab piisavalt ruumi pottide t\u00e4itmiseks ja suuremate s\u00f6\u00f6gin\u00f5ude puhastamiseks<\/li>\n<li>Keraamiline padrun - k\u00f5rgeima kvaliteediga \"no-drip\" t\u00e4psus<\/li>\n<li>K\u00f5rge efektiivsusega \u00f5hutaja, tagab \u00f5rna pritsmevaba voolu<\/li>\n<li>T\u00f5mmatav v\u00e4ljat\u00f5mmatav pihustuspea koos 60-tollise nailonist punutud voolikuga v\u00f5imaldab loputada valamu igas nurgas.<\/li>\n<li>Kummist pihustusotsakuid on lihtne puhastada mineraalide ladestumisest, et tagada pikaajaline j\u00f5udlus<\/li>\n<li>Mitmekordselt kaetud korrosioonikindel viimistlus, mis ei tuhmu ega tuhmunud aja jooksul.<\/li>\n<li>Komplektis on eelpaigaldatud paigaldusriistad ja kuum\/k\u00fclmavee juhtmed, mis on ette valmistatud.<\/li>\n<\/ul>\n<p>&nbsp;<\/p>\n<p>Klassikalise disaini ja lihtsate joontega elegantne kraan sobib suurep\u00e4raselt igasse k\u00f6\u00f6ki. T\u00f5mmatav kraan on saadaval kahes vastupidavas viimistlusvalikus, et t\u00e4iendada teie k\u00f6\u00f6gi v\u00e4rvipaletti. Selle kahetoimeline pihustuspea koos otsep\u00f6\u00f6ratava voolikuga teeb pesemise ja loputamise lihtsaks. See asjatundlikult valmistatud kraan on valmistatud k\u00f5ige kvaliteetsematest materjalidest ja pakub palju aastaid hooldusvaba kasutamist.<\/p>\n<p>&nbsp;<\/p>\n<p>&nbsp;<\/p>\n<p>&nbsp;<\/p>\n<p>&nbsp;<\/p>\n<p>&nbsp;<\/p>\n<p>&nbsp;<\/p>","protected":false},"excerpt":{"rendered":"<table style=\"height: 407px;\" width=\"704\">\n<tbody>\n<tr>\n<td width=\"808\">1 Kraani \u00fcldm\u00f5\u00f5tmed<\/td>\n<td width=\"1177\">380*225mm<\/td>\n<\/tr>\n<tr>\n<td width=\"808\">2 Kraan netokaal<\/td>\n<td width=\"1177\">2.5kgs<\/td>\n<\/tr>\n<tr>\n<td width=\"808\">3 Kraan koos karbiga Brutokaal<\/td>\n<td width=\"1177\">2.8kgs<\/td>\n<\/tr>\n<tr>\n<td width=\"808\">4 kasti m\u00f5\u00f5tmed<\/td>\n<td width=\"1177\">54*32*26mm<\/td>\n<\/tr>\n<tr>\n<td width=\"808\">5 Pakkimine<\/td>\n<td width=\"1177\">4TK\/CTN;10TK\/CTN;12TK\/CTN<\/td>\n<\/tr>\n<tr>\n<td width=\"808\">6 Sisendvooliku pikkus<\/td>\n<td width=\"1177\">60mm<\/td>\n<\/tr>\n<tr>\n<td width=\"808\">7 Vesijuhi mutri suurus<\/td>\n<td width=\"1177\">3\/8\" v\u00f5i 1\/2\" v\u00f5i 9\/16<\/td>\n<\/tr>\n<tr>\n<td width=\"808\">8 Paigaldusava l\u00f5ikekoha suurus<\/td>\n<td width=\"1177\">35mm<\/td>\n<\/tr>\n<tr>\n<td width=\"808\">9 Kraanide materjalid<\/td>\n<td width=\"1177\">Pliivaba Premium 304 Ameerika standardne roostevaba<br \/>\nteras<\/td>\n<\/tr>\n<\/tbody>\n<\/table>","protected":false},"featured_media":2661,"template":"","meta":[],"product_brand":[],"product_cat":[57],"product_tag":[],"class_list":{"0":"post-2660","1":"product","2":"type-product","3":"status-publish","4":"has-post-thumbnail","6":"product_cat-stainless-steel-faucet","8":"first","9":"instock","10":"shipping-taxable","11":"product-type-simple"},"_links":{"self":[{"href":"https:\/\/sinkwithfaucet.com\/et\/wp-json\/wp\/v2\/product\/2660","targetHints":{"allow":["GET"]}}],"collection":[{"href":"https:\/\/sinkwithfaucet.com\/et\/wp-json\/wp\/v2\/product"}],"about":[{"href":"https:\/\/sinkwithfaucet.com\/et\/wp-json\/wp\/v2\/types\/product"}],"wp:featuredmedia":[{"embeddable":true,"href":"https:\/\/sinkwithfaucet.com\/et\/wp-json\/wp\/v2\/media\/2661"}],"wp:attachment":[{"href":"https:\/\/sinkwithfaucet.com\/et\/wp-json\/wp\/v2\/media?parent=2660"}],"wp:term":[{"taxonomy":"product_brand","embeddable":true,"href":"https:\/\/sinkwithfaucet.com\/et\/wp-json\/wp\/v2\/product_brand?post=2660"},{"taxonomy":"product_cat","embeddable":true,"href":"https:\/\/sinkwithfaucet.com\/et\/wp-json\/wp\/v2\/product_cat?post=2660"},{"taxonomy":"product_tag","embeddable":true,"href":"https:\/\/sinkwithfaucet.com\/et\/wp-json\/wp\/v2\/product_tag?post=2660"}],"curies":[{"name":"wp","href":"https:\/\/api.w.org\/{rel}","templated":true}]}}