{"id":2656,"date":"2024-11-11T10:04:28","date_gmt":"2024-11-11T10:04:28","guid":{"rendered":"https:\/\/sinkwithfaucet.com\/?post_type=product&#038;p=2656"},"modified":"2024-11-11T10:10:09","modified_gmt":"2024-11-11T10:10:09","slug":"single-lever-kitchen-faucet-1005","status":"publish","type":"product","link":"https:\/\/sinkwithfaucet.com\/et\/single-lever-kitchen-faucet-1005\/","title":{"rendered":"\u00dche k\u00e4epidemega k\u00f6\u00f6gikraan 1005"},"content":{"rendered":"<h2 data-sourcepos=\"1:1-1:49\">\u00dche k\u00e4epidemega k\u00f6\u00f6gikraanid: Kaasaegne klassika<\/h2>\n<p data-sourcepos=\"3:1-3:124\">\u00dche k\u00e4epidemega k\u00f6\u00f6gikraanid on muutunud populaarseks valikuks oma elegantse disaini, kasutusmugavuse ja t\u00f5husa veekontrolli t\u00f5ttu.<\/p>\n<p data-sourcepos=\"5:1-5:18\"><strong>Kuidas nad t\u00f6\u00f6tavad:<\/strong><\/p>\n<p data-sourcepos=\"7:1-7:213\">\u00dche k\u00e4epidemega kraan kasutab nii veetemperatuuri kui ka vooluhulga reguleerimiseks \u00fchte k\u00e4epidet. K\u00e4epideme \u00fcles ja alla liigutamisega reguleeritakse veetemperatuuri, samas kui k\u00e4epideme liigutamisega k\u00fcljelt k\u00fcljele reguleeritakse vee voolu.<\/p>\n<p data-sourcepos=\"9:1-9:49\"><strong>\u00dche k\u00e4epidemega k\u00f6\u00f6gikraanide peamised eelised:<\/strong><\/p>\n<ul data-sourcepos=\"11:1-16:0\">\n<li data-sourcepos=\"11:1-11:88\"><strong>Kasutamise lihtsus:<\/strong> \u00dche k\u00e4epidemega on lihtne reguleerida veetemperatuuri ja -voolu.<\/li>\n<li data-sourcepos=\"12:1-12:80\"><strong>Stiilne disain:<\/strong> Minimalistlik disain t\u00e4iendab kaasaegset k\u00f6\u00f6gi esteetikat.<\/li>\n<li data-sourcepos=\"13:1-13:136\"><strong>Vee t\u00f5husus:<\/strong> Paljud \u00fche hoobiga kraanid on WaterSense-sertifikaadiga, mis t\u00e4hendab, et nad tarbivad v\u00e4hem vett, ilma et nende j\u00f5udlus kannataks.<\/li>\n<li data-sourcepos=\"14:1-14:117\"><strong>Vastupidavus:<\/strong> Valmistatud kvaliteetsetest materjalidest, nagu messing ja roostevaba teras, mis tagavad pikaajalise toimivuse.<\/li>\n<li data-sourcepos=\"15:1-16:0\"><strong>Erinevad stiilid:<\/strong> Saadaval erinevates viimistlustes, alates kroomist kuni mattmustani, et vastata erinevatele eelistustele.<\/li>\n<\/ul>\n<p data-sourcepos=\"17:1-17:60\"><strong>Tegurid, mida \u00fche k\u00e4epidemega kraani valimisel arvesse v\u00f5tta:<\/strong><\/p>\n<ul data-sourcepos=\"19:1-24:0\">\n<li data-sourcepos=\"19:1-19:102\"><strong>V\u00e4ljalaske k\u00f5rgus:<\/strong> Arvestage oma valamu k\u00f5rgust ja suurte pottide ja pannide jaoks vajalikku ruumi.<\/li>\n<li data-sourcepos=\"20:1-20:88\"><strong>Pihustuspea:<\/strong> T\u00f5mmatav v\u00f5i v\u00e4ljat\u00f5mmatav pihustuspea pakub paindlikkust ja mugavust.<\/li>\n<li data-sourcepos=\"21:1-21:83\"><strong>L\u00f5peta:<\/strong> Valige viimistlus, mis on vastupidav ja t\u00e4iendab teie k\u00f6\u00f6gi stiili.<\/li>\n<li data-sourcepos=\"22:1-22:78\"><strong>Vee r\u00f5hk:<\/strong> Veenduge, et kraan saab hakkama teie kodu veesurvega.<\/li>\n<li data-sourcepos=\"23:1-24:0\"><strong>Paigaldamine:<\/strong> M\u00f5elge paigaldust\u00fc\u00fcbile, kas tegemist on teki v\u00f5i seinale paigaldatava kraaniga.<\/li>\n<\/ul>\n<p data-sourcepos=\"25:1-25:148\">Neid tegureid hoolikalt kaaludes saate valida \u00fche vardaga k\u00f6\u00f6gikraani, mis parandab nii teie k\u00f6\u00f6gi funktsionaalsust kui ka stiili.<\/p>","protected":false},"excerpt":{"rendered":"<table style=\"height: 407px;\" width=\"704\">\n<tbody>\n<tr>\n<td width=\"808\">1 Kraani \u00fcldm\u00f5\u00f5tmed<\/td>\n<td width=\"1177\">380*225mm<\/td>\n<\/tr>\n<tr>\n<td width=\"808\">2 Kraan netokaal<\/td>\n<td width=\"1177\">2.5kgs<\/td>\n<\/tr>\n<tr>\n<td width=\"808\">3 Kraan koos karbiga Brutokaal<\/td>\n<td width=\"1177\">2.8kgs<\/td>\n<\/tr>\n<tr>\n<td width=\"808\">4 kasti m\u00f5\u00f5tmed<\/td>\n<td width=\"1177\">54*32*26mm<\/td>\n<\/tr>\n<tr>\n<td width=\"808\">5 Pakkimine<\/td>\n<td width=\"1177\">4TK\/CTN;10TK\/CTN;12TK\/CTN<\/td>\n<\/tr>\n<tr>\n<td width=\"808\">6 Sisendvooliku pikkus<\/td>\n<td width=\"1177\">60mm<\/td>\n<\/tr>\n<tr>\n<td width=\"808\">7 Vesijuhi mutri suurus<\/td>\n<td width=\"1177\">3\/8\" v\u00f5i 1\/2\" v\u00f5i 9\/16<\/td>\n<\/tr>\n<tr>\n<td width=\"808\">8 Paigaldusava l\u00f5ikekoha suurus<\/td>\n<td width=\"1177\">35mm<\/td>\n<\/tr>\n<tr>\n<td width=\"808\">9 Kraanide materjalid<\/td>\n<td width=\"1177\">Pliivaba Premium 304 Ameerika standardne roostevaba<br \/>\nteras<\/td>\n<\/tr>\n<\/tbody>\n<\/table>","protected":false},"featured_media":2657,"template":"","meta":[],"product_brand":[],"product_cat":[57],"product_tag":[],"class_list":{"0":"post-2656","1":"product","2":"type-product","3":"status-publish","4":"has-post-thumbnail","6":"product_cat-stainless-steel-faucet","8":"first","9":"instock","10":"shipping-taxable","11":"product-type-simple"},"_links":{"self":[{"href":"https:\/\/sinkwithfaucet.com\/et\/wp-json\/wp\/v2\/product\/2656","targetHints":{"allow":["GET"]}}],"collection":[{"href":"https:\/\/sinkwithfaucet.com\/et\/wp-json\/wp\/v2\/product"}],"about":[{"href":"https:\/\/sinkwithfaucet.com\/et\/wp-json\/wp\/v2\/types\/product"}],"wp:featuredmedia":[{"embeddable":true,"href":"https:\/\/sinkwithfaucet.com\/et\/wp-json\/wp\/v2\/media\/2657"}],"wp:attachment":[{"href":"https:\/\/sinkwithfaucet.com\/et\/wp-json\/wp\/v2\/media?parent=2656"}],"wp:term":[{"taxonomy":"product_brand","embeddable":true,"href":"https:\/\/sinkwithfaucet.com\/et\/wp-json\/wp\/v2\/product_brand?post=2656"},{"taxonomy":"product_cat","embeddable":true,"href":"https:\/\/sinkwithfaucet.com\/et\/wp-json\/wp\/v2\/product_cat?post=2656"},{"taxonomy":"product_tag","embeddable":true,"href":"https:\/\/sinkwithfaucet.com\/et\/wp-json\/wp\/v2\/product_tag?post=2656"}],"curies":[{"name":"wp","href":"https:\/\/api.w.org\/{rel}","templated":true}]}}