{"id":2650,"date":"2024-11-11T09:47:41","date_gmt":"2024-11-11T09:47:41","guid":{"rendered":"https:\/\/sinkwithfaucet.com\/?post_type=product&#038;p=2650"},"modified":"2024-11-11T09:50:38","modified_gmt":"2024-11-11T09:50:38","slug":"commercial-sink-faucet-1101","status":"publish","type":"product","link":"https:\/\/sinkwithfaucet.com\/et\/commercial-sink-faucet-1101\/","title":{"rendered":"Kaubanduslik kraanikauss 1101"},"content":{"rendered":"<h2 data-sourcepos=\"1:1-1:61\">Kommertskraanid: Juhend \u00f5ige valiku tegemiseks<\/h2>\n<p data-sourcepos=\"3:1-3:194\">Kaubanduslikud kraanikausid on m\u00f5eldud taluma suurt kasutust, k\u00f5rgsurve vett ja karmi puhastuskemikaali. Need on ehitatud kestma ja toimima usaldusv\u00e4\u00e4rselt n\u00f5udlikes keskkondades.<\/p>\n<h3 data-sourcepos=\"5:1-5:43\">Kommertskraanide peamised omadused<\/h3>\n<ul data-sourcepos=\"7:1-12:0\">\n<li data-sourcepos=\"7:1-7:88\"><strong>Vastupidavus:<\/strong> Valmistatud kvaliteetsetest materjalidest, nagu messing v\u00f5i roostevaba teras.<\/li>\n<li data-sourcepos=\"8:1-8:78\"><strong>K\u00f5rge voolukiirus:<\/strong> Annab v\u00f5imsa veevoolu t\u00f5husaks puhastamiseks.<\/li>\n<li data-sourcepos=\"9:1-9:51\"><strong>Lihtne hooldus:<\/strong> Lihtne puhastada ja parandada.<\/li>\n<li data-sourcepos=\"10:1-10:89\"><strong>Erinevad stiilid:<\/strong> Saadaval erinevates stiilides, mis sobivad teie k\u00f6\u00f6gi esteetikaga.<\/li>\n<li data-sourcepos=\"11:1-12:0\"><strong>Eriomadused:<\/strong> M\u00f5ned kraanid pakuvad lisafunktsioone, nagu pihustuspead, temperatuuri reguleerimine ja puutevaba t\u00f6\u00f6.<\/li>\n<\/ul>\n<h3 data-sourcepos=\"13:1-13:36\">Kommertskraanide t\u00fc\u00fcbid<\/h3>\n<ol data-sourcepos=\"15:1-34:0\">\n<li data-sourcepos=\"15:1-18:3\">\n<p data-sourcepos=\"15:4-15:28\"><strong>Seinale paigaldatavad kraanid:<\/strong><\/p>\n<ul data-sourcepos=\"16:4-18:3\">\n<li data-sourcepos=\"16:4-16:45\">Ideaalne lihtsaks puhastamiseks ja hoolduseks.<\/li>\n<li data-sourcepos=\"17:4-18:3\">Pakub paindlikkust paigutamisel ja kujundamisel.<\/li>\n<\/ul>\n<\/li>\n<li data-sourcepos=\"19:1-22:3\">\n<p data-sourcepos=\"19:4-19:28\"><strong>Tekile paigaldatavad kraanid:<\/strong><\/p>\n<ul data-sourcepos=\"20:4-22:3\">\n<li data-sourcepos=\"20:4-20:42\">Paigaldatakse otse t\u00f6\u00f6pinnale.<\/li>\n<li data-sourcepos=\"21:4-22:3\">Saadaval erinevates konfiguratsioonides, sealhulgas \u00fche ja kahe k\u00e4epidemega mudelid.<\/li>\n<\/ul>\n<\/li>\n<li data-sourcepos=\"23:1-26:3\">\n<p data-sourcepos=\"23:4-23:25\"><strong>Vaikne kraanid:<\/strong><\/p>\n<ul data-sourcepos=\"24:4-26:3\">\n<li data-sourcepos=\"24:4-24:70\">K\u00f5rge kaarega otsik, mis v\u00f5imaldab h\u00f5lpsasti ligi p\u00e4\u00e4seda suurtele pottidele ja pannidele.<\/li>\n<li data-sourcepos=\"25:4-26:3\">Kasutatakse sageli kaubanduslikes k\u00f6\u00f6kides nende mitmek\u00fclgsuse t\u00f5ttu.<\/li>\n<\/ul>\n<\/li>\n<li data-sourcepos=\"27:1-30:3\">\n<p data-sourcepos=\"27:4-27:25\"><strong>Loputuseelsed kraanid:<\/strong><\/p>\n<ul data-sourcepos=\"28:4-30:3\">\n<li data-sourcepos=\"28:4-28:85\">M\u00f5eldud rasketeks puhastust\u00f6\u00f6deks, n\u00e4iteks toiduprahi loputamiseks n\u00f5udelt.<\/li>\n<li data-sourcepos=\"29:4-30:3\">Tavaliselt on sellel k\u00f5rgsurvepihustipea.<\/li>\n<\/ul>\n<\/li>\n<li data-sourcepos=\"31:1-34:0\">\n<p data-sourcepos=\"31:4-31:25\"><strong>Puudutuseta kraanid:<\/strong><\/p>\n<ul data-sourcepos=\"32:4-34:0\">\n<li data-sourcepos=\"32:4-32:81\">Soodustab h\u00fcgieeni, kuna kaotab vajaduse k\u00e4sitsi kraaniga kokkupuutumiseks.<\/li>\n<li data-sourcepos=\"33:4-34:0\">Sobib ideaalselt suure liiklusega ruumidesse, nagu kaubandusk\u00f6\u00f6gid ja tualettruumid.<\/li>\n<\/ul>\n<\/li>\n<\/ol>\n<p data-sourcepos=\"44:1-44:135\">Neid tegureid hoolikalt kaaludes saate valida t\u00e4iusliku kaubandusliku kraanikausi, mis vastab teie ettev\u00f5tte erivajadustele.<\/p>","protected":false},"excerpt":{"rendered":"<h3 data-sourcepos=\"35:1-35:62\">Tegurid, mida arvestada kaubandusliku kraanikausi valimisel<\/h3>\n<ul data-sourcepos=\"37:1-43:0\">\n<li data-sourcepos=\"37:1-37:94\"><strong>Voolukiirus:<\/strong> Veenduge, et kraan saab hakkama teie konkreetsete vajaduste jaoks vajaliku veevooluga.<\/li>\n<li data-sourcepos=\"38:1-38:96\"><strong>Vastupidavus:<\/strong> Valige kraan, mis on valmistatud kvaliteetsetest materjalidest, mis peavad vastu tihedale kasutamisele.<\/li>\n<li data-sourcepos=\"39:1-39:79\"><strong>L\u00f5peta:<\/strong> Valige korrosioonikindel ja kergesti puhastatav viimistlus.<\/li>\n<li data-sourcepos=\"40:1-40:91\"><strong>Paigaldamine:<\/strong> M\u00f5elge paigaldusmeetodile ja vajalikele toruliitmikele.<\/li>\n<li data-sourcepos=\"41:1-41:97\"><strong>Hooldus:<\/strong> Otsige kraanid, millel on kergesti vahetatavad osad ja lihtsad hooldusprotseduurid.<\/li>\n<li data-sourcepos=\"42:1-43:0\"><strong>Koodeksile vastavus:<\/strong> Veenduge, et kraan vastab kohalikele sanitaarkoodeksitele ja -eeskirjadele.<\/li>\n<\/ul>","protected":false},"featured_media":2651,"template":"","meta":[],"product_brand":[],"product_cat":[57],"product_tag":[],"class_list":{"0":"post-2650","1":"product","2":"type-product","3":"status-publish","4":"has-post-thumbnail","6":"product_cat-stainless-steel-faucet","8":"first","9":"instock","10":"shipping-taxable","11":"product-type-simple"},"_links":{"self":[{"href":"https:\/\/sinkwithfaucet.com\/et\/wp-json\/wp\/v2\/product\/2650","targetHints":{"allow":["GET"]}}],"collection":[{"href":"https:\/\/sinkwithfaucet.com\/et\/wp-json\/wp\/v2\/product"}],"about":[{"href":"https:\/\/sinkwithfaucet.com\/et\/wp-json\/wp\/v2\/types\/product"}],"wp:featuredmedia":[{"embeddable":true,"href":"https:\/\/sinkwithfaucet.com\/et\/wp-json\/wp\/v2\/media\/2651"}],"wp:attachment":[{"href":"https:\/\/sinkwithfaucet.com\/et\/wp-json\/wp\/v2\/media?parent=2650"}],"wp:term":[{"taxonomy":"product_brand","embeddable":true,"href":"https:\/\/sinkwithfaucet.com\/et\/wp-json\/wp\/v2\/product_brand?post=2650"},{"taxonomy":"product_cat","embeddable":true,"href":"https:\/\/sinkwithfaucet.com\/et\/wp-json\/wp\/v2\/product_cat?post=2650"},{"taxonomy":"product_tag","embeddable":true,"href":"https:\/\/sinkwithfaucet.com\/et\/wp-json\/wp\/v2\/product_tag?post=2650"}],"curies":[{"name":"wp","href":"https:\/\/api.w.org\/{rel}","templated":true}]}}