{"id":2647,"date":"2024-11-11T09:41:51","date_gmt":"2024-11-11T09:41:51","guid":{"rendered":"https:\/\/sinkwithfaucet.com\/?post_type=product&#038;p=2647"},"modified":"2024-11-11T09:41:51","modified_gmt":"2024-11-11T09:41:51","slug":"lead-free-kitchen-faucet-1021","status":"publish","type":"product","link":"https:\/\/sinkwithfaucet.com\/et\/lead-free-kitchen-faucet-1021\/","title":{"rendered":"Pliivaba k\u00f6\u00f6gikraan 1021"},"content":{"rendered":"<h2 data-sourcepos=\"1:1-1:57\">Pliivabad k\u00f6\u00f6gikraanid: Ohutu valik teie kodu jaoks<\/h2>\n<p data-sourcepos=\"3:1-3:288\">Pliivaba k\u00f6\u00f6gikraan on teie joogivee ohutuse ja kvaliteedi tagamisel v\u00e4ga oluline komponent. Pliiga kokkupuutel, eriti lastel, v\u00f5ivad olla t\u00f5sised tagaj\u00e4rjed tervisele. Valides pliivaba kraani, astute ennetava sammu oma pere heaolu kaitsmiseks.<\/p>\n<h3 data-sourcepos=\"5:1-5:34\">Miks valida pliivaba kraan?<\/h3>\n<ul data-sourcepos=\"7:1-10:0\">\n<li data-sourcepos=\"7:1-7:152\"><strong>Tervise eelised:<\/strong> Pliiga kokkupuude v\u00f5ib p\u00f5hjustada mitmesuguseid terviseprobleeme, sealhulgas arenguh\u00e4ireid, \u00f5piraskusi ja k\u00e4itumisprobleeme.<\/li>\n<li data-sourcepos=\"8:1-8:110\"><strong>\u00d5igusaktide j\u00e4rgimine:<\/strong> Paljudes piirkondades kehtivad ranged eeskirjad sanitaartehniliste seadmete pliisisalduse kohta.<\/li>\n<li data-sourcepos=\"9:1-10:0\"><strong>Meeleolu:<\/strong> Teadmine, et teie vesi on vaba kahjulikest saasteainetest, v\u00f5ib anda kindlustunde.<\/li>\n<\/ul>\n<h3 data-sourcepos=\"11:1-11:38\">Kuidas tuvastada pliivaba kraani<\/h3>\n<p data-sourcepos=\"13:1-13:49\">Otsige j\u00e4rgmisi sertifikaate ja m\u00e4rgiseid:<\/p>\n<ul data-sourcepos=\"15:1-17:0\">\n<li data-sourcepos=\"15:1-15:102\"><strong>NSF\/ANSI 61:<\/strong> See sertifikaat tagab, et kraan vastab rangetele pliisisalduse standarditele.<\/li>\n<li data-sourcepos=\"16:1-17:0\"><strong>WaterSense:<\/strong> See m\u00e4rgis n\u00e4itab, et kraan on vees\u00e4\u00e4stlik.<\/li>\n<\/ul>\n<p data-sourcepos=\"25:1-25:119\">Teadliku valiku tegemisega saate valida pliivaba k\u00f6\u00f6gikraani, mis \u00fchendab endas stiili, funktsionaalsuse ja ohutuse.<\/p>","protected":false},"excerpt":{"rendered":"<h3 data-sourcepos=\"18:1-18:48\">Pliivaba k\u00f6\u00f6gikraani valimine<\/h3>\n<ol data-sourcepos=\"20:1-24:0\">\n<li data-sourcepos=\"20:1-20:125\"><strong>Kontrollige materjali:<\/strong> Valige kraanid, mis on valmistatud sellistest materjalidest nagu roostevaba teras v\u00f5i messing, mis sisaldavad v\u00e4he pliid.<\/li>\n<li data-sourcepos=\"21:1-21:99\"><strong>Lugege toote etiketti:<\/strong> Otsige konkreetset teavet pliisisalduse ja sertifikaatide kohta.<\/li>\n<li data-sourcepos=\"22:1-22:143\"><strong>M\u00f5elge viimistlusele:<\/strong> Kuigi viimistlus ei m\u00f5juta otseselt pliisisaldust, v\u00f5ib see m\u00f5jutada kraani \u00fcldist v\u00e4limust ja vastupidavust.<\/li>\n<li data-sourcepos=\"23:1-24:0\"><strong>Valige mainekas kaubam\u00e4rk:<\/strong> Tuntud kaubam\u00e4rgid seavad sageli esikohale kvaliteedi ja ohutuse.<\/li>\n<\/ol>","protected":false},"featured_media":2648,"template":"","meta":[],"product_brand":[],"product_cat":[57],"product_tag":[],"class_list":{"0":"post-2647","1":"product","2":"type-product","3":"status-publish","4":"has-post-thumbnail","6":"product_cat-stainless-steel-faucet","8":"first","9":"instock","10":"shipping-taxable","11":"product-type-simple"},"_links":{"self":[{"href":"https:\/\/sinkwithfaucet.com\/et\/wp-json\/wp\/v2\/product\/2647","targetHints":{"allow":["GET"]}}],"collection":[{"href":"https:\/\/sinkwithfaucet.com\/et\/wp-json\/wp\/v2\/product"}],"about":[{"href":"https:\/\/sinkwithfaucet.com\/et\/wp-json\/wp\/v2\/types\/product"}],"wp:featuredmedia":[{"embeddable":true,"href":"https:\/\/sinkwithfaucet.com\/et\/wp-json\/wp\/v2\/media\/2648"}],"wp:attachment":[{"href":"https:\/\/sinkwithfaucet.com\/et\/wp-json\/wp\/v2\/media?parent=2647"}],"wp:term":[{"taxonomy":"product_brand","embeddable":true,"href":"https:\/\/sinkwithfaucet.com\/et\/wp-json\/wp\/v2\/product_brand?post=2647"},{"taxonomy":"product_cat","embeddable":true,"href":"https:\/\/sinkwithfaucet.com\/et\/wp-json\/wp\/v2\/product_cat?post=2647"},{"taxonomy":"product_tag","embeddable":true,"href":"https:\/\/sinkwithfaucet.com\/et\/wp-json\/wp\/v2\/product_tag?post=2647"}],"curies":[{"name":"wp","href":"https:\/\/api.w.org\/{rel}","templated":true}]}}