{"id":2591,"date":"2024-11-09T06:48:13","date_gmt":"2024-11-09T06:48:13","guid":{"rendered":"https:\/\/sinkwithfaucet.com\/?post_type=product&#038;p=2591"},"modified":"2024-11-09T06:48:13","modified_gmt":"2024-11-09T06:48:13","slug":"single-kitchen-sink-8048l","status":"publish","type":"product","link":"https:\/\/sinkwithfaucet.com\/et\/single-kitchen-sink-8048l\/","title":{"rendered":"\u00dche k\u00f6\u00f6givalamu 8048L"},"content":{"rendered":"<h2 data-sourcepos=\"1:1-1:46\">\u00dche k\u00f6\u00f6gi valamud: Klassikaline valik<\/h2>\n<p data-sourcepos=\"3:1-3:228\"><strong>\u00dche k\u00f6\u00f6gi valamud<\/strong> on oma lihtsuse ja t\u00f5hususe t\u00f5ttu paljude koduomanike seas populaarne valik. Nad pakuvad puhast, korrastamata v\u00e4limust ja sobivad ideaalselt v\u00e4iksematesse k\u00f6\u00f6kidesse v\u00f5i neile, kes eelistavad minimalistlikku esteetikat.<\/p>\n<p data-sourcepos=\"5:1-5:46\"><strong>\u00dcksikute k\u00f6\u00f6givalamute p\u00f5hiomadused:<\/strong><\/p>\n<ul data-sourcepos=\"7:1-11:0\">\n<li data-sourcepos=\"7:1-7:83\"><strong>Lihtne ja elegantne:<\/strong> Klassikaline disain, mis t\u00e4iendab erinevaid k\u00f6\u00f6gi stiile.<\/li>\n<li data-sourcepos=\"8:1-8:70\"><strong>Ruumi kokkuhoid:<\/strong> Sobib ideaalselt v\u00e4iksematesse k\u00f6\u00f6kidesse, kus ruumi on v\u00e4he.<\/li>\n<li data-sourcepos=\"9:1-9:91\"><strong>Mitmek\u00fclgne:<\/strong> Saab kasutada mitmesuguste \u00fclesannete t\u00e4itmiseks, alates n\u00f5udepesust kuni toidu valmistamiseni.<\/li>\n<li data-sourcepos=\"10:1-11:0\"><strong>Lihtne puhastada:<\/strong> \u00dchte suurt basseini on lihtne hooldada.<\/li>\n<\/ul>\n<p data-sourcepos=\"12:1-12:39\"><strong>\u00dche kaussiga k\u00f6\u00f6givalamu t\u00fc\u00fcbid:<\/strong><\/p>\n<ul data-sourcepos=\"14:1-17:0\">\n<li data-sourcepos=\"14:1-14:85\"><strong>Allasuvised valamud:<\/strong> Paigaldatakse t\u00f6\u00f6pinna alla, et saavutada elegantse ja kaasaegse v\u00e4limuse.<\/li>\n<li data-sourcepos=\"15:1-15:93\"><strong>Top-Mount valamud:<\/strong> Paigaldatakse t\u00f6\u00f6pinna peale, pakkudes traditsioonilist v\u00e4limust.<\/li>\n<li data-sourcepos=\"16:1-17:0\"><strong>Talumajapidamise valamud:<\/strong> Suured, s\u00fcgavad ja esipaneeliga valamud, mis pakuvad maal\u00e4hedast ja funktsionaalset disaini.<\/li>\n<\/ul>\n<p data-sourcepos=\"18:1-18:60\"><strong>Kaalutlused \u00fche kaussiga k\u00f6\u00f6givalamu valimisel:<\/strong><\/p>\n<ul data-sourcepos=\"20:1-24:0\">\n<li data-sourcepos=\"20:1-20:71\"><strong>Suurus:<\/strong> Valige suurus, mis sobib teie k\u00f6\u00f6gi paigutuse ja vajadustega.<\/li>\n<li data-sourcepos=\"21:1-21:109\"><strong>Materjal:<\/strong> Valige vastupidav ja kergesti puhastatav materjal, n\u00e4iteks roostevaba teras, komposiitmaterjal v\u00f5i tulekivi.<\/li>\n<li data-sourcepos=\"22:1-22:83\"><strong>S\u00fcgavus:<\/strong> Arvestage kausi s\u00fcgavusega, et mahutada suuremaid potte ja pannid.<\/li>\n<li data-sourcepos=\"23:1-24:0\"><strong>Paigaldamine:<\/strong> Tagage n\u00f5uetekohane paigaldus, olenemata sellest, kas see on all- v\u00f5i \u00fclalpaigaldatav.<\/li>\n<\/ul>\n<p data-sourcepos=\"25:1-25:143\">Neid tegureid hoolikalt kaaludes saate valida t\u00e4iusliku \u00fche kausiga k\u00f6\u00f6givalamu, mis parandab teie k\u00f6\u00f6gi funktsionaalsust ja stiili.<\/p>","protected":false},"excerpt":{"rendered":"<p>\u00dcldine suurus: 720*470*210 mm<\/p>\n<p>V\u00e4ljal\u00f5ike suurus: 700*450 mm<\/p>\n<p>Materjal : Roostevaba teras<\/p>","protected":false},"featured_media":2592,"template":"","meta":[],"product_brand":[],"product_cat":[56],"product_tag":[],"class_list":{"0":"post-2591","1":"product","2":"type-product","3":"status-publish","4":"has-post-thumbnail","6":"product_cat-pressing-kitchen-sink","8":"first","9":"instock","10":"shipping-taxable","11":"product-type-simple"},"_links":{"self":[{"href":"https:\/\/sinkwithfaucet.com\/et\/wp-json\/wp\/v2\/product\/2591","targetHints":{"allow":["GET"]}}],"collection":[{"href":"https:\/\/sinkwithfaucet.com\/et\/wp-json\/wp\/v2\/product"}],"about":[{"href":"https:\/\/sinkwithfaucet.com\/et\/wp-json\/wp\/v2\/types\/product"}],"wp:featuredmedia":[{"embeddable":true,"href":"https:\/\/sinkwithfaucet.com\/et\/wp-json\/wp\/v2\/media\/2592"}],"wp:attachment":[{"href":"https:\/\/sinkwithfaucet.com\/et\/wp-json\/wp\/v2\/media?parent=2591"}],"wp:term":[{"taxonomy":"product_brand","embeddable":true,"href":"https:\/\/sinkwithfaucet.com\/et\/wp-json\/wp\/v2\/product_brand?post=2591"},{"taxonomy":"product_cat","embeddable":true,"href":"https:\/\/sinkwithfaucet.com\/et\/wp-json\/wp\/v2\/product_cat?post=2591"},{"taxonomy":"product_tag","embeddable":true,"href":"https:\/\/sinkwithfaucet.com\/et\/wp-json\/wp\/v2\/product_tag?post=2591"}],"curies":[{"name":"wp","href":"https:\/\/api.w.org\/{rel}","templated":true}]}}