{"id":2587,"date":"2024-11-09T06:44:02","date_gmt":"2024-11-09T06:44:02","guid":{"rendered":"https:\/\/sinkwithfaucet.com\/?post_type=product&#038;p=2587"},"modified":"2024-11-09T06:44:03","modified_gmt":"2024-11-09T06:44:03","slug":"double-bowl-farmhouse-sink-7649","status":"publish","type":"product","link":"https:\/\/sinkwithfaucet.com\/et\/double-bowl-farmhouse-sink-7649\/","title":{"rendered":"Topeltkaussiga talu valamu 7649"},"content":{"rendered":"<h2 data-sourcepos=\"1:1-1:63\">Topeltkaussiga talumajapidamise valamud: Stiilne ja funktsionaalne valik<\/h2>\n<p data-sourcepos=\"3:1-3:231\">Kahe kausiga talu valamu on populaarne valik koduomanike jaoks, kes soovivad stiilset ja funktsionaalset k\u00f6\u00f6ki. Seda t\u00fc\u00fcpi valamul on kaks eraldi basseini, sageli esipaneeliga, mis pakuvad piisavalt ruumi erinevate k\u00f6\u00f6git\u00f6\u00f6de jaoks.<\/p>\n<p data-sourcepos=\"5:1-5:48\"><strong>Topeltkaussiga talumajapidamise valamute peamised omadused:<\/strong><\/p>\n<ul data-sourcepos=\"7:1-11:0\">\n<li data-sourcepos=\"7:1-7:108\"><strong>Ruumikas disain:<\/strong> Pakub palju ruumi n\u00f5ude pesemiseks, toidu valmistamiseks ja suurte s\u00f6\u00f6gin\u00f5ude leotamiseks.<\/li>\n<li data-sourcepos=\"8:1-8:138\"><strong>Mitmek\u00fclgne funktsionaalsus:<\/strong> Kaks kraanikaussi v\u00f5imaldavad mitme t\u00f6\u00f6\u00fclesande t\u00e4itmist, n\u00e4iteks n\u00f5udepesu \u00fches kraanikausis ja toidu valmistamine teises.<\/li>\n<li data-sourcepos=\"9:1-9:90\"><strong>Stiilne esteetika:<\/strong> Esik\u00fclg lisab teie k\u00f6\u00f6gile klassikalise ja ajatu v\u00e4limuse.<\/li>\n<li data-sourcepos=\"10:1-11:0\"><strong>Vastupidavad materjalid:<\/strong> Tavaliselt on need valmistatud roostevabast terasest, tulekindlast savist v\u00f5i malmist, mis tagab nende pikaajalise toimivuse.<\/li>\n<\/ul>\n<p data-sourcepos=\"12:1-12:62\"><strong>Kaalutlused topeltkaussi valimisel:<\/strong><\/p>\n<ul data-sourcepos=\"14:1-19:0\">\n<li data-sourcepos=\"14:1-14:73\"><strong>Suurus:<\/strong> Valige suurus, mis sobib teie k\u00f6\u00f6gi paigutusega ja teie vajadustega.<\/li>\n<li data-sourcepos=\"15:1-15:106\"><strong>Kausi konfiguratsioon:<\/strong> Kaaluge kahe kausi suurust ja kuju, et need vastaksid teie erivajadustele.<\/li>\n<li data-sourcepos=\"16:1-16:97\"><strong>Materjal:<\/strong> Valige vastupidav ja kergesti puhastatav materjal, n\u00e4iteks roostevaba teras v\u00f5i tulekivi.<\/li>\n<li data-sourcepos=\"17:1-17:85\"><strong>Paigaldamine:<\/strong> Tagage n\u00f5uetekohane paigaldus, olenemata sellest, kas see on all- v\u00f5i \u00fclalpaigaldatav.<\/li>\n<li data-sourcepos=\"18:1-19:0\"><strong>Stiil:<\/strong> Valige stiil, mis t\u00e4iendab teie k\u00f6\u00f6gi \u00fcldist disaini.<\/li>\n<\/ul>\n<p data-sourcepos=\"20:1-20:145\">Neid tegureid hoolikalt kaaludes saate valida t\u00e4iusliku topeltkaussiga talu valamu, mis parandab teie k\u00f6\u00f6gi funktsionaalsust ja stiili.<\/p>","protected":false},"excerpt":{"rendered":"<p>\u00dcldine suurus: 1500*500*180 mm<\/p>\n<p>V\u00e4ljal\u00f5ike suurus : 1480*480 mm<\/p>\n<p>Materjal : Roostevaba teras<\/p>","protected":false},"featured_media":2589,"template":"","meta":[],"product_brand":[],"product_cat":[56],"product_tag":[],"class_list":{"0":"post-2587","1":"product","2":"type-product","3":"status-publish","4":"has-post-thumbnail","6":"product_cat-pressing-kitchen-sink","8":"first","9":"instock","10":"shipping-taxable","11":"product-type-simple"},"_links":{"self":[{"href":"https:\/\/sinkwithfaucet.com\/et\/wp-json\/wp\/v2\/product\/2587","targetHints":{"allow":["GET"]}}],"collection":[{"href":"https:\/\/sinkwithfaucet.com\/et\/wp-json\/wp\/v2\/product"}],"about":[{"href":"https:\/\/sinkwithfaucet.com\/et\/wp-json\/wp\/v2\/types\/product"}],"wp:featuredmedia":[{"embeddable":true,"href":"https:\/\/sinkwithfaucet.com\/et\/wp-json\/wp\/v2\/media\/2589"}],"wp:attachment":[{"href":"https:\/\/sinkwithfaucet.com\/et\/wp-json\/wp\/v2\/media?parent=2587"}],"wp:term":[{"taxonomy":"product_brand","embeddable":true,"href":"https:\/\/sinkwithfaucet.com\/et\/wp-json\/wp\/v2\/product_brand?post=2587"},{"taxonomy":"product_cat","embeddable":true,"href":"https:\/\/sinkwithfaucet.com\/et\/wp-json\/wp\/v2\/product_cat?post=2587"},{"taxonomy":"product_tag","embeddable":true,"href":"https:\/\/sinkwithfaucet.com\/et\/wp-json\/wp\/v2\/product_tag?post=2587"}],"curies":[{"name":"wp","href":"https:\/\/api.w.org\/{rel}","templated":true}]}}