{"id":2583,"date":"2024-11-09T06:38:04","date_gmt":"2024-11-09T06:38:04","guid":{"rendered":"https:\/\/sinkwithfaucet.com\/?post_type=product&#038;p=2583"},"modified":"2024-11-09T06:38:04","modified_gmt":"2024-11-09T06:38:04","slug":"big-kitchen-sink-7643","status":"publish","type":"product","link":"https:\/\/sinkwithfaucet.com\/et\/big-kitchen-sink-7643\/","title":{"rendered":"Suur k\u00f6\u00f6givalamu 7643"},"content":{"rendered":"<h2 data-sourcepos=\"1:1-1:47\">Suured k\u00f6\u00f6givalamu: Ruumikas kulinaarne keskus<\/h2>\n<p data-sourcepos=\"3:1-3:170\">Suured k\u00f6\u00f6givalamu pakuvad piisavalt ruumi n\u00f5ude pesemiseks, toidu valmistamiseks ja suurte s\u00f6\u00f6gin\u00f5ude leotamiseks. Need on populaarne valik neile, kes armastavad s\u00fc\u00fca teha ja meelelahutust pakkuda.<\/p>\n<p data-sourcepos=\"5:1-5:40\"><strong>Suurte k\u00f6\u00f6givalamute p\u00f5hiomadused:<\/strong><\/p>\n<ul data-sourcepos=\"7:1-11:0\">\n<li data-sourcepos=\"7:1-7:73\"><strong>Ruumikas disain:<\/strong> Pakub piisavalt ruumi mitme t\u00f6\u00f6\u00fclesande t\u00e4itmiseks ja puhastamiseks.<\/li>\n<li data-sourcepos=\"8:1-8:83\"><strong>Mitmek\u00fclgne funktsionaalsus:<\/strong> Mahutab suured potid, pannid ja k\u00fcpsetusplaadid.<\/li>\n<li data-sourcepos=\"9:1-9:78\"><strong>T\u00f5hustatud t\u00f5husus:<\/strong> Lihtsustab k\u00f6\u00f6git\u00f6id ja v\u00e4hendab koristamise aega.<\/li>\n<li data-sourcepos=\"10:1-11:0\"><strong>Kaasaegne esteetika:<\/strong> Saadaval erinevates stiilides ja viimistlustes, et t\u00e4iendada erinevaid k\u00f6\u00f6gi kujundusi.<\/li>\n<\/ul>\n<p data-sourcepos=\"12:1-12:33\"><strong>Suurte k\u00f6\u00f6givalamute t\u00fc\u00fcbid:<\/strong><\/p>\n<ul data-sourcepos=\"14:1-18:0\">\n<li data-sourcepos=\"14:1-14:85\"><strong>Allasuvised valamud:<\/strong> Paigaldatakse t\u00f6\u00f6pinna alla, et saavutada elegantse ja kaasaegse v\u00e4limuse.<\/li>\n<li data-sourcepos=\"15:1-15:93\"><strong>Top-Mount valamud:<\/strong> Paigaldatakse t\u00f6\u00f6pinna peale, pakkudes traditsioonilist v\u00e4limust.<\/li>\n<li data-sourcepos=\"16:1-16:103\"><strong>Talumajapidamise valamud:<\/strong> Suured, s\u00fcgavad ja esipaneeliga valamud, mis pakuvad maal\u00e4hedast ja funktsionaalset disaini.<\/li>\n<li data-sourcepos=\"17:1-18:0\"><strong>T\u00f6\u00f6koha valamud:<\/strong> Lisage lisafunktsioone, nagu l\u00f5ikelauad, s\u00f5elad ja kuivatusrestid.<\/li>\n<\/ul>\n<p data-sourcepos=\"19:1-19:54\"><strong>Kaalutlused suure k\u00f6\u00f6givalamu valimisel:<\/strong><\/p>\n<ul data-sourcepos=\"21:1-26:0\">\n<li data-sourcepos=\"21:1-21:70\"><strong>Suurus:<\/strong> Veenduge, et valamu sobib teie k\u00f6\u00f6gi paigutusega ja teie vajadustega.<\/li>\n<li data-sourcepos=\"22:1-22:109\"><strong>Materjal:<\/strong> Valige vastupidav ja kergesti puhastatav materjal, n\u00e4iteks roostevaba teras, komposiitmaterjal v\u00f5i tulekivi.<\/li>\n<li data-sourcepos=\"23:1-23:99\"><strong>Kausi konfiguratsioon:<\/strong> Kaaluge vastavalt oma eelistustele \u00fche v\u00f5i kahe kausi konfiguratsiooni.<\/li>\n<li data-sourcepos=\"24:1-24:64\"><strong>S\u00fcgavus:<\/strong> S\u00fcgavam valamu mahutab suuremad potid ja pannid.<\/li>\n<li data-sourcepos=\"25:1-26:0\"><strong>Paigaldamine:<\/strong> Tagage n\u00f5uetekohane paigaldus, olenemata sellest, kas see on all- v\u00f5i \u00fclalpaigaldatav.<\/li>\n<\/ul>\n<p data-sourcepos=\"27:1-27:137\">Neid tegureid hoolikalt kaaludes saate valida t\u00e4iusliku suure k\u00f6\u00f6givalamu, mis parandab teie k\u00f6\u00f6gi funktsionaalsust ja stiili.<\/p>","protected":false},"excerpt":{"rendered":"<p>\u00dcldine suurus: 1200*500*200 mm<\/p>\n<p>V\u00e4ljal\u00f5ike suurus : 1180*480 mm<\/p>\n<p>Materjal : Roostevaba teras<\/p>","protected":false},"featured_media":2585,"template":"","meta":[],"product_brand":[],"product_cat":[56],"product_tag":[],"class_list":{"0":"post-2583","1":"product","2":"type-product","3":"status-publish","4":"has-post-thumbnail","6":"product_cat-pressing-kitchen-sink","8":"first","9":"instock","10":"shipping-taxable","11":"product-type-simple"},"_links":{"self":[{"href":"https:\/\/sinkwithfaucet.com\/et\/wp-json\/wp\/v2\/product\/2583","targetHints":{"allow":["GET"]}}],"collection":[{"href":"https:\/\/sinkwithfaucet.com\/et\/wp-json\/wp\/v2\/product"}],"about":[{"href":"https:\/\/sinkwithfaucet.com\/et\/wp-json\/wp\/v2\/types\/product"}],"wp:featuredmedia":[{"embeddable":true,"href":"https:\/\/sinkwithfaucet.com\/et\/wp-json\/wp\/v2\/media\/2585"}],"wp:attachment":[{"href":"https:\/\/sinkwithfaucet.com\/et\/wp-json\/wp\/v2\/media?parent=2583"}],"wp:term":[{"taxonomy":"product_brand","embeddable":true,"href":"https:\/\/sinkwithfaucet.com\/et\/wp-json\/wp\/v2\/product_brand?post=2583"},{"taxonomy":"product_cat","embeddable":true,"href":"https:\/\/sinkwithfaucet.com\/et\/wp-json\/wp\/v2\/product_cat?post=2583"},{"taxonomy":"product_tag","embeddable":true,"href":"https:\/\/sinkwithfaucet.com\/et\/wp-json\/wp\/v2\/product_tag?post=2583"}],"curies":[{"name":"wp","href":"https:\/\/api.w.org\/{rel}","templated":true}]}}