{"id":2580,"date":"2024-11-09T06:33:57","date_gmt":"2024-11-09T06:33:57","guid":{"rendered":"https:\/\/sinkwithfaucet.com\/?post_type=product&#038;p=2580"},"modified":"2024-11-09T06:33:57","modified_gmt":"2024-11-09T06:33:57","slug":"drainboard-kitchen-sink-6844","status":"publish","type":"product","link":"https:\/\/sinkwithfaucet.com\/et\/drainboard-kitchen-sink-6844\/","title":{"rendered":"Drainboard k\u00f6\u00f6givalamu 6844"},"content":{"rendered":"<h2 data-sourcepos=\"1:1-1:56\">Kahepoolne \u00e4ravooluplaat k\u00f6\u00f6givalamu: Praktiline valik<\/h2>\n<p data-sourcepos=\"3:1-3:212\">Kahepoolne k\u00f6\u00f6givalamu on funktsionaalne ja stiilne t\u00e4iendus igale k\u00f6\u00f6gile. Sellel on valamu m\u00f5lemal k\u00fcljel \u00e4ravooluplaadid, mis pakuvad piisavalt ruumi n\u00f5ude, s\u00f6\u00f6giriistade ja muude k\u00f6\u00f6gitarvete kuivatamiseks.<\/p>\n<p data-sourcepos=\"5:1-5:54\"><strong>Peamised omadused:<\/strong><\/p>\n<ul data-sourcepos=\"7:1-11:0\">\n<li data-sourcepos=\"7:1-7:102\"><strong>Suurem funktsionaalsus:<\/strong> Kahekordsed \u00e4ravoolulauad pakuvad rohkem ruumi n\u00f5ude kuivatamiseks ja korrastamiseks.<\/li>\n<li data-sourcepos=\"8:1-8:109\"><strong>Parem t\u00f5husus:<\/strong> Eraldi \u00e4ravoolulauad puhastele ja m\u00e4\u00e4rdunud n\u00f5udele aitavad k\u00f6\u00f6git\u00f6id sujuvamaks muuta.<\/li>\n<li data-sourcepos=\"9:1-9:105\"><strong>Kaasaegne disain:<\/strong> Saadaval erinevates stiilides ja viimistlustes, et t\u00e4iendada erinevat k\u00f6\u00f6gi esteetikat.<\/li>\n<li data-sourcepos=\"10:1-11:0\"><strong>Vastupidavad materjalid:<\/strong> Tavaliselt on need valmistatud roostevabast terasest, mis tagab pikaajalise toimivuse.<\/li>\n<\/ul>\n<p data-sourcepos=\"12:1-12:68\"><strong>Kahepoolse \u00e4ravooluplaadi k\u00f6\u00f6givalamu valimisel v\u00f5etavad kaalutlused:<\/strong><\/p>\n<ul data-sourcepos=\"14:1-18:0\">\n<li data-sourcepos=\"14:1-14:73\"><strong>Suurus:<\/strong> Valige suurus, mis sobib teie k\u00f6\u00f6gi paigutusega ja teie vajadustega.<\/li>\n<li data-sourcepos=\"15:1-15:85\"><strong>Materjal:<\/strong> Valige vastupidav ja kergesti puhastatav materjal, n\u00e4iteks roostevaba teras.<\/li>\n<li data-sourcepos=\"16:1-16:105\"><strong>Drainboardi suurus:<\/strong> M\u00f5elge \u00e4ravooluplaatide suurusele, et need mahutaksid teie n\u00f5ud.<\/li>\n<li data-sourcepos=\"17:1-18:0\"><strong>Paigaldamine:<\/strong> Tagage n\u00f5uetekohane paigaldus, et v\u00e4ltida lekkeid ja kahjustusi.<\/li>\n<\/ul>\n<p data-sourcepos=\"19:1-19:150\">Neid tegureid hoolikalt kaaludes saate valida t\u00e4iusliku kahepoolse valamu, mis parandab teie k\u00f6\u00f6gi funktsionaalsust ja stiili.<\/p>","protected":false},"excerpt":{"rendered":"<p>\u00dcldine suurus: 1000*500*150 mm<\/p>\n<p>V\u00e4ljal\u00f5ike suurus: 980*480 mm<\/p>\n<p>Materjal : Roostevaba teras<\/p>","protected":false},"featured_media":2581,"template":"","meta":[],"product_brand":[],"product_cat":[56],"product_tag":[],"class_list":{"0":"post-2580","1":"product","2":"type-product","3":"status-publish","4":"has-post-thumbnail","6":"product_cat-pressing-kitchen-sink","8":"first","9":"instock","10":"shipping-taxable","11":"product-type-simple"},"_links":{"self":[{"href":"https:\/\/sinkwithfaucet.com\/et\/wp-json\/wp\/v2\/product\/2580","targetHints":{"allow":["GET"]}}],"collection":[{"href":"https:\/\/sinkwithfaucet.com\/et\/wp-json\/wp\/v2\/product"}],"about":[{"href":"https:\/\/sinkwithfaucet.com\/et\/wp-json\/wp\/v2\/types\/product"}],"wp:featuredmedia":[{"embeddable":true,"href":"https:\/\/sinkwithfaucet.com\/et\/wp-json\/wp\/v2\/media\/2581"}],"wp:attachment":[{"href":"https:\/\/sinkwithfaucet.com\/et\/wp-json\/wp\/v2\/media?parent=2580"}],"wp:term":[{"taxonomy":"product_brand","embeddable":true,"href":"https:\/\/sinkwithfaucet.com\/et\/wp-json\/wp\/v2\/product_brand?post=2580"},{"taxonomy":"product_cat","embeddable":true,"href":"https:\/\/sinkwithfaucet.com\/et\/wp-json\/wp\/v2\/product_cat?post=2580"},{"taxonomy":"product_tag","embeddable":true,"href":"https:\/\/sinkwithfaucet.com\/et\/wp-json\/wp\/v2\/product_tag?post=2580"}],"curies":[{"name":"wp","href":"https:\/\/api.w.org\/{rel}","templated":true}]}}