{"id":2577,"date":"2024-11-09T06:30:16","date_gmt":"2024-11-09T06:30:16","guid":{"rendered":"https:\/\/sinkwithfaucet.com\/?post_type=product&#038;p=2577"},"modified":"2024-11-09T06:30:16","modified_gmt":"2024-11-09T06:30:16","slug":"kitchen-sink-with-drainboard-7848b","status":"publish","type":"product","link":"https:\/\/sinkwithfaucet.com\/et\/kitchen-sink-with-drainboard-7848b\/","title":{"rendered":"K\u00f6\u00f6givalamu koos \u00e4ravooluplaadiga 7848B"},"content":{"rendered":"<h2 data-sourcepos=\"1:1-1:53\">K\u00f6\u00f6givalamu koos \u00e4ravooluplaatidega: Praktiline valik<\/h2>\n<p data-sourcepos=\"3:1-3:212\"><strong>K\u00f6\u00f6givalamu koos \u00e4ravooluplaatidega<\/strong> pakuvad praktilist ja t\u00f5husat lahendust n\u00f5ude pesemiseks ja kuivatamiseks. Sisseehitatud kuivatuslaud pakub mugavat ruumi n\u00f5ude, s\u00f6\u00f6giriistade ja muude k\u00f6\u00f6gitarvete \u00f5hukuivatamiseks.<\/p>\n<p data-sourcepos=\"5:1-5:51\"><strong>Peamised omadused k\u00f6\u00f6givalamu koos \u00e4ravooluplaatidega:<\/strong><\/p>\n<ul data-sourcepos=\"7:1-10:0\">\n<li data-sourcepos=\"7:1-7:113\"><strong>Suurem funktsionaalsus:<\/strong> T\u00fchjendusplaat lisab mugava kuivatusala, v\u00e4hendades segadust teie t\u00f6\u00f6laual.<\/li>\n<li data-sourcepos=\"8:1-8:103\"><strong>Parem h\u00fcgieen:<\/strong> Kui hoiad n\u00f5ud laualt eemal, aitad v\u00e4ltida bakterite levikut.<\/li>\n<li data-sourcepos=\"9:1-10:0\"><strong>Ruumis\u00e4\u00e4stlik disain:<\/strong> Kombineerib valamu ja kuivatusrestid \u00fches seadmes, mis maksimeerib teie k\u00f6\u00f6gi t\u00f5husust.<\/li>\n<\/ul>\n<p data-sourcepos=\"11:1-11:44\"><strong>T\u00fc\u00fcbid k\u00f6\u00f6givalamu koos \u00e4ravooluplaatidega:<\/strong><\/p>\n<ul data-sourcepos=\"13:1-16:0\">\n<li data-sourcepos=\"13:1-13:90\"><strong>Roostevaba teras:<\/strong> Populaarne valik vastupidavuse, h\u00fcgieeni ja kaasaegse esteetika t\u00f5ttu.<\/li>\n<li data-sourcepos=\"14:1-14:81\"><strong>Tulesavi:<\/strong> Vastupidav ja kuumakindel materjal, mis pakub klassikalist v\u00e4limust.<\/li>\n<li data-sourcepos=\"15:1-16:0\"><strong>Komposiit:<\/strong> Materjalide, nagu kvarts v\u00f5i graniit, segu, mis pakub stiilset ja vastupidavat v\u00f5imalust.<\/li>\n<\/ul>\n<p data-sourcepos=\"17:1-17:64\"><strong>Kaalutlused \u00e4ravooluplaadiga k\u00f6\u00f6givalamu valimisel:<\/strong><\/p>\n<ul data-sourcepos=\"19:1-24:0\">\n<li data-sourcepos=\"19:1-19:71\"><strong>Suurus:<\/strong> Valige suurus, mis sobib teie k\u00f6\u00f6gi paigutuse ja vajadustega.<\/li>\n<li data-sourcepos=\"20:1-20:93\"><strong>Drainboardi paigutus:<\/strong> Kaaluge, kas soovite vasakpoolset v\u00f5i parempoolset \u00e4ravooluplaati.<\/li>\n<li data-sourcepos=\"21:1-21:60\"><strong>Materjal:<\/strong> Valige vastupidav ja kergesti puhastatav materjal.<\/li>\n<li data-sourcepos=\"22:1-22:72\"><strong>Paigaldamine:<\/strong> Valige, kas paigaldada see allapoole v\u00f5i \u00fclesse.<\/li>\n<li data-sourcepos=\"23:1-24:0\"><strong>Stiil:<\/strong> Valige stiil, mis t\u00e4iendab teie k\u00f6\u00f6gi \u00fcldist disaini.<\/li>\n<\/ul>\n<p data-sourcepos=\"25:1-25:146\">Neid tegureid hoolikalt kaaludes saate valida t\u00e4iusliku k\u00f6\u00f6givalamu koos \u00e4ravooluplaadiga, mis parandab teie k\u00f6\u00f6gi funktsionaalsust ja stiili.<\/p>","protected":false},"excerpt":{"rendered":"<p>\u00dcldine suurus: 900*550*210 mm<\/p>\n<p>V\u00e4ljal\u00f5ike suurus : 880*480 mm<\/p>\n<p>Materjal : Roostevaba teras<\/p>","protected":false},"featured_media":2579,"template":"","meta":[],"product_brand":[],"product_cat":[56],"product_tag":[],"class_list":{"0":"post-2577","1":"product","2":"type-product","3":"status-publish","4":"has-post-thumbnail","6":"product_cat-pressing-kitchen-sink","8":"first","9":"instock","10":"shipping-taxable","11":"product-type-simple"},"_links":{"self":[{"href":"https:\/\/sinkwithfaucet.com\/et\/wp-json\/wp\/v2\/product\/2577","targetHints":{"allow":["GET"]}}],"collection":[{"href":"https:\/\/sinkwithfaucet.com\/et\/wp-json\/wp\/v2\/product"}],"about":[{"href":"https:\/\/sinkwithfaucet.com\/et\/wp-json\/wp\/v2\/types\/product"}],"wp:featuredmedia":[{"embeddable":true,"href":"https:\/\/sinkwithfaucet.com\/et\/wp-json\/wp\/v2\/media\/2579"}],"wp:attachment":[{"href":"https:\/\/sinkwithfaucet.com\/et\/wp-json\/wp\/v2\/media?parent=2577"}],"wp:term":[{"taxonomy":"product_brand","embeddable":true,"href":"https:\/\/sinkwithfaucet.com\/et\/wp-json\/wp\/v2\/product_brand?post=2577"},{"taxonomy":"product_cat","embeddable":true,"href":"https:\/\/sinkwithfaucet.com\/et\/wp-json\/wp\/v2\/product_cat?post=2577"},{"taxonomy":"product_tag","embeddable":true,"href":"https:\/\/sinkwithfaucet.com\/et\/wp-json\/wp\/v2\/product_tag?post=2577"}],"curies":[{"name":"wp","href":"https:\/\/api.w.org\/{rel}","templated":true}]}}