{"id":2574,"date":"2024-11-09T06:26:09","date_gmt":"2024-11-09T06:26:09","guid":{"rendered":"https:\/\/sinkwithfaucet.com\/?post_type=product&#038;p=2574"},"modified":"2024-11-09T06:26:09","modified_gmt":"2024-11-09T06:26:09","slug":"overmount-sink-7646d","status":"publish","type":"product","link":"https:\/\/sinkwithfaucet.com\/et\/overmount-sink-7646d\/","title":{"rendered":"\u00dclesehitatav valamu 7646D"},"content":{"rendered":"<h2 data-sourcepos=\"1:1-1:50\">\u00dclesehitatud valamud: Klassikaline ja praktiline valik<\/h2>\n<p data-sourcepos=\"3:1-3:203\"><strong>\u00dclesehitatud valamud<\/strong>, mida tuntakse ka top-mount v\u00f5i drop-in valamudena, on populaarne ja traditsiooniline valik k\u00f6\u00f6kidesse. Need paigaldatakse t\u00f6\u00f6pinna peale, luues lihtsa ja h\u00f5lpsasti paigaldatava v\u00e4limuse.<\/p>\n<p data-sourcepos=\"5:1-5:36\"><strong>Peamised omadused:<\/strong><\/p>\n<ul data-sourcepos=\"7:1-11:0\">\n<li data-sourcepos=\"7:1-7:70\"><strong>Lihtne paigaldamine:<\/strong> Lihtne paigaldada mis tahes t\u00f6\u00f6pinna materjalile.<\/li>\n<li data-sourcepos=\"8:1-8:112\"><strong>Lai valik stiile:<\/strong> Saadaval eri kujude, suuruste ja materjalidega, mis sobivad erinevatele k\u00f6\u00f6gidisainidele.<\/li>\n<li data-sourcepos=\"9:1-9:100\"><strong>Vastupidav ja h\u00fcgieeniline:<\/strong> Valmistatud vastupidavast materjalist, n\u00e4iteks roostevabast terasest, keraamilisest v\u00f5i komposiitmaterjalist.<\/li>\n<li data-sourcepos=\"10:1-11:0\"><strong>Kulut\u00f5hus:<\/strong> Sageli odavamad kui allas\u00f5idutopsid.<\/li>\n<\/ul>\n<p data-sourcepos=\"12:1-12:29\"><strong>T\u00fc\u00fcbid:<\/strong><\/p>\n<ul data-sourcepos=\"14:1-18:0\">\n<li data-sourcepos=\"14:1-14:57\"><strong>\u00dcksikkauss:<\/strong> \u00dcks suur bassein \u00fcldiseks kasutamiseks.<\/li>\n<li data-sourcepos=\"15:1-15:56\"><strong>Topeltkauss:<\/strong> Kaks eraldi basseini mitme t\u00f6\u00f6\u00fclesande jaoks.<\/li>\n<li data-sourcepos=\"16:1-16:92\"><strong>Kolmekordne karikas:<\/strong> Kolm valamut lisafunktsionaalsuse tagamiseks, mida sageli leidub kaubandusk\u00f6\u00f6kides.<\/li>\n<li data-sourcepos=\"17:1-18:0\"><strong>Talumajapidamise valamu:<\/strong> Suured, s\u00fcgavad ja esipaneeliga valamud, mis pakuvad maal\u00e4hedast ja funktsionaalset disaini.<\/li>\n<\/ul>\n<p data-sourcepos=\"19:1-19:51\"><strong>Kaalutlused valamu valikul:<\/strong><\/p>\n<ul data-sourcepos=\"21:1-25:0\">\n<li data-sourcepos=\"21:1-21:64\"><strong>Suurus:<\/strong> Veenduge, et valamu sobib teie t\u00f6\u00f6laua ja teie vajadustega.<\/li>\n<li data-sourcepos=\"22:1-22:60\"><strong>Materjal:<\/strong> Valige vastupidav ja kergesti puhastatav materjal.<\/li>\n<li data-sourcepos=\"23:1-23:75\"><strong>Stiil:<\/strong> Valige stiil, mis t\u00e4iendab teie k\u00f6\u00f6gi \u00fcldist disaini.<\/li>\n<li data-sourcepos=\"24:1-25:0\"><strong>Paigaldamine:<\/strong> Tagage n\u00f5uetekohane paigaldus, et v\u00e4ltida lekkeid ja kahjustusi.<\/li>\n<\/ul>\n<p data-sourcepos=\"26:1-26:133\">Neid tegureid hoolikalt kaaludes saate valida t\u00e4iusliku \u00fclesseadetava valamu, mis parandab teie k\u00f6\u00f6gi funktsionaalsust ja stiili.<\/p>","protected":false},"excerpt":{"rendered":"<p>\u00dcldine suurus: 750*450*150 mm<\/p>\n<p>V\u00e4ljal\u00f5ike suurus: 730*430 mm<\/p>\n<p>Materjal : Roostevaba teras<\/p>","protected":false},"featured_media":2576,"template":"","meta":[],"product_brand":[],"product_cat":[56],"product_tag":[],"class_list":{"0":"post-2574","1":"product","2":"type-product","3":"status-publish","4":"has-post-thumbnail","6":"product_cat-pressing-kitchen-sink","8":"first","9":"instock","10":"shipping-taxable","11":"product-type-simple"},"_links":{"self":[{"href":"https:\/\/sinkwithfaucet.com\/et\/wp-json\/wp\/v2\/product\/2574","targetHints":{"allow":["GET"]}}],"collection":[{"href":"https:\/\/sinkwithfaucet.com\/et\/wp-json\/wp\/v2\/product"}],"about":[{"href":"https:\/\/sinkwithfaucet.com\/et\/wp-json\/wp\/v2\/types\/product"}],"wp:featuredmedia":[{"embeddable":true,"href":"https:\/\/sinkwithfaucet.com\/et\/wp-json\/wp\/v2\/media\/2576"}],"wp:attachment":[{"href":"https:\/\/sinkwithfaucet.com\/et\/wp-json\/wp\/v2\/media?parent=2574"}],"wp:term":[{"taxonomy":"product_brand","embeddable":true,"href":"https:\/\/sinkwithfaucet.com\/et\/wp-json\/wp\/v2\/product_brand?post=2574"},{"taxonomy":"product_cat","embeddable":true,"href":"https:\/\/sinkwithfaucet.com\/et\/wp-json\/wp\/v2\/product_cat?post=2574"},{"taxonomy":"product_tag","embeddable":true,"href":"https:\/\/sinkwithfaucet.com\/et\/wp-json\/wp\/v2\/product_tag?post=2574"}],"curies":[{"name":"wp","href":"https:\/\/api.w.org\/{rel}","templated":true}]}}