{"id":2434,"date":"2024-11-04T06:57:38","date_gmt":"2024-11-04T06:57:38","guid":{"rendered":"https:\/\/sinkwithfaucet.com\/?post_type=product&#038;p=2434"},"modified":"2024-11-04T06:57:38","modified_gmt":"2024-11-04T06:57:38","slug":"undermount-sink-3322dsa","status":"publish","type":"product","link":"https:\/\/sinkwithfaucet.com\/et\/undermount-sink-3322dsa\/","title":{"rendered":"Alumine valamu 3322DSA"},"content":{"rendered":"<h2 data-sourcepos=\"1:1-1:46\">Allasuvised valamud: Valik on elegantse ja kaasaegse v\u00e4limusega<\/h2>\n<p data-sourcepos=\"3:1-3:210\"><strong>Allpaigaldatavad valamud<\/strong> on populaarne valik koduomanike jaoks, kes otsivad oma k\u00f6\u00f6gi jaoks puhast ja kaasaegset v\u00e4limust. Need valamud paigaldatakse t\u00f6\u00f6pinna alla, luues \u00f5mblusteta ja integreeritud v\u00e4limuse.<\/p>\n<p data-sourcepos=\"5:1-5:37\"><strong>Peamised omadused:<\/strong><\/p>\n<ul data-sourcepos=\"7:1-11:0\">\n<li data-sourcepos=\"7:1-7:144\"><strong>Stiilne disain:<\/strong> Allpaigaldamine v\u00e4listab vahed valamu ja t\u00f6\u00f6pinna vahel, mis annab minimalistliku ja kaasaegse esteetika.<\/li>\n<li data-sourcepos=\"8:1-8:125\"><strong>Lihtne puhastada:<\/strong> \u00d5mblusteta konstruktsioon muudab puhastamise lihtsaks, kuna puuduvad praod, kuhu mustus ja prahi koguneda.<\/li>\n<li data-sourcepos=\"9:1-9:140\"><strong>T\u00e4iustatud t\u00f6\u00f6laudade ruum:<\/strong> Allalastud konstruktsioon maksimeerib t\u00f6\u00f6laua ruumi, pakkudes rohkem ruumi toidu valmistamiseks ja muudeks t\u00f6\u00f6deks.<\/li>\n<li data-sourcepos=\"10:1-11:0\"><strong>Vastupidavus:<\/strong> Kinnitatavad valamud on tavaliselt valmistatud vastupidavatest materjalidest, n\u00e4iteks roostevabast terasest v\u00f5i komposiitmaterjalidest, mis tagavad pikaajalise toimimise.<\/li>\n<\/ul>\n<p data-sourcepos=\"19:1-19:52\"><strong>Kaalutlused valamu valikul:<\/strong><\/p>\n<ul data-sourcepos=\"21:1-25:0\">\n<li data-sourcepos=\"21:1-21:69\"><strong>Suurus:<\/strong> Veenduge, et valamu on teie k\u00f6\u00f6gipinna jaoks sobiva suurusega.<\/li>\n<li data-sourcepos=\"22:1-22:98\"><strong>Materjal:<\/strong> Valige vastupidav ja kergesti puhastatav materjal, n\u00e4iteks roostevaba teras v\u00f5i komposiit.<\/li>\n<li data-sourcepos=\"23:1-23:112\"><strong>Kraanikaevud:<\/strong> Kaaluge kraanaaukude arvu ja paigutust, et need vastaksid teie soovitud konfiguratsioonile.<\/li>\n<li data-sourcepos=\"24:1-25:0\"><strong>Paigaldamine:<\/strong> Sisseehitatud valamud vajavad professionaalset paigaldamist, et tagada nende n\u00f5uetekohane ja kindel paigaldus.<\/li>\n<\/ul>\n<p data-sourcepos=\"26:1-26:139\">Neid tegureid hoolikalt kaaludes saate valida t\u00e4iusliku allas\u00f5idutatava valamu, mis t\u00f5stab teie k\u00f6\u00f6gi stiili ja funktsionaalsust.<\/p>","protected":false},"excerpt":{"rendered":"<p>\u00dcldine suurus: 33*22*10 tolli \/ 838*559*254 mm<\/p>\n<p>Kausi suurus: 430*452\/330*452 mm<\/p>\n<p>V\u00e4ljal\u00f5ike suurus : 839*560 mm<\/p>\n<p>Radian Corner : R10<\/p>","protected":false},"featured_media":2435,"template":"","meta":[],"product_brand":[],"product_cat":[54],"product_tag":[],"class_list":{"0":"post-2434","1":"product","2":"type-product","3":"status-publish","4":"has-post-thumbnail","6":"product_cat-apron-sink-1","8":"first","9":"instock","10":"shipping-taxable","11":"product-type-simple"},"_links":{"self":[{"href":"https:\/\/sinkwithfaucet.com\/et\/wp-json\/wp\/v2\/product\/2434","targetHints":{"allow":["GET"]}}],"collection":[{"href":"https:\/\/sinkwithfaucet.com\/et\/wp-json\/wp\/v2\/product"}],"about":[{"href":"https:\/\/sinkwithfaucet.com\/et\/wp-json\/wp\/v2\/types\/product"}],"wp:featuredmedia":[{"embeddable":true,"href":"https:\/\/sinkwithfaucet.com\/et\/wp-json\/wp\/v2\/media\/2435"}],"wp:attachment":[{"href":"https:\/\/sinkwithfaucet.com\/et\/wp-json\/wp\/v2\/media?parent=2434"}],"wp:term":[{"taxonomy":"product_brand","embeddable":true,"href":"https:\/\/sinkwithfaucet.com\/et\/wp-json\/wp\/v2\/product_brand?post=2434"},{"taxonomy":"product_cat","embeddable":true,"href":"https:\/\/sinkwithfaucet.com\/et\/wp-json\/wp\/v2\/product_cat?post=2434"},{"taxonomy":"product_tag","embeddable":true,"href":"https:\/\/sinkwithfaucet.com\/et\/wp-json\/wp\/v2\/product_tag?post=2434"}],"curies":[{"name":"wp","href":"https:\/\/api.w.org\/{rel}","templated":true}]}}