{"id":2432,"date":"2024-11-04T06:50:40","date_gmt":"2024-11-04T06:50:40","guid":{"rendered":"https:\/\/sinkwithfaucet.com\/?post_type=product&#038;p=2432"},"modified":"2024-11-11T02:44:49","modified_gmt":"2024-11-11T02:44:49","slug":"30-inch-kitchen-sink-3022ssa","status":"publish","type":"product","link":"https:\/\/sinkwithfaucet.com\/et\/30-inch-kitchen-sink-3022ssa\/","title":{"rendered":"30-tolline k\u00f6\u00f6givalamu 3022SSA"},"content":{"rendered":"<p data-sourcepos=\"1:1-1:227\">30-tollised k\u00f6\u00f6givalamu on paljude koduomanike seas populaarne valik, sest see pakub tasakaalustatud suurust ja funktsionaalsust. Neid on saadaval erinevates stiilides, materjalides ja konfiguratsioonides, mis sobivad erinevatele k\u00f6\u00f6gi kujundustele ja vajadustele.<\/p>\n<h3 data-sourcepos=\"3:1-3:42\">30-tollise k\u00f6\u00f6givalamu p\u00f5hiomadused:<\/h3>\n<ul data-sourcepos=\"5:1-9:0\">\n<li data-sourcepos=\"5:1-5:107\"><strong>Piisavalt ruumi:<\/strong> Pakub piisavalt ruumi n\u00f5ude pesemiseks, toidu valmistamiseks ja suurte s\u00f6\u00f6gin\u00f5ude leotamiseks.<\/li>\n<li data-sourcepos=\"6:1-6:94\"><strong>Mitmek\u00fclgne disain:<\/strong> Saadaval \u00fche- ja kahekordse kausiga ning t\u00f6\u00f6jaamade konfiguratsioonides.<\/li>\n<li data-sourcepos=\"7:1-7:80\"><strong>Vastupidavad materjalid:<\/strong> Sageli valmistatud roostevabast terasest, komposiitmaterjalist v\u00f5i keraamilisest materjalist.<\/li>\n<li data-sourcepos=\"8:1-9:0\"><strong>Stiilsed valikud:<\/strong> Saadaval erinevates viimistlustes ja stiilides, et t\u00e4iendada erinevat k\u00f6\u00f6gi esteetikat.<\/li>\n<\/ul>\n<h3 data-sourcepos=\"10:1-10:35\">T\u00fc\u00fcbid 30-tollised k\u00f6\u00f6givalamu:<\/h3>\n<ul data-sourcepos=\"12:1-15:0\">\n<li data-sourcepos=\"12:1-12:85\"><strong><a href=\"https:\/\/sinkwithfaucet.com\/et\/undermount-sink-1\/\">Allpaigaldatavad valamud<\/a>:<\/strong> Paigaldatakse t\u00f6\u00f6pinna alla, et saavutada elegantse ja kaasaegse v\u00e4limuse.<\/li>\n<li data-sourcepos=\"13:1-13:93\"><strong><a href=\"https:\/\/sinkwithfaucet.com\/et\/topmount-sink-1\/\">Top-Mount valamud<\/a>:<\/strong> Paigaldatakse t\u00f6\u00f6pinna peale, pakkudes traditsioonilist v\u00e4limust.<\/li>\n<li data-sourcepos=\"14:1-15:0\"><strong><a href=\"https:\/\/sinkwithfaucet.com\/et\/apron-sink-1\/\">Talumajapidamise valamud<\/a>:<\/strong> Suured, s\u00fcgavad ja esipaneeliga valamud, mis pakuvad maal\u00e4hedast ja funktsionaalset disaini.<\/li>\n<\/ul>\n<h3 data-sourcepos=\"16:1-16:56\">Kaalutlused 30-tollise k\u00f6\u00f6givalamu valimisel:<\/h3>\n<ul data-sourcepos=\"18:1-23:0\">\n<li data-sourcepos=\"18:1-18:94\"><strong>Materjal:<\/strong> Valige vastupidav ja kergesti puhastatav materjal, n\u00e4iteks roostevaba teras v\u00f5i komposiit.<\/li>\n<li data-sourcepos=\"19:1-19:91\"><strong>Kausi konfiguratsioon:<\/strong> Valige vastavalt oma vajadustele \u00fche v\u00f5i kahe kausi konfiguratsioon.<\/li>\n<li data-sourcepos=\"20:1-20:78\"><strong>S\u00fcgavus:<\/strong> Arvestage kausi s\u00fcgavusega, et mahutada suuremad n\u00f5ud.<\/li>\n<li data-sourcepos=\"21:1-21:105\"><strong>L\u00f5peta:<\/strong> Valige oma k\u00f6\u00f6gi stiiliga sobiv viimistlus, n\u00e4iteks harjatud, poleeritud v\u00f5i matt.<\/li>\n<li data-sourcepos=\"22:1-23:0\"><strong>Paigaldamine:<\/strong> Tagage n\u00f5uetekohane paigaldus, olenemata sellest, kas see on all- v\u00f5i \u00fclalpaigaldatav.<\/li>\n<\/ul>\n<p data-sourcepos=\"24:1-24:139\">Neid tegureid hoolikalt kaaludes saate valida t\u00e4iusliku 30-tollise k\u00f6\u00f6givalamu, mis parandab teie k\u00f6\u00f6gi funktsionaalsust ja stiili.<\/p>","protected":false},"excerpt":{"rendered":"<p>\u00dcldine suurus: 30*22*10 tolli \/ 762*559*254 mm<\/p>\n<p>Kausi suurus : 712*451 mm<\/p>\n<p>V\u00e4ljal\u00f5ike suurus : 763*503 mm<\/p>\n<p>Radian Corner : R10<\/p>","protected":false},"featured_media":2433,"template":"","meta":[],"product_brand":[],"product_cat":[54],"product_tag":[],"class_list":{"0":"post-2432","1":"product","2":"type-product","3":"status-publish","4":"has-post-thumbnail","6":"product_cat-apron-sink-1","8":"first","9":"instock","10":"shipping-taxable","11":"product-type-simple"},"_links":{"self":[{"href":"https:\/\/sinkwithfaucet.com\/et\/wp-json\/wp\/v2\/product\/2432","targetHints":{"allow":["GET"]}}],"collection":[{"href":"https:\/\/sinkwithfaucet.com\/et\/wp-json\/wp\/v2\/product"}],"about":[{"href":"https:\/\/sinkwithfaucet.com\/et\/wp-json\/wp\/v2\/types\/product"}],"wp:featuredmedia":[{"embeddable":true,"href":"https:\/\/sinkwithfaucet.com\/et\/wp-json\/wp\/v2\/media\/2433"}],"wp:attachment":[{"href":"https:\/\/sinkwithfaucet.com\/et\/wp-json\/wp\/v2\/media?parent=2432"}],"wp:term":[{"taxonomy":"product_brand","embeddable":true,"href":"https:\/\/sinkwithfaucet.com\/et\/wp-json\/wp\/v2\/product_brand?post=2432"},{"taxonomy":"product_cat","embeddable":true,"href":"https:\/\/sinkwithfaucet.com\/et\/wp-json\/wp\/v2\/product_cat?post=2432"},{"taxonomy":"product_tag","embeddable":true,"href":"https:\/\/sinkwithfaucet.com\/et\/wp-json\/wp\/v2\/product_tag?post=2432"}],"curies":[{"name":"wp","href":"https:\/\/api.w.org\/{rel}","templated":true}]}}