{"id":2429,"date":"2024-11-04T06:26:45","date_gmt":"2024-11-04T06:26:45","guid":{"rendered":"https:\/\/sinkwithfaucet.com\/?post_type=product&#038;p=2429"},"modified":"2024-11-04T06:27:51","modified_gmt":"2024-11-04T06:27:51","slug":"stainless-apron-sink-3322da","status":"publish","type":"product","link":"https:\/\/sinkwithfaucet.com\/et\/stainless-apron-sink-3322da\/","title":{"rendered":"Roostevaba kraanikauss 3322DA"},"content":{"rendered":"<h2><strong><b>Roostevabad kraanikausid: Klassika: kestev klassika<\/b><\/strong><\/h2>\n<p>Roostevabast terasest kraanikaussid on v\u00e4ga atraktiivsed koduomanike jaoks, kes otsivad k\u00f6\u00f6ki, mis on nii stiilne kui ka v\u00e4ga funktsionaalne. Need suured ja s\u00fcgavad valamud, mida sageli nimetatakse ka \"talumajapidamise valamuteks\", on ainulaadsete esipaneelidega, mis ulatuvad \u00fcle t\u00f6\u00f6pinna.<\/p>\n<p>&nbsp;<\/p>\n<p><strong>Roostevabast terasest esipaneeliga valamute peamised omadused:<\/strong><\/p>\n<ul>\n<li>Ruumikas kauss: Pakub rohkelt ruumi suurte pottide ja pannide pesemiseks.<\/li>\n<li>Stiilne disain: Esikond annab teie k\u00f6\u00f6gile klassikalise ja rafineeritud v\u00e4limuse.<\/li>\n<li>Vastupidavus: Kvaliteetsest roostevabast terasest valmistatud, mis tagab pikaajalise t\u00f6\u00f6v\u00f5ime.<\/li>\n<li>Lihtne puhastada: Siledat pinda on lihtne hooldada ja desinfitseerida.<\/li>\n<\/ul>\n<p><strong><b>M\u00f5tisklused roostevabast terasest kraanikausside valimisel:<\/b><\/strong><\/p>\n<ul>\n<li>Suurus: Valige suurus, mis sobib teie k\u00f6\u00f6gi paigutusega ja teie erivajadustega.<\/li>\n<li>Kausi konfiguratsioon: Valige vastavalt oma eelistustele kas \u00fche v\u00f5i kahe kausi seadistus.<\/li>\n<li>M\u00f5\u00f5tja: Paksem gabariit t\u00e4hendab vastupidavamat valamut.<\/li>\n<li>Viimistlus: Valige k\u00f6\u00f6gi stiiliga sobiv viimistlus, n\u00e4iteks harjatud v\u00f5i poleeritud roostevaba teras.<\/li>\n<\/ul>\n<p><strong><b>Paigaldamine:<\/b><\/strong><\/p>\n<p>Neid tegureid hoolikalt kaaludes saate valida ideaalse roostevaba terasvanniga valamu, mis t\u00f5stab teie k\u00f6\u00f6gi stiili ja funktsionaalsust.<\/p>","protected":false},"excerpt":{"rendered":"<p>\u00dcldine suurus: 33*22*10 tolli \/ 838*559*254 mm<\/p>\n<p>Kausi suurus: 788*420\/330*452 mm<\/p>\n<p>V\u00e4ljal\u00f5ike suurus : 839*503 mm<\/p>\n<p>Radian Corner : R10<\/p>","protected":false},"featured_media":2430,"template":"","meta":[],"product_brand":[],"product_cat":[54],"product_tag":[],"class_list":{"0":"post-2429","1":"product","2":"type-product","3":"status-publish","4":"has-post-thumbnail","6":"product_cat-apron-sink-1","8":"first","9":"instock","10":"shipping-taxable","11":"product-type-simple"},"_links":{"self":[{"href":"https:\/\/sinkwithfaucet.com\/et\/wp-json\/wp\/v2\/product\/2429","targetHints":{"allow":["GET"]}}],"collection":[{"href":"https:\/\/sinkwithfaucet.com\/et\/wp-json\/wp\/v2\/product"}],"about":[{"href":"https:\/\/sinkwithfaucet.com\/et\/wp-json\/wp\/v2\/types\/product"}],"wp:featuredmedia":[{"embeddable":true,"href":"https:\/\/sinkwithfaucet.com\/et\/wp-json\/wp\/v2\/media\/2430"}],"wp:attachment":[{"href":"https:\/\/sinkwithfaucet.com\/et\/wp-json\/wp\/v2\/media?parent=2429"}],"wp:term":[{"taxonomy":"product_brand","embeddable":true,"href":"https:\/\/sinkwithfaucet.com\/et\/wp-json\/wp\/v2\/product_brand?post=2429"},{"taxonomy":"product_cat","embeddable":true,"href":"https:\/\/sinkwithfaucet.com\/et\/wp-json\/wp\/v2\/product_cat?post=2429"},{"taxonomy":"product_tag","embeddable":true,"href":"https:\/\/sinkwithfaucet.com\/et\/wp-json\/wp\/v2\/product_tag?post=2429"}],"curies":[{"name":"wp","href":"https:\/\/api.w.org\/{rel}","templated":true}]}}