{"id":2427,"date":"2024-11-04T06:16:23","date_gmt":"2024-11-04T06:16:23","guid":{"rendered":"https:\/\/sinkwithfaucet.com\/?post_type=product&#038;p=2427"},"modified":"2024-11-04T06:16:23","modified_gmt":"2024-11-04T06:16:23","slug":"stainless-steel-apron-sink-3022sa","status":"publish","type":"product","link":"https:\/\/sinkwithfaucet.com\/et\/stainless-steel-apron-sink-3022sa\/","title":{"rendered":"Roostevabast terasest kraanikauss 3022SA"},"content":{"rendered":"<h2 data-sourcepos=\"1:1-1:56\">Roostevabast terasest kraanikaussid: Ajatu klassika<\/h2>\n<p data-sourcepos=\"3:1-3:252\">Roostevabast terasest p\u00f5lled on populaarne valik koduomanike jaoks, kes soovivad stiilset ja funktsionaalset k\u00f6\u00f6ki. Nendel suurtel ja s\u00fcgavatel valamutel, mida sageli nimetatakse ka \"talu valamuteks\", on iseloomulik esipaneel, mis ulatub \u00fcle t\u00f6\u00f6pinna.<\/p>\n<p data-sourcepos=\"5:1-5:54\"><strong>Roostevabast terasest esipaneeliga valamute peamised omadused:<\/strong><\/p>\n<ul data-sourcepos=\"7:1-11:0\">\n<li data-sourcepos=\"7:1-7:64\"><strong>Ruumikas kauss:<\/strong> Piisavalt ruumi suurte pottide ja pannide pesemiseks.<\/li>\n<li data-sourcepos=\"8:1-8:86\"><strong>Stiilne disain:<\/strong> Esik\u00fclg lisab teie k\u00f6\u00f6gile klassikalise ja elegantse v\u00e4limuse.<\/li>\n<li data-sourcepos=\"9:1-9:92\"><strong>Vastupidavus:<\/strong> Valmistatud kvaliteetsest roostevabast terasest, mis tagab kauakestva toimivuse.<\/li>\n<li data-sourcepos=\"10:1-11:0\"><strong>Lihtne puhastada:<\/strong> Siledat pinda on lihtne hooldada ja desinfitseerida.<\/li>\n<\/ul>\n<p data-sourcepos=\"12:1-12:68\"><strong>M\u00f5tisklused roostevabast terasest kraanikausside valimisel:<\/strong><\/p>\n<ul data-sourcepos=\"14:1-19:0\">\n<li data-sourcepos=\"14:1-14:73\"><strong>Suurus:<\/strong> Valige suurus, mis sobib teie k\u00f6\u00f6gi paigutusega ja teie vajadustega.<\/li>\n<li data-sourcepos=\"15:1-15:97\"><strong>Kausi konfiguratsioon:<\/strong> Valige vastavalt oma eelistustele \u00fche v\u00f5i kahe kausi konfiguratsioon.<\/li>\n<li data-sourcepos=\"16:1-16:59\"><strong>M\u00f5\u00f5tja:<\/strong> Paksem gabariit n\u00e4itab, et valamu on vastupidavam.<\/li>\n<li data-sourcepos=\"17:1-17:113\"><strong>L\u00f5peta:<\/strong> Valige oma k\u00f6\u00f6gi stiiliga sobiv viimistlus, n\u00e4iteks harjatud v\u00f5i poleeritud roostevaba teras.<\/li>\n<li data-sourcepos=\"18:1-19:0\"><strong>Paigaldamine:<\/strong> Kaaluge paigaldamist allapoole v\u00f5i \u00fclesse.<\/li>\n<\/ul>\n<p data-sourcepos=\"20:1-20:150\">Neid tegureid hoolikalt kaaludes saate valida t\u00e4iusliku roostevabast terasest p\u00f5lluga valamu, mis parandab teie k\u00f6\u00f6gi stiili ja funktsionaalsust.<\/p>","protected":false},"excerpt":{"rendered":"<p>\u00dcldine suurus: 30*22*10 tolli \/ 762*559*254 mm<\/p>\n<p>Kausi suurus : 712*451 mm<\/p>\n<p>V\u00e4ljal\u00f5ike suurus : 763*503 mm<\/p>\n<p>Radian Corner : R10<\/p>","protected":false},"featured_media":2428,"template":"","meta":[],"product_brand":[],"product_cat":[54],"product_tag":[],"class_list":{"0":"post-2427","1":"product","2":"type-product","3":"status-publish","4":"has-post-thumbnail","6":"product_cat-apron-sink-1","8":"first","9":"instock","10":"shipping-taxable","11":"product-type-simple"},"_links":{"self":[{"href":"https:\/\/sinkwithfaucet.com\/et\/wp-json\/wp\/v2\/product\/2427","targetHints":{"allow":["GET"]}}],"collection":[{"href":"https:\/\/sinkwithfaucet.com\/et\/wp-json\/wp\/v2\/product"}],"about":[{"href":"https:\/\/sinkwithfaucet.com\/et\/wp-json\/wp\/v2\/types\/product"}],"wp:featuredmedia":[{"embeddable":true,"href":"https:\/\/sinkwithfaucet.com\/et\/wp-json\/wp\/v2\/media\/2428"}],"wp:attachment":[{"href":"https:\/\/sinkwithfaucet.com\/et\/wp-json\/wp\/v2\/media?parent=2427"}],"wp:term":[{"taxonomy":"product_brand","embeddable":true,"href":"https:\/\/sinkwithfaucet.com\/et\/wp-json\/wp\/v2\/product_brand?post=2427"},{"taxonomy":"product_cat","embeddable":true,"href":"https:\/\/sinkwithfaucet.com\/et\/wp-json\/wp\/v2\/product_cat?post=2427"},{"taxonomy":"product_tag","embeddable":true,"href":"https:\/\/sinkwithfaucet.com\/et\/wp-json\/wp\/v2\/product_tag?post=2427"}],"curies":[{"name":"wp","href":"https:\/\/api.w.org\/{rel}","templated":true}]}}