{"id":2423,"date":"2024-11-04T06:01:20","date_gmt":"2024-11-04T06:01:20","guid":{"rendered":"https:\/\/sinkwithfaucet.com\/?post_type=product&#038;p=2423"},"modified":"2024-11-04T06:01:20","modified_gmt":"2024-11-04T06:01:20","slug":"flush-mount-sink-7948","status":"publish","type":"product","link":"https:\/\/sinkwithfaucet.com\/et\/flush-mount-sink-7948\/","title":{"rendered":"Kraanikauss 7948"},"content":{"rendered":"<h2 data-sourcepos=\"1:1-1:50\">Vannid: Kaasaegne ja h\u00fcgieeniline valik<\/h2>\n<p data-sourcepos=\"3:1-3:186\">Vannid on kaasaegne ja stiilne valik k\u00f6\u00f6gi jaoks. Need paigaldatakse nii, et valamu \u00e4\u00e4r on t\u00f6\u00f6pinnaga samal tasapinnal, luues \u00f5mblusteta ja h\u00fcgieenilise pinna.<\/p>\n<p data-sourcepos=\"5:1-5:38\"><strong>Peamised omadused:<\/strong><\/p>\n<ul data-sourcepos=\"7:1-11:0\">\n<li data-sourcepos=\"7:1-7:81\"><strong>Stiilne disain:<\/strong> H\u00f5lmatud disain loob puhta ja minimalistliku v\u00e4limuse.<\/li>\n<li data-sourcepos=\"8:1-8:127\"><strong>Lihtne puhastada:<\/strong> \u00d5mblusteta integreerumine t\u00f6\u00f6lauaga takistab prahi kinnij\u00e4\u00e4mist, mis muudab puhastamise lihtsamaks.<\/li>\n<li data-sourcepos=\"9:1-9:72\"><strong>H\u00fcgieeniline:<\/strong> L\u00fcnkade puudumine v\u00e4hendab bakterite kasvu ohtu.<\/li>\n<li data-sourcepos=\"10:1-11:0\"><strong>Kaasaegne esteetika:<\/strong> T\u00e4iendab kaasaegset k\u00f6\u00f6gi disaini.<\/li>\n<\/ul>\n<p data-sourcepos=\"12:1-12:52\"><strong>Kaalutlused kraanikausside valimisel:<\/strong><\/p>\n<ul data-sourcepos=\"14:1-18:0\">\n<li data-sourcepos=\"14:1-14:76\"><strong>Materjal:<\/strong> Valige vastupidav materjal, n\u00e4iteks roostevaba teras v\u00f5i komposiit.<\/li>\n<li data-sourcepos=\"15:1-15:86\"><strong>Suurus ja kuju:<\/strong> Valige suurus ja kuju, mis vastab teie k\u00f6\u00f6gi paigutusele ja vajadustele.<\/li>\n<li data-sourcepos=\"16:1-16:93\"><strong>Paigaldamine:<\/strong> Soovitatav on professionaalne paigaldus, et tagada n\u00f5uetekohane paigaldus ja tihendamine.<\/li>\n<li data-sourcepos=\"17:1-18:0\"><strong>T\u00f6\u00f6laua materjal:<\/strong> T\u00f6\u00f6pinna materjal peab sobima valamu paigaldusmeetodiga.<\/li>\n<\/ul>\n<p data-sourcepos=\"19:1-19:135\">Neid tegureid hoolikalt kaaludes saate valida t\u00e4iusliku valamu, mis t\u00f5stab teie k\u00f6\u00f6gi stiili ja funktsionaalsust.<\/p>","protected":false},"excerpt":{"rendered":"<p>\u00dcldine suurus: 787*480*230 mm<\/p>\n<p>Kausi suurus : 736*362 mm<\/p>\n<p>V\u00e4ljal\u00f5ike suurus : 763*456 mm<\/p>\n<p>Radian Corner : R10<\/p>","protected":false},"featured_media":2424,"template":"","meta":[],"product_brand":[],"product_cat":[53],"product_tag":[],"class_list":{"0":"post-2423","1":"product","2":"type-product","3":"status-publish","4":"has-post-thumbnail","6":"product_cat-topmount-sink-1","8":"first","9":"instock","10":"shipping-taxable","11":"product-type-simple"},"_links":{"self":[{"href":"https:\/\/sinkwithfaucet.com\/et\/wp-json\/wp\/v2\/product\/2423","targetHints":{"allow":["GET"]}}],"collection":[{"href":"https:\/\/sinkwithfaucet.com\/et\/wp-json\/wp\/v2\/product"}],"about":[{"href":"https:\/\/sinkwithfaucet.com\/et\/wp-json\/wp\/v2\/types\/product"}],"wp:featuredmedia":[{"embeddable":true,"href":"https:\/\/sinkwithfaucet.com\/et\/wp-json\/wp\/v2\/media\/2424"}],"wp:attachment":[{"href":"https:\/\/sinkwithfaucet.com\/et\/wp-json\/wp\/v2\/media?parent=2423"}],"wp:term":[{"taxonomy":"product_brand","embeddable":true,"href":"https:\/\/sinkwithfaucet.com\/et\/wp-json\/wp\/v2\/product_brand?post=2423"},{"taxonomy":"product_cat","embeddable":true,"href":"https:\/\/sinkwithfaucet.com\/et\/wp-json\/wp\/v2\/product_cat?post=2423"},{"taxonomy":"product_tag","embeddable":true,"href":"https:\/\/sinkwithfaucet.com\/et\/wp-json\/wp\/v2\/product_tag?post=2423"}],"curies":[{"name":"wp","href":"https:\/\/api.w.org\/{rel}","templated":true}]}}