{"id":2421,"date":"2024-11-04T03:43:55","date_gmt":"2024-11-04T03:43:55","guid":{"rendered":"https:\/\/sinkwithfaucet.com\/?post_type=product&#038;p=2421"},"modified":"2024-11-04T03:43:55","modified_gmt":"2024-11-04T03:43:55","slug":"30-inch-sink-7046-a","status":"publish","type":"product","link":"https:\/\/sinkwithfaucet.com\/et\/30-inch-sink-7046-a\/","title":{"rendered":"30-tolline valamu 7046-A"},"content":{"rendered":"<h2 data-sourcepos=\"1:1-1:45\">30-tollised valamud: Mitmek\u00fclgne valik<\/h2>\n<p data-sourcepos=\"3:1-3:203\">30-tolline valamu on populaarne suurus, mis pakub tasakaalu ruumi ja funktsionaalsust. Neid on saadaval erinevates stiilides, materjalides ja konfiguratsioonides, mis sobivad erinevatele k\u00f6\u00f6gi kujundustele ja vajadustele.<\/p>\n<p data-sourcepos=\"5:1-5:42\"><strong>30-tollise valamu p\u00f5hiomadused:<\/strong><\/p>\n<ul data-sourcepos=\"7:1-11:0\">\n<li data-sourcepos=\"7:1-7:107\"><strong>Piisavalt ruumi:<\/strong> Pakub piisavalt ruumi n\u00f5ude pesemiseks, toidu valmistamiseks ja suurte s\u00f6\u00f6gin\u00f5ude leotamiseks.<\/li>\n<li data-sourcepos=\"8:1-8:94\"><strong>Mitmek\u00fclgne disain:<\/strong> Saadaval \u00fche- ja kahekordse kausiga ning t\u00f6\u00f6jaamade konfiguratsioonides.<\/li>\n<li data-sourcepos=\"9:1-9:92\"><strong>Vastupidavad materjalid:<\/strong> Sageli valmistatud roostevabast terasest, malmist v\u00f5i komposiitmaterjalidest.<\/li>\n<li data-sourcepos=\"10:1-11:0\"><strong>Kaasaegne esteetika:<\/strong> Korralik ja kaasaegne disain, mis t\u00e4iendab erinevaid k\u00f6\u00f6gi stiile.<\/li>\n<\/ul>\n<p data-sourcepos=\"12:1-12:35\"><strong>T\u00fc\u00fcbid 30-tollised k\u00f6\u00f6givalamu:<\/strong><\/p>\n<ul data-sourcepos=\"14:1-17:0\">\n<li data-sourcepos=\"14:1-14:77\"><strong>Allasuvised valamud:<\/strong> Paigaldatakse t\u00f6\u00f6pinna alla, et tagada sujuv v\u00e4limus.<\/li>\n<li data-sourcepos=\"15:1-15:93\"><strong>Top-Mount valamud:<\/strong> Paigaldatakse t\u00f6\u00f6pinna peale, pakkudes traditsioonilist v\u00e4limust.<\/li>\n<li data-sourcepos=\"16:1-17:0\"><strong>Talumajapidamise valamud:<\/strong> Suured, s\u00fcgavad ja esipaneeliga valamud, mis pakuvad maal\u00e4hedast ja funktsionaalset disaini.<\/li>\n<\/ul>\n<p data-sourcepos=\"18:1-18:73\"><strong>30-tollise k\u00f6\u00f6givalamu valimisel arvestage j\u00e4rgmisi tegureid:<\/strong><\/p>\n<ul data-sourcepos=\"20:1-25:0\">\n<li data-sourcepos=\"20:1-20:94\"><strong>Materjal:<\/strong> Valige vastupidav ja kergesti puhastatav materjal, n\u00e4iteks roostevaba teras v\u00f5i komposiit.<\/li>\n<li data-sourcepos=\"21:1-21:100\"><strong>Kausi konfiguratsioon:<\/strong> Valige vastavalt oma vajadustele \u00fche-, kahe- v\u00f5i kolmekordse kausi konfiguratsioon.<\/li>\n<li data-sourcepos=\"22:1-22:64\"><strong>S\u00fcgavus:<\/strong> S\u00fcgavamasse kaussi mahuvad suuremad potid ja pannid.<\/li>\n<li data-sourcepos=\"23:1-23:105\"><strong>L\u00f5peta:<\/strong> Valige oma k\u00f6\u00f6gi stiiliga sobiv viimistlus, n\u00e4iteks harjatud, poleeritud v\u00f5i satiinne.<\/li>\n<li data-sourcepos=\"24:1-25:0\"><strong>Paigaldamine:<\/strong> M\u00f5elge paigaldusmeetodile, kas see on allapoole v\u00f5i \u00fclesse paigaldatud.<\/li>\n<\/ul>\n<p data-sourcepos=\"26:1-26:138\">Neid tegureid hoolikalt kaaludes saate valida t\u00e4iusliku 30-tollise k\u00f6\u00f6givalamu.<\/p>","protected":false},"excerpt":{"rendered":"<p>\u00dcldine suurus: 700*460*230 mm<\/p>\n<p>Kausi suurus: 660*363 mm<\/p>\n<p>V\u00e4ljal\u00f5ike suurus : 676*436 mm<\/p>\n<p>Radian Corner : R10<\/p>","protected":false},"featured_media":2422,"template":"","meta":[],"product_brand":[],"product_cat":[53],"product_tag":[],"class_list":{"0":"post-2421","1":"product","2":"type-product","3":"status-publish","4":"has-post-thumbnail","6":"product_cat-topmount-sink-1","8":"first","9":"instock","10":"shipping-taxable","11":"product-type-simple"},"_links":{"self":[{"href":"https:\/\/sinkwithfaucet.com\/et\/wp-json\/wp\/v2\/product\/2421","targetHints":{"allow":["GET"]}}],"collection":[{"href":"https:\/\/sinkwithfaucet.com\/et\/wp-json\/wp\/v2\/product"}],"about":[{"href":"https:\/\/sinkwithfaucet.com\/et\/wp-json\/wp\/v2\/types\/product"}],"wp:featuredmedia":[{"embeddable":true,"href":"https:\/\/sinkwithfaucet.com\/et\/wp-json\/wp\/v2\/media\/2422"}],"wp:attachment":[{"href":"https:\/\/sinkwithfaucet.com\/et\/wp-json\/wp\/v2\/media?parent=2421"}],"wp:term":[{"taxonomy":"product_brand","embeddable":true,"href":"https:\/\/sinkwithfaucet.com\/et\/wp-json\/wp\/v2\/product_brand?post=2421"},{"taxonomy":"product_cat","embeddable":true,"href":"https:\/\/sinkwithfaucet.com\/et\/wp-json\/wp\/v2\/product_cat?post=2421"},{"taxonomy":"product_tag","embeddable":true,"href":"https:\/\/sinkwithfaucet.com\/et\/wp-json\/wp\/v2\/product_tag?post=2421"}],"curies":[{"name":"wp","href":"https:\/\/api.w.org\/{rel}","templated":true}]}}