{"id":2418,"date":"2024-11-04T03:36:44","date_gmt":"2024-11-04T03:36:44","guid":{"rendered":"https:\/\/sinkwithfaucet.com\/?post_type=product&#038;p=2418"},"modified":"2024-11-04T03:36:44","modified_gmt":"2024-11-04T03:36:44","slug":"black-kitchen-sink-7647b","status":"publish","type":"product","link":"https:\/\/sinkwithfaucet.com\/et\/black-kitchen-sink-7647b\/","title":{"rendered":"Must k\u00f6\u00f6givalamu 7647B"},"content":{"rendered":"<h2 data-sourcepos=\"1:1-1:215\">Mustad k\u00f6\u00f6givalamu:<\/h2>\n<p data-sourcepos=\"1:1-1:215\">Mustad k\u00f6\u00f6givalamu on viimastel aastatel muutunud \u00fcha populaarsemaks, pakkudes moodsat ja rafineeritud v\u00e4limust, mis t\u00f5stab mis tahes k\u00f6\u00f6gi disaini. Neid on saadaval erinevates materjalides ja stiilides.<\/p>\n<ul data-sourcepos=\"5:1-8:0\">\n<li data-sourcepos=\"5:1-5:89\"><strong>Stiilne ja moodne:<\/strong> Tume, matt viimistlus lisab teie k\u00f6\u00f6gile kaasaegse puudutuse.<\/li>\n<li data-sourcepos=\"6:1-6:84\"><strong>Vastupidav ja h\u00fcgieeniline:<\/strong> Roostevaba teras on vastupidav ja kergesti puhastatav materjal.<\/li>\n<li data-sourcepos=\"7:1-8:0\"><strong>S\u00f5rmej\u00e4ljekindel:<\/strong> Spetsiaalsed pinnakatted aitavad v\u00e4hendada s\u00f5rmej\u00e4lgi ja mustusi.<\/li>\n<\/ul>\n<p data-sourcepos=\"21:1-21:71\"><strong>Musta k\u00f6\u00f6givalamu valimisel arvestage j\u00e4rgmisi tegureid:<\/strong><\/p>\n<ul data-sourcepos=\"23:1-28:0\">\n<li data-sourcepos=\"23:1-23:67\"><strong>Materjal:<\/strong> Valige materjal, mis sobib teie stiili ja eelarvega.<\/li>\n<li data-sourcepos=\"24:1-24:76\"><strong>Suurus ja kuju:<\/strong> Valige suurus ja kuju, mis sobib teie k\u00f6\u00f6gi paigutusega.<\/li>\n<li data-sourcepos=\"25:1-25:72\"><strong>Paigaldamine:<\/strong> Otsustage, kas paigaldada see allapoole v\u00f5i \u00fclesse.<\/li>\n<li data-sourcepos=\"26:1-26:74\"><strong>L\u00f5peta:<\/strong> Kaaluge musta v\u00e4rvi konkreetset tooni ja l\u00e4ike taset.<\/li>\n<li data-sourcepos=\"27:1-28:0\"><strong>Hooldus:<\/strong> J\u00e4rgige tootja hooldusjuhiseid, et hoida valamu parimas seisukorras.<\/li>\n<\/ul>\n<p data-sourcepos=\"29:1-29:142\">Neid tegureid hoolikalt kaaludes saate valida t\u00e4iusliku musta valamu, mis t\u00e4iustab teie k\u00f6\u00f6gi stiili ja funktsionaalsust.<\/p>","protected":false},"excerpt":{"rendered":"<p>\u00dcldine suurus: 760*470*230 mm<\/p>\n<p>Kausi suurus: 720*363 mm<\/p>\n<p>V\u00e4ljal\u00f5ike suurus : 736*446 mm<\/p>\n<p>Radian Corner : R10<\/p>","protected":false},"featured_media":2419,"template":"","meta":[],"product_brand":[],"product_cat":[53],"product_tag":[],"class_list":{"0":"post-2418","1":"product","2":"type-product","3":"status-publish","4":"has-post-thumbnail","6":"product_cat-topmount-sink-1","8":"first","9":"instock","10":"shipping-taxable","11":"product-type-simple"},"_links":{"self":[{"href":"https:\/\/sinkwithfaucet.com\/et\/wp-json\/wp\/v2\/product\/2418","targetHints":{"allow":["GET"]}}],"collection":[{"href":"https:\/\/sinkwithfaucet.com\/et\/wp-json\/wp\/v2\/product"}],"about":[{"href":"https:\/\/sinkwithfaucet.com\/et\/wp-json\/wp\/v2\/types\/product"}],"wp:featuredmedia":[{"embeddable":true,"href":"https:\/\/sinkwithfaucet.com\/et\/wp-json\/wp\/v2\/media\/2419"}],"wp:attachment":[{"href":"https:\/\/sinkwithfaucet.com\/et\/wp-json\/wp\/v2\/media?parent=2418"}],"wp:term":[{"taxonomy":"product_brand","embeddable":true,"href":"https:\/\/sinkwithfaucet.com\/et\/wp-json\/wp\/v2\/product_brand?post=2418"},{"taxonomy":"product_cat","embeddable":true,"href":"https:\/\/sinkwithfaucet.com\/et\/wp-json\/wp\/v2\/product_cat?post=2418"},{"taxonomy":"product_tag","embeddable":true,"href":"https:\/\/sinkwithfaucet.com\/et\/wp-json\/wp\/v2\/product_tag?post=2418"}],"curies":[{"name":"wp","href":"https:\/\/api.w.org\/{rel}","templated":true}]}}