{"id":2413,"date":"2024-11-04T03:17:48","date_gmt":"2024-11-04T03:17:48","guid":{"rendered":"https:\/\/sinkwithfaucet.com\/?post_type=product&#038;p=2413"},"modified":"2024-11-04T06:17:09","modified_gmt":"2024-11-04T06:17:09","slug":"stainless-sink-3322so","status":"publish","type":"product","link":"https:\/\/sinkwithfaucet.com\/et\/stainless-sink-3322so\/","title":{"rendered":"Roostevaba valamu 3322SO"},"content":{"rendered":"<h2 data-sourcepos=\"1:1-1:44\">Roostevabad valamud: Ajatu klassika<\/h2>\n<p data-sourcepos=\"3:1-3:251\">Roostevabad valamud on populaarne valik k\u00f6\u00f6gi jaoks nende vastupidavuse, h\u00fcgieenilisuse ja kaasaegse esteetika t\u00f5ttu. Need on valmistatud metallisulamist, mis on vastupidav rooste, korrosiooni ja plekkide suhtes, mist\u00f5ttu on need pikaajalised ja kergesti puhastatavad.<\/p>\n<p data-sourcepos=\"18:1-18:38\"><strong>Roostevabast terasest valamute eelised:<\/strong><\/p>\n<ul data-sourcepos=\"20:1-24:0\">\n<li data-sourcepos=\"20:1-20:57\"><strong>Vastupidavus:<\/strong> Vastupidav rooste, korrosiooni ja kuumuse suhtes.<\/li>\n<li data-sourcepos=\"21:1-21:42\"><strong>H\u00fcgieen:<\/strong> Lihtne puhastada ja desinfitseerida.<\/li>\n<li data-sourcepos=\"22:1-22:86\"><strong>Stiil:<\/strong> Saadaval erinevates viimistlustes ja stiilides, mis sobivad iga k\u00f6\u00f6gi sisekujundusega.<\/li>\n<li data-sourcepos=\"23:1-24:0\"><strong>Mitmek\u00fclgsus:<\/strong> Sobib nii elamu- kui ka \u00e4rik\u00f6\u00f6kidele.<\/li>\n<\/ul>\n<p data-sourcepos=\"25:1-25:56\"><strong>Roostevabast terasest valamu valimisel v\u00f5etavad kaalutlused:<\/strong><\/p>\n<ul data-sourcepos=\"27:1-31:0\">\n<li data-sourcepos=\"27:1-27:90\"><strong>M\u00f5\u00f5tja:<\/strong> Roostevaba terase paksus, kusjuures paksemad m\u00f5\u00f5tmed on vastupidavamad.<\/li>\n<li data-sourcepos=\"28:1-28:85\"><strong>L\u00f5peta:<\/strong> Valige erinevate viimistluste, n\u00e4iteks harjatud, poleeritud v\u00f5i satiinse viimistluse vahel.<\/li>\n<li data-sourcepos=\"29:1-29:73\"><strong>Suurus:<\/strong> Valige suurus, mis sobib teie k\u00f6\u00f6gi paigutusega ja teie vajadustega.<\/li>\n<li data-sourcepos=\"30:1-31:0\"><strong>Paigaldamine:<\/strong> Kaaluge, kas soovite allasuvist v\u00f5i \u00fclesseadetavat valamut.<\/li>\n<\/ul>\n<p data-sourcepos=\"32:1-32:143\">Neid tegureid hoolikalt kaaludes saate valida t\u00e4iusliku roostevabast terasest valamu, mis parandab teie k\u00f6\u00f6gi funktsionaalsust ja stiili.<\/p>","protected":false},"excerpt":{"rendered":"<p>\u00dcldine suurus: 33*22*10 tolli \/ 838*559*254 mm<\/p>\n<p>Kausi suurus: 768*394 mm<\/p>\n<p>V\u00e4ljal\u00f5ike suurus : 814*535 mm<\/p>\n<p>Radiaaniline nurk : R0<\/p>","protected":false},"featured_media":2414,"template":"","meta":[],"product_brand":[],"product_cat":[53],"product_tag":[],"class_list":{"0":"post-2413","1":"product","2":"type-product","3":"status-publish","4":"has-post-thumbnail","6":"product_cat-topmount-sink-1","8":"first","9":"instock","10":"shipping-taxable","11":"product-type-simple"},"_links":{"self":[{"href":"https:\/\/sinkwithfaucet.com\/et\/wp-json\/wp\/v2\/product\/2413","targetHints":{"allow":["GET"]}}],"collection":[{"href":"https:\/\/sinkwithfaucet.com\/et\/wp-json\/wp\/v2\/product"}],"about":[{"href":"https:\/\/sinkwithfaucet.com\/et\/wp-json\/wp\/v2\/types\/product"}],"wp:featuredmedia":[{"embeddable":true,"href":"https:\/\/sinkwithfaucet.com\/et\/wp-json\/wp\/v2\/media\/2414"}],"wp:attachment":[{"href":"https:\/\/sinkwithfaucet.com\/et\/wp-json\/wp\/v2\/media?parent=2413"}],"wp:term":[{"taxonomy":"product_brand","embeddable":true,"href":"https:\/\/sinkwithfaucet.com\/et\/wp-json\/wp\/v2\/product_brand?post=2413"},{"taxonomy":"product_cat","embeddable":true,"href":"https:\/\/sinkwithfaucet.com\/et\/wp-json\/wp\/v2\/product_cat?post=2413"},{"taxonomy":"product_tag","embeddable":true,"href":"https:\/\/sinkwithfaucet.com\/et\/wp-json\/wp\/v2\/product_tag?post=2413"}],"curies":[{"name":"wp","href":"https:\/\/api.w.org\/{rel}","templated":true}]}}