{"id":2411,"date":"2024-11-04T03:09:36","date_gmt":"2024-11-04T03:09:36","guid":{"rendered":"https:\/\/sinkwithfaucet.com\/?post_type=product&#038;p=2411"},"modified":"2024-11-04T03:09:36","modified_gmt":"2024-11-04T03:09:36","slug":"deep-sink-3120do","status":"publish","type":"product","link":"https:\/\/sinkwithfaucet.com\/et\/deep-sink-3120do\/","title":{"rendered":"S\u00fcgav valamu 3120DO"},"content":{"rendered":"<h2 data-sourcepos=\"1:1-1:53\">S\u00fcgavad valamud: Praktiline ja stiilne valik<\/h2>\n<p data-sourcepos=\"3:1-3:266\">S\u00fcgavad valamud pakuvad mitmeid eeliseid, sealhulgas suuremat funktsionaalsust, paremat esteetikat ja t\u00e4iustatud puhastusv\u00f5imalusi. Need on eriti kasulikud suurte pottide ja pannide mahutamiseks, mahukate esemete leotamiseks ja muude k\u00f6\u00f6git\u00f6\u00f6de tegemiseks.<\/p>\n<p data-sourcepos=\"5:1-5:39\"><strong>S\u00fcgavate k\u00f6\u00f6givalamute p\u00f5hiomadused:<\/strong><\/p>\n<ul data-sourcepos=\"7:1-11:0\">\n<li data-sourcepos=\"7:1-7:87\"><strong>Rohke s\u00fcgavus:<\/strong> Pakub palju ruumi suurte k\u00f6\u00f6gitarvete ja mahukate esemete pesemiseks.<\/li>\n<li data-sourcepos=\"8:1-8:97\"><strong>V\u00e4hendatud pritsimine:<\/strong> S\u00fcgavam disain aitab v\u00e4hendada vee pritsimist t\u00f6\u00f6pinnale.<\/li>\n<li data-sourcepos=\"9:1-9:112\"><strong>T\u00e4iustatud funktsionaalsus:<\/strong> V\u00f5imaldab mitmesuguseid k\u00f6\u00f6git\u00f6id, alates n\u00f5udepesust kuni toidu valmistamiseni.<\/li>\n<li data-sourcepos=\"10:1-11:0\"><strong>Stiilne disain:<\/strong> Saadaval erinevates stiilides ja viimistlustes, et t\u00e4iendada mis tahes k\u00f6\u00f6gi sisekujundust.<\/li>\n<\/ul>\n<p data-sourcepos=\"12:1-12:32\"><strong>S\u00fcgavate k\u00f6\u00f6givalamute t\u00fc\u00fcbid:<\/strong><\/p>\n<ul data-sourcepos=\"14:1-17:0\">\n<li data-sourcepos=\"14:1-14:85\"><strong>Allasuvised valamud:<\/strong> Paigaldatakse t\u00f6\u00f6pinna alla, et saavutada elegantse ja kaasaegse v\u00e4limuse.<\/li>\n<li data-sourcepos=\"15:1-15:105\"><strong>Top-Mount valamud:<\/strong> Paigaldatakse t\u00f6\u00f6pinna peale, pakkudes klassikalist ja traditsioonilist v\u00e4limust.<\/li>\n<li data-sourcepos=\"16:1-17:0\"><strong>Talumajapidamise valamud:<\/strong> Suured, s\u00fcgavad ja esipaneeliga valamud, mis pakuvad maal\u00e4hedast ja funktsionaalset disaini.<\/li>\n<\/ul>\n<p data-sourcepos=\"18:1-18:53\"><strong>Kaalutlused s\u00fcgava k\u00f6\u00f6givalamu valimisel:<\/strong><\/p>\n<ul data-sourcepos=\"20:1-24:0\">\n<li data-sourcepos=\"20:1-20:94\"><strong>S\u00fcgavus:<\/strong> Valige oma vajadustele vastav s\u00fcgavus, v\u00f5ttes arvesse oma pottide ja pannide suurust.<\/li>\n<li data-sourcepos=\"21:1-21:89\"><strong>Materjal:<\/strong> Roostevaba teras on populaarne valik selle vastupidavuse ja lihtsa puhastatavuse t\u00f5ttu.<\/li>\n<li data-sourcepos=\"22:1-22:78\"><strong>Suurus:<\/strong> Valige suurus, mis sobib teie k\u00f6\u00f6gi paigutuse ja olemasoleva ruumiga.<\/li>\n<li data-sourcepos=\"23:1-24:0\"><strong>Stiil:<\/strong> Valige stiil, mis t\u00e4iendab teie k\u00f6\u00f6gi \u00fcldist disaini.<\/li>\n<\/ul>\n<p data-sourcepos=\"25:1-25:136\">Neid tegureid hoolikalt kaaludes saate valida t\u00e4iusliku s\u00fcgava k\u00f6\u00f6givalamu, mis t\u00f5stab teie k\u00f6\u00f6gi funktsionaalsust ja stiili.<\/p>","protected":false},"excerpt":{"rendered":"<p>\u00dcldine suurus: 31*20*9 tolli\/810*510*220 mm<\/p>\n<p>Kausi suurus: 350*398\/350*398 mm<\/p>\n<p>V\u00e4ljal\u00f5ike suurus : 767*488 mm<\/p>\n<p>Radian Corner : R10<\/p>","protected":false},"featured_media":2412,"template":"","meta":[],"product_brand":[],"product_cat":[53],"product_tag":[],"class_list":{"0":"post-2411","1":"product","2":"type-product","3":"status-publish","4":"has-post-thumbnail","6":"product_cat-topmount-sink-1","8":"first","9":"instock","10":"shipping-taxable","11":"product-type-simple"},"_links":{"self":[{"href":"https:\/\/sinkwithfaucet.com\/et\/wp-json\/wp\/v2\/product\/2411","targetHints":{"allow":["GET"]}}],"collection":[{"href":"https:\/\/sinkwithfaucet.com\/et\/wp-json\/wp\/v2\/product"}],"about":[{"href":"https:\/\/sinkwithfaucet.com\/et\/wp-json\/wp\/v2\/types\/product"}],"wp:featuredmedia":[{"embeddable":true,"href":"https:\/\/sinkwithfaucet.com\/et\/wp-json\/wp\/v2\/media\/2412"}],"wp:attachment":[{"href":"https:\/\/sinkwithfaucet.com\/et\/wp-json\/wp\/v2\/media?parent=2411"}],"wp:term":[{"taxonomy":"product_brand","embeddable":true,"href":"https:\/\/sinkwithfaucet.com\/et\/wp-json\/wp\/v2\/product_brand?post=2411"},{"taxonomy":"product_cat","embeddable":true,"href":"https:\/\/sinkwithfaucet.com\/et\/wp-json\/wp\/v2\/product_cat?post=2411"},{"taxonomy":"product_tag","embeddable":true,"href":"https:\/\/sinkwithfaucet.com\/et\/wp-json\/wp\/v2\/product_tag?post=2411"}],"curies":[{"name":"wp","href":"https:\/\/api.w.org\/{rel}","templated":true}]}}