{"id":2407,"date":"2024-11-04T02:52:17","date_gmt":"2024-11-04T02:52:17","guid":{"rendered":"https:\/\/sinkwithfaucet.com\/?post_type=product&#038;p=2407"},"modified":"2024-11-04T02:52:17","modified_gmt":"2024-11-04T02:52:17","slug":"top-mount-kitchen-sink-1200sdo","status":"publish","type":"product","link":"https:\/\/sinkwithfaucet.com\/et\/top-mount-kitchen-sink-1200sdo\/","title":{"rendered":"Top-Mount k\u00f6\u00f6givalamu 1200SDO"},"content":{"rendered":"<h2 data-sourcepos=\"1:1-1:44\">Top-Mount k\u00f6\u00f6givalamu: Klassikaline valik<\/h2>\n<p data-sourcepos=\"3:1-3:206\">\u00dclalt paigaldatavad k\u00f6\u00f6givalamu, mida nimetatakse ka sisseehitatud valamudeks, on klassikaline ja mitmek\u00fclgne valik paljude k\u00f6\u00f6kide jaoks. Need paigaldatakse t\u00f6\u00f6pinna peale, luues traditsioonilise ja h\u00f5lpsasti paigaldatava v\u00e4limuse.<\/p>\n<p data-sourcepos=\"5:1-5:44\"><strong>Peamised omadused:<\/strong><\/p>\n<ul data-sourcepos=\"7:1-11:0\">\n<li data-sourcepos=\"7:1-7:70\"><strong>Lihtne paigaldamine:<\/strong> Lihtne paigaldada mis tahes t\u00f6\u00f6pinna materjalile.<\/li>\n<li data-sourcepos=\"8:1-8:112\"><strong>Lai valik stiile:<\/strong> Saadaval eri kujude, suuruste ja materjalidega, mis sobivad erinevatele k\u00f6\u00f6gidisainidele.<\/li>\n<li data-sourcepos=\"9:1-9:127\"><strong>Vastupidav ja h\u00fcgieeniline:<\/strong> Valmistatud sellistest materjalidest nagu roostevaba teras, keraamiline v\u00f5i komposiit, mis tagavad pikaajalise toimivuse.<\/li>\n<li data-sourcepos=\"10:1-11:0\"><strong>Kulut\u00f5hus:<\/strong> Sageli odavamad kui allas\u00f5idutopsid.<\/li>\n<\/ul>\n<p data-sourcepos=\"12:1-12:37\"><strong>Top-Mount k\u00f6\u00f6givalamu t\u00fc\u00fcbid:<\/strong><\/p>\n<ul data-sourcepos=\"14:1-18:0\">\n<li data-sourcepos=\"14:1-14:57\"><strong>\u00dcksikkauss:<\/strong> \u00dcks suur bassein \u00fcldiseks kasutamiseks.<\/li>\n<li data-sourcepos=\"15:1-15:56\"><strong>Topeltkauss:<\/strong> Kaks eraldi basseini mitme t\u00f6\u00f6\u00fclesande jaoks.<\/li>\n<li data-sourcepos=\"16:1-16:92\"><strong>Kolmekordne karikas:<\/strong> Kolm valamut lisafunktsionaalsuse tagamiseks, mida sageli leidub kaubandusk\u00f6\u00f6kides.<\/li>\n<li data-sourcepos=\"17:1-18:0\"><strong>Talumajapidamise valamu:<\/strong> Suur ja s\u00fcgav valamu, millel on eesmine esipaneel, mis pakub maal\u00e4hedast ja traditsioonilist v\u00e4limust.<\/li>\n<\/ul>\n<p data-sourcepos=\"19:1-19:75\"><strong>\u00dclesehitise k\u00f6\u00f6givalamu valimisel arvestage j\u00e4rgmisi tegureid:<\/strong><\/p>\n<ul data-sourcepos=\"21:1-25:0\">\n<li data-sourcepos=\"21:1-21:70\"><strong>Suurus:<\/strong> Veenduge, et valamu sobib teie t\u00f6\u00f6lauale ja vastab teie vajadustele.<\/li>\n<li data-sourcepos=\"22:1-22:98\"><strong>Materjal:<\/strong> Valige vastupidav ja kergesti puhastatav materjal, n\u00e4iteks roostevaba teras v\u00f5i komposiit.<\/li>\n<li data-sourcepos=\"23:1-23:75\"><strong>Stiil:<\/strong> Valige stiil, mis t\u00e4iendab teie k\u00f6\u00f6gi \u00fcldist disaini.<\/li>\n<li data-sourcepos=\"24:1-25:0\"><strong>Paigaldamine:<\/strong> Tagage n\u00f5uetekohane paigaldus, et v\u00e4ltida lekkeid ja kahjustusi.<\/li>\n<\/ul>\n<p data-sourcepos=\"26:1-26:141\">Neid tegureid hoolikalt kaaludes saate valida t\u00e4iusliku \u00fclesseadetava k\u00f6\u00f6givalamu, mis parandab teie k\u00f6\u00f6gi funktsionaalsust ja stiili.<\/p>","protected":false},"excerpt":{"rendered":"<p>\u00dcldine suurus: 1200*510*220 mm<\/p>\n<p>Kausi suurus: 440*400 mm<\/p>\n<p>V\u00e4ljal\u00f5ike suurus : 1175*485 mm<\/p>\n<p>Radian Corner : R10<\/p>","protected":false},"featured_media":2408,"template":"","meta":[],"product_brand":[],"product_cat":[53],"product_tag":[],"class_list":{"0":"post-2407","1":"product","2":"type-product","3":"status-publish","4":"has-post-thumbnail","6":"product_cat-topmount-sink-1","8":"first","9":"instock","10":"shipping-taxable","11":"product-type-simple"},"_links":{"self":[{"href":"https:\/\/sinkwithfaucet.com\/et\/wp-json\/wp\/v2\/product\/2407","targetHints":{"allow":["GET"]}}],"collection":[{"href":"https:\/\/sinkwithfaucet.com\/et\/wp-json\/wp\/v2\/product"}],"about":[{"href":"https:\/\/sinkwithfaucet.com\/et\/wp-json\/wp\/v2\/types\/product"}],"wp:featuredmedia":[{"embeddable":true,"href":"https:\/\/sinkwithfaucet.com\/et\/wp-json\/wp\/v2\/media\/2408"}],"wp:attachment":[{"href":"https:\/\/sinkwithfaucet.com\/et\/wp-json\/wp\/v2\/media?parent=2407"}],"wp:term":[{"taxonomy":"product_brand","embeddable":true,"href":"https:\/\/sinkwithfaucet.com\/et\/wp-json\/wp\/v2\/product_brand?post=2407"},{"taxonomy":"product_cat","embeddable":true,"href":"https:\/\/sinkwithfaucet.com\/et\/wp-json\/wp\/v2\/product_cat?post=2407"},{"taxonomy":"product_tag","embeddable":true,"href":"https:\/\/sinkwithfaucet.com\/et\/wp-json\/wp\/v2\/product_tag?post=2407"}],"curies":[{"name":"wp","href":"https:\/\/api.w.org\/{rel}","templated":true}]}}