{"id":2405,"date":"2024-11-04T02:44:36","date_gmt":"2024-11-04T02:44:36","guid":{"rendered":"https:\/\/sinkwithfaucet.com\/?post_type=product&#038;p=2405"},"modified":"2024-11-04T02:45:56","modified_gmt":"2024-11-04T02:45:56","slug":"above-counter-sink-8151sdo","status":"publish","type":"product","link":"https:\/\/sinkwithfaucet.com\/et\/above-counter-sink-8151sdo\/","title":{"rendered":"Valamu 8151SDO"},"content":{"rendered":"<h2 data-sourcepos=\"1:1-1:51\">\u00dclevalpool leti valamud: Stiilne ja kaasaegne valik<\/h2>\n<p data-sourcepos=\"3:1-3:194\"><strong>Leti kohal olevad valamud<\/strong>, mida tuntakse ka kui anumate valamuid, on populaarne valik nii vannitoa kui ka k\u00f6\u00f6gi kujundamisel. Need istuvad t\u00f6\u00f6pinna peal, luues ainulaadse ja pilkup\u00fc\u00fcdva fookuspunkti.<\/p>\n<p data-sourcepos=\"5:1-5:40\"><strong>Letipealsete valamute p\u00f5hiomadused:<\/strong><\/p>\n<ul data-sourcepos=\"7:1-11:0\">\n<li data-sourcepos=\"7:1-7:88\"><strong>Stiilne disain:<\/strong> Saadaval on mitmesuguseid stiile, alates klassikalisest kuni kaasaegse stiilini.<\/li>\n<li data-sourcepos=\"8:1-8:78\"><strong>Lihtne paigaldamine:<\/strong> Lihtne paigaldada olemasoleva t\u00f6\u00f6pinna peale.<\/li>\n<li data-sourcepos=\"9:1-9:72\"><strong>Erinevad materjalid:<\/strong> Valige keraamiline, klaasist, kivist v\u00f5i metallist.<\/li>\n<li data-sourcepos=\"10:1-11:0\"><strong>Kohandamine:<\/strong> Saab kohandada vastavalt teie konkreetsetele vajadustele ja eelistustele.<\/li>\n<\/ul>\n<p data-sourcepos=\"12:1-12:55\"><strong>Kaalutlused letipealse valamu valimisel:<\/strong><\/p>\n<ul data-sourcepos=\"14:1-18:0\">\n<li data-sourcepos=\"14:1-14:144\"><strong>Suurus ja kuju:<\/strong> Kaaluge valamu suurust ja kuju, et see sobiks teie t\u00f6\u00f6lauale ja sobiks teie vannitoa v\u00f5i k\u00f6\u00f6gi kujundusega.<\/li>\n<li data-sourcepos=\"15:1-15:82\"><strong>Materjal:<\/strong> Valige vastupidav ja kergesti puhastatav materjal, mis sobib teie stiiliga.<\/li>\n<li data-sourcepos=\"16:1-16:87\"><strong>Kraan:<\/strong> Valige kraan, mis sobib valamu k\u00f5rguse ja stiiliga.<\/li>\n<li data-sourcepos=\"17:1-18:0\"><strong>Paigaldamine:<\/strong> Veekahjustuste v\u00e4ltimiseks ja optimaalse toimimise tagamiseks veenduge n\u00f5uetekohases paigaldamises.<\/li>\n<\/ul>\n<p data-sourcepos=\"19:1-19:143\"><strong>Neid tegureid hoolikalt kaaludes saate valida t\u00e4iusliku letipealse valamu, mis t\u00f5stab teie ruumi stiili ja funktsionaalsust.<\/strong><\/p>","protected":false},"excerpt":{"rendered":"<p>\u00dcldine suurus: 810*510*220 mm<\/p>\n<p>Kausi suurus : 400*400 mm<\/p>\n<p>V\u00e4ljal\u00f5ike suurus: 785*485 mm<\/p>\n<p>Radian Corner : R10<\/p>","protected":false},"featured_media":2406,"template":"","meta":[],"product_brand":[],"product_cat":[53],"product_tag":[],"class_list":{"0":"post-2405","1":"product","2":"type-product","3":"status-publish","4":"has-post-thumbnail","6":"product_cat-topmount-sink-1","8":"first","9":"instock","10":"shipping-taxable","11":"product-type-simple"},"_links":{"self":[{"href":"https:\/\/sinkwithfaucet.com\/et\/wp-json\/wp\/v2\/product\/2405","targetHints":{"allow":["GET"]}}],"collection":[{"href":"https:\/\/sinkwithfaucet.com\/et\/wp-json\/wp\/v2\/product"}],"about":[{"href":"https:\/\/sinkwithfaucet.com\/et\/wp-json\/wp\/v2\/types\/product"}],"wp:featuredmedia":[{"embeddable":true,"href":"https:\/\/sinkwithfaucet.com\/et\/wp-json\/wp\/v2\/media\/2406"}],"wp:attachment":[{"href":"https:\/\/sinkwithfaucet.com\/et\/wp-json\/wp\/v2\/media?parent=2405"}],"wp:term":[{"taxonomy":"product_brand","embeddable":true,"href":"https:\/\/sinkwithfaucet.com\/et\/wp-json\/wp\/v2\/product_brand?post=2405"},{"taxonomy":"product_cat","embeddable":true,"href":"https:\/\/sinkwithfaucet.com\/et\/wp-json\/wp\/v2\/product_cat?post=2405"},{"taxonomy":"product_tag","embeddable":true,"href":"https:\/\/sinkwithfaucet.com\/et\/wp-json\/wp\/v2\/product_tag?post=2405"}],"curies":[{"name":"wp","href":"https:\/\/api.w.org\/{rel}","templated":true}]}}