{"id":2403,"date":"2024-11-04T02:39:18","date_gmt":"2024-11-04T02:39:18","guid":{"rendered":"https:\/\/sinkwithfaucet.com\/?post_type=product&#038;p=2403"},"modified":"2024-11-04T02:39:18","modified_gmt":"2024-11-04T02:39:18","slug":"black-stainless-steel-kitchen-sink-7843","status":"publish","type":"product","link":"https:\/\/sinkwithfaucet.com\/et\/black-stainless-steel-kitchen-sink-7843\/","title":{"rendered":"Must roostevabast terasest k\u00f6\u00f6givalamu 7843"},"content":{"rendered":"<h2 data-sourcepos=\"1:1-1:57\">Mustast roostevabast terasest k\u00f6\u00f6givalamu: Kaasaegne ja elegantne valik<\/h2>\n<p data-sourcepos=\"3:1-3:231\">Mustast roostevabast terasest k\u00f6\u00f6givalamu on viimastel aastatel muutunud \u00fcha populaarsemaks, pakkudes stiilset ja kaasaegset alternatiivi traditsioonilisele roostevabast terasest valamule. See ainulaadne viimistlus lisab igale k\u00f6\u00f6gile rafineeritust ja elegantsust.<\/p>\n<p data-sourcepos=\"5:1-5:48\"><strong>Mustade roostevabast terasest valamute peamised omadused:<\/strong><\/p>\n<ul data-sourcepos=\"7:1-11:0\">\n<li data-sourcepos=\"7:1-7:93\"><strong>Kaasaegne esteetika:<\/strong> Tume, sile viimistlus loob kaasaegse ja rafineeritud v\u00e4limuse.<\/li>\n<li data-sourcepos=\"8:1-8:92\"><strong>Vastupidavus:<\/strong> Valmistatud kvaliteetsest roostevabast terasest, mis tagab kauakestva toimivuse.<\/li>\n<li data-sourcepos=\"9:1-9:113\"><strong>S\u00f5rmej\u00e4lgede vastupidavus:<\/strong> Spetsiaalsed pinnakatted aitavad v\u00e4hendada s\u00f5rmej\u00e4lgi ja m\u00e4\u00e4rdumist, muutes puhastamise lihtsamaks.<\/li>\n<li data-sourcepos=\"10:1-11:0\"><strong>Erinevad stiilid:<\/strong> Saadaval erinevates stiilides, sealhulgas allapoole paigaldatavad, \u00fclesseadatavad ja talumajapidamises kasutatavad valamud.<\/li>\n<\/ul>\n<p data-sourcepos=\"12:1-12:62\"><strong>Kaalutlused musta roostevabast terasest valamu valimisel:<\/strong><\/p>\n<ul data-sourcepos=\"14:1-18:0\">\n<li data-sourcepos=\"14:1-14:120\"><strong>L\u00f5peta:<\/strong> Valige viimistlus, mis t\u00e4iendab teie k\u00f6\u00f6gi \u00fcldist stiili, n\u00e4iteks mattmust v\u00f5i harjatud must teras.<\/li>\n<li data-sourcepos=\"15:1-15:75\"><strong>Suurus:<\/strong> Valige suurus, mis vastab teie konkreetsetele vajadustele ja k\u00f6\u00f6gi paigutusele.<\/li>\n<li data-sourcepos=\"16:1-16:91\"><strong>Paigaldamine:<\/strong> M\u00f5elge paigaldusmeetodile, kas see on allapoole v\u00f5i \u00fclesse paigaldatud.<\/li>\n<li data-sourcepos=\"17:1-18:0\"><strong>Hooldus:<\/strong> Kuigi must roostevaba teras on vastupidav, on selle v\u00e4limuse s\u00e4ilitamiseks oluline selle regulaarne puhastamine.<\/li>\n<\/ul>\n<p data-sourcepos=\"19:1-19:149\">Neid tegureid hoolikalt kaaludes saate valida t\u00e4iusliku musta roostevabast terasest valamu, mis t\u00f5stab teie k\u00f6\u00f6gi stiili ja funktsionaalsust.<\/p>","protected":false},"excerpt":{"rendered":"<p>\u00dcldine suurus: 780*430*220 mm<\/p>\n<p>Kausi suurus: 740*381 mm<\/p>\n<p>V\u00e4ljal\u00f5ike suurus : 740*381 mm<\/p>\n<p>Radian Corner : R10<\/p>","protected":false},"featured_media":2404,"template":"","meta":[],"product_brand":[],"product_cat":[52],"product_tag":[],"class_list":{"0":"post-2403","1":"product","2":"type-product","3":"status-publish","4":"has-post-thumbnail","6":"product_cat-undermount-sink-1","8":"first","9":"instock","10":"shipping-taxable","11":"product-type-simple"},"_links":{"self":[{"href":"https:\/\/sinkwithfaucet.com\/et\/wp-json\/wp\/v2\/product\/2403","targetHints":{"allow":["GET"]}}],"collection":[{"href":"https:\/\/sinkwithfaucet.com\/et\/wp-json\/wp\/v2\/product"}],"about":[{"href":"https:\/\/sinkwithfaucet.com\/et\/wp-json\/wp\/v2\/types\/product"}],"wp:featuredmedia":[{"embeddable":true,"href":"https:\/\/sinkwithfaucet.com\/et\/wp-json\/wp\/v2\/media\/2404"}],"wp:attachment":[{"href":"https:\/\/sinkwithfaucet.com\/et\/wp-json\/wp\/v2\/media?parent=2403"}],"wp:term":[{"taxonomy":"product_brand","embeddable":true,"href":"https:\/\/sinkwithfaucet.com\/et\/wp-json\/wp\/v2\/product_brand?post=2403"},{"taxonomy":"product_cat","embeddable":true,"href":"https:\/\/sinkwithfaucet.com\/et\/wp-json\/wp\/v2\/product_cat?post=2403"},{"taxonomy":"product_tag","embeddable":true,"href":"https:\/\/sinkwithfaucet.com\/et\/wp-json\/wp\/v2\/product_tag?post=2403"}],"curies":[{"name":"wp","href":"https:\/\/api.w.org\/{rel}","templated":true}]}}