{"id":2394,"date":"2024-11-04T01:54:04","date_gmt":"2024-11-04T01:54:04","guid":{"rendered":"https:\/\/sinkwithfaucet.com\/?post_type=product&#038;p=2394"},"modified":"2024-11-04T01:55:37","modified_gmt":"2024-11-04T01:55:37","slug":"undermount-bar-sink-1144ddu","status":"publish","type":"product","link":"https:\/\/sinkwithfaucet.com\/et\/undermount-bar-sink-1144ddu\/","title":{"rendered":"Allpaigaldatav baarivalamu 1144DDU"},"content":{"rendered":"<h2 data-sourcepos=\"1:1-1:50\">Alumine baarivalamu: Kaasaegne ja moodne valik<\/h2>\n<p data-sourcepos=\"3:1-3:193\"><strong>Allpaigaldatavad baarivalamu valamud<\/strong> on populaarne valik kodubaaride, m\u00e4rgade baaride ja v\u00e4iksemate k\u00f6\u00f6gipindade jaoks. Need on m\u00f5eldud paigaldamiseks t\u00f6\u00f6pinna alla, luues \u00f5mblusteta ja kaasaegse v\u00e4limuse.<\/p>\n<p data-sourcepos=\"5:1-5:41\"><strong>Peamised omadused:<\/strong><\/p>\n<ul data-sourcepos=\"7:1-11:0\">\n<li data-sourcepos=\"7:1-7:92\"><strong>Stiilne disain:<\/strong> Allpaigaldatav paigaldus tagab puhta ja kaasaegse esteetika.<\/li>\n<li data-sourcepos=\"8:1-8:119\"><strong>Lihtne puhastada:<\/strong> \u00d5mblusteta integreeritus t\u00f6\u00f6pinnaga v\u00e4listab l\u00fcngad, kuhu mustus ja prahi v\u00f5ivad koguneda.<\/li>\n<li data-sourcepos=\"9:1-9:58\"><strong>Ruumi kokkuhoid:<\/strong> Kompaktne suurus sobib ideaalselt v\u00e4iksematesse ruumidesse.<\/li>\n<li data-sourcepos=\"10:1-11:0\"><strong>Vastupidavus:<\/strong> Tavaliselt valmistatud kvaliteetsest roostevabast terasest, mis tagab pikaajalise toimivuse.<\/li>\n<\/ul>\n<p data-sourcepos=\"12:1-12:56\"><strong>Kaalutlused allapoole paigaldatud baarivalamu valimisel:<\/strong><\/p>\n<ul data-sourcepos=\"14:1-18:0\">\n<li data-sourcepos=\"14:1-14:66\"><strong>Suurus:<\/strong> Valige suurus, mis vastab teie konkreetsele ruumile ja vajadustele.<\/li>\n<li data-sourcepos=\"15:1-15:109\"><strong>S\u00fcgavus:<\/strong> Kaaluge valamu s\u00fcgavust erinevate t\u00f6\u00f6de jaoks, n\u00e4iteks klaaside pesemiseks v\u00f5i jookide valmistamiseks.<\/li>\n<li data-sourcepos=\"16:1-16:92\"><strong>Materjal:<\/strong> Roostevaba teras on populaarne valik selle vastupidavuse ja lihtsa hoolduse t\u00f5ttu.<\/li>\n<li data-sourcepos=\"17:1-18:0\"><strong>Kraanikaevud:<\/strong> Veenduge, et valamul on soovitud konfiguratsiooni jaoks sobiv arv kraanaauke.<\/li>\n<\/ul>\n<p data-sourcepos=\"19:1-20:30\">Neid tegureid hoolikalt kaaludes saate valida t\u00e4iusliku allasuunatud baarivalamu, mis t\u00e4iendab teie k\u00f6\u00f6ki v\u00f5i baariruumi.<\/p>","protected":false},"excerpt":{"rendered":"<p>\u00dcldine suurus \uff1a 1150*440*220 mm<\/p>\n<p>Kausi suurus \uff1a400*400\/300*400 mm<\/p>\n<p>V\u00e4ljal\u00f5ike suurus \uff1a1110*400 mm<\/p>\n<p>Radiaaniline nurk \uff1aR10<\/p>","protected":false},"featured_media":2397,"template":"","meta":[],"product_brand":[],"product_cat":[52],"product_tag":[],"class_list":{"0":"post-2394","1":"product","2":"type-product","3":"status-publish","4":"has-post-thumbnail","6":"product_cat-undermount-sink-1","8":"first","9":"instock","10":"shipping-taxable","11":"product-type-simple"},"_links":{"self":[{"href":"https:\/\/sinkwithfaucet.com\/et\/wp-json\/wp\/v2\/product\/2394","targetHints":{"allow":["GET"]}}],"collection":[{"href":"https:\/\/sinkwithfaucet.com\/et\/wp-json\/wp\/v2\/product"}],"about":[{"href":"https:\/\/sinkwithfaucet.com\/et\/wp-json\/wp\/v2\/types\/product"}],"wp:featuredmedia":[{"embeddable":true,"href":"https:\/\/sinkwithfaucet.com\/et\/wp-json\/wp\/v2\/media\/2397"}],"wp:attachment":[{"href":"https:\/\/sinkwithfaucet.com\/et\/wp-json\/wp\/v2\/media?parent=2394"}],"wp:term":[{"taxonomy":"product_brand","embeddable":true,"href":"https:\/\/sinkwithfaucet.com\/et\/wp-json\/wp\/v2\/product_brand?post=2394"},{"taxonomy":"product_cat","embeddable":true,"href":"https:\/\/sinkwithfaucet.com\/et\/wp-json\/wp\/v2\/product_cat?post=2394"},{"taxonomy":"product_tag","embeddable":true,"href":"https:\/\/sinkwithfaucet.com\/et\/wp-json\/wp\/v2\/product_tag?post=2394"}],"curies":[{"name":"wp","href":"https:\/\/api.w.org\/{rel}","templated":true}]}}