{"id":2391,"date":"2024-11-04T01:44:51","date_gmt":"2024-11-04T01:44:51","guid":{"rendered":"https:\/\/sinkwithfaucet.com\/?post_type=product&#038;p=2391"},"modified":"2024-11-04T01:46:08","modified_gmt":"2024-11-04T01:46:08","slug":"integrated-sink-7544sdu","status":"publish","type":"product","link":"https:\/\/sinkwithfaucet.com\/et\/integrated-sink-7544sdu\/","title":{"rendered":"Integreeritud valamu 7544SDU"},"content":{"rendered":"<h2 data-sourcepos=\"1:1-1:46\">Integreeritud valamud: K\u00f6\u00f6gi disain: \u00f5mblusteta k\u00f6\u00f6k<\/h2>\n<p data-sourcepos=\"3:1-3:176\"><strong>Integreeritud valamud<\/strong> on kaasaegne ja stiilne valik k\u00f6\u00f6gi t\u00f6\u00f6pindade jaoks. Need on sujuvalt integreeritud t\u00f6\u00f6pinna materjaliga, luues puhta ja minimalistliku v\u00e4limuse.<\/p>\n<p data-sourcepos=\"5:1-5:37\"><strong>Peamised omadused:<\/strong><\/p>\n<ul data-sourcepos=\"7:1-11:0\">\n<li data-sourcepos=\"7:1-7:139\"><strong>\u00d5mblusteta disain:<\/strong> Valamu ja t\u00f6\u00f6laud moodustavad \u00fchtse, \u00fchtse pinna, k\u00f5rvaldades t\u00fchimikud ja praod, kus bakterid v\u00f5ivad koguneda.<\/li>\n<li data-sourcepos=\"8:1-8:117\"><strong>Kohandamine:<\/strong> Integreeritud valamuid saab kohandada vastavalt teie konkreetsetele vajadustele, sealhulgas suuruse, kuju ja s\u00fcgavuse j\u00e4rgi.<\/li>\n<li data-sourcepos=\"9:1-9:121\"><strong>Vastupidavus:<\/strong> Integreeritud valamud on valmistatud vastupidavast materjalist, nagu kvarts, graniit v\u00f5i tahke pind, ja need on ehitatud kestma.<\/li>\n<li data-sourcepos=\"10:1-11:0\"><strong>Lihtne puhastada:<\/strong> Siledat, \u00f5mblusteta pinda on lihtne puhastada ja hooldada.<\/li>\n<\/ul>\n<p data-sourcepos=\"12:1-12:30\"><strong>T\u00fc\u00fcbid:<\/strong><\/p>\n<ul data-sourcepos=\"14:1-17:0\">\n<li data-sourcepos=\"14:1-14:90\"><strong>Kvarts:<\/strong> Populaarne valik selle vastupidavuse, kuumakindluse ja v\u00e4rvivaliku t\u00f5ttu.<\/li>\n<li data-sourcepos=\"15:1-15:79\"><strong>Graniit:<\/strong> Loodusliku kivi valik, mis pakub luksuslikku ja elegantset v\u00e4limust.<\/li>\n<li data-sourcepos=\"16:1-17:0\"><strong>Tahke pind:<\/strong> Inimtekkeline materjal, mis on nii vastupidav kui ka stiilne.<\/li>\n<\/ul>\n<p data-sourcepos=\"18:1-18:52\"><strong>Kaalutlused integreeritud valamu valimisel:<\/strong><\/p>\n<ul data-sourcepos=\"20:1-24:0\">\n<li data-sourcepos=\"20:1-20:108\"><strong>Materjal:<\/strong> Valige materjal, mis t\u00e4iendab teie k\u00f6\u00f6gi esteetikat ja vastab teie funktsionaalsetele vajadustele.<\/li>\n<li data-sourcepos=\"21:1-21:128\"><strong>Suurus ja kuju:<\/strong> M\u00f5elge valamu suurusele ja kujule, et see sobiks teie k\u00f6\u00f6gi paigutusega ja vastaks teie vajadustele.<\/li>\n<li data-sourcepos=\"22:1-22:101\"><strong>Paigaldamine:<\/strong> \u00d5mblusteta ja veekindla paigalduse tagamiseks on soovitatav professionaalne paigaldus.<\/li>\n<li data-sourcepos=\"23:1-24:0\"><strong>Hooldus:<\/strong> J\u00e4rgige tootja soovitatud puhastus- ja hooldusjuhiseid.<\/li>\n<\/ul>\n<p data-sourcepos=\"25:1-25:184\"><strong>Integreeritud valamud pakuvad elegantset ja moodsat v\u00e4limust, mis v\u00f5ib teie k\u00f6\u00f6gi stiili t\u00f5sta.<\/strong> Need on suurep\u00e4rane valik koduomanikele, kes seavad esikohale nii esteetika kui ka funktsionaalsuse.<\/p>","protected":false},"excerpt":{"rendered":"<p>\u00dcldine suurus: 750*440*220 mm<\/p>\n<p>Kausi suurus : 400*400 mm<\/p>\n<p>V\u00e4ljal\u00f5ike suurus: 710*400 mm<\/p>\n<p>Radian Corner : R10<\/p>","protected":false},"featured_media":2392,"template":"","meta":[],"product_brand":[],"product_cat":[52],"product_tag":[],"class_list":{"0":"post-2391","1":"product","2":"type-product","3":"status-publish","4":"has-post-thumbnail","6":"product_cat-undermount-sink-1","8":"first","9":"instock","10":"shipping-taxable","11":"product-type-simple"},"_links":{"self":[{"href":"https:\/\/sinkwithfaucet.com\/et\/wp-json\/wp\/v2\/product\/2391","targetHints":{"allow":["GET"]}}],"collection":[{"href":"https:\/\/sinkwithfaucet.com\/et\/wp-json\/wp\/v2\/product"}],"about":[{"href":"https:\/\/sinkwithfaucet.com\/et\/wp-json\/wp\/v2\/types\/product"}],"wp:featuredmedia":[{"embeddable":true,"href":"https:\/\/sinkwithfaucet.com\/et\/wp-json\/wp\/v2\/media\/2392"}],"wp:attachment":[{"href":"https:\/\/sinkwithfaucet.com\/et\/wp-json\/wp\/v2\/media?parent=2391"}],"wp:term":[{"taxonomy":"product_brand","embeddable":true,"href":"https:\/\/sinkwithfaucet.com\/et\/wp-json\/wp\/v2\/product_brand?post=2391"},{"taxonomy":"product_cat","embeddable":true,"href":"https:\/\/sinkwithfaucet.com\/et\/wp-json\/wp\/v2\/product_cat?post=2391"},{"taxonomy":"product_tag","embeddable":true,"href":"https:\/\/sinkwithfaucet.com\/et\/wp-json\/wp\/v2\/product_tag?post=2391"}],"curies":[{"name":"wp","href":"https:\/\/api.w.org\/{rel}","templated":true}]}}