{"id":2389,"date":"2024-11-04T01:38:16","date_gmt":"2024-11-04T01:38:16","guid":{"rendered":"https:\/\/sinkwithfaucet.com\/?post_type=product&#038;p=2389"},"modified":"2024-11-04T01:38:17","modified_gmt":"2024-11-04T01:38:17","slug":"free-standing-sink-7544du","status":"publish","type":"product","link":"https:\/\/sinkwithfaucet.com\/et\/free-standing-sink-7544du\/","title":{"rendered":"Vabalt seisev valamu 7544DU"},"content":{"rendered":"<h2 data-sourcepos=\"1:1-1:54\">Vabalt seisvad valamud: Stiilne ja funktsionaalne valik<\/h2>\n<p data-sourcepos=\"3:1-3:226\">Vabalt seisvad valamud on mitmek\u00fclgne ja pilkup\u00fc\u00fcdev t\u00e4iendus nii vannitubadesse kui ka k\u00f6\u00f6kidesse. Erinevalt traditsioonilistest t\u00f6\u00f6laudadest paigaldatakse vabalt seisvad valamud p\u00f5randale, mis lisab teie ruumile ainulaadse ja elegantse tooni.<\/p>\n<p data-sourcepos=\"5:1-5:39\"><strong>Vabalt seisvate valamute p\u00f5hiomadused:<\/strong><\/p>\n<ul data-sourcepos=\"7:1-11:0\">\n<li data-sourcepos=\"7:1-7:90\"><strong>Mitmek\u00fclgne disain:<\/strong> Saadaval on mitmesuguseid stiile, alates klassikalisest kuni kaasaegse stiilini.<\/li>\n<li data-sourcepos=\"8:1-8:90\"><strong>Lihtne paigaldamine:<\/strong> Lihtne paigaldada, ilma et oleks vaja teha ulatuslikke t\u00f6\u00f6pindu.<\/li>\n<li data-sourcepos=\"9:1-9:74\"><strong>Unikaalne esteetika:<\/strong> Loob teie vannitoas v\u00f5i k\u00f6\u00f6gis keskse punkti.<\/li>\n<li data-sourcepos=\"10:1-11:0\"><strong>Lihtne puhastada:<\/strong> Siledad pinnad ja avatud disain muudavad puhastamise lihtsaks.<\/li>\n<li data-sourcepos=\"10:1-11:0\"><strong>K\u00f6\u00f6givalamu:<\/strong>\n<ul data-sourcepos=\"19:5-21:0\">\n<li data-sourcepos=\"19:5-19:126\"><strong>Talumajapidamise valamud:<\/strong> Suured, s\u00fcgavad ja esipaneeliga valamud, mis pakuvad piisavalt ruumi n\u00f5ude pesemiseks ja toidu valmistamiseks.<\/li>\n<li data-sourcepos=\"20:5-21:0\"><strong>Utiliidi valamud:<\/strong> Ideaalne pesuruumide, garaa\u017eide v\u00f5i v\u00e4lik\u00f6\u00f6kide jaoks.<\/li>\n<\/ul>\n<\/li>\n<\/ul>\n<ul data-sourcepos=\"14:1-21:0\">\n<li style=\"list-style-type: none;\" data-sourcepos=\"14:1-17:100\"><\/li>\n<\/ul>\n<p data-sourcepos=\"22:1-22:53\"><strong>Kaalutlused vabalt seisva valamu valimisel:<\/strong><\/p>\n<ul data-sourcepos=\"24:1-28:0\">\n<li data-sourcepos=\"24:1-24:74\"><strong>Stiil:<\/strong> Valige valamu, mis t\u00e4iendab teie \u00fcldist disaini esteetikat.<\/li>\n<li data-sourcepos=\"25:1-25:78\"><strong>Suurus:<\/strong> Valige suurus, mis sobib teie olemasoleva ruumiga ja vastab teie vajadustele.<\/li>\n<li data-sourcepos=\"26:1-26:129\"><strong>Materjal:<\/strong> Kaaluge materjali, n\u00e4iteks keraamikat, portselani v\u00f5i roostevaba terast, l\u00e4htudes vastupidavusest ja stiilieelistustest.<\/li>\n<li data-sourcepos=\"27:1-28:0\"><strong>Torustik:<\/strong> Tagage n\u00f5uetekohased toruliitmikud ja arvestage v\u00f5imalike probleemidega, eriti vabalt seisvate k\u00f6\u00f6givalamute puhul.<\/li>\n<\/ul>","protected":false},"excerpt":{"rendered":"<p>\u00dcldine suurus: 750*440*220 mm<\/p>\n<p>Kausi suurus: 340*400\/340*400 mm<\/p>\n<p>V\u00e4ljal\u00f5ike suurus: 710*400 mm<\/p>\n<p>Radian Corner : R10<\/p>","protected":false},"featured_media":2390,"template":"","meta":[],"product_brand":[],"product_cat":[52],"product_tag":[],"class_list":{"0":"post-2389","1":"product","2":"type-product","3":"status-publish","4":"has-post-thumbnail","6":"product_cat-undermount-sink-1","8":"first","9":"instock","10":"shipping-taxable","11":"product-type-simple"},"_links":{"self":[{"href":"https:\/\/sinkwithfaucet.com\/et\/wp-json\/wp\/v2\/product\/2389","targetHints":{"allow":["GET"]}}],"collection":[{"href":"https:\/\/sinkwithfaucet.com\/et\/wp-json\/wp\/v2\/product"}],"about":[{"href":"https:\/\/sinkwithfaucet.com\/et\/wp-json\/wp\/v2\/types\/product"}],"wp:featuredmedia":[{"embeddable":true,"href":"https:\/\/sinkwithfaucet.com\/et\/wp-json\/wp\/v2\/media\/2390"}],"wp:attachment":[{"href":"https:\/\/sinkwithfaucet.com\/et\/wp-json\/wp\/v2\/media?parent=2389"}],"wp:term":[{"taxonomy":"product_brand","embeddable":true,"href":"https:\/\/sinkwithfaucet.com\/et\/wp-json\/wp\/v2\/product_brand?post=2389"},{"taxonomy":"product_cat","embeddable":true,"href":"https:\/\/sinkwithfaucet.com\/et\/wp-json\/wp\/v2\/product_cat?post=2389"},{"taxonomy":"product_tag","embeddable":true,"href":"https:\/\/sinkwithfaucet.com\/et\/wp-json\/wp\/v2\/product_tag?post=2389"}],"curies":[{"name":"wp","href":"https:\/\/api.w.org\/{rel}","templated":true}]}}