{"id":2342,"date":"2024-11-01T07:21:34","date_gmt":"2024-11-01T07:21:34","guid":{"rendered":"https:\/\/sinkwithfaucet.com\/?post_type=product&#038;p=2342"},"modified":"2024-11-01T07:23:29","modified_gmt":"2024-11-01T07:23:29","slug":"small-stainless-steel-sink-2344su","status":"publish","type":"product","link":"https:\/\/sinkwithfaucet.com\/et\/small-stainless-steel-sink-2344su\/","title":{"rendered":"V\u00e4ike roostevabast terasest valamu 2344SU"},"content":{"rendered":"<h2 data-sourcepos=\"1:1-1:50\">V\u00e4ikesed roostevabast terasest valamud: Kompaktne lahendus<\/h2>\n<p data-sourcepos=\"3:1-3:87\">V\u00e4ikesed roostevabast terasest valamud on praktiline valik erinevate rakenduste jaoks.<\/p>\n<p data-sourcepos=\"10:1-10:44\"><strong>Eelised:<\/strong><\/p>\n<ul data-sourcepos=\"12:1-16:0\">\n<li data-sourcepos=\"12:1-12:58\"><strong>Ruumi kokkuhoid:<\/strong> Kompaktne disain sobib v\u00e4ikestesse ruumidesse.<\/li>\n<li data-sourcepos=\"13:1-13:88\"><strong>Vastupidavus:<\/strong> Roostevaba teras on vastupidav materjal, mis talub roostet ja korrosiooni.<\/li>\n<li data-sourcepos=\"14:1-14:66\"><strong>Lihtne puhastada:<\/strong> Siledat pinda on lihtne hooldada ja puhastada.<\/li>\n<li data-sourcepos=\"15:1-16:0\"><strong>Kaasaegne esteetika:<\/strong> Lihtne ja stiilne disain t\u00e4iendab erinevaid k\u00f6\u00f6gi stiile.<\/li>\n<\/ul>\n<p data-sourcepos=\"17:1-17:41\"><strong>T\u00fc\u00fcbid:<\/strong><\/p>\n<ul data-sourcepos=\"19:1-23:0\">\n<li data-sourcepos=\"19:1-19:77\"><strong>Allasuvised valamud:<\/strong> Paigaldatakse t\u00f6\u00f6pinna alla, et tagada sujuv v\u00e4limus.<\/li>\n<li data-sourcepos=\"20:1-20:93\"><strong>Top-Mount valamud:<\/strong> Paigaldatakse t\u00f6\u00f6pinna peale, pakkudes traditsioonilist v\u00e4limust.<\/li>\n<li data-sourcepos=\"21:1-21:65\"><strong>\u00dche kaussiga valamud:<\/strong> \u00dcks valamu p\u00f5hiliste puhastust\u00f6\u00f6de jaoks.<\/li>\n<li data-sourcepos=\"22:1-23:0\"><strong>Topelt valamud:<\/strong> Kaks eraldi basseini mitme t\u00f6\u00f6\u00fclesande jaoks.<\/li>\n<\/ul>\n<p data-sourcepos=\"24:1-24:78\"><strong>V\u00e4ikese roostevabast terasest valamu valimisel arvestage j\u00e4rgmisi tegureid:<\/strong><\/p>\n<ul data-sourcepos=\"26:1-30:0\">\n<li data-sourcepos=\"26:1-26:76\"><strong>Suurus:<\/strong> Valige suurus, mis vastab teie konkreetsetele vajadustele ja olemasolevale ruumile.<\/li>\n<li data-sourcepos=\"27:1-27:64\"><strong>S\u00fcgavus:<\/strong> S\u00fcgavam valamu mahutab suuremad potid ja pannid.<\/li>\n<li data-sourcepos=\"28:1-28:93\"><strong>M\u00f5\u00f5tja:<\/strong> Roostevabast terasest paksus v\u00f5ib m\u00f5jutada valamu vastupidavust ja heli.<\/li>\n<li data-sourcepos=\"29:1-30:0\"><strong>L\u00f5peta:<\/strong> Valige oma k\u00f6\u00f6gi stiiliga sobiv viimistlus, n\u00e4iteks harjatud v\u00f5i poleeritud roostevaba teras.<\/li>\n<\/ul>\n<p data-sourcepos=\"31:1-31:109\">Neid tegureid hoolikalt kaaludes saate valida oma vajadustele sobiva v\u00e4ikese roostevabast terasest valamu.<\/p>","protected":false},"excerpt":{"rendered":"<p>\u00dcldine suurus \uff1a 230*440*200 mm<\/p>\n<p>Kausi suurus \uff1a190*400 mm<\/p>\n<p>V\u00e4ljal\u00f5ike suurus \uff1a190*400 mm<\/p>\n<p>Radiaaniline nurk \uff1aR10<\/p>","protected":false},"featured_media":2343,"template":"","meta":[],"product_brand":[],"product_cat":[52],"product_tag":[],"class_list":{"0":"post-2342","1":"product","2":"type-product","3":"status-publish","4":"has-post-thumbnail","6":"product_cat-undermount-sink-1","8":"first","9":"instock","10":"shipping-taxable","11":"product-type-simple"},"_links":{"self":[{"href":"https:\/\/sinkwithfaucet.com\/et\/wp-json\/wp\/v2\/product\/2342","targetHints":{"allow":["GET"]}}],"collection":[{"href":"https:\/\/sinkwithfaucet.com\/et\/wp-json\/wp\/v2\/product"}],"about":[{"href":"https:\/\/sinkwithfaucet.com\/et\/wp-json\/wp\/v2\/types\/product"}],"wp:featuredmedia":[{"embeddable":true,"href":"https:\/\/sinkwithfaucet.com\/et\/wp-json\/wp\/v2\/media\/2343"}],"wp:attachment":[{"href":"https:\/\/sinkwithfaucet.com\/et\/wp-json\/wp\/v2\/media?parent=2342"}],"wp:term":[{"taxonomy":"product_brand","embeddable":true,"href":"https:\/\/sinkwithfaucet.com\/et\/wp-json\/wp\/v2\/product_brand?post=2342"},{"taxonomy":"product_cat","embeddable":true,"href":"https:\/\/sinkwithfaucet.com\/et\/wp-json\/wp\/v2\/product_cat?post=2342"},{"taxonomy":"product_tag","embeddable":true,"href":"https:\/\/sinkwithfaucet.com\/et\/wp-json\/wp\/v2\/product_tag?post=2342"}],"curies":[{"name":"wp","href":"https:\/\/api.w.org\/{rel}","templated":true}]}}